{"id":2672,"date":"2025-04-01T16:18:01","date_gmt":"2025-04-01T16:18:01","guid":{"rendered":"https:\/\/shangrila24.de\/?page_id=2672"},"modified":"2025-04-01T16:18:04","modified_gmt":"2025-04-01T16:18:04","slug":"vacation-homes-2","status":"publish","type":"page","link":"https:\/\/shangrila24.de\/en\/vacation-homes-2\/","title":{"rendered":"Vacation homes"},"content":{"rendered":"<p>[et_pb_section fb_built=&#8221;1&#8243; fullwidth=&#8221;on&#8221; admin_label=&#8221;Hero&#8221; _builder_version=&#8221;4.27.4&#8243; background_color=&#8221;#233b4e&#8221; parallax=&#8221;on&#8221; custom_padding=&#8221;0px|0px|0px|0px&#8221; locked=&#8221;off&#8221; global_colors_info=&#8221;{}&#8221;][et_pb_fullwidth_image src=&#8221;https:\/\/shangrila24.de\/wp-content\/uploads\/2021\/12\/shangrila24-reisebuero-eppendorf-ferienhauser-buchen-min-scaled-e1638452477390.jpg&#8221; title_text=&#8221;shangrila24-reisebuero-eppendorf-ferienhauser-buchen-min&#8221; _builder_version=&#8221;4.27.4&#8243; _module_preset=&#8221;default&#8221; global_colors_info=&#8221;{}&#8221;][\/et_pb_fullwidth_image][\/et_pb_section][et_pb_section fb_built=&#8221;1&#8243; _builder_version=&#8221;4.27.4&#8243; _module_preset=&#8221;default&#8221; module_alignment=&#8221;right&#8221; custom_margin=&#8221;10px||||false|false&#8221; custom_padding=&#8221;0px||||false|false&#8221; locked=&#8221;off&#8221; global_colors_info=&#8221;{}&#8221;][et_pb_row _builder_version=&#8221;4.27.4&#8243; _module_preset=&#8221;default&#8221; custom_margin=&#8221;0px||||false|false&#8221; custom_padding=&#8221;0px||||false|false&#8221; global_colors_info=&#8221;{}&#8221;][et_pb_column type=&#8221;4_4&#8243; _builder_version=&#8221;4.16&#8243; _module_preset=&#8221;default&#8221; global_colors_info=&#8221;{}&#8221;][et_pb_text _builder_version=&#8221;4.27.4&#8243; _module_preset=&#8221;default&#8221; text_font=&#8221;Open Sans||||||||&#8221; custom_margin=&#8221;0px||||false|false&#8221; custom_padding=&#8221;0px||||false|false&#8221; global_colors_info=&#8221;{}&#8221;]<\/p>\n<p class=\"p1\" style=\"text-align: right;\">Tuscany, Italy<\/p>\n<p>[\/et_pb_text][\/et_pb_column][\/et_pb_row][et_pb_row _builder_version=&#8221;4.27.4&#8243; _module_preset=&#8221;default&#8221; global_colors_info=&#8221;{}&#8221;][et_pb_column type=&#8221;4_4&#8243; _builder_version=&#8221;4.27.4&#8243; _module_preset=&#8221;default&#8221; global_colors_info=&#8221;{}&#8221;][et_pb_text disabled_on=&#8221;off|off|off%22%22&#8243; admin_label=&#8221;Discover Beatuty Text&#8221; _builder_version=&#8221;4.27.4&#8243; text_font=&#8221;Open Sans||||||||&#8221; text_font_size=&#8221;16px&#8221; text_line_height=&#8221;1.9em&#8221; custom_padding=&#8221;0px||||false|false&#8221; animation_style=&#8221;slide&#8221; animation_direction=&#8221;top&#8221; animation_delay=&#8221;300ms&#8221; animation_intensity_slide=&#8221;10%&#8221; global_colors_info=&#8221;{}&#8221;]<\/p>\n<h1><strong>Reisen erleben &amp; buchen \u2013 Ihr Startpunkt f\u00fcr Urlaub, Mietwagen &amp; virtuelle Stadterkundung<\/strong><\/h1>\n<p>[\/et_pb_text][et_pb_text admin_label=&#8221;Discover Beatuty Sub Title&#8221; _builder_version=&#8221;4.27.4&#8243; text_font=&#8221;Open Sans||||||||&#8221; text_text_color=&#8221;#1a1a1a&#8221; text_font_size=&#8221;20px&#8221; text_line_height=&#8221;1.4em&#8221; animation_style=&#8221;slide&#8221; animation_direction=&#8221;top&#8221; animation_delay=&#8221;100ms&#8221; animation_intensity_slide=&#8221;10%&#8221; global_colors_info=&#8221;{}&#8221;]<\/p>\n<p><strong data-start=\"385\" data-end=\"477\">Ferienhaus buchen, Mietwagen finden &amp; Reiseziele virtuell entdecken \u2013 alles an einem Ort<\/strong><br data-start=\"477\" data-end=\"480\" \/>Willkommen bei Shangrila24 \u2013 Ihrem digitalen Reisebegleiter! Hier k\u00f6nnen Sie <strong data-start=\"557\" data-end=\"589\">weltweit Ferienh\u00e4user buchen<\/strong>, den passenden <strong data-start=\"605\" data-end=\"647\">Mietwagen f\u00fcr Ihren Urlaub reservieren<\/strong> und gleichzeitig Ihr n\u00e4chstes <strong data-start=\"678\" data-end=\"709\">Reiseziel virtuell erkunden<\/strong>. Ob <strong data-start=\"714\" data-end=\"738\">Stadtrundgang zu Fu\u00df<\/strong>, eine <strong data-start=\"745\" data-end=\"772\">Fahrt durch die Stra\u00dfen<\/strong> oder <strong data-start=\"778\" data-end=\"812\">Blick aus der Vogelperspektive<\/strong> \u2013 mit unserem interaktiven St\u00e4dte-Widget gewinnen Sie realit\u00e4tsnahe Eindr\u00fccke ausgew\u00e4hlter Wunschdestinationen.<br data-start=\"917\" data-end=\"920\" data-is-only-node=\"\" \/>Starten Sie jetzt Ihre Urlaubsplanung mit wenigen Klicks \u2013 <strong data-start=\"979\" data-end=\"1016\">einfach, schnell und inspirierend<\/strong>.<\/p>\n<p>[\/et_pb_text][\/et_pb_column][\/et_pb_row][\/et_pb_section][et_pb_section fb_built=&#8221;1&#8243; custom_padding_last_edited=&#8221;on|desktop&#8221; _builder_version=&#8221;4.16&#8243; custom_padding=&#8221;50px||80px||false|false&#8221; custom_padding_tablet=&#8221;50px||80px||false|false&#8221; custom_padding_phone=&#8221;0px||30px||false|false&#8221; global_colors_info=&#8221;{}&#8221;][et_pb_row _builder_version=&#8221;4.16&#8243; custom_margin=&#8221;||0px||false|false&#8221; custom_padding=&#8221;||0px||false|false&#8221; global_colors_info=&#8221;{}&#8221;][et_pb_column type=&#8221;4_4&#8243; _builder_version=&#8221;4.16&#8243; custom_padding=&#8221;|||&#8221; global_colors_info=&#8221;{}&#8221; custom_padding__hover=&#8221;|||&#8221;][et_pb_text admin_label=&#8221;Discover Beatuty Title&#8221; _builder_version=&#8221;4.27.4&#8243; text_font=&#8221;||||&#8221; text_text_color=&#8221;#1a1a1a&#8221; header_font=&#8221;|800||on|||||&#8221; header_text_align=&#8221;left&#8221; header_font_size=&#8221;52px&#8221; header_line_height=&#8221;1.1em&#8221; animation_style=&#8221;slide&#8221; animation_direction=&#8221;%22fade_in%22&#8243; animation_duration=&#8221;500ms&#8221; animation_intensity_slide=&#8221;10%&#8221; global_colors_info=&#8221;{}&#8221;]<\/p>\n<h2>Ferienhaus weltweit buchen \u2013 flexibel, sicher &amp; g\u00fcnstig<\/h2>\n<p>[\/et_pb_text][et_pb_text admin_label=&#8221;Discover Beatuty Sub Title&#8221; _builder_version=&#8221;4.27.4&#8243; text_font=&#8221;Open Sans||||||||&#8221; text_text_color=&#8221;#1a1a1a&#8221; text_font_size=&#8221;20px&#8221; text_line_height=&#8221;1.4em&#8221; animation_style=&#8221;slide&#8221; animation_direction=&#8221;top&#8221; animation_delay=&#8221;100ms&#8221; animation_intensity_slide=&#8221;10%&#8221; global_colors_info=&#8221;{}&#8221;]<\/p>\n<p><em>Finden Sie jetzt schnell und einfach Ihr passendes Ferienhaus, das Ihren Vorstellungen entspricht.<\/em><\/p>\n<p>[\/et_pb_text][et_pb_divider divider_position=&#8221;center&#8221; divider_weight=&#8221;3px&#8221; disabled_on=&#8221;off|off|off&#8221; _builder_version=&#8221;4.27.4&#8243; max_width=&#8221;150px&#8221; height=&#8221;false&#8221; animation_style=&#8221;slide&#8221; animation_direction=&#8221;top&#8221; animation_delay=&#8221;200ms&#8221; animation_intensity_slide=&#8221;10%&#8221; global_colors_info=&#8221;{}&#8221;][\/et_pb_divider][et_pb_text disabled_on=&#8221;off|off|off%22%22&#8243; admin_label=&#8221;Discover Beatuty Text&#8221; _builder_version=&#8221;4.27.4&#8243; text_font=&#8221;Open Sans||||||||&#8221; text_font_size=&#8221;16px&#8221; text_line_height=&#8221;1.9em&#8221; custom_padding=&#8221;0px||||false|false&#8221; animation_style=&#8221;slide&#8221; animation_direction=&#8221;top&#8221; animation_delay=&#8221;300ms&#8221; animation_intensity_slide=&#8221;10%&#8221; global_colors_info=&#8221;{}&#8221;]<\/p>\n<p>To make your search for the right vacation home as easy as possible, we have integrated the two best providers for you as partners on our website.<\/p>\n<p>[\/et_pb_text][\/et_pb_column][\/et_pb_row][et_pb_row column_structure=&#8221;1_3,1_3,1_3&#8243; _builder_version=&#8221;4.16&#8243; _module_preset=&#8221;default&#8221; global_colors_info=&#8221;{}&#8221;][et_pb_column type=&#8221;1_3&#8243; _builder_version=&#8221;4.16&#8243; _module_preset=&#8221;default&#8221; global_colors_info=&#8221;{}&#8221;][et_pb_button button_url=&#8221;http:\/\/p31270.atraveo.com\/index.php?lg=de&amp;cur=EUR&amp;versionname=ibe5&#8243; url_new_window=&#8221;on&#8221; button_text=&#8221;atraveo&#8221; _builder_version=&#8221;4.27.4&#8243; _module_preset=&#8221;default&#8221; custom_button=&#8221;on&#8221; button_text_color=&#8221;#FFFFFF&#8221; button_bg_color=&#8221;#487723&#8243; button_border_color=&#8221;RGBA(255,255,255,0)&#8221; button_font=&#8221;|700|||||||&#8221; hover_enabled=&#8221;0&#8243; locked=&#8221;off&#8221; global_colors_info=&#8221;{}&#8221; sticky_enabled=&#8221;0&#8243;][\/et_pb_button][\/et_pb_column][et_pb_column type=&#8221;1_3&#8243; _builder_version=&#8221;4.16&#8243; _module_preset=&#8221;default&#8221; global_colors_info=&#8221;{}&#8221;][et_pb_button button_url=&#8221;https:\/\/der.ferienhausangebote.com\/?partner=220030001446&#8243; url_new_window=&#8221;on&#8221; button_text=&#8221;E-domicile&#8221; _builder_version=&#8221;4.16&#8243; _module_preset=&#8221;default&#8221; custom_button=&#8221;on&#8221; button_text_color=&#8221;#FFFFFF&#8221; button_bg_color=&#8221;#487723&#8243; button_border_color=&#8221;RGBA(255,255,255,0)&#8221; button_font=&#8221;|700|||||||&#8221; locked=&#8221;off&#8221; global_colors_info=&#8221;{}&#8221;][\/et_pb_button][\/et_pb_column][et_pb_column type=&#8221;1_3&#8243; _builder_version=&#8221;4.16&#8243; _module_preset=&#8221;default&#8221; global_colors_info=&#8221;{}&#8221;][\/et_pb_column][\/et_pb_row][\/et_pb_section][et_pb_section fb_built=&#8221;1&#8243; custom_padding_last_edited=&#8221;on|desktop&#8221; _builder_version=&#8221;4.27.4&#8243; custom_padding=&#8221;50px||80px||false|false&#8221; custom_padding_tablet=&#8221;50px||80px||false|false&#8221; custom_padding_phone=&#8221;0px||30px||false|false&#8221; global_colors_info=&#8221;{}&#8221;][et_pb_row _builder_version=&#8221;4.16&#8243; custom_margin=&#8221;||0px||false|false&#8221; custom_padding=&#8221;||0px||false|false&#8221; global_colors_info=&#8221;{}&#8221;][et_pb_column type=&#8221;4_4&#8243; _builder_version=&#8221;4.16&#8243; custom_padding=&#8221;|||&#8221; global_colors_info=&#8221;{}&#8221; custom_padding__hover=&#8221;|||&#8221;][et_pb_text admin_label=&#8221;Discover Beatuty Title&#8221; _builder_version=&#8221;4.27.4&#8243; text_font=&#8221;||||&#8221; text_text_color=&#8221;#1a1a1a&#8221; header_font=&#8221;|800||on|||||&#8221; header_text_align=&#8221;left&#8221; header_font_size=&#8221;52px&#8221; header_line_height=&#8221;1.1em&#8221; animation_style=&#8221;slide&#8221; animation_direction=&#8221;%22fade_in%22&#8243; animation_duration=&#8221;500ms&#8221; animation_intensity_slide=&#8221;10%&#8221; global_colors_info=&#8221;{}&#8221;]<\/p>\n<h2>Mietwagen buchen \u2013 mobil und unabh\u00e4ngig reisen<\/h2>\n<p>[\/et_pb_text][et_pb_text admin_label=&#8221;Discover Beatuty Sub Title&#8221; _builder_version=&#8221;4.27.4&#8243; text_font=&#8221;Open Sans||||||||&#8221; text_text_color=&#8221;#1a1a1a&#8221; text_font_size=&#8221;20px&#8221; text_line_height=&#8221;1.4em&#8221; animation_style=&#8221;slide&#8221; animation_direction=&#8221;top&#8221; animation_delay=&#8221;100ms&#8221; animation_intensity_slide=&#8221;10%&#8221; global_colors_info=&#8221;{}&#8221;]<\/p>\n<p><em>Sie m\u00f6chten ihm Urlaub viel erleben, auf Entdeckungstour gehen, mobil und flexibel sein? <\/em><\/p>\n<p>[\/et_pb_text][et_pb_divider divider_position=&#8221;center&#8221; divider_weight=&#8221;3px&#8221; disabled_on=&#8221;off|off|off&#8221; _builder_version=&#8221;4.16&#8243; max_width=&#8221;150px&#8221; height=&#8221;false&#8221; animation_style=&#8221;slide&#8221; animation_direction=&#8221;top&#8221; animation_delay=&#8221;200ms&#8221; animation_intensity_slide=&#8221;10%&#8221; global_colors_info=&#8221;{}&#8221;][\/et_pb_divider][et_pb_text disabled_on=&#8221;off|off|off%22%22&#8243; admin_label=&#8221;Discover Beatuty Text&#8221; _builder_version=&#8221;4.27.4&#8243; text_font=&#8221;Open Sans||||||||&#8221; text_font_size=&#8221;16px&#8221; text_line_height=&#8221;1.9em&#8221; custom_padding=&#8221;0px||||false|false&#8221; animation_style=&#8221;slide&#8221; animation_direction=&#8221;top&#8221; animation_delay=&#8221;300ms&#8221; animation_intensity_slide=&#8221;10%&#8221; global_colors_info=&#8221;{}&#8221;]<\/p>\n<p>Dann empfehlen wir Ihnen, einen passenden Mietwagen f\u00fcr Ihr Reiseziel zu buchen! Um Ihnen die Suche zu erleichtern, haben wir f\u00fcr Sie den besten Anbieter als Partner auf unserer Website integriert.<\/p>\n<p>[\/et_pb_text][\/et_pb_column][\/et_pb_row][et_pb_row _builder_version=&#8221;4.27.4&#8243; _module_preset=&#8221;default&#8221; global_colors_info=&#8221;{}&#8221;][et_pb_column type=&#8221;4_4&#8243; _builder_version=&#8221;4.16&#8243; _module_preset=&#8221;default&#8221; global_colors_info=&#8221;{}&#8221;][et_pb_code _builder_version=&#8221;4.27.4&#8243; _module_preset=&#8221;default&#8221; width=&#8221;100%&#8221; global_colors_info=&#8221;{}&#8221;]<iframe loading=\"lazy\" id=\"iframe\" width=\"100%\" height=\"250px\" src=\"https:\/\/partner.sunnycars.de?ak=317941\" <!-- [et_pb_line_break_holder] -->frameborder=&#8221;0&#8243; allowfullscreen allow=&#8221;autoplay&#8221;><\/iframe><!-- [et_pb_line_break_holder] --><!-- [et_pb_line_break_holder] --><script src=\"\/\/service.sunnycars.com\/partnerlink\/autofit.js\"><\/script>[\/et_pb_code][\/et_pb_column][\/et_pb_row][\/et_pb_section][et_pb_section fb_built=&#8221;1&#8243; custom_padding_last_edited=&#8221;on|desktop&#8221; _builder_version=&#8221;4.27.4&#8243; custom_padding=&#8221;50px||80px||false|false&#8221; custom_padding_tablet=&#8221;50px||80px||false|false&#8221; custom_padding_phone=&#8221;0px||30px||false|false&#8221; global_colors_info=&#8221;{}&#8221;][et_pb_row _builder_version=&#8221;4.16&#8243; custom_margin=&#8221;||0px||false|false&#8221; custom_padding=&#8221;||0px||false|false&#8221; global_colors_info=&#8221;{}&#8221;][et_pb_column type=&#8221;4_4&#8243; _builder_version=&#8221;4.16&#8243; custom_padding=&#8221;|||&#8221; global_colors_info=&#8221;{}&#8221; custom_padding__hover=&#8221;|||&#8221;][et_pb_divider divider_position=&#8221;center&#8221; divider_weight=&#8221;3px&#8221; disabled_on=&#8221;off|off|off&#8221; _builder_version=&#8221;4.16&#8243; max_width=&#8221;150px&#8221; height=&#8221;false&#8221; animation_style=&#8221;slide&#8221; animation_direction=&#8221;top&#8221; animation_delay=&#8221;200ms&#8221; animation_intensity_slide=&#8221;10%&#8221; global_colors_info=&#8221;{}&#8221;][\/et_pb_divider][et_pb_text admin_label=&#8221;Discover Beatuty Title&#8221; _builder_version=&#8221;4.27.4&#8243; text_font=&#8221;||||&#8221; text_text_color=&#8221;#1a1a1a&#8221; header_font=&#8221;|800||on|||||&#8221; header_text_align=&#8221;left&#8221; header_font_size=&#8221;52px&#8221; header_line_height=&#8221;1.1em&#8221; animation_style=&#8221;slide&#8221; animation_direction=&#8221;%22fade_in%22&#8243; animation_duration=&#8221;500ms&#8221; animation_intensity_slide=&#8221;10%&#8221; global_colors_info=&#8221;{}&#8221;]<\/p>\n<h2>Reiseziele virtuell entdecken \u2013 360\u00b0 erleben vor der Buchung<\/h2>\n<p>[\/et_pb_text][et_pb_text admin_label=&#8221;Discover Beatuty Sub Title&#8221; _builder_version=&#8221;4.27.4&#8243; text_font=&#8221;Open Sans||||||||&#8221; text_text_color=&#8221;#1a1a1a&#8221; text_font_size=&#8221;20px&#8221; text_line_height=&#8221;1.4em&#8221; animation_style=&#8221;slide&#8221; animation_direction=&#8221;top&#8221; animation_delay=&#8221;100ms&#8221; animation_intensity_slide=&#8221;10%&#8221; global_colors_info=&#8221;{}&#8221;]<\/p>\n<p>Interaktive Stadterkundung zu Fu\u00df, per Auto oder aus der Luft<\/p>\n<p>[\/et_pb_text][et_pb_code _builder_version=&#8221;4.27.4&#8243; _module_preset=&#8221;default&#8221; global_colors_info=&#8221;{}&#8221;]<iframe loading=\"lazy\" src=\"https:\/\/www.citywalki.com\/madrid?type=walk\" width=\"100%\" height=\"600\" frameborder=\"0\" allowfullscreen><\/iframe>[\/et_pb_code][\/et_pb_column][\/et_pb_row][\/et_pb_section]<\/p>\n","protected":false},"excerpt":{"rendered":"<p>Tuscany, ItalyReisen erleben &amp; buchen \u2013 Ihr Startpunkt f\u00fcr Urlaub, Mietwagen &amp; virtuelle StadterkundungFerienhaus buchen, Mietwagen finden &amp; Reiseziele virtuell entdecken \u2013 alles an einem OrtWillkommen bei Shangrila24 \u2013 Ihrem digitalen Reisebegleiter! Hier k\u00f6nnen Sie weltweit Ferienh\u00e4user buchen, den passenden Mietwagen f\u00fcr Ihren Urlaub reservieren und gleichzeitig Ihr n\u00e4chstes Reiseziel virtuell erkunden. Ob Stadtrundgang zu [&hellip;]<\/p>\n","protected":false},"author":3,"featured_media":1231,"parent":0,"menu_order":0,"comment_status":"closed","ping_status":"closed","template":"","meta":{"_et_pb_use_builder":"on","_et_pb_old_content":"","_et_gb_content_width":"","footnotes":""},"class_list":["post-2672","page","type-page","status-publish","has-post-thumbnail","hentry"],"yoast_head":"<!-- This site is optimized with the Yoast SEO plugin v27.4 - https:\/\/yoast.com\/product\/yoast-seo-wordpress\/ -->\n<title>Vacation homes - Shangri La<\/title>\n<meta name=\"description\" content=\"Find your perfect vacation home with our partners TUI Villas and e-domizil. Book the right vacation home for your vacation quickly and easily.\" \/>\n<meta name=\"robots\" content=\"index, follow, max-snippet:-1, max-image-preview:large, max-video-preview:-1\" \/>\n<link rel=\"canonical\" href=\"https:\/\/shangrila24.de\/en\/vacation-homes-2\/\" \/>\n<meta property=\"og:locale\" content=\"en_US\" \/>\n<meta property=\"og:type\" content=\"article\" \/>\n<meta property=\"og:title\" content=\"Vacation homes - Shangri La\" \/>\n<meta property=\"og:description\" content=\"Find your perfect vacation home with our partners TUI Villas and e-domizil. Book the right vacation home for your vacation quickly and easily.\" \/>\n<meta property=\"og:url\" content=\"https:\/\/shangrila24.de\/en\/vacation-homes-2\/\" \/>\n<meta property=\"og:site_name\" content=\"Shangri La\" \/>\n<meta property=\"article:modified_time\" content=\"2025-04-01T16:18:04+00:00\" \/>\n<meta property=\"og:image\" content=\"https:\/\/shangrila24.de\/wp-content\/uploads\/2021\/12\/shangrila24-reisebuero-eppendorf-ferienhauser-buchen-min-scaled-e1638452477390.jpg\" \/>\n\t<meta property=\"og:image:width\" content=\"2560\" \/>\n\t<meta property=\"og:image:height\" content=\"946\" \/>\n\t<meta property=\"og:image:type\" content=\"image\/jpeg\" \/>\n<meta name=\"twitter:card\" content=\"summary_large_image\" \/>\n<meta name=\"twitter:label1\" content=\"Est. reading time\" \/>\n\t<meta name=\"twitter:data1\" content=\"7 minutes\" \/>\n<script type=\"application\/ld+json\" class=\"yoast-schema-graph\">{\"@context\":\"https:\\\/\\\/schema.org\",\"@graph\":[{\"@type\":\"WebPage\",\"@id\":\"https:\\\/\\\/shangrila24.de\\\/en\\\/vacation-homes-2\\\/\",\"url\":\"https:\\\/\\\/shangrila24.de\\\/en\\\/vacation-homes-2\\\/\",\"name\":\"Vacation homes - Shangri La\",\"isPartOf\":{\"@id\":\"https:\\\/\\\/shangrila24.de\\\/en\\\/#website\"},\"primaryImageOfPage\":{\"@id\":\"https:\\\/\\\/shangrila24.de\\\/en\\\/vacation-homes-2\\\/#primaryimage\"},\"image\":{\"@id\":\"https:\\\/\\\/shangrila24.de\\\/en\\\/vacation-homes-2\\\/#primaryimage\"},\"thumbnailUrl\":\"https:\\\/\\\/shangrila24.de\\\/wp-content\\\/uploads\\\/2021\\\/12\\\/shangrila24-reisebuero-eppendorf-ferienhauser-buchen-min-scaled-e1638452477390.jpg\",\"datePublished\":\"2025-04-01T16:18:01+00:00\",\"dateModified\":\"2025-04-01T16:18:04+00:00\",\"description\":\"Find your perfect vacation home with our partners TUI Villas and e-domizil. Book the right vacation home for your vacation quickly and easily.\",\"breadcrumb\":{\"@id\":\"https:\\\/\\\/shangrila24.de\\\/en\\\/vacation-homes-2\\\/#breadcrumb\"},\"inLanguage\":\"en-US\",\"potentialAction\":[{\"@type\":\"ReadAction\",\"target\":[\"https:\\\/\\\/shangrila24.de\\\/en\\\/vacation-homes-2\\\/\"]}]},{\"@type\":\"ImageObject\",\"inLanguage\":\"en-US\",\"@id\":\"https:\\\/\\\/shangrila24.de\\\/en\\\/vacation-homes-2\\\/#primaryimage\",\"url\":\"https:\\\/\\\/shangrila24.de\\\/wp-content\\\/uploads\\\/2021\\\/12\\\/shangrila24-reisebuero-eppendorf-ferienhauser-buchen-min-scaled-e1638452477390.jpg\",\"contentUrl\":\"https:\\\/\\\/shangrila24.de\\\/wp-content\\\/uploads\\\/2021\\\/12\\\/shangrila24-reisebuero-eppendorf-ferienhauser-buchen-min-scaled-e1638452477390.jpg\",\"width\":2560,\"height\":946,\"caption\":\"Jetzt Traumurlaub buchen \u2013 weltweit entdecken mit Shangrila24\"},{\"@type\":\"BreadcrumbList\",\"@id\":\"https:\\\/\\\/shangrila24.de\\\/en\\\/vacation-homes-2\\\/#breadcrumb\",\"itemListElement\":[{\"@type\":\"ListItem\",\"position\":1,\"name\":\"Startseite\",\"item\":\"https:\\\/\\\/shangrila24.de\\\/en\\\/\"},{\"@type\":\"ListItem\",\"position\":2,\"name\":\"Vacation homes\"}]},{\"@type\":\"WebSite\",\"@id\":\"https:\\\/\\\/shangrila24.de\\\/en\\\/#website\",\"url\":\"https:\\\/\\\/shangrila24.de\\\/en\\\/\",\"name\":\"Shangrila24\",\"description\":\"Reiseb\u00fcro Hamburg Eppendorf\",\"publisher\":{\"@id\":\"https:\\\/\\\/shangrila24.de\\\/en\\\/#organization\"},\"potentialAction\":[{\"@type\":\"SearchAction\",\"target\":{\"@type\":\"EntryPoint\",\"urlTemplate\":\"https:\\\/\\\/shangrila24.de\\\/en\\\/?s={search_term_string}\"},\"query-input\":{\"@type\":\"PropertyValueSpecification\",\"valueRequired\":true,\"valueName\":\"search_term_string\"}}],\"inLanguage\":\"en-US\"},{\"@type\":\"Organization\",\"@id\":\"https:\\\/\\\/shangrila24.de\\\/en\\\/#organization\",\"name\":\"Shangri La Reiseb\u00fcro\",\"url\":\"https:\\\/\\\/shangrila24.de\\\/en\\\/\",\"logo\":{\"@type\":\"ImageObject\",\"inLanguage\":\"en-US\",\"@id\":\"https:\\\/\\\/shangrila24.de\\\/en\\\/#\\\/schema\\\/logo\\\/image\\\/\",\"url\":\"https:\\\/\\\/shangrila24.de\\\/wp-content\\\/uploads\\\/2021\\\/11\\\/Shangrila-Reisebuero-Eppendorf-min.jpeg\",\"contentUrl\":\"https:\\\/\\\/shangrila24.de\\\/wp-content\\\/uploads\\\/2021\\\/11\\\/Shangrila-Reisebuero-Eppendorf-min.jpeg\",\"width\":724,\"height\":779,\"caption\":\"Shangri La Reiseb\u00fcro\"},\"image\":{\"@id\":\"https:\\\/\\\/shangrila24.de\\\/en\\\/#\\\/schema\\\/logo\\\/image\\\/\"},\"sameAs\":[\"https:\\\/\\\/www.instagram.com\\\/shangrila24.de\\\/\"]}]}<\/script>\n<!-- \/ Yoast SEO plugin. -->","yoast_head_json":{"title":"Vacation homes - Shangri La","description":"Find your perfect vacation home with our partners TUI Villas and e-domizil. Book the right vacation home for your vacation quickly and easily.","robots":{"index":"index","follow":"follow","max-snippet":"max-snippet:-1","max-image-preview":"max-image-preview:large","max-video-preview":"max-video-preview:-1"},"canonical":"https:\/\/shangrila24.de\/en\/vacation-homes-2\/","og_locale":"en_US","og_type":"article","og_title":"Vacation homes - Shangri La","og_description":"Find your perfect vacation home with our partners TUI Villas and e-domizil. Book the right vacation home for your vacation quickly and easily.","og_url":"https:\/\/shangrila24.de\/en\/vacation-homes-2\/","og_site_name":"Shangri La","article_modified_time":"2025-04-01T16:18:04+00:00","og_image":[{"width":2560,"height":946,"url":"https:\/\/shangrila24.de\/wp-content\/uploads\/2021\/12\/shangrila24-reisebuero-eppendorf-ferienhauser-buchen-min-scaled-e1638452477390.jpg","type":"image\/jpeg"}],"twitter_card":"summary_large_image","twitter_misc":{"Est. reading time":"7 minutes"},"schema":{"@context":"https:\/\/schema.org","@graph":[{"@type":"WebPage","@id":"https:\/\/shangrila24.de\/en\/vacation-homes-2\/","url":"https:\/\/shangrila24.de\/en\/vacation-homes-2\/","name":"Vacation homes - Shangri La","isPartOf":{"@id":"https:\/\/shangrila24.de\/en\/#website"},"primaryImageOfPage":{"@id":"https:\/\/shangrila24.de\/en\/vacation-homes-2\/#primaryimage"},"image":{"@id":"https:\/\/shangrila24.de\/en\/vacation-homes-2\/#primaryimage"},"thumbnailUrl":"https:\/\/shangrila24.de\/wp-content\/uploads\/2021\/12\/shangrila24-reisebuero-eppendorf-ferienhauser-buchen-min-scaled-e1638452477390.jpg","datePublished":"2025-04-01T16:18:01+00:00","dateModified":"2025-04-01T16:18:04+00:00","description":"Find your perfect vacation home with our partners TUI Villas and e-domizil. Book the right vacation home for your vacation quickly and easily.","breadcrumb":{"@id":"https:\/\/shangrila24.de\/en\/vacation-homes-2\/#breadcrumb"},"inLanguage":"en-US","potentialAction":[{"@type":"ReadAction","target":["https:\/\/shangrila24.de\/en\/vacation-homes-2\/"]}]},{"@type":"ImageObject","inLanguage":"en-US","@id":"https:\/\/shangrila24.de\/en\/vacation-homes-2\/#primaryimage","url":"https:\/\/shangrila24.de\/wp-content\/uploads\/2021\/12\/shangrila24-reisebuero-eppendorf-ferienhauser-buchen-min-scaled-e1638452477390.jpg","contentUrl":"https:\/\/shangrila24.de\/wp-content\/uploads\/2021\/12\/shangrila24-reisebuero-eppendorf-ferienhauser-buchen-min-scaled-e1638452477390.jpg","width":2560,"height":946,"caption":"Jetzt Traumurlaub buchen \u2013 weltweit entdecken mit Shangrila24"},{"@type":"BreadcrumbList","@id":"https:\/\/shangrila24.de\/en\/vacation-homes-2\/#breadcrumb","itemListElement":[{"@type":"ListItem","position":1,"name":"Startseite","item":"https:\/\/shangrila24.de\/en\/"},{"@type":"ListItem","position":2,"name":"Vacation homes"}]},{"@type":"WebSite","@id":"https:\/\/shangrila24.de\/en\/#website","url":"https:\/\/shangrila24.de\/en\/","name":"Shangrila24","description":"Reiseb\u00fcro Hamburg Eppendorf","publisher":{"@id":"https:\/\/shangrila24.de\/en\/#organization"},"potentialAction":[{"@type":"SearchAction","target":{"@type":"EntryPoint","urlTemplate":"https:\/\/shangrila24.de\/en\/?s={search_term_string}"},"query-input":{"@type":"PropertyValueSpecification","valueRequired":true,"valueName":"search_term_string"}}],"inLanguage":"en-US"},{"@type":"Organization","@id":"https:\/\/shangrila24.de\/en\/#organization","name":"Shangri La Reiseb\u00fcro","url":"https:\/\/shangrila24.de\/en\/","logo":{"@type":"ImageObject","inLanguage":"en-US","@id":"https:\/\/shangrila24.de\/en\/#\/schema\/logo\/image\/","url":"https:\/\/shangrila24.de\/wp-content\/uploads\/2021\/11\/Shangrila-Reisebuero-Eppendorf-min.jpeg","contentUrl":"https:\/\/shangrila24.de\/wp-content\/uploads\/2021\/11\/Shangrila-Reisebuero-Eppendorf-min.jpeg","width":724,"height":779,"caption":"Shangri La Reiseb\u00fcro"},"image":{"@id":"https:\/\/shangrila24.de\/en\/#\/schema\/logo\/image\/"},"sameAs":["https:\/\/www.instagram.com\/shangrila24.de\/"]}]}},"_links":{"self":[{"href":"https:\/\/shangrila24.de\/en\/wp-json\/wp\/v2\/pages\/2672","targetHints":{"allow":["GET"]}}],"collection":[{"href":"https:\/\/shangrila24.de\/en\/wp-json\/wp\/v2\/pages"}],"about":[{"href":"https:\/\/shangrila24.de\/en\/wp-json\/wp\/v2\/types\/page"}],"author":[{"embeddable":true,"href":"https:\/\/shangrila24.de\/en\/wp-json\/wp\/v2\/users\/3"}],"replies":[{"embeddable":true,"href":"https:\/\/shangrila24.de\/en\/wp-json\/wp\/v2\/comments?post=2672"}],"version-history":[{"count":2,"href":"https:\/\/shangrila24.de\/en\/wp-json\/wp\/v2\/pages\/2672\/revisions"}],"predecessor-version":[{"id":2676,"href":"https:\/\/shangrila24.de\/en\/wp-json\/wp\/v2\/pages\/2672\/revisions\/2676"}],"wp:featuredmedia":[{"embeddable":true,"href":"https:\/\/shangrila24.de\/en\/wp-json\/wp\/v2\/media\/1231"}],"wp:attachment":[{"href":"https:\/\/shangrila24.de\/en\/wp-json\/wp\/v2\/media?parent=2672"}],"curies":[{"name":"wp","href":"https:\/\/api.w.org\/{rel}","templated":true}]}}