{"id":3156,"date":"2025-06-13T12:49:31","date_gmt":"2025-06-13T12:49:31","guid":{"rendered":"https:\/\/shangrila24.de\/?page_id=3156"},"modified":"2025-06-17T14:35:09","modified_gmt":"2025-06-17T14:35:09","slug":"conversas-de-alpendre-a-place-for-maximum-relaxation-in-the-midst-of-nature-4","status":"publish","type":"page","link":"https:\/\/shangrila24.de\/en\/conversas-de-alpendre-a-place-for-maximum-relaxation-in-the-midst-of-nature-4\/","title":{"rendered":"Conversas de Alpendre &#8211; a place for maximum relaxation in the midst of nature"},"content":{"rendered":"<p>[et_pb_section fb_built=&#8221;1&#8243; custom_padding_last_edited=&#8221;on|desktop&#8221; _builder_version=&#8221;4.16&#8243; custom_padding=&#8221;50px||80px||false|false&#8221; custom_padding_tablet=&#8221;50px||80px||false|false&#8221; custom_padding_phone=&#8221;0px||30px||false|false&#8221; global_colors_info=&#8221;{}&#8221;][et_pb_row _builder_version=&#8221;4.16&#8243; custom_margin=&#8221;||0px||false|false&#8221; custom_padding=&#8221;||0px||false|false&#8221; global_colors_info=&#8221;{}&#8221;][et_pb_column type=&#8221;4_4&#8243; _builder_version=&#8221;4.16&#8243; custom_padding=&#8221;|||&#8221; global_colors_info=&#8221;{}&#8221; custom_padding__hover=&#8221;|||&#8221;][et_pb_text admin_label=&#8221;Discover Beatuty Sub Title&#8221; _builder_version=&#8221;4.27.4&#8243; text_font=&#8221;Open Sans||||||||&#8221; text_text_color=&#8221;#1a1a1a&#8221; text_font_size=&#8221;20px&#8221; text_line_height=&#8221;1.4em&#8221; animation_style=&#8221;slide&#8221; animation_direction=&#8221;top&#8221; animation_delay=&#8221;100ms&#8221; animation_intensity_slide=&#8221;10%&#8221; global_colors_info=&#8221;{}&#8221;]<\/p>\n<p><em>Gordes, Frankreich<\/em><\/p>\n<p>[\/et_pb_text][et_pb_text admin_label=&#8221;Discover Beatuty Title&#8221; _builder_version=&#8221;4.27.4&#8243; text_font=&#8221;||||&#8221; text_text_color=&#8221;#1a1a1a&#8221; header_font=&#8221;|800||on|||||&#8221; header_text_align=&#8221;left&#8221; header_font_size=&#8221;52px&#8221; header_line_height=&#8221;1.1em&#8221; animation_style=&#8221;slide&#8221; animation_direction=&#8221;%22fade_in%22&#8243; animation_duration=&#8221;500ms&#8221; animation_intensity_slide=&#8221;10%&#8221; global_colors_info=&#8221;{}&#8221;]<\/p>\n<h1>H\u00f4tel Les Bories &amp; Spa \u2013 Provenzalische Eleganz zwischen Geschichte und Genuss<\/h1>\n<p>[\/et_pb_text][et_pb_divider divider_position=&#8221;center&#8221; divider_weight=&#8221;3px&#8221; disabled_on=&#8221;off|off|off&#8221; _builder_version=&#8221;4.27.4&#8243; max_width=&#8221;150px&#8221; height=&#8221;false&#8221; animation_style=&#8221;slide&#8221; animation_direction=&#8221;top&#8221; animation_delay=&#8221;200ms&#8221; animation_intensity_slide=&#8221;10%&#8221; global_colors_info=&#8221;{}&#8221;][\/et_pb_divider][et_pb_text disabled_on=&#8221;off|off|off%22%22&#8243; admin_label=&#8221;Discover Beatuty Text&#8221; _builder_version=&#8221;4.27.4&#8243; text_font=&#8221;Open Sans||||||||&#8221; text_font_size=&#8221;16px&#8221; text_line_height=&#8221;1.9em&#8221; custom_padding=&#8221;0px||||false|false&#8221; animation_style=&#8221;slide&#8221; animation_direction=&#8221;top&#8221; animation_delay=&#8221;300ms&#8221; animation_intensity_slide=&#8221;10%&#8221; global_colors_info=&#8221;{}&#8221;]<\/p>\n<p data-start=\"839\" data-end=\"1000\"><span class=\"relative -mx-px my-[-0.2rem] rounded px-px py-[0.2rem] transition-colors duration-100 ease-in-out\">Eingebettet in eine 8\u201320\u202fha gro\u00dfe Parklandschaft aus Oliven, Zypressen, Eichen, Lavendel und Aromag\u00e4rten, thront das f\u00fcnf Sterne <strong data-start=\"129\" data-end=\"149\">Les Bories &amp; Spa<\/strong> s\u00fcdwestlich von Gordes.<\/span>\u00a0<span class=\"relative -mx-px my-[-0.2rem] rounded px-px py-[0.2rem] transition-colors duration-100 ease-in-out\">Die nur 34 individuell gestalteten Zimmer und Suiten bieten eine geschmackvolle Mischung aus zeitgem\u00e4\u00dfem Komfort und provenzalischem Flair, viele mit Terrasse und Blick auf die Luberon-H\u00fcgel oder das historische Village des Bories.<\/span><\/p>\n<p data-start=\"1002\" data-end=\"1029\"><strong data-start=\"1002\" data-end=\"1029\">Wellness &amp; Aktivit\u00e4ten:<\/strong><\/p>\n<ul data-start=\"1030\" data-end=\"1279\">\n<li data-start=\"1030\" data-end=\"1112\">\n<p data-start=\"1032\" data-end=\"1112\"><span class=\"relative -mx-px my-[-0.2rem] rounded px-px py-[0.2rem] transition-colors duration-100 ease-in-out\">Pools: Gro\u00dfer, ganzj\u00e4hrig beheizter Au\u00dfenpool (20\u202fm x 20\u202fm), Indoor-Pool mit t\u00fcrkischem Bad und Sauna, Solarium<\/span> .<\/p>\n<\/li>\n<li data-start=\"1113\" data-end=\"1154\">\n<p data-start=\"1115\" data-end=\"1154\"><span class=\"relative -mx-px my-[-0.2rem] rounded px-px py-[0.2rem] transition-colors duration-100 ease-in-out\">Spa La Maison d\u2019Ennea: Massagen, Gesicht\u2011 &amp; K\u00f6rpertherapien.<\/span><\/p>\n<\/li>\n<li data-start=\"1155\" data-end=\"1237\">\n<p data-start=\"1157\" data-end=\"1237\"><span class=\"relative -mx-px my-[-0.2rem] rounded px-px py-[0.2rem] transition-colors duration-100 ease-in-out\">Sport &amp; Freizeit: Tennisplatz, Fitnessraum, Mini-Golf, Radverleih, Spazierg\u00e4nge zum historischen Bories-Museum im Freilichtdorf (nur 1,5\u202fkm entfernt).<\/span><\/p>\n<\/li>\n<li data-start=\"1238\" data-end=\"1279\">\n<p data-start=\"1240\" data-end=\"1279\"><span class=\"relative -mx-px my-[-0.2rem] rounded px-px py-[0.2rem] transition-colors duration-100 ease-in-out\">Kulinarik: Zwei Restaurants \u2013 Gourmetk\u00fcche mit regionalem Akzent, saisonale K\u00fcche.<\/span><\/p>\n<\/li>\n<\/ul>\n<p data-start=\"1281\" data-end=\"1361\"><span class=\"relative -mx-px my-[-0.2rem] rounded px-px py-[0.2rem] transition-colors duration-100 ease-in-out\">Praktisch: Free Parking, 24\u2011h-Rezeption, w-lan, Buffet\u2011Fr\u00fchst\u00fcck, Klimaanlage, Minibar, TV, Aufzug, Gep\u00e4ckaufbewahrung<\/span> .<\/p>\n<p data-start=\"1363\" data-end=\"1402\"><span class=\"relative -mx-px my-[-0.2rem] rounded px-px py-[0.2rem] transition-colors duration-100 ease-in-out\">Ein luxuri\u00f6ser R\u00fcckzugsort mit viel Privatsph\u00e4re, Geschichte und Natur \u2013 perfekt f\u00fcr anspruchsvolle Genie\u00dfer.<\/span><\/p>\n<p>\u200b<\/p>\n<p>[\/et_pb_text][\/et_pb_column][\/et_pb_row][\/et_pb_section][et_pb_section fb_built=&#8221;1&#8243; _builder_version=&#8221;4.16&#8243; _module_preset=&#8221;default&#8221; global_colors_info=&#8221;{}&#8221;][et_pb_row _builder_version=&#8221;4.16&#8243; _module_preset=&#8221;default&#8221; global_colors_info=&#8221;{}&#8221;][et_pb_column type=&#8221;4_4&#8243; _builder_version=&#8221;4.16&#8243; _module_preset=&#8221;default&#8221; global_colors_info=&#8221;{}&#8221;][et_pb_gallery gallery_ids=&#8221;3356,3359,3362,3368,3371,3374,3377,3380,3383,3386,3389,3392,3395,3398,3401,3404&#8243; show_title_and_caption=&#8221;off&#8221; _builder_version=&#8221;4.27.4&#8243; _module_preset=&#8221;default&#8221; hover_enabled=&#8221;0&#8243; global_colors_info=&#8221;{}&#8221; sticky_enabled=&#8221;0&#8243;][\/et_pb_gallery][\/et_pb_column][\/et_pb_row][et_pb_row column_structure=&#8221;1_3,1_3,1_3&#8243; _builder_version=&#8221;4.27.4&#8243; _module_preset=&#8221;default&#8221; global_colors_info=&#8221;{}&#8221;][et_pb_column type=&#8221;1_3&#8243; _builder_version=&#8221;4.27.4&#8243; _module_preset=&#8221;default&#8221; global_colors_info=&#8221;{}&#8221;][et_pb_button button_url=&#8221;@ET-DC@eyJkeW5hbWljIjp0cnVlLCJjb250ZW50IjoicG9zdF9saW5rX3VybF9wYWdlIiwic2V0dGluZ3MiOnsicG9zdF9pZCI6IjIxNyJ9fQ==@&#8221; button_text=&#8221;Request more information&#8221; _builder_version=&#8221;4.27.4&#8243; _dynamic_attributes=&#8221;button_url&#8221; _module_preset=&#8221;default&#8221; global_colors_info=&#8221;{}&#8221;][\/et_pb_button][\/et_pb_column][et_pb_column type=&#8221;1_3&#8243; _builder_version=&#8221;4.27.4&#8243; _module_preset=&#8221;default&#8221; global_colors_info=&#8221;{}&#8221;][\/et_pb_column][et_pb_column type=&#8221;1_3&#8243; _builder_version=&#8221;4.27.4&#8243; _module_preset=&#8221;default&#8221; global_colors_info=&#8221;{}&#8221;][et_pb_button button_url=&#8221;@ET-DC@eyJkeW5hbWljIjp0cnVlLCJjb250ZW50IjoicG9zdF9saW5rX3VybF9wYWdlIiwic2V0dGluZ3MiOnsicG9zdF9pZCI6IjExMiJ9fQ==@&#8221; button_text=&#8221;More small pearls&#8221; button_alignment=&#8221;center&#8221; _builder_version=&#8221;4.27.4&#8243; _dynamic_attributes=&#8221;button_url&#8221; _module_preset=&#8221;default&#8221; global_colors_info=&#8221;{}&#8221;][\/et_pb_button][\/et_pb_column][\/et_pb_row][\/et_pb_section]<\/p>\n","protected":false},"excerpt":{"rendered":"<p>Gordes, FrankreichH\u00f4tel Les Bories &amp; Spa \u2013 Provenzalische Eleganz zwischen Geschichte und GenussEingebettet in eine 8\u201320\u202fha gro\u00dfe Parklandschaft aus Oliven, Zypressen, Eichen, Lavendel und Aromag\u00e4rten, thront das f\u00fcnf Sterne Les Bories &amp; Spa s\u00fcdwestlich von Gordes.\u00a0Die nur 34 individuell gestalteten Zimmer und Suiten bieten eine geschmackvolle Mischung aus zeitgem\u00e4\u00dfem Komfort und provenzalischem Flair, viele mit [&hellip;]<\/p>\n","protected":false},"author":3,"featured_media":0,"parent":0,"menu_order":0,"comment_status":"closed","ping_status":"closed","template":"","meta":{"_et_pb_use_builder":"on","_et_pb_old_content":"","_et_gb_content_width":"","footnotes":""},"class_list":["post-3156","page","type-page","status-publish","hentry"],"yoast_head":"<!-- This site is optimized with the Yoast SEO plugin v27.4 - https:\/\/yoast.com\/product\/yoast-seo-wordpress\/ -->\n<title>Conversas de Alpendre - a place for maximum relaxation in the midst of nature - Shangri La<\/title>\n<meta name=\"description\" content=\"Escape from everyday life at Conversas de Alpendre in Portugal. A place for maximum relaxation in nature.\" \/>\n<meta name=\"robots\" content=\"index, follow, max-snippet:-1, max-image-preview:large, max-video-preview:-1\" \/>\n<link rel=\"canonical\" href=\"https:\/\/shangrila24.de\/en\/conversas-de-alpendre-a-place-for-maximum-relaxation-in-the-midst-of-nature-4\/\" \/>\n<meta property=\"og:locale\" content=\"en_US\" \/>\n<meta property=\"og:type\" content=\"article\" \/>\n<meta property=\"og:title\" content=\"Conversas de Alpendre - a place for maximum relaxation in the midst of nature - Shangri La\" \/>\n<meta property=\"og:description\" content=\"Escape from everyday life at Conversas de Alpendre in Portugal. A place for maximum relaxation in nature.\" \/>\n<meta property=\"og:url\" content=\"https:\/\/shangrila24.de\/en\/conversas-de-alpendre-a-place-for-maximum-relaxation-in-the-midst-of-nature-4\/\" \/>\n<meta property=\"og:site_name\" content=\"Shangri La\" \/>\n<meta property=\"article:modified_time\" content=\"2025-06-17T14:35:09+00:00\" \/>\n<meta name=\"twitter:card\" content=\"summary_large_image\" \/>\n<meta name=\"twitter:label1\" content=\"Est. reading time\" \/>\n\t<meta name=\"twitter:data1\" content=\"3 minutes\" \/>\n<script type=\"application\/ld+json\" class=\"yoast-schema-graph\">{\"@context\":\"https:\\\/\\\/schema.org\",\"@graph\":[{\"@type\":\"WebPage\",\"@id\":\"https:\\\/\\\/shangrila24.de\\\/en\\\/conversas-de-alpendre-a-place-for-maximum-relaxation-in-the-midst-of-nature-4\\\/\",\"url\":\"https:\\\/\\\/shangrila24.de\\\/en\\\/conversas-de-alpendre-a-place-for-maximum-relaxation-in-the-midst-of-nature-4\\\/\",\"name\":\"Conversas de Alpendre - a place for maximum relaxation in the midst of nature - Shangri La\",\"isPartOf\":{\"@id\":\"https:\\\/\\\/shangrila24.de\\\/en\\\/#website\"},\"datePublished\":\"2025-06-13T12:49:31+00:00\",\"dateModified\":\"2025-06-17T14:35:09+00:00\",\"description\":\"Escape from everyday life at Conversas de Alpendre in Portugal. A place for maximum relaxation in nature.\",\"breadcrumb\":{\"@id\":\"https:\\\/\\\/shangrila24.de\\\/en\\\/conversas-de-alpendre-a-place-for-maximum-relaxation-in-the-midst-of-nature-4\\\/#breadcrumb\"},\"inLanguage\":\"en-US\",\"potentialAction\":[{\"@type\":\"ReadAction\",\"target\":[\"https:\\\/\\\/shangrila24.de\\\/en\\\/conversas-de-alpendre-a-place-for-maximum-relaxation-in-the-midst-of-nature-4\\\/\"]}]},{\"@type\":\"BreadcrumbList\",\"@id\":\"https:\\\/\\\/shangrila24.de\\\/en\\\/conversas-de-alpendre-a-place-for-maximum-relaxation-in-the-midst-of-nature-4\\\/#breadcrumb\",\"itemListElement\":[{\"@type\":\"ListItem\",\"position\":1,\"name\":\"Startseite\",\"item\":\"https:\\\/\\\/shangrila24.de\\\/en\\\/\"},{\"@type\":\"ListItem\",\"position\":2,\"name\":\"Conversas de Alpendre &#8211; a place for maximum relaxation in the midst of nature\"}]},{\"@type\":\"WebSite\",\"@id\":\"https:\\\/\\\/shangrila24.de\\\/en\\\/#website\",\"url\":\"https:\\\/\\\/shangrila24.de\\\/en\\\/\",\"name\":\"Shangrila24\",\"description\":\"Reiseb\u00fcro Hamburg Eppendorf\",\"publisher\":{\"@id\":\"https:\\\/\\\/shangrila24.de\\\/en\\\/#organization\"},\"potentialAction\":[{\"@type\":\"SearchAction\",\"target\":{\"@type\":\"EntryPoint\",\"urlTemplate\":\"https:\\\/\\\/shangrila24.de\\\/en\\\/?s={search_term_string}\"},\"query-input\":{\"@type\":\"PropertyValueSpecification\",\"valueRequired\":true,\"valueName\":\"search_term_string\"}}],\"inLanguage\":\"en-US\"},{\"@type\":\"Organization\",\"@id\":\"https:\\\/\\\/shangrila24.de\\\/en\\\/#organization\",\"name\":\"Shangri La Reiseb\u00fcro\",\"url\":\"https:\\\/\\\/shangrila24.de\\\/en\\\/\",\"logo\":{\"@type\":\"ImageObject\",\"inLanguage\":\"en-US\",\"@id\":\"https:\\\/\\\/shangrila24.de\\\/en\\\/#\\\/schema\\\/logo\\\/image\\\/\",\"url\":\"https:\\\/\\\/shangrila24.de\\\/wp-content\\\/uploads\\\/2021\\\/11\\\/Shangrila-Reisebuero-Eppendorf-min.jpeg\",\"contentUrl\":\"https:\\\/\\\/shangrila24.de\\\/wp-content\\\/uploads\\\/2021\\\/11\\\/Shangrila-Reisebuero-Eppendorf-min.jpeg\",\"width\":724,\"height\":779,\"caption\":\"Shangri La Reiseb\u00fcro\"},\"image\":{\"@id\":\"https:\\\/\\\/shangrila24.de\\\/en\\\/#\\\/schema\\\/logo\\\/image\\\/\"},\"sameAs\":[\"https:\\\/\\\/www.instagram.com\\\/shangrila24.de\\\/\"]}]}<\/script>\n<!-- \/ Yoast SEO plugin. -->","yoast_head_json":{"title":"Conversas de Alpendre - a place for maximum relaxation in the midst of nature - Shangri La","description":"Escape from everyday life at Conversas de Alpendre in Portugal. A place for maximum relaxation in nature.","robots":{"index":"index","follow":"follow","max-snippet":"max-snippet:-1","max-image-preview":"max-image-preview:large","max-video-preview":"max-video-preview:-1"},"canonical":"https:\/\/shangrila24.de\/en\/conversas-de-alpendre-a-place-for-maximum-relaxation-in-the-midst-of-nature-4\/","og_locale":"en_US","og_type":"article","og_title":"Conversas de Alpendre - a place for maximum relaxation in the midst of nature - Shangri La","og_description":"Escape from everyday life at Conversas de Alpendre in Portugal. A place for maximum relaxation in nature.","og_url":"https:\/\/shangrila24.de\/en\/conversas-de-alpendre-a-place-for-maximum-relaxation-in-the-midst-of-nature-4\/","og_site_name":"Shangri La","article_modified_time":"2025-06-17T14:35:09+00:00","twitter_card":"summary_large_image","twitter_misc":{"Est. reading time":"3 minutes"},"schema":{"@context":"https:\/\/schema.org","@graph":[{"@type":"WebPage","@id":"https:\/\/shangrila24.de\/en\/conversas-de-alpendre-a-place-for-maximum-relaxation-in-the-midst-of-nature-4\/","url":"https:\/\/shangrila24.de\/en\/conversas-de-alpendre-a-place-for-maximum-relaxation-in-the-midst-of-nature-4\/","name":"Conversas de Alpendre - a place for maximum relaxation in the midst of nature - Shangri La","isPartOf":{"@id":"https:\/\/shangrila24.de\/en\/#website"},"datePublished":"2025-06-13T12:49:31+00:00","dateModified":"2025-06-17T14:35:09+00:00","description":"Escape from everyday life at Conversas de Alpendre in Portugal. A place for maximum relaxation in nature.","breadcrumb":{"@id":"https:\/\/shangrila24.de\/en\/conversas-de-alpendre-a-place-for-maximum-relaxation-in-the-midst-of-nature-4\/#breadcrumb"},"inLanguage":"en-US","potentialAction":[{"@type":"ReadAction","target":["https:\/\/shangrila24.de\/en\/conversas-de-alpendre-a-place-for-maximum-relaxation-in-the-midst-of-nature-4\/"]}]},{"@type":"BreadcrumbList","@id":"https:\/\/shangrila24.de\/en\/conversas-de-alpendre-a-place-for-maximum-relaxation-in-the-midst-of-nature-4\/#breadcrumb","itemListElement":[{"@type":"ListItem","position":1,"name":"Startseite","item":"https:\/\/shangrila24.de\/en\/"},{"@type":"ListItem","position":2,"name":"Conversas de Alpendre &#8211; a place for maximum relaxation in the midst of nature"}]},{"@type":"WebSite","@id":"https:\/\/shangrila24.de\/en\/#website","url":"https:\/\/shangrila24.de\/en\/","name":"Shangrila24","description":"Reiseb\u00fcro Hamburg Eppendorf","publisher":{"@id":"https:\/\/shangrila24.de\/en\/#organization"},"potentialAction":[{"@type":"SearchAction","target":{"@type":"EntryPoint","urlTemplate":"https:\/\/shangrila24.de\/en\/?s={search_term_string}"},"query-input":{"@type":"PropertyValueSpecification","valueRequired":true,"valueName":"search_term_string"}}],"inLanguage":"en-US"},{"@type":"Organization","@id":"https:\/\/shangrila24.de\/en\/#organization","name":"Shangri La Reiseb\u00fcro","url":"https:\/\/shangrila24.de\/en\/","logo":{"@type":"ImageObject","inLanguage":"en-US","@id":"https:\/\/shangrila24.de\/en\/#\/schema\/logo\/image\/","url":"https:\/\/shangrila24.de\/wp-content\/uploads\/2021\/11\/Shangrila-Reisebuero-Eppendorf-min.jpeg","contentUrl":"https:\/\/shangrila24.de\/wp-content\/uploads\/2021\/11\/Shangrila-Reisebuero-Eppendorf-min.jpeg","width":724,"height":779,"caption":"Shangri La Reiseb\u00fcro"},"image":{"@id":"https:\/\/shangrila24.de\/en\/#\/schema\/logo\/image\/"},"sameAs":["https:\/\/www.instagram.com\/shangrila24.de\/"]}]}},"_links":{"self":[{"href":"https:\/\/shangrila24.de\/en\/wp-json\/wp\/v2\/pages\/3156","targetHints":{"allow":["GET"]}}],"collection":[{"href":"https:\/\/shangrila24.de\/en\/wp-json\/wp\/v2\/pages"}],"about":[{"href":"https:\/\/shangrila24.de\/en\/wp-json\/wp\/v2\/types\/page"}],"author":[{"embeddable":true,"href":"https:\/\/shangrila24.de\/en\/wp-json\/wp\/v2\/users\/3"}],"replies":[{"embeddable":true,"href":"https:\/\/shangrila24.de\/en\/wp-json\/wp\/v2\/comments?post=3156"}],"version-history":[{"count":5,"href":"https:\/\/shangrila24.de\/en\/wp-json\/wp\/v2\/pages\/3156\/revisions"}],"predecessor-version":[{"id":3412,"href":"https:\/\/shangrila24.de\/en\/wp-json\/wp\/v2\/pages\/3156\/revisions\/3412"}],"wp:attachment":[{"href":"https:\/\/shangrila24.de\/en\/wp-json\/wp\/v2\/media?parent=3156"}],"curies":[{"name":"wp","href":"https:\/\/api.w.org\/{rel}","templated":true}]}}