{"id":4426,"date":"2025-08-05T12:55:15","date_gmt":"2025-08-05T12:55:15","guid":{"rendered":"https:\/\/shangrila24.de\/?page_id=4426"},"modified":"2025-08-07T08:50:38","modified_gmt":"2025-08-07T08:50:38","slug":"conversas-de-alpendre-a-place-for-maximum-relaxation-in-the-midst-of-nature-6","status":"publish","type":"page","link":"https:\/\/shangrila24.de\/en\/conversas-de-alpendre-a-place-for-maximum-relaxation-in-the-midst-of-nature-6\/","title":{"rendered":"Conversas de Alpendre &#8211; a place for maximum relaxation in the midst of nature"},"content":{"rendered":"<p>[et_pb_section fb_built=&#8221;1&#8243; custom_padding_last_edited=&#8221;on|desktop&#8221; _builder_version=&#8221;4.16&#8243; custom_padding=&#8221;50px||80px||false|false&#8221; custom_padding_tablet=&#8221;50px||80px||false|false&#8221; custom_padding_phone=&#8221;0px||30px||false|false&#8221; global_colors_info=&#8221;{}&#8221;][et_pb_row _builder_version=&#8221;4.16&#8243; custom_margin=&#8221;||0px||false|false&#8221; custom_padding=&#8221;||0px||false|false&#8221; global_colors_info=&#8221;{}&#8221;][et_pb_column type=&#8221;4_4&#8243; _builder_version=&#8221;4.16&#8243; custom_padding=&#8221;|||&#8221; global_colors_info=&#8221;{}&#8221; custom_padding__hover=&#8221;|||&#8221;][et_pb_text admin_label=&#8221;Discover Beatuty Sub Title&#8221; _builder_version=&#8221;4.27.4&#8243; text_font=&#8221;Open Sans||||||||&#8221; text_text_color=&#8221;#1a1a1a&#8221; text_font_size=&#8221;20px&#8221; text_line_height=&#8221;1.4em&#8221; animation_style=&#8221;slide&#8221; animation_direction=&#8221;top&#8221; animation_delay=&#8221;100ms&#8221; animation_intensity_slide=&#8221;10%&#8221; global_colors_info=&#8221;{}&#8221;]<\/p>\n<p><em>Hotel Bergfrieden, Fiss (A)<\/em><\/p>\n<p>[\/et_pb_text][et_pb_text admin_label=&#8221;Discover Beatuty Title&#8221; _builder_version=&#8221;4.27.4&#8243; text_font=&#8221;||||&#8221; text_text_color=&#8221;#1a1a1a&#8221; header_font=&#8221;|800||on|||||&#8221; header_text_align=&#8221;left&#8221; header_font_size=&#8221;52px&#8221; header_line_height=&#8221;1.1em&#8221; animation_style=&#8221;slide&#8221; animation_direction=&#8221;%22fade_in%22&#8243; animation_duration=&#8221;500ms&#8221; animation_intensity_slide=&#8221;10%&#8221; global_colors_info=&#8221;{}&#8221;]<\/p>\n<h1>\ud83d\udc3e Hundehotel im Pitztal \u2013 Urlaub mit Hund im Hotel Bergfrieden<\/h1>\n<p>[\/et_pb_text][et_pb_text admin_label=&#8221;Discover Beatuty Sub Title&#8221; _builder_version=&#8221;4.27.4&#8243; text_font=&#8221;Open Sans||||||||&#8221; text_text_color=&#8221;#1a1a1a&#8221; text_font_size=&#8221;20px&#8221; text_line_height=&#8221;1.4em&#8221; animation_style=&#8221;slide&#8221; animation_direction=&#8221;top&#8221; animation_delay=&#8221;100ms&#8221; animation_intensity_slide=&#8221;10%&#8221; global_colors_info=&#8221;{}&#8221;]<\/p>\n<h2>Herzlichkeit auf Tiroler Art \u2013 Willkommen im Hotel Bergfrieden<\/h2>\n<p>[\/et_pb_text][et_pb_divider divider_position=&#8221;center&#8221; divider_weight=&#8221;3px&#8221; disabled_on=&#8221;off|off|off&#8221; _builder_version=&#8221;4.16&#8243; max_width=&#8221;150px&#8221; height=&#8221;false&#8221; animation_style=&#8221;slide&#8221; animation_direction=&#8221;top&#8221; animation_delay=&#8221;200ms&#8221; animation_intensity_slide=&#8221;10%&#8221; global_colors_info=&#8221;{}&#8221;][\/et_pb_divider][et_pb_text disabled_on=&#8221;off|off|off%22%22&#8243; admin_label=&#8221;Discover Beatuty Text&#8221; _builder_version=&#8221;4.27.4&#8243; text_font=&#8221;Open Sans||||||||&#8221; text_font_size=&#8221;16px&#8221; text_line_height=&#8221;1.9em&#8221; custom_padding=&#8221;0px||||false|false&#8221; animation_style=&#8221;slide&#8221; animation_direction=&#8221;top&#8221; animation_delay=&#8221;300ms&#8221; animation_intensity_slide=&#8221;10%&#8221; global_colors_info=&#8221;{}&#8221;]<\/p>\n<p data-start=\"235\" data-end=\"765\">Das <strong data-start=\"239\" data-end=\"260\">Hotel Bergfrieden<\/strong> ist mehr als nur ein Urlaubshotel \u2013 es ist ein liebevoll gef\u00fchrter R\u00fcckzugsort, in dem du sofort sp\u00fcrst, dass hier echte Gastfreundschaft gelebt wird. Das Haus kombiniert die urige Gem\u00fctlichkeit Tirols mit modernen Annehmlichkeiten und einem ganz pers\u00f6nlichen Service. Die Zimmer sind hell, komfortabel und mit viel Holz gestaltet \u2013 typisch alpin, aber ohne Kitsch. Besonders hervorzuheben ist die ruhige Lage mit freiem Blick auf die Berge und die entspannte Atmosph\u00e4re, die das ganze Haus durchzieht.<\/p>\n<p data-start=\"767\" data-end=\"1017\">Ob beim Fr\u00fchst\u00fcck mit regionalen Produkten, einem entspannten Abendessen oder einem Glas Wein auf der Terrasse \u2013 das Hotel schafft Raum f\u00fcr echte Erholung. Und das ganz ohne steifen Luxus, sondern mit Herz, Bodenst\u00e4ndigkeit und Sinn f\u00fcrs Wesentliche.<\/p>\n<p>[\/et_pb_text][et_pb_text _builder_version=&#8221;4.27.4&#8243; _module_preset=&#8221;default&#8221; global_colors_info=&#8221;{}&#8221;]<\/p>\n<h3>Direkt vor der T\u00fcr:<\/h3>\n<ul data-start=\"1023\" data-end=\"1156\">\n<li data-start=\"1023\" data-end=\"1062\">\n<p data-start=\"1025\" data-end=\"1062\">Weite Almwiesen und glasklare B\u00e4che<\/p>\n<\/li>\n<li data-start=\"1063\" data-end=\"1107\">\n<p data-start=\"1065\" data-end=\"1107\">Schattige Waldwege und sanfte Steigungen<\/p>\n<\/li>\n<li data-start=\"1108\" data-end=\"1156\">\n<p data-start=\"1110\" data-end=\"1156\">Herrliche Aussichtspunkte und Panoramarouten<\/p>\n<\/li>\n<\/ul>\n<p data-start=\"1158\" data-end=\"1405\">Das Pitztal geh\u00f6rt zu den urspr\u00fcnglichsten Regionen Tirols \u2013 ein Paradies f\u00fcr Naturfreunde und Outdoorfans. Auch im Winter ist die Region ideal f\u00fcr Schneespazierg\u00e4nge, Skitouren oder Langlauf \u2013 nat\u00fcrlich mit Hund an deiner Seite. Wer\u2019s lieber ruhig angeht, genie\u00dft die Natur vom Wellnessbereich oder bei regionaler K\u00fcche auf der Sonnenterrasse des Hotels.<\/p>\n<p>[\/et_pb_text][et_pb_text _builder_version=&#8221;4.27.4&#8243; _module_preset=&#8221;default&#8221; hover_enabled=&#8221;0&#8243; global_colors_info=&#8221;{}&#8221; sticky_enabled=&#8221;0&#8243;]<\/p>\n<h3 data-start=\"1464\" data-end=\"1507\">Das Hundepaket im Hotel Bergfrieden<\/h3>\n<p data-start=\"1509\" data-end=\"1615\">Hier wird dein Hund nicht nur mit einem L\u00e4cheln empfangen, sondern mit einem durchdachten Komplettangebot:<\/p>\n<ul>\n<li data-start=\"1619\" data-end=\"1647\">Hundewiese direkt am Hotel<\/li>\n<li data-start=\"1650\" data-end=\"1681\">Kotbeutelspender &amp; Entsorgung<\/li>\n<li>Hundepool auf der Terrasse\u00a0<\/li>\n<li data-start=\"1684\" data-end=\"1710\">Hundedusche &amp; Handt\u00fccher<\/li>\n<li data-start=\"1713\" data-end=\"1754\">Gassiservice und Hundesitter auf Wunsch<\/li>\n<li data-start=\"1757\" data-end=\"1804\">Hundehandt\u00fccher, N\u00e4pfe und Decken auf Anfrage<\/li>\n<li data-start=\"1807\" data-end=\"1838\">Hundeschwimmteich in der N\u00e4he<\/li>\n<li data-start=\"1841\" data-end=\"1894\"><strong data-start=\"1841\" data-end=\"1892\">Tierphysiotherapie &amp; Tellington-TTouch-Angebote<\/strong><\/li>\n<li data-start=\"1897\" data-end=\"1950\"><strong data-start=\"1897\" data-end=\"1926\">Gef\u00fchrte Hundewanderungen<\/strong> und Bewegungscoaching<\/li>\n<li>Bei Anmeldung &#8211; Hund darf mit in den Speisesaal<\/li>\n<li>eingez\u00e4unter Hundespielplatz fu\u00dfl\u00e4ufig<\/li>\n<li data-start=\"1953\" data-end=\"1981\">Tierarztkontakt im Notfall<\/li>\n<li data-start=\"1953\" data-end=\"1981\">Im Sommer Super.Sommer.Card f\u00fcr den Hund &#8211; Mitfahrgelegenheit in der Gondel (mit Leine) und im Wanderbus (mit Maulkorb)<\/li>\n<\/ul>\n<p data-start=\"1983\" data-end=\"2119\">Die Gastgeber selbst sind <strong data-start=\"2009\" data-end=\"2028\">hundebegeistert<\/strong>, bestens geschult im Umgang mit Vierbeinern und immer offen f\u00fcr Fragen oder Sonderw\u00fcnsche.<\/p>\n<p>[\/et_pb_text][et_pb_text _builder_version=&#8221;4.27.4&#8243; _module_preset=&#8221;default&#8221; global_colors_info=&#8221;{}&#8221;]<\/p>\n<h3 data-start=\"2187\" data-end=\"2225\">Mehr als \u201enur\u201c hundefreundlich<\/h3>\n<p data-start=\"2227\" data-end=\"2510\">Wer einmal ohne Hund etwas unternehmen m\u00f6chte, kann den professionellen <strong data-start=\"2299\" data-end=\"2322\">Hundesitter-Service<\/strong> direkt \u00fcber das Hotel buchen. F\u00fcr entspannte N\u00e4chte gibt es zubuchbare Leistungen wie das <strong data-start=\"2413\" data-end=\"2436\">Gute-Nacht-Leckerli<\/strong>, eine Hunde-Entspannungsmassage oder Betreuung w\u00e4hrend des Abendessens.<\/p>\n<p data-start=\"2512\" data-end=\"2678\">Ein echtes Plus: Viele <strong data-start=\"2535\" data-end=\"2574\">Wanderungen starten direkt ab Hotel<\/strong>, und in der Lobby findest du zahlreiche Tipps und Karten \u2013 abgestimmt auf Wetter, Fellnase und Fitness.<\/p>\n<p>[\/et_pb_text][et_pb_text _builder_version=&#8221;4.27.4&#8243; _module_preset=&#8221;default&#8221; global_colors_info=&#8221;{}&#8221;]<\/p>\n<h3 data-start=\"2685\" data-end=\"2748\">Hundeurlaub mit Extra \u2013 wechselnde Angebote &amp; Pauschalen<\/h3>\n<p data-start=\"2750\" data-end=\"2953\">Immer wieder bietet das Hotel Bergfrieden <strong data-start=\"2792\" data-end=\"2836\">exklusive Pauschalen f\u00fcr Urlaub mit Hund<\/strong> \u2013 mit attraktiven Leistungen wie Hundetrainings, Gruppenausfl\u00fcgen oder besonderen Extras f\u00fcr Zwei- und Vierbeiner.<\/p>\n<p data-start=\"2955\" data-end=\"3145\">Diese Angebote sind ideal f\u00fcr alle, die <strong data-start=\"2995\" data-end=\"3046\">aktiv, sozial oder therapeutisch mit ihrem Hund<\/strong> unterwegs sein m\u00f6chten \u2013 und dabei von erfahrenen Fachleuten und Gastgebern betreut werden wollen.<\/p>\n<p>[\/et_pb_text][et_pb_text _builder_version=&#8221;4.27.4&#8243; _module_preset=&#8221;default&#8221; global_colors_info=&#8221;{}&#8221;]<\/p>\n<h3 data-start=\"3270\" data-end=\"3322\">Fazit \u2013 ein echtes Paradies f\u00fcr Mensch &amp; Hund<\/h3>\n<p data-start=\"3324\" data-end=\"3589\">Das <strong data-start=\"3328\" data-end=\"3349\">Hotel Bergfrieden<\/strong> im Pitztal ist kein klassisches Hundehotel \u2013 es ist ein Urlaubsort f\u00fcr Menschen <strong data-start=\"3430\" data-end=\"3452\">mit Herz f\u00fcr Hunde<\/strong>.<br data-start=\"3453\" data-end=\"3456\" \/>Hier stimmt einfach alles: die Lage, das Engagement der Gastgeber und das umfassende Angebot f\u00fcr aktive und entspannte Tage mit Hund.<\/p>\n<p>[\/et_pb_text][\/et_pb_column][\/et_pb_row][\/et_pb_section][et_pb_section fb_built=&#8221;1&#8243; _builder_version=&#8221;4.16&#8243; _module_preset=&#8221;default&#8221; global_colors_info=&#8221;{}&#8221;][et_pb_row _builder_version=&#8221;4.16&#8243; _module_preset=&#8221;default&#8221; global_colors_info=&#8221;{}&#8221;][et_pb_column type=&#8221;4_4&#8243; _builder_version=&#8221;4.16&#8243; _module_preset=&#8221;default&#8221; global_colors_info=&#8221;{}&#8221;][et_pb_gallery gallery_ids=&#8221;4452,4455,4458,4461&#8243; show_title_and_caption=&#8221;off&#8221; _builder_version=&#8221;4.27.4&#8243; _module_preset=&#8221;default&#8221; global_colors_info=&#8221;{}&#8221;][\/et_pb_gallery][\/et_pb_column][\/et_pb_row][et_pb_row _builder_version=&#8221;4.27.4&#8243; _module_preset=&#8221;default&#8221; global_colors_info=&#8221;{}&#8221;][et_pb_column type=&#8221;4_4&#8243; _builder_version=&#8221;4.27.4&#8243; _module_preset=&#8221;default&#8221; global_colors_info=&#8221;{}&#8221;][et_pb_video_slider _builder_version=&#8221;4.27.4&#8243; _module_preset=&#8221;default&#8221; global_colors_info=&#8221;{}&#8221;][et_pb_video_slider_item src=&#8221;https:\/\/youtu.be\/BP-IEwIRAFo&#8221; _builder_version=&#8221;4.27.4&#8243; _module_preset=&#8221;default&#8221; global_colors_info=&#8221;{}&#8221; show_image_overlay=&#8221;off&#8221;][\/et_pb_video_slider_item][et_pb_video_slider_item src=&#8221;https:\/\/youtu.be\/aya39LSWN7A&#8221; _builder_version=&#8221;4.27.4&#8243; _module_preset=&#8221;default&#8221; global_colors_info=&#8221;{}&#8221; show_image_overlay=&#8221;off&#8221;][\/et_pb_video_slider_item][et_pb_video_slider_item src=&#8221;https:\/\/youtu.be\/tH1cka5NBaU&#8221; _builder_version=&#8221;4.27.4&#8243; _module_preset=&#8221;default&#8221; global_colors_info=&#8221;{}&#8221; show_image_overlay=&#8221;off&#8221;][\/et_pb_video_slider_item][et_pb_video_slider_item src=&#8221;https:\/\/youtu.be\/WtHdC4NPq78&#8243; _builder_version=&#8221;4.27.4&#8243; _module_preset=&#8221;default&#8221; global_colors_info=&#8221;{}&#8221; show_image_overlay=&#8221;off&#8221;][\/et_pb_video_slider_item][et_pb_video_slider_item src=&#8221;https:\/\/youtu.be\/q2e5390YgeY&#8221; _builder_version=&#8221;4.27.4&#8243; _module_preset=&#8221;default&#8221; global_colors_info=&#8221;{}&#8221; show_image_overlay=&#8221;off&#8221;][\/et_pb_video_slider_item][\/et_pb_video_slider][\/et_pb_column][\/et_pb_row][et_pb_row column_structure=&#8221;1_3,1_3,1_3&#8243; _builder_version=&#8221;4.27.4&#8243; _module_preset=&#8221;default&#8221; global_colors_info=&#8221;{}&#8221;][et_pb_column type=&#8221;1_3&#8243; _builder_version=&#8221;4.27.4&#8243; _module_preset=&#8221;default&#8221; global_colors_info=&#8221;{}&#8221;][et_pb_button button_url=&#8221;@ET-DC@eyJkeW5hbWljIjp0cnVlLCJjb250ZW50IjoicG9zdF9saW5rX3VybF9wYWdlIiwic2V0dGluZ3MiOnsicG9zdF9pZCI6IjIxNyJ9fQ==@&#8221; button_text=&#8221;Request more information&#8221; _builder_version=&#8221;4.27.4&#8243; _dynamic_attributes=&#8221;button_url&#8221; _module_preset=&#8221;default&#8221; global_colors_info=&#8221;{}&#8221;][\/et_pb_button][\/et_pb_column][et_pb_column type=&#8221;1_3&#8243; _builder_version=&#8221;4.27.4&#8243; _module_preset=&#8221;default&#8221; global_colors_info=&#8221;{}&#8221;][\/et_pb_column][et_pb_column type=&#8221;1_3&#8243; _builder_version=&#8221;4.27.4&#8243; _module_preset=&#8221;default&#8221; global_colors_info=&#8221;{}&#8221;][et_pb_button button_url=&#8221;@ET-DC@eyJkeW5hbWljIjp0cnVlLCJjb250ZW50IjoicG9zdF9saW5rX3VybF9wYWdlIiwic2V0dGluZ3MiOnsicG9zdF9pZCI6IjQxNDEifX0=@&#8221; button_text=&#8221;Weitere Hundehotels&#8221; button_alignment=&#8221;center&#8221; _builder_version=&#8221;4.27.4&#8243; _dynamic_attributes=&#8221;button_url&#8221; _module_preset=&#8221;default&#8221; global_colors_info=&#8221;{}&#8221;][\/et_pb_button][\/et_pb_column][\/et_pb_row][et_pb_row column_structure=&#8221;3_4,1_4&#8243; _builder_version=&#8221;4.27.4&#8243; _module_preset=&#8221;default&#8221; global_colors_info=&#8221;{}&#8221;][et_pb_column type=&#8221;3_4&#8243; _builder_version=&#8221;4.27.4&#8243; _module_preset=&#8221;default&#8221; global_colors_info=&#8221;{}&#8221;][et_pb_text _builder_version=&#8221;4.27.4&#8243; _module_preset=&#8221;default&#8221; global_colors_info=&#8221;{}&#8221;]<\/p>\n<p>\ud83d\udca1 <strong data-start=\"1250\" data-end=\"1259\">Tipp:<\/strong> Alles f\u00fcr die Reise mit deinem Vierbeiner findest du bei unserem Partner in Hamburg \u2013 <a class=\"cursor-pointer\" href=\"https:\/\/www.tierbar.de\/\" target=\"_blank\" rel=\"noopener\" data-start=\"1346\" data-end=\"1380\">Tierbar<\/a> \ud83d\udc36\ud83d\udecd\ufe0f<\/p>\n<p>[\/et_pb_text][\/et_pb_column][et_pb_column type=&#8221;1_4&#8243; _builder_version=&#8221;4.27.4&#8243; _module_preset=&#8221;default&#8221; global_colors_info=&#8221;{}&#8221;][et_pb_text _builder_version=&#8221;4.27.4&#8243; _module_preset=&#8221;default&#8221; global_colors_info=&#8221;{}&#8221;]<\/p>\n<p><a href=\"https:\/\/www.hotel-bergfrieden.at\/urlaub-mit-hund\/\" target=\"_blank\" rel=\"noopener\">\ud83d\udc3e<\/a><\/p>\n<p>[\/et_pb_text][\/et_pb_column][\/et_pb_row][\/et_pb_section]<\/p>\n","protected":false},"excerpt":{"rendered":"<p>Hotel Bergfrieden, Fiss (A)\ud83d\udc3e Hundehotel im Pitztal \u2013 Urlaub mit Hund im Hotel BergfriedenHerzlichkeit auf Tiroler Art \u2013 Willkommen im Hotel BergfriedenDas Hotel Bergfrieden ist mehr als nur ein Urlaubshotel \u2013 es ist ein liebevoll gef\u00fchrter R\u00fcckzugsort, in dem du sofort sp\u00fcrst, dass hier echte Gastfreundschaft gelebt wird. Das Haus kombiniert die urige Gem\u00fctlichkeit Tirols [&hellip;]<\/p>\n","protected":false},"author":3,"featured_media":0,"parent":0,"menu_order":0,"comment_status":"closed","ping_status":"closed","template":"","meta":{"_et_pb_use_builder":"on","_et_pb_old_content":"","_et_gb_content_width":"","footnotes":""},"class_list":["post-4426","page","type-page","status-publish","hentry"],"yoast_head":"<!-- This site is optimized with the Yoast SEO plugin v27.3 - https:\/\/yoast.com\/product\/yoast-seo-wordpress\/ -->\n<title>Conversas de Alpendre - a place for maximum relaxation in the midst of nature - Shangri La<\/title>\n<meta name=\"description\" content=\"Escape from everyday life at Conversas de Alpendre in Portugal. A place for maximum relaxation in nature.\" \/>\n<meta name=\"robots\" content=\"index, follow, max-snippet:-1, max-image-preview:large, max-video-preview:-1\" \/>\n<link rel=\"canonical\" href=\"https:\/\/shangrila24.de\/en\/conversas-de-alpendre-a-place-for-maximum-relaxation-in-the-midst-of-nature-6\/\" \/>\n<meta property=\"og:locale\" content=\"en_US\" \/>\n<meta property=\"og:type\" content=\"article\" \/>\n<meta property=\"og:title\" content=\"Conversas de Alpendre - a place for maximum relaxation in the midst of nature - Shangri La\" \/>\n<meta property=\"og:description\" content=\"Escape from everyday life at Conversas de Alpendre in Portugal. A place for maximum relaxation in nature.\" \/>\n<meta property=\"og:url\" content=\"https:\/\/shangrila24.de\/en\/conversas-de-alpendre-a-place-for-maximum-relaxation-in-the-midst-of-nature-6\/\" \/>\n<meta property=\"og:site_name\" content=\"Shangri La\" \/>\n<meta property=\"article:modified_time\" content=\"2025-08-07T08:50:38+00:00\" \/>\n<meta name=\"twitter:card\" content=\"summary_large_image\" \/>\n<meta name=\"twitter:label1\" content=\"Est. reading time\" \/>\n\t<meta name=\"twitter:data1\" content=\"7 minutes\" \/>\n<script type=\"application\/ld+json\" class=\"yoast-schema-graph\">{\"@context\":\"https:\\\/\\\/schema.org\",\"@graph\":[{\"@type\":\"WebPage\",\"@id\":\"https:\\\/\\\/shangrila24.de\\\/en\\\/conversas-de-alpendre-a-place-for-maximum-relaxation-in-the-midst-of-nature-6\\\/\",\"url\":\"https:\\\/\\\/shangrila24.de\\\/en\\\/conversas-de-alpendre-a-place-for-maximum-relaxation-in-the-midst-of-nature-6\\\/\",\"name\":\"Conversas de Alpendre - a place for maximum relaxation in the midst of nature - Shangri La\",\"isPartOf\":{\"@id\":\"https:\\\/\\\/shangrila24.de\\\/en\\\/#website\"},\"datePublished\":\"2025-08-05T12:55:15+00:00\",\"dateModified\":\"2025-08-07T08:50:38+00:00\",\"description\":\"Escape from everyday life at Conversas de Alpendre in Portugal. A place for maximum relaxation in nature.\",\"breadcrumb\":{\"@id\":\"https:\\\/\\\/shangrila24.de\\\/en\\\/conversas-de-alpendre-a-place-for-maximum-relaxation-in-the-midst-of-nature-6\\\/#breadcrumb\"},\"inLanguage\":\"en-US\",\"potentialAction\":[{\"@type\":\"ReadAction\",\"target\":[\"https:\\\/\\\/shangrila24.de\\\/en\\\/conversas-de-alpendre-a-place-for-maximum-relaxation-in-the-midst-of-nature-6\\\/\"]}]},{\"@type\":\"BreadcrumbList\",\"@id\":\"https:\\\/\\\/shangrila24.de\\\/en\\\/conversas-de-alpendre-a-place-for-maximum-relaxation-in-the-midst-of-nature-6\\\/#breadcrumb\",\"itemListElement\":[{\"@type\":\"ListItem\",\"position\":1,\"name\":\"Startseite\",\"item\":\"https:\\\/\\\/shangrila24.de\\\/en\\\/\"},{\"@type\":\"ListItem\",\"position\":2,\"name\":\"Conversas de Alpendre &#8211; a place for maximum relaxation in the midst of nature\"}]},{\"@type\":\"WebSite\",\"@id\":\"https:\\\/\\\/shangrila24.de\\\/en\\\/#website\",\"url\":\"https:\\\/\\\/shangrila24.de\\\/en\\\/\",\"name\":\"Shangrila24\",\"description\":\"Reiseb\u00fcro Hamburg Eppendorf\",\"publisher\":{\"@id\":\"https:\\\/\\\/shangrila24.de\\\/en\\\/#organization\"},\"potentialAction\":[{\"@type\":\"SearchAction\",\"target\":{\"@type\":\"EntryPoint\",\"urlTemplate\":\"https:\\\/\\\/shangrila24.de\\\/en\\\/?s={search_term_string}\"},\"query-input\":{\"@type\":\"PropertyValueSpecification\",\"valueRequired\":true,\"valueName\":\"search_term_string\"}}],\"inLanguage\":\"en-US\"},{\"@type\":\"Organization\",\"@id\":\"https:\\\/\\\/shangrila24.de\\\/en\\\/#organization\",\"name\":\"Shangri La Reiseb\u00fcro\",\"url\":\"https:\\\/\\\/shangrila24.de\\\/en\\\/\",\"logo\":{\"@type\":\"ImageObject\",\"inLanguage\":\"en-US\",\"@id\":\"https:\\\/\\\/shangrila24.de\\\/en\\\/#\\\/schema\\\/logo\\\/image\\\/\",\"url\":\"https:\\\/\\\/shangrila24.de\\\/wp-content\\\/uploads\\\/2021\\\/11\\\/Shangrila-Reisebuero-Eppendorf-min.jpeg\",\"contentUrl\":\"https:\\\/\\\/shangrila24.de\\\/wp-content\\\/uploads\\\/2021\\\/11\\\/Shangrila-Reisebuero-Eppendorf-min.jpeg\",\"width\":724,\"height\":779,\"caption\":\"Shangri La Reiseb\u00fcro\"},\"image\":{\"@id\":\"https:\\\/\\\/shangrila24.de\\\/en\\\/#\\\/schema\\\/logo\\\/image\\\/\"},\"sameAs\":[\"https:\\\/\\\/www.instagram.com\\\/shangrila24.de\\\/\"]}]}<\/script>\n<!-- \/ Yoast SEO plugin. -->","yoast_head_json":{"title":"Conversas de Alpendre - a place for maximum relaxation in the midst of nature - Shangri La","description":"Escape from everyday life at Conversas de Alpendre in Portugal. A place for maximum relaxation in nature.","robots":{"index":"index","follow":"follow","max-snippet":"max-snippet:-1","max-image-preview":"max-image-preview:large","max-video-preview":"max-video-preview:-1"},"canonical":"https:\/\/shangrila24.de\/en\/conversas-de-alpendre-a-place-for-maximum-relaxation-in-the-midst-of-nature-6\/","og_locale":"en_US","og_type":"article","og_title":"Conversas de Alpendre - a place for maximum relaxation in the midst of nature - Shangri La","og_description":"Escape from everyday life at Conversas de Alpendre in Portugal. A place for maximum relaxation in nature.","og_url":"https:\/\/shangrila24.de\/en\/conversas-de-alpendre-a-place-for-maximum-relaxation-in-the-midst-of-nature-6\/","og_site_name":"Shangri La","article_modified_time":"2025-08-07T08:50:38+00:00","twitter_card":"summary_large_image","twitter_misc":{"Est. reading time":"7 minutes"},"schema":{"@context":"https:\/\/schema.org","@graph":[{"@type":"WebPage","@id":"https:\/\/shangrila24.de\/en\/conversas-de-alpendre-a-place-for-maximum-relaxation-in-the-midst-of-nature-6\/","url":"https:\/\/shangrila24.de\/en\/conversas-de-alpendre-a-place-for-maximum-relaxation-in-the-midst-of-nature-6\/","name":"Conversas de Alpendre - a place for maximum relaxation in the midst of nature - Shangri La","isPartOf":{"@id":"https:\/\/shangrila24.de\/en\/#website"},"datePublished":"2025-08-05T12:55:15+00:00","dateModified":"2025-08-07T08:50:38+00:00","description":"Escape from everyday life at Conversas de Alpendre in Portugal. A place for maximum relaxation in nature.","breadcrumb":{"@id":"https:\/\/shangrila24.de\/en\/conversas-de-alpendre-a-place-for-maximum-relaxation-in-the-midst-of-nature-6\/#breadcrumb"},"inLanguage":"en-US","potentialAction":[{"@type":"ReadAction","target":["https:\/\/shangrila24.de\/en\/conversas-de-alpendre-a-place-for-maximum-relaxation-in-the-midst-of-nature-6\/"]}]},{"@type":"BreadcrumbList","@id":"https:\/\/shangrila24.de\/en\/conversas-de-alpendre-a-place-for-maximum-relaxation-in-the-midst-of-nature-6\/#breadcrumb","itemListElement":[{"@type":"ListItem","position":1,"name":"Startseite","item":"https:\/\/shangrila24.de\/en\/"},{"@type":"ListItem","position":2,"name":"Conversas de Alpendre &#8211; a place for maximum relaxation in the midst of nature"}]},{"@type":"WebSite","@id":"https:\/\/shangrila24.de\/en\/#website","url":"https:\/\/shangrila24.de\/en\/","name":"Shangrila24","description":"Reiseb\u00fcro Hamburg Eppendorf","publisher":{"@id":"https:\/\/shangrila24.de\/en\/#organization"},"potentialAction":[{"@type":"SearchAction","target":{"@type":"EntryPoint","urlTemplate":"https:\/\/shangrila24.de\/en\/?s={search_term_string}"},"query-input":{"@type":"PropertyValueSpecification","valueRequired":true,"valueName":"search_term_string"}}],"inLanguage":"en-US"},{"@type":"Organization","@id":"https:\/\/shangrila24.de\/en\/#organization","name":"Shangri La Reiseb\u00fcro","url":"https:\/\/shangrila24.de\/en\/","logo":{"@type":"ImageObject","inLanguage":"en-US","@id":"https:\/\/shangrila24.de\/en\/#\/schema\/logo\/image\/","url":"https:\/\/shangrila24.de\/wp-content\/uploads\/2021\/11\/Shangrila-Reisebuero-Eppendorf-min.jpeg","contentUrl":"https:\/\/shangrila24.de\/wp-content\/uploads\/2021\/11\/Shangrila-Reisebuero-Eppendorf-min.jpeg","width":724,"height":779,"caption":"Shangri La Reiseb\u00fcro"},"image":{"@id":"https:\/\/shangrila24.de\/en\/#\/schema\/logo\/image\/"},"sameAs":["https:\/\/www.instagram.com\/shangrila24.de\/"]}]}},"_links":{"self":[{"href":"https:\/\/shangrila24.de\/en\/wp-json\/wp\/v2\/pages\/4426","targetHints":{"allow":["GET"]}}],"collection":[{"href":"https:\/\/shangrila24.de\/en\/wp-json\/wp\/v2\/pages"}],"about":[{"href":"https:\/\/shangrila24.de\/en\/wp-json\/wp\/v2\/types\/page"}],"author":[{"embeddable":true,"href":"https:\/\/shangrila24.de\/en\/wp-json\/wp\/v2\/users\/3"}],"replies":[{"embeddable":true,"href":"https:\/\/shangrila24.de\/en\/wp-json\/wp\/v2\/comments?post=4426"}],"version-history":[{"count":9,"href":"https:\/\/shangrila24.de\/en\/wp-json\/wp\/v2\/pages\/4426\/revisions"}],"predecessor-version":[{"id":4599,"href":"https:\/\/shangrila24.de\/en\/wp-json\/wp\/v2\/pages\/4426\/revisions\/4599"}],"wp:attachment":[{"href":"https:\/\/shangrila24.de\/en\/wp-json\/wp\/v2\/media?parent=4426"}],"curies":[{"name":"wp","href":"https:\/\/api.w.org\/{rel}","templated":true}]}}