{"id":4794,"date":"2025-08-08T11:11:03","date_gmt":"2025-08-08T11:11:03","guid":{"rendered":"https:\/\/shangrila24.de\/?page_id=4794"},"modified":"2025-08-08T11:11:17","modified_gmt":"2025-08-08T11:11:17","slug":"conversas-de-alpendre-a-place-for-maximum-relaxation-in-the-midst-of-nature-10","status":"publish","type":"page","link":"https:\/\/shangrila24.de\/en\/conversas-de-alpendre-a-place-for-maximum-relaxation-in-the-midst-of-nature-10\/","title":{"rendered":"Conversas de Alpendre &#8211; a place for maximum relaxation in the midst of nature"},"content":{"rendered":"<p>[et_pb_section fb_built=&#8221;1&#8243; custom_padding_last_edited=&#8221;on|desktop&#8221; _builder_version=&#8221;4.16&#8243; custom_padding=&#8221;50px||80px||false|false&#8221; custom_padding_tablet=&#8221;50px||80px||false|false&#8221; custom_padding_phone=&#8221;0px||30px||false|false&#8221; global_colors_info=&#8221;{}&#8221;][et_pb_row _builder_version=&#8221;4.16&#8243; custom_margin=&#8221;||0px||false|false&#8221; custom_padding=&#8221;||0px||false|false&#8221; global_colors_info=&#8221;{}&#8221;][et_pb_column type=&#8221;4_4&#8243; _builder_version=&#8221;4.16&#8243; custom_padding=&#8221;|||&#8221; global_colors_info=&#8221;{}&#8221; custom_padding__hover=&#8221;|||&#8221;][et_pb_text admin_label=&#8221;Discover Beatuty Sub Title&#8221; _builder_version=&#8221;4.27.4&#8243; text_font=&#8221;Open Sans||||||||&#8221; text_text_color=&#8221;#1a1a1a&#8221; text_font_size=&#8221;20px&#8221; text_line_height=&#8221;1.4em&#8221; animation_style=&#8221;slide&#8221; animation_direction=&#8221;top&#8221; animation_delay=&#8221;100ms&#8221; animation_intensity_slide=&#8221;10%&#8221; global_colors_info=&#8221;{}&#8221;]<\/p>\n<p><em>Landhaus F\u00fchlDichWohl, Steiermark (A)<\/em><\/p>\n<p>[\/et_pb_text][et_pb_text admin_label=&#8221;Discover Beatuty Title&#8221; _builder_version=&#8221;4.27.4&#8243; text_font=&#8221;||||&#8221; text_text_color=&#8221;#1a1a1a&#8221; header_font=&#8221;|800||on|||||&#8221; header_text_align=&#8221;left&#8221; header_font_size=&#8221;52px&#8221; header_line_height=&#8221;1.1em&#8221; animation_style=&#8221;slide&#8221; animation_direction=&#8221;%22fade_in%22&#8243; animation_duration=&#8221;500ms&#8221; animation_intensity_slide=&#8221;10%&#8221; global_colors_info=&#8221;{}&#8221;]<\/p>\n<h1>\ud83d\udc3e Hundehotel im Burgenland \u2013 Urlaub mit Hund im Landhaus F\u00fchlDichWohl<\/h1>\n<p>[\/et_pb_text][et_pb_text admin_label=&#8221;Discover Beatuty Sub Title&#8221; _builder_version=&#8221;4.27.4&#8243; text_font=&#8221;Open Sans||||||||&#8221; text_text_color=&#8221;#1a1a1a&#8221; text_font_size=&#8221;20px&#8221; text_line_height=&#8221;1.4em&#8221; animation_style=&#8221;slide&#8221; animation_direction=&#8221;top&#8221; animation_delay=&#8221;100ms&#8221; animation_intensity_slide=&#8221;10%&#8221; global_colors_info=&#8221;{}&#8221;]<\/p>\n<h2>Boutiqueurlaub mit Herz \u2013 Willkommen im Landhaus F\u00fchlDichWohl<\/h2>\n<p>[\/et_pb_text][et_pb_divider divider_position=&#8221;center&#8221; divider_weight=&#8221;3px&#8221; disabled_on=&#8221;off|off|off&#8221; _builder_version=&#8221;4.16&#8243; max_width=&#8221;150px&#8221; height=&#8221;false&#8221; animation_style=&#8221;slide&#8221; animation_direction=&#8221;top&#8221; animation_delay=&#8221;200ms&#8221; animation_intensity_slide=&#8221;10%&#8221; global_colors_info=&#8221;{}&#8221;][\/et_pb_divider][et_pb_text disabled_on=&#8221;off|off|off%22%22&#8243; admin_label=&#8221;Discover Beatuty Text&#8221; _builder_version=&#8221;4.27.4&#8243; text_font=&#8221;Open Sans||||||||&#8221; text_font_size=&#8221;16px&#8221; text_line_height=&#8221;1.9em&#8221; custom_padding=&#8221;0px||||false|false&#8221; animation_style=&#8221;slide&#8221; animation_direction=&#8221;top&#8221; animation_delay=&#8221;300ms&#8221; animation_intensity_slide=&#8221;10%&#8221; global_colors_info=&#8221;{}&#8221;]<\/p>\n<p data-start=\"293\" data-end=\"514\">Das <strong data-start=\"297\" data-end=\"322\">Landhaus F\u00fchlDichWohl<\/strong> ist ein kleines, liebevoll gef\u00fchrtes Boutiquehotel im Herzen des S\u00fcdburgenlands \u2013 umgeben von weiten Wiesen, sanften H\u00fcgeln und einer Atmosph\u00e4re, die den Namen des Hauses mehr als verdient.<\/p>\n<p data-start=\"516\" data-end=\"821\">Hier geht es nicht um Trends, sondern um <strong data-start=\"557\" data-end=\"599\">Echtheit, Achtsamkeit und Herzensw\u00e4rme<\/strong>. Das Haus wird <strong data-start=\"615\" data-end=\"635\">famili\u00e4r gef\u00fchrt<\/strong>, mit sp\u00fcrbarer Begeisterung f\u00fcr Gastgebersein, Tiere und naturnahes Leben. G\u00e4ste erwartet kein durchgestylter Lifestyle-Look, sondern <strong data-start=\"770\" data-end=\"820\">ein Ort mit Charakter, Ruhe und Pers\u00f6nlichkeit<\/strong>.<\/p>\n<p data-start=\"823\" data-end=\"1090\">Die sieben individuell eingerichteten Zimmer sind gem\u00fctlich, charmant und mit nat\u00fcrlichen Materialien gestaltet. Dazu kommt ein <strong data-start=\"951\" data-end=\"1033\">verwunschener Garten mit Sonnenpl\u00e4tzen, R\u00fcckzugsecken und einem Naturbadeteich<\/strong> \u2013 perfekt f\u00fcr alle, die es klein, fein und echt m\u00f6gen.<\/p>\n<p data-start=\"1092\" data-end=\"1298\">Wer hier ankommt, l\u00e4sst schnell los. Vom ersten Morgenkaffee auf der Terrasse bis zum letzten Spaziergang mit dem Hund unter dem Sternenhimmel: <strong data-start=\"1236\" data-end=\"1298\">Hier wird Entschleunigung nicht verkauft \u2013 sondern gelebt.<\/strong><\/p>\n<p>[\/et_pb_text][et_pb_text _builder_version=&#8221;4.27.4&#8243; _module_preset=&#8221;default&#8221; global_colors_info=&#8221;{}&#8221;]<\/p>\n<h3 data-start=\"1920\" data-end=\"1975\">F\u00fchlen sich hier auch Vierbeiner wohl? Und wie!<\/h3>\n<p data-start=\"1977\" data-end=\"2247\">Das Landhaus F\u00fchlDichWohl geh\u00f6rt zu den <strong data-start=\"2017\" data-end=\"2057\">besonders hundefreundlichen Adressen<\/strong> im Burgenland \u2013 nicht durch \u00fcbertriebene Show, sondern durch echte Tierliebe. Hunde sind hier <strong data-start=\"2152\" data-end=\"2205\">nicht nur erlaubt, sondern ausdr\u00fccklich erw\u00fcnscht<\/strong> \u2013 genauso wie andere tierische Begleiter.<\/p>\n<p data-start=\"2249\" data-end=\"2305\">Diese Services stehen dir und deinem Hund zur Verf\u00fcgung:<\/p>\n<ul>\n<li data-start=\"1570\" data-end=\"1605\">\n<p data-start=\"1572\" data-end=\"1605\">Begr\u00fc\u00dfungsleckerli f\u00fcr den Hund<\/p>\n<\/li>\n<li data-start=\"1606\" data-end=\"1644\">\n<p data-start=\"1608\" data-end=\"1644\">Trinknapf &amp; Kuscheldecke im Zimmer<\/p>\n<\/li>\n<li data-start=\"1645\" data-end=\"1706\">\n<p data-start=\"1647\" data-end=\"1706\"><strong data-start=\"1647\" data-end=\"1704\">Hundefreundliche Spazier- &amp; Wanderwege direkt ab Haus<\/strong><\/p>\n<\/li>\n<li data-start=\"1707\" data-end=\"1762\">\n<p data-start=\"1709\" data-end=\"1762\"><strong data-start=\"1709\" data-end=\"1740\">Eingez\u00e4unter Auslaufbereich<\/strong> mit Schattenpl\u00e4tzen<\/p>\n<\/li>\n<li data-start=\"1763\" data-end=\"1830\">\n<p data-start=\"1765\" data-end=\"1830\"><strong data-start=\"1765\" data-end=\"1797\">Hundebadeteich am Grundst\u00fcck<\/strong> mit nat\u00fcrlicher Wasserqualit\u00e4t<\/p>\n<\/li>\n<li data-start=\"1831\" data-end=\"1885\">\n<p data-start=\"1833\" data-end=\"1885\"><strong data-start=\"1833\" data-end=\"1858\">Hundedusche im Freien<\/strong> f\u00fcr die Reinigung danach<\/p>\n<\/li>\n<li data-start=\"1886\" data-end=\"1952\">\n<p data-start=\"1888\" data-end=\"1952\"><strong data-start=\"1888\" data-end=\"1924\">Hund darf in viele Au\u00dfenbereiche<\/strong> wie Terrasse &amp; Liegewiese<\/p>\n<\/li>\n<li data-start=\"1953\" data-end=\"2006\">\n<p data-start=\"1955\" data-end=\"2006\"><strong data-start=\"1955\" data-end=\"1980\">Flexible Essenszeiten<\/strong> f\u00fcr Frauchen &amp; Herrchen<\/p>\n<\/li>\n<li data-start=\"2007\" data-end=\"2077\">\n<p data-start=\"2009\" data-end=\"2077\"><strong data-start=\"2009\" data-end=\"2038\">Keine Pauschale f\u00fcr Hunde<\/strong>, nach Absprache individuell geregelt<\/p>\n<\/li>\n<li data-start=\"2078\" data-end=\"2172\">\n<p data-start=\"2080\" data-end=\"2172\"><strong data-start=\"2080\" data-end=\"2123\">Offene Haltung gegen\u00fcber anderen Tieren<\/strong>: Katzen, Pferde etc. sind ebenfalls willkommen<\/p>\n<\/li>\n<li data-start=\"2173\" data-end=\"2225\">\n<p data-start=\"2175\" data-end=\"2225\">R\u00fcckzugsm\u00f6glichkeiten f\u00fcr Hunde, die Ruhe suchen<\/p>\n<\/li>\n<li data-start=\"2226\" data-end=\"2298\">\n<p data-start=\"2228\" data-end=\"2298\">Pers\u00f6nlicher Kontakt zu <strong data-start=\"2252\" data-end=\"2296\">Tier\u00e4rzten &amp; Therapeuten in der Umgebung<\/strong><\/p>\n<\/li>\n<li data-start=\"2299\" data-end=\"2365\">\n<p data-start=\"2301\" data-end=\"2365\">Gastgeber stehen bei Fragen &amp; Ausflugstipps mit Hund zur Seite<\/p>\n<\/li>\n<li data-start=\"2366\" data-end=\"2437\">\n<p data-start=\"2368\" data-end=\"2437\"><strong data-start=\"2368\" data-end=\"2407\">Kleine Gruppen- oder Themenangebote<\/strong> mit Hund (z.\u202fB. Wanderwochen)<\/p>\n<\/li>\n<\/ul>\n<p data-start=\"2249\" data-end=\"2305\">[\/et_pb_text][et_pb_text _builder_version=&#8221;4.27.4&#8243; _module_preset=&#8221;default&#8221; global_colors_info=&#8221;{}&#8221;]<\/p>\n<h3 data-start=\"3050\" data-end=\"3077\">Direkt vor der T\u00fcr<\/h3>\n<p>Wer mit Hund reist, will raus. Und rund ums Landhaus F\u00fchlDichWohl ist drau\u00dfen \u00fcberall:<\/p>\n<ul data-start=\"3079\" data-end=\"3430\">\n<li data-start=\"3079\" data-end=\"3144\">\n<p data-start=\"3081\" data-end=\"3144\">Kilometerlange <strong data-start=\"3096\" data-end=\"3119\">Wander- und Radwege<\/strong>, gr\u00f6\u00dftenteils autofrei<\/p>\n<\/li>\n<li data-start=\"3145\" data-end=\"3190\">\n<p data-start=\"3147\" data-end=\"3190\">Spazierg\u00e4nge durch <strong data-start=\"3166\" data-end=\"3188\">Weinberge &amp; W\u00e4lder<\/strong><\/p>\n<\/li>\n<li data-start=\"3191\" data-end=\"3256\">\n<p data-start=\"3193\" data-end=\"3256\">Kleine, charmante D\u00f6rfer mit gem\u00fctlichen Einkehrm\u00f6glichkeiten<\/p>\n<\/li>\n<li data-start=\"3257\" data-end=\"3318\">\n<p data-start=\"3259\" data-end=\"3318\">Ausfl\u00fcge zu Thermen, Aussichtspunkten und Buschenschanken<\/p>\n<\/li>\n<li data-start=\"3319\" data-end=\"3371\">\n<p data-start=\"3321\" data-end=\"3371\">Badestellen und Teiche f\u00fcr Hunde in der Umgebung<\/p>\n<\/li>\n<li data-start=\"3372\" data-end=\"3430\">\n<p data-start=\"3374\" data-end=\"3430\"><strong data-start=\"3374\" data-end=\"3397\">Grenzn\u00e4he zu Ungarn<\/strong> \u2013 f\u00fcr kleine Abenteuer mit Pfiff<\/p>\n<\/li>\n<\/ul>\n<p data-start=\"3432\" data-end=\"3535\">Und das Beste: Hier ist Platz. Kein Trubel, kein L\u00e4rm \u2013 einfach nur <strong data-start=\"3500\" data-end=\"3534\">Weite, Ruhe und Lebensqualit\u00e4t<\/strong>.<\/p>\n<p>[\/et_pb_text][et_pb_text _builder_version=&#8221;4.27.4&#8243; _module_preset=&#8221;default&#8221; hover_enabled=&#8221;0&#8243; global_colors_info=&#8221;{}&#8221; sticky_enabled=&#8221;0&#8243;]<\/p>\n<h3 data-start=\"3542\" data-end=\"3600\">Noch mehr Erholung \u2013 auch f\u00fcr Herrchen und Frauchen<\/h3>\n<p data-start=\"3602\" data-end=\"3824\">Das Landhaus bietet regelm\u00e4\u00dfig <strong data-start=\"3633\" data-end=\"3672\">Pauschalangebote f\u00fcr K\u00f6rper &amp; Seele<\/strong>: Fastenwochen, Kr\u00e4uterkurse, Thermenaufenthalte oder Yogatage. Hunde d\u00fcrfen fast immer mit \u2013 oder genie\u00dfen w\u00e4hrenddessen die Ruhe im schattigen Garten.<\/p>\n<p data-start=\"3826\" data-end=\"3998\">Immer wieder gibt es auch <strong data-start=\"3852\" data-end=\"3885\">thematische Angebote mit Hund<\/strong>, etwa f\u00fcr Wanderfreunde, Ruhebed\u00fcrftige oder Mehrhundehalter. Einfach anfragen oder reinschauen \u2013 es lohnt sich.<\/p>\n<p>[\/et_pb_text][et_pb_text _builder_version=&#8221;4.27.4&#8243; _module_preset=&#8221;default&#8221; global_colors_info=&#8221;{}&#8221;]<\/p>\n<h3 data-start=\"283\" data-end=\"323\">Pers\u00f6nlich. Stilvoll. Besonders.<\/h3>\n<p data-start=\"325\" data-end=\"779\">Das <strong data-start=\"329\" data-end=\"354\">Landhaus F\u00fchlDichWohl<\/strong> ist ein Ort mit Handschrift \u2013 im wahrsten Sinne. Denn hier gestalten die Gastgeber selbst mit: <strong data-start=\"450\" data-end=\"467\">Pamela Ronner<\/strong>, die Chefin des Hauses, betreibt mit viel Gesp\u00fcr und Leidenschaft den kleinen, feinen Bereich <strong data-start=\"562\" data-end=\"583\">\u201eF\u00fchl Dich Sch\u00f6n\u201c<\/strong>. Hier findest du ausgew\u00e4hlte Mode, stilvolle Accessoires und besondere St\u00fccke, die nicht von der Stange kommen \u2013 sondern mit Liebe ausgesucht wurden. Auf Wunsch gibt\u2019s sogar pers\u00f6nliche Beratung.<\/p>\n<p data-start=\"781\" data-end=\"1109\">Nur ein paar Schritte weiter arbeitet <strong data-start=\"819\" data-end=\"843\">Klaus Ronner-Ermertz<\/strong>, ihr Mann, an echten Unikaten: In seinem <strong data-start=\"885\" data-end=\"909\">Schneidwaren-Atelier<\/strong> entstehen handgefertigte Messer \u2013 hochwertig, scharf, langlebig. Wer m\u00f6chte, kann dem Messermacher bei der Arbeit \u00fcber die Schulter schauen oder ein St\u00fcck echter Handwerkskunst mit nach Hause nehmen.<\/p>\n<p data-start=\"1111\" data-end=\"1251\">Zwei Leidenschaften, zwei Stilwelten \u2013 vereint unter einem Dach. Und typisch f\u00fcr dieses Haus: <strong data-start=\"1205\" data-end=\"1251\">authentisch, ehrlich und mit Herz gemacht.<\/strong><\/p>\n<p>[\/et_pb_text][et_pb_text _builder_version=&#8221;4.27.4&#8243; _module_preset=&#8221;default&#8221; global_colors_info=&#8221;{}&#8221;]<\/p>\n<h3 data-start=\"4005\" data-end=\"4061\">Fazit \u2013 ein echter Wohlf\u00fchlort mit Herz f\u00fcr Hunde<\/h3>\n<p data-start=\"4063\" data-end=\"4299\">Das <strong data-start=\"4067\" data-end=\"4092\">Landhaus F\u00fchlDichWohl<\/strong> ist ein Ort f\u00fcr Menschen, die das Kleine lieben \u2013 und das Echte sch\u00e4tzen.<br data-start=\"4166\" data-end=\"4169\" \/>Wer mit Hund reist und dabei <strong data-start=\"4198\" data-end=\"4234\">auf Stil, Ruhe und Nat\u00fcrlichkeit<\/strong> setzt, wird hier nicht nur willkommen sein \u2013 sondern verstanden.<\/p>\n<p>[\/et_pb_text][\/et_pb_column][\/et_pb_row][\/et_pb_section][et_pb_section fb_built=&#8221;1&#8243; _builder_version=&#8221;4.16&#8243; _module_preset=&#8221;default&#8221; global_colors_info=&#8221;{}&#8221;][et_pb_row _builder_version=&#8221;4.16&#8243; _module_preset=&#8221;default&#8221; global_colors_info=&#8221;{}&#8221;][et_pb_column type=&#8221;4_4&#8243; _builder_version=&#8221;4.16&#8243; _module_preset=&#8221;default&#8221; global_colors_info=&#8221;{}&#8221;][et_pb_gallery gallery_ids=&#8221;4495,4498,4501,4504&#8243; show_title_and_caption=&#8221;off&#8221; _builder_version=&#8221;4.27.4&#8243; _module_preset=&#8221;default&#8221; global_colors_info=&#8221;{}&#8221;][\/et_pb_gallery][\/et_pb_column][\/et_pb_row][et_pb_row column_structure=&#8221;1_3,1_3,1_3&#8243; _builder_version=&#8221;4.27.4&#8243; _module_preset=&#8221;default&#8221; global_colors_info=&#8221;{}&#8221;][et_pb_column type=&#8221;1_3&#8243; _builder_version=&#8221;4.27.4&#8243; _module_preset=&#8221;default&#8221; global_colors_info=&#8221;{}&#8221;][et_pb_button button_url=&#8221;@ET-DC@eyJkeW5hbWljIjp0cnVlLCJjb250ZW50IjoicG9zdF9saW5rX3VybF9wYWdlIiwic2V0dGluZ3MiOnsicG9zdF9pZCI6IjIxNyJ9fQ==@&#8221; button_text=&#8221;Request more information&#8221; _builder_version=&#8221;4.27.4&#8243; _dynamic_attributes=&#8221;button_url&#8221; _module_preset=&#8221;default&#8221; global_colors_info=&#8221;{}&#8221;][\/et_pb_button][\/et_pb_column][et_pb_column type=&#8221;1_3&#8243; _builder_version=&#8221;4.27.4&#8243; _module_preset=&#8221;default&#8221; global_colors_info=&#8221;{}&#8221;][\/et_pb_column][et_pb_column type=&#8221;1_3&#8243; _builder_version=&#8221;4.27.4&#8243; _module_preset=&#8221;default&#8221; global_colors_info=&#8221;{}&#8221;][et_pb_button button_url=&#8221;@ET-DC@eyJkeW5hbWljIjp0cnVlLCJjb250ZW50IjoicG9zdF9saW5rX3VybF9wYWdlIiwic2V0dGluZ3MiOnsicG9zdF9pZCI6IjQxNDEifX0=@&#8221; button_text=&#8221;Weitere Hundehotels&#8221; button_alignment=&#8221;center&#8221; _builder_version=&#8221;4.27.4&#8243; _dynamic_attributes=&#8221;button_url&#8221; _module_preset=&#8221;default&#8221; global_colors_info=&#8221;{}&#8221;][\/et_pb_button][\/et_pb_column][\/et_pb_row][et_pb_row column_structure=&#8221;3_4,1_4&#8243; _builder_version=&#8221;4.27.4&#8243; _module_preset=&#8221;default&#8221; global_colors_info=&#8221;{}&#8221;][et_pb_column type=&#8221;3_4&#8243; _builder_version=&#8221;4.27.4&#8243; _module_preset=&#8221;default&#8221; global_colors_info=&#8221;{}&#8221;][et_pb_text _builder_version=&#8221;4.27.4&#8243; _module_preset=&#8221;default&#8221; global_colors_info=&#8221;{}&#8221;]<\/p>\n<p>\ud83d\udca1 <strong data-start=\"1250\" data-end=\"1259\">Tipp:<\/strong> Alles f\u00fcr die Reise mit deinem Vierbeiner findest du bei unserem Partner in Hamburg \u2013 <a class=\"cursor-pointer\" href=\"https:\/\/www.tierbar.de\/\" target=\"_blank\" rel=\"noopener\" data-start=\"1346\" data-end=\"1380\">Tierbar<\/a> \ud83d\udc36\ud83d\udecd\ufe0f<\/p>\n<p>[\/et_pb_text][\/et_pb_column][et_pb_column type=&#8221;1_4&#8243; _builder_version=&#8221;4.27.4&#8243; _module_preset=&#8221;default&#8221; global_colors_info=&#8221;{}&#8221;][et_pb_text _builder_version=&#8221;4.27.4&#8243; _module_preset=&#8221;default&#8221; global_colors_info=&#8221;{}&#8221;]<\/p>\n<p><a href=\"https:\/\/www.hotel-johanna.at\/hotel\/hunde\/\" target=\"_blank\" rel=\"noopener\">\ud83d\udc3e<\/a><\/p>\n<p>[\/et_pb_text][\/et_pb_column][\/et_pb_row][\/et_pb_section]<\/p>\n","protected":false},"excerpt":{"rendered":"<p>Landhaus F\u00fchlDichWohl, Steiermark (A)\ud83d\udc3e Hundehotel im Burgenland \u2013 Urlaub mit Hund im Landhaus F\u00fchlDichWohlBoutiqueurlaub mit Herz \u2013 Willkommen im Landhaus F\u00fchlDichWohlDas Landhaus F\u00fchlDichWohl ist ein kleines, liebevoll gef\u00fchrtes Boutiquehotel im Herzen des S\u00fcdburgenlands \u2013 umgeben von weiten Wiesen, sanften H\u00fcgeln und einer Atmosph\u00e4re, die den Namen des Hauses mehr als verdient. Hier geht es nicht [&hellip;]<\/p>\n","protected":false},"author":3,"featured_media":0,"parent":0,"menu_order":0,"comment_status":"closed","ping_status":"closed","template":"","meta":{"_et_pb_use_builder":"on","_et_pb_old_content":"","_et_gb_content_width":"","footnotes":""},"class_list":["post-4794","page","type-page","status-publish","hentry"],"yoast_head":"<!-- This site is optimized with the Yoast SEO plugin v27.4 - https:\/\/yoast.com\/product\/yoast-seo-wordpress\/ -->\n<title>Conversas de Alpendre - a place for maximum relaxation in the midst of nature - Shangri La<\/title>\n<meta name=\"description\" content=\"Escape from everyday life at Conversas de Alpendre in Portugal. A place for maximum relaxation in nature.\" \/>\n<meta name=\"robots\" content=\"index, follow, max-snippet:-1, max-image-preview:large, max-video-preview:-1\" \/>\n<link rel=\"canonical\" href=\"https:\/\/shangrila24.de\/en\/conversas-de-alpendre-a-place-for-maximum-relaxation-in-the-midst-of-nature-10\/\" \/>\n<meta property=\"og:locale\" content=\"en_US\" \/>\n<meta property=\"og:type\" content=\"article\" \/>\n<meta property=\"og:title\" content=\"Conversas de Alpendre - a place for maximum relaxation in the midst of nature - Shangri La\" \/>\n<meta property=\"og:description\" content=\"Escape from everyday life at Conversas de Alpendre in Portugal. A place for maximum relaxation in nature.\" \/>\n<meta property=\"og:url\" content=\"https:\/\/shangrila24.de\/en\/conversas-de-alpendre-a-place-for-maximum-relaxation-in-the-midst-of-nature-10\/\" \/>\n<meta property=\"og:site_name\" content=\"Shangri La\" \/>\n<meta property=\"article:modified_time\" content=\"2025-08-08T11:11:17+00:00\" \/>\n<meta name=\"twitter:card\" content=\"summary_large_image\" \/>\n<meta name=\"twitter:label1\" content=\"Est. reading time\" \/>\n\t<meta name=\"twitter:data1\" content=\"7 minutes\" \/>\n<script type=\"application\/ld+json\" class=\"yoast-schema-graph\">{\"@context\":\"https:\\\/\\\/schema.org\",\"@graph\":[{\"@type\":\"WebPage\",\"@id\":\"https:\\\/\\\/shangrila24.de\\\/en\\\/conversas-de-alpendre-a-place-for-maximum-relaxation-in-the-midst-of-nature-10\\\/\",\"url\":\"https:\\\/\\\/shangrila24.de\\\/en\\\/conversas-de-alpendre-a-place-for-maximum-relaxation-in-the-midst-of-nature-10\\\/\",\"name\":\"Conversas de Alpendre - a place for maximum relaxation in the midst of nature - Shangri La\",\"isPartOf\":{\"@id\":\"https:\\\/\\\/shangrila24.de\\\/en\\\/#website\"},\"datePublished\":\"2025-08-08T11:11:03+00:00\",\"dateModified\":\"2025-08-08T11:11:17+00:00\",\"description\":\"Escape from everyday life at Conversas de Alpendre in Portugal. A place for maximum relaxation in nature.\",\"breadcrumb\":{\"@id\":\"https:\\\/\\\/shangrila24.de\\\/en\\\/conversas-de-alpendre-a-place-for-maximum-relaxation-in-the-midst-of-nature-10\\\/#breadcrumb\"},\"inLanguage\":\"en-US\",\"potentialAction\":[{\"@type\":\"ReadAction\",\"target\":[\"https:\\\/\\\/shangrila24.de\\\/en\\\/conversas-de-alpendre-a-place-for-maximum-relaxation-in-the-midst-of-nature-10\\\/\"]}]},{\"@type\":\"BreadcrumbList\",\"@id\":\"https:\\\/\\\/shangrila24.de\\\/en\\\/conversas-de-alpendre-a-place-for-maximum-relaxation-in-the-midst-of-nature-10\\\/#breadcrumb\",\"itemListElement\":[{\"@type\":\"ListItem\",\"position\":1,\"name\":\"Startseite\",\"item\":\"https:\\\/\\\/shangrila24.de\\\/en\\\/\"},{\"@type\":\"ListItem\",\"position\":2,\"name\":\"Conversas de Alpendre &#8211; a place for maximum relaxation in the midst of nature\"}]},{\"@type\":\"WebSite\",\"@id\":\"https:\\\/\\\/shangrila24.de\\\/en\\\/#website\",\"url\":\"https:\\\/\\\/shangrila24.de\\\/en\\\/\",\"name\":\"Shangrila24\",\"description\":\"Reiseb\u00fcro Hamburg Eppendorf\",\"publisher\":{\"@id\":\"https:\\\/\\\/shangrila24.de\\\/en\\\/#organization\"},\"potentialAction\":[{\"@type\":\"SearchAction\",\"target\":{\"@type\":\"EntryPoint\",\"urlTemplate\":\"https:\\\/\\\/shangrila24.de\\\/en\\\/?s={search_term_string}\"},\"query-input\":{\"@type\":\"PropertyValueSpecification\",\"valueRequired\":true,\"valueName\":\"search_term_string\"}}],\"inLanguage\":\"en-US\"},{\"@type\":\"Organization\",\"@id\":\"https:\\\/\\\/shangrila24.de\\\/en\\\/#organization\",\"name\":\"Shangri La Reiseb\u00fcro\",\"url\":\"https:\\\/\\\/shangrila24.de\\\/en\\\/\",\"logo\":{\"@type\":\"ImageObject\",\"inLanguage\":\"en-US\",\"@id\":\"https:\\\/\\\/shangrila24.de\\\/en\\\/#\\\/schema\\\/logo\\\/image\\\/\",\"url\":\"https:\\\/\\\/shangrila24.de\\\/wp-content\\\/uploads\\\/2021\\\/11\\\/Shangrila-Reisebuero-Eppendorf-min.jpeg\",\"contentUrl\":\"https:\\\/\\\/shangrila24.de\\\/wp-content\\\/uploads\\\/2021\\\/11\\\/Shangrila-Reisebuero-Eppendorf-min.jpeg\",\"width\":724,\"height\":779,\"caption\":\"Shangri La Reiseb\u00fcro\"},\"image\":{\"@id\":\"https:\\\/\\\/shangrila24.de\\\/en\\\/#\\\/schema\\\/logo\\\/image\\\/\"},\"sameAs\":[\"https:\\\/\\\/www.instagram.com\\\/shangrila24.de\\\/\"]}]}<\/script>\n<!-- \/ Yoast SEO plugin. -->","yoast_head_json":{"title":"Conversas de Alpendre - a place for maximum relaxation in the midst of nature - Shangri La","description":"Escape from everyday life at Conversas de Alpendre in Portugal. A place for maximum relaxation in nature.","robots":{"index":"index","follow":"follow","max-snippet":"max-snippet:-1","max-image-preview":"max-image-preview:large","max-video-preview":"max-video-preview:-1"},"canonical":"https:\/\/shangrila24.de\/en\/conversas-de-alpendre-a-place-for-maximum-relaxation-in-the-midst-of-nature-10\/","og_locale":"en_US","og_type":"article","og_title":"Conversas de Alpendre - a place for maximum relaxation in the midst of nature - Shangri La","og_description":"Escape from everyday life at Conversas de Alpendre in Portugal. A place for maximum relaxation in nature.","og_url":"https:\/\/shangrila24.de\/en\/conversas-de-alpendre-a-place-for-maximum-relaxation-in-the-midst-of-nature-10\/","og_site_name":"Shangri La","article_modified_time":"2025-08-08T11:11:17+00:00","twitter_card":"summary_large_image","twitter_misc":{"Est. reading time":"7 minutes"},"schema":{"@context":"https:\/\/schema.org","@graph":[{"@type":"WebPage","@id":"https:\/\/shangrila24.de\/en\/conversas-de-alpendre-a-place-for-maximum-relaxation-in-the-midst-of-nature-10\/","url":"https:\/\/shangrila24.de\/en\/conversas-de-alpendre-a-place-for-maximum-relaxation-in-the-midst-of-nature-10\/","name":"Conversas de Alpendre - a place for maximum relaxation in the midst of nature - Shangri La","isPartOf":{"@id":"https:\/\/shangrila24.de\/en\/#website"},"datePublished":"2025-08-08T11:11:03+00:00","dateModified":"2025-08-08T11:11:17+00:00","description":"Escape from everyday life at Conversas de Alpendre in Portugal. A place for maximum relaxation in nature.","breadcrumb":{"@id":"https:\/\/shangrila24.de\/en\/conversas-de-alpendre-a-place-for-maximum-relaxation-in-the-midst-of-nature-10\/#breadcrumb"},"inLanguage":"en-US","potentialAction":[{"@type":"ReadAction","target":["https:\/\/shangrila24.de\/en\/conversas-de-alpendre-a-place-for-maximum-relaxation-in-the-midst-of-nature-10\/"]}]},{"@type":"BreadcrumbList","@id":"https:\/\/shangrila24.de\/en\/conversas-de-alpendre-a-place-for-maximum-relaxation-in-the-midst-of-nature-10\/#breadcrumb","itemListElement":[{"@type":"ListItem","position":1,"name":"Startseite","item":"https:\/\/shangrila24.de\/en\/"},{"@type":"ListItem","position":2,"name":"Conversas de Alpendre &#8211; a place for maximum relaxation in the midst of nature"}]},{"@type":"WebSite","@id":"https:\/\/shangrila24.de\/en\/#website","url":"https:\/\/shangrila24.de\/en\/","name":"Shangrila24","description":"Reiseb\u00fcro Hamburg Eppendorf","publisher":{"@id":"https:\/\/shangrila24.de\/en\/#organization"},"potentialAction":[{"@type":"SearchAction","target":{"@type":"EntryPoint","urlTemplate":"https:\/\/shangrila24.de\/en\/?s={search_term_string}"},"query-input":{"@type":"PropertyValueSpecification","valueRequired":true,"valueName":"search_term_string"}}],"inLanguage":"en-US"},{"@type":"Organization","@id":"https:\/\/shangrila24.de\/en\/#organization","name":"Shangri La Reiseb\u00fcro","url":"https:\/\/shangrila24.de\/en\/","logo":{"@type":"ImageObject","inLanguage":"en-US","@id":"https:\/\/shangrila24.de\/en\/#\/schema\/logo\/image\/","url":"https:\/\/shangrila24.de\/wp-content\/uploads\/2021\/11\/Shangrila-Reisebuero-Eppendorf-min.jpeg","contentUrl":"https:\/\/shangrila24.de\/wp-content\/uploads\/2021\/11\/Shangrila-Reisebuero-Eppendorf-min.jpeg","width":724,"height":779,"caption":"Shangri La Reiseb\u00fcro"},"image":{"@id":"https:\/\/shangrila24.de\/en\/#\/schema\/logo\/image\/"},"sameAs":["https:\/\/www.instagram.com\/shangrila24.de\/"]}]}},"_links":{"self":[{"href":"https:\/\/shangrila24.de\/en\/wp-json\/wp\/v2\/pages\/4794","targetHints":{"allow":["GET"]}}],"collection":[{"href":"https:\/\/shangrila24.de\/en\/wp-json\/wp\/v2\/pages"}],"about":[{"href":"https:\/\/shangrila24.de\/en\/wp-json\/wp\/v2\/types\/page"}],"author":[{"embeddable":true,"href":"https:\/\/shangrila24.de\/en\/wp-json\/wp\/v2\/users\/3"}],"replies":[{"embeddable":true,"href":"https:\/\/shangrila24.de\/en\/wp-json\/wp\/v2\/comments?post=4794"}],"version-history":[{"count":6,"href":"https:\/\/shangrila24.de\/en\/wp-json\/wp\/v2\/pages\/4794\/revisions"}],"predecessor-version":[{"id":4822,"href":"https:\/\/shangrila24.de\/en\/wp-json\/wp\/v2\/pages\/4794\/revisions\/4822"}],"wp:attachment":[{"href":"https:\/\/shangrila24.de\/en\/wp-json\/wp\/v2\/media?parent=4794"}],"curies":[{"name":"wp","href":"https:\/\/api.w.org\/{rel}","templated":true}]}}