{"id":1008,"date":"2021-11-29T14:50:44","date_gmt":"2021-11-29T14:50:44","guid":{"rendered":"https:\/\/shangrila24.de\/viajes-de-negocios\/"},"modified":"2025-06-27T09:55:21","modified_gmt":"2025-06-27T09:55:21","slug":"viajes-de-negocios","status":"publish","type":"page","link":"https:\/\/shangrila24.de\/es\/viajes-de-negocios\/","title":{"rendered":"Viajes de negocios"},"content":{"rendered":"<p>[et_pb_section fb_built=\u00bb1&#8243; fullwidth=\u00bbon\u00bb admin_label=\u00bbHero\u00bb _builder_version=\u00bb4.16&#8243; background_color=\u00bb#233b4e\u00bb parallax=\u00bbon\u00bb custom_padding=\u00bb0px|0px|0px|0px\u00bb global_colors_info=\u00bb{}\u00bb][et_pb_fullwidth_image src=\u00bbhttps:\/\/shangrila24.de\/wp-content\/uploads\/2021\/12\/Shangrila-24-Fotografen-Netzwerk-Business-Reisen-min-e1639409485208.jpg\u00bb alt=\u00bbEquipo de rodaje con coche en el plat\u00f3 &#8211; Recomendaci\u00f3n Reiseb\u00fcro Hamburg\u00bb title_text=\u00bbShangrila 24 Red de fot\u00f3grafos Business Travel-min\u00bb _builder_version=\u00bb4.27.4&#8243; _module_preset=\u00bbdefault\u00bb global_colors_info=\u00bb{}\u00bb][\/et_pb_fullwidth_image][\/et_pb_section][et_pb_section fb_built=\u00bb1&#8243; _builder_version=\u00bb4.16&#8243; _module_preset=\u00bbdefault\u00bb module_alignment=\u00bbright\u00bb custom_margin=\u00bb10px||||false|false\u00bb custom_padding=\u00bb0px||||false|false\u00bb global_colors_info=\u00bb{}\u00bb][et_pb_row _builder_version=\u00bb4.16&#8243; _module_preset=\u00bbdefault\u00bb custom_margin=\u00bb0px||||false|false\u00bb custom_padding=\u00bb0px||||false|false\u00bb global_colors_info=\u00bb{}\u00bb][et_pb_column type=\u00bb4_4&#8243; _builder_version=\u00bb4.16&#8243; _module_preset=\u00bbdefault\u00bb global_colors_info=\u00bb{}\u00bb][et_pb_text _builder_version=\u00bb4.16&#8243; _module_preset=\u00bbdefault\u00bb text_font=\u00bbOpen Sans||||||||\u00bb link_font=\u00bbOpen Sans||||||||\u00bb link_text_color=\u00bb#000000&#8243; custom_margin=\u00bb0px||||false|false\u00bb custom_padding=\u00bb0px||||false|false\u00bb global_colors_info=\u00bb{}\u00bb]<\/p>\n<p class=\"p1\" style=\"text-align: right;\"><a href=\"https:\/\/www.simonpuschmann.com\/\" target=\"_blank\" rel=\"noopener\">Simon Puschmann<\/a><\/p>\n<p>[\/et_pb_text][\/et_pb_column][\/et_pb_row][\/et_pb_section][et_pb_section fb_built=\u00bb1&#8243; custom_padding_last_edited=\u00bbon|desktop\u00bb _builder_version=\u00bb4.16&#8243; custom_padding=\u00bb50px||80px||false|false\u00bb custom_padding_tablet=\u00bb50px||80px||false|false\u00bb custom_padding_phone=\u00bb0px||30px||false|false\u00bb global_colors_info=\u00bb{}\u00bb][et_pb_row _builder_version=\u00bb4.16&#8243; custom_margin=\u00bb||0px||false|false\u00bb custom_padding=\u00bb||0px||false|false\u00bb global_colors_info=\u00bb{}\u00bb][et_pb_column type=\u00bb4_4&#8243; _builder_version=\u00bb4.16&#8243; custom_padding=\u00bb|||\u00bb global_colors_info=\u00bb{}\u00bb custom_padding__hover=\u00bb|||\u00bb][et_pb_text admin_label=\u00bbDiscover Beatuty Title\u00bb _builder_version=\u00bb4.16&#8243; text_font=\u00bb||||\u00bb text_text_color=\u00bb#1a1a1a\u00bb header_font=\u00bb|800||on|||||\u00bb header_text_align=\u00bbleft\u00bb header_font_size=\u00bb52px\u00bb header_line_height=\u00bb1.1em\u00bb animation_style=\u00bbslide\u00bb animation_direction=\u00bb%22fade_in%22&#8243; animation_duration=\u00bb500ms\u00bb animation_intensity_slide=\u00bb10%\u00bb global_colors_info=\u00bb{}\u00bb]<\/p>\n<h1>\u00bfUn viaje de negocios sin estr\u00e9s? No hay problema.<\/h1>\n<p>[\/et_pb_text][et_pb_text admin_label=\u00bbDiscover Beatuty Sub Title\u00bb _builder_version=\u00bb4.16&#8243; text_font=\u00bbOpen Sans||||||||\u00bb text_text_color=\u00bb#1a1a1a\u00bb text_font_size=\u00bb20px\u00bb text_line_height=\u00bb1.4em\u00bb animation_style=\u00bbslide\u00bb animation_direction=\u00bbtop\u00bb animation_delay=\u00bb100ms\u00bb animation_intensity_slide=\u00bb10%\u00bb global_colors_info=\u00bb{}\u00bb]<\/p>\n<p><em>Planificamos y reservamos su viaje de negocios de la A a la Z para que pueda relajarse y concentrarse en el \u00e9xito de su empresa.  <\/em><\/p>\n<p>[\/et_pb_text][et_pb_divider divider_position=\u00bbcenter\u00bb divider_weight=\u00bb3px\u00bb disabled_on=\u00bboff|off|off\u00bb _builder_version=\u00bb4.16&#8243; max_width=\u00bb150px\u00bb height=\u00bbfalse\u00bb animation_style=\u00bbslide\u00bb animation_direction=\u00bbtop\u00bb animation_delay=\u00bb200ms\u00bb animation_intensity_slide=\u00bb10%\u00bb global_colors_info=\u00bb{}\u00bb][\/et_pb_divider][et_pb_text disabled_on=\u00bboff|off|off%22%22&#8243; admin_label=\u00bbDiscover Beatuty Text\u00bb _builder_version=\u00bb4.16&#8243; text_font=\u00bbOpen Sans||||||||\u00bb text_font_size=\u00bb16px\u00bb text_line_height=\u00bb1.9em\u00bb custom_padding=\u00bb0px||||false|false\u00bb animation_style=\u00bbslide\u00bb animation_direction=\u00bbtop\u00bb animation_delay=\u00bb300ms\u00bb animation_intensity_slide=\u00bb10%\u00bb global_colors_info=\u00bb{}\u00bb]<\/p>\n<p>Llevamos casi 20 a\u00f1os ayudando a los viajeros de negocios. Principalmente reservamos alojamiento, vuelos y servicios adicionales para viajes de producci\u00f3n. La demanda de apoyo a las producciones de v\u00eddeo y fotograf\u00eda aumenta constantemente. Al fin y al cabo, las exigencias en este \u00e1mbito empresarial son especialmente altas y amplias. Desde el fot\u00f3grafo hasta el director art\u00edstico, todos los miembros del equipo tienen necesidades individuales. En la Agencia de Viajes Shangri La, atendemos espec\u00edficamente a estos requisitos y nos ocupamos de la ejecuci\u00f3n en consecuencia.<\/p>\n<p>Somos su agencia de viajes de negocios en Hamburgo que estar\u00e1 encantada de organizar su pr\u00f3ximo viaje de producci\u00f3n. Pero, por supuesto, tambi\u00e9n podemos organizarle otros viajes de negocios. Simplemente d\u00edganos lo que necesita y nosotros nos encargaremos de asesorarle sobre el equipaje y los vuelos, as\u00ed como de las reservas de hotel. Nuestro servicio tambi\u00e9n incluye la reserva de asientos para viajes en tren y la reserva de coches de alquiler.<\/p>\n<p>Llevamos muchos a\u00f1os en el sector de las reservas de viajes de negocios, por lo que contamos con la experiencia necesaria para garantizar que su viaje de negocios se desarrolle sin contratiempos. No s\u00f3lo le ayudamos con sus reservas de viajes. Tambi\u00e9n estamos a su disposici\u00f3n en cualquier momento del viaje. As\u00ed que no dude en ponerse en contacto con nosotros por tel\u00e9fono o correo electr\u00f3nico si de repente se enfrenta a retos inesperados.<\/p>\n<p>En todos los viajes de negocios que reserve con nosotros y no con otros proveedores de viajes, siempre podr\u00e1 confiar en un coste m\u00ednimo para un rendimiento m\u00e1ximo. Porque tenemos acceso a tarifas especiales de operadores tur\u00edsticos. Con ellos podemos ofrecerle precios en clase Business o incluso en primera clase que no encontrar\u00e1 en ning\u00fan motor de b\u00fasqueda o reserva ni directamente en las p\u00e1ginas web de las compa\u00f1\u00edas a\u00e9reas.<\/p>\n<p>[\/et_pb_text][et_pb_text admin_label=\u00bbDiscover Beatuty Sub Title\u00bb _builder_version=\u00bb4.16&#8243; text_font=\u00bbOpen Sans||||||||\u00bb text_text_color=\u00bb#1a1a1a\u00bb text_font_size=\u00bb20px\u00bb text_line_height=\u00bb1.4em\u00bb custom_margin=\u00bb0px||||false|false\u00bb custom_padding=\u00bb0px||||false|false\u00bb animation_style=\u00bbslide\u00bb animation_direction=\u00bbtop\u00bb animation_delay=\u00bb100ms\u00bb animation_intensity_slide=\u00bb10%\u00bb global_colors_info=\u00bb{}\u00bb]<\/p>\n<p><em>Socios colaboradores: <a href=\"https:\/\/schierke.com\/\" target=\"_blank\" rel=\"noopener\">Schierke Artists<\/a>, <a href=\"https:\/\/marionwalterproduction.com\/\" target=\"_blank\" rel=\"noopener\">Marion Walter<\/a><a href=\"https:\/\/www.wondercast.de\/\" target=\"_blank\" rel=\"noopener\">, agencia Wondercast<\/a> y <a href=\"https:\/\/www.speedball-productions.com\/\" target=\"_blank\" rel=\"noopener\">Speedball Production<\/a>.<\/em><\/p>\n<p>[\/et_pb_text][\/et_pb_column][\/et_pb_row][et_pb_row column_structure=\u00bb1_2,1_2&#8243; _builder_version=\u00bb4.16&#8243; custom_margin=\u00bb||0px||false|false\u00bb custom_padding=\u00bb||0px||false|false\u00bb global_colors_info=\u00bb{}\u00bb][et_pb_column type=\u00bb1_2&#8243; _builder_version=\u00bb4.16&#8243; custom_padding=\u00bb|||\u00bb global_colors_info=\u00bb{}\u00bb custom_padding__hover=\u00bb|||\u00bb][et_pb_image src=\u00bbhttp:\/\/shangrila24.de\/wp-content\/uploads\/2021\/11\/Business-Reisen-Shangrila-Reisebuero-hamburg-3-min-1024&#215;576-2-e1638197691219.jpeg\u00bb alt=\u00bbAtravesar Nueva York a vista de p\u00e1jaro &#8211; Reiseb\u00fcro Hamburg Empfehlung\u00bb title_text=\u00bbBusiness-Travel-Shangrila-Travel-Bureau-hamburg-3-min-1024&#215;576&#8243; show_bottom_space=\u00bboff\u00bb _builder_version=\u00bb4.27.4&#8243; _module_preset=\u00bbdefault\u00bb global_colors_info=\u00bb{}\u00bb][\/et_pb_image][et_pb_text _builder_version=\u00bb4.16&#8243; _module_preset=\u00bbdefault\u00bb custom_margin=\u00bb0px||||false|false\u00bb custom_padding=\u00bb0px||||false|false\u00bb global_colors_info=\u00bb{}\u00bb]<\/p>\n<p>Nueva York<\/p>\n<p>[\/et_pb_text][\/et_pb_column][et_pb_column type=\u00bb1_2&#8243; _builder_version=\u00bb4.16&#8243; custom_padding=\u00bb|||\u00bb global_colors_info=\u00bb{}\u00bb custom_padding__hover=\u00bb|||\u00bb][et_pb_image src=\u00bbhttp:\/\/shangrila24.de\/wp-content\/uploads\/2021\/11\/Business-Reisen-Shangrila-Reisebuero-hamburg-2-min-683&#215;1024-2-e1638197835812.jpeg\u00bb alt=\u00bbColorida casa sinuosa en Amsterdam &#8211; Reiseb\u00fcro Hamburg Empfehlung\u00bb title_text=\u00bbBusiness-Travel-Shangrila-Travel-Bureau-hamburg-2-min-683&#215;1024&#8243; show_bottom_space=\u00bboff\u00bb _builder_version=\u00bb4.27.4&#8243; _module_preset=\u00bbdefault\u00bb global_colors_info=\u00bb{}\u00bb][\/et_pb_image][et_pb_text _builder_version=\u00bb4.16&#8243; _module_preset=\u00bbdefault\u00bb global_colors_info=\u00bb{}\u00bb]<\/p>\n<p>\u00c1msterdam<\/p>\n<p>[\/et_pb_text][\/et_pb_column][\/et_pb_row][\/et_pb_section]<\/p>\n","protected":false},"excerpt":{"rendered":"<p>Simon Puschmann\u00bfUn viaje de negocios sin estr\u00e9s? No hay problema.Planificamos y reservamos su viaje de negocios de la A a la Z para que pueda relajarse y concentrarse en el \u00e9xito de su empresa. Llevamos casi 20 a\u00f1os ayudando a los viajeros de negocios. Principalmente reservamos alojamiento, vuelos y servicios adicionales para viajes de producci\u00f3n. [&hellip;]<\/p>\n","protected":false},"author":1,"featured_media":0,"parent":0,"menu_order":0,"comment_status":"closed","ping_status":"closed","template":"","meta":{"_et_pb_use_builder":"on","_et_pb_old_content":"","_et_gb_content_width":"","footnotes":""},"class_list":["post-1008","page","type-page","status-publish","hentry"],"yoast_head":"<!-- This site is optimized with the Yoast SEO plugin v27.4 - https:\/\/yoast.com\/product\/yoast-seo-wordpress\/ -->\n<title>Viajes de negocios - Shangri La<\/title>\n<meta name=\"description\" content=\"Planificaci\u00f3n y reserva profesionales de tus viajes de negocios. Conc\u00e9ntrate en tu negocio, nosotros nos ocupamos del resto.\" \/>\n<meta name=\"robots\" content=\"index, follow, max-snippet:-1, max-image-preview:large, max-video-preview:-1\" \/>\n<link rel=\"canonical\" href=\"https:\/\/shangrila24.de\/es\/viajes-de-negocios\/\" \/>\n<meta property=\"og:locale\" content=\"es_ES\" \/>\n<meta property=\"og:type\" content=\"article\" \/>\n<meta property=\"og:title\" content=\"Viajes de negocios - Shangri La\" \/>\n<meta property=\"og:description\" content=\"Planificaci\u00f3n y reserva profesionales de tus viajes de negocios. Conc\u00e9ntrate en tu negocio, nosotros nos ocupamos del resto.\" \/>\n<meta property=\"og:url\" content=\"https:\/\/shangrila24.de\/es\/viajes-de-negocios\/\" \/>\n<meta property=\"og:site_name\" content=\"Shangri La\" \/>\n<meta property=\"article:modified_time\" content=\"2025-06-27T09:55:21+00:00\" \/>\n<meta name=\"twitter:card\" content=\"summary_large_image\" \/>\n<meta name=\"twitter:label1\" content=\"Tiempo de lectura\" \/>\n\t<meta name=\"twitter:data1\" content=\"5 minutos\" \/>\n<script type=\"application\/ld+json\" class=\"yoast-schema-graph\">{\"@context\":\"https:\\\/\\\/schema.org\",\"@graph\":[{\"@type\":\"WebPage\",\"@id\":\"https:\\\/\\\/shangrila24.de\\\/es\\\/viajes-de-negocios\\\/\",\"url\":\"https:\\\/\\\/shangrila24.de\\\/es\\\/viajes-de-negocios\\\/\",\"name\":\"Viajes de negocios - Shangri La\",\"isPartOf\":{\"@id\":\"https:\\\/\\\/shangrila24.de\\\/es\\\/#website\"},\"datePublished\":\"2021-11-29T14:50:44+00:00\",\"dateModified\":\"2025-06-27T09:55:21+00:00\",\"description\":\"Planificaci\u00f3n y reserva profesionales de tus viajes de negocios. Conc\u00e9ntrate en tu negocio, nosotros nos ocupamos del resto.\",\"breadcrumb\":{\"@id\":\"https:\\\/\\\/shangrila24.de\\\/es\\\/viajes-de-negocios\\\/#breadcrumb\"},\"inLanguage\":\"es\",\"potentialAction\":[{\"@type\":\"ReadAction\",\"target\":[\"https:\\\/\\\/shangrila24.de\\\/es\\\/viajes-de-negocios\\\/\"]}]},{\"@type\":\"BreadcrumbList\",\"@id\":\"https:\\\/\\\/shangrila24.de\\\/es\\\/viajes-de-negocios\\\/#breadcrumb\",\"itemListElement\":[{\"@type\":\"ListItem\",\"position\":1,\"name\":\"Startseite\",\"item\":\"https:\\\/\\\/shangrila24.de\\\/es\\\/\"},{\"@type\":\"ListItem\",\"position\":2,\"name\":\"Viajes de negocios\"}]},{\"@type\":\"WebSite\",\"@id\":\"https:\\\/\\\/shangrila24.de\\\/es\\\/#website\",\"url\":\"https:\\\/\\\/shangrila24.de\\\/es\\\/\",\"name\":\"Shangrila24\",\"description\":\"Reiseb\u00fcro Hamburg Eppendorf\",\"publisher\":{\"@id\":\"https:\\\/\\\/shangrila24.de\\\/es\\\/#organization\"},\"potentialAction\":[{\"@type\":\"SearchAction\",\"target\":{\"@type\":\"EntryPoint\",\"urlTemplate\":\"https:\\\/\\\/shangrila24.de\\\/es\\\/?s={search_term_string}\"},\"query-input\":{\"@type\":\"PropertyValueSpecification\",\"valueRequired\":true,\"valueName\":\"search_term_string\"}}],\"inLanguage\":\"es\"},{\"@type\":\"Organization\",\"@id\":\"https:\\\/\\\/shangrila24.de\\\/es\\\/#organization\",\"name\":\"Shangri La Reiseb\u00fcro\",\"url\":\"https:\\\/\\\/shangrila24.de\\\/es\\\/\",\"logo\":{\"@type\":\"ImageObject\",\"inLanguage\":\"es\",\"@id\":\"https:\\\/\\\/shangrila24.de\\\/es\\\/#\\\/schema\\\/logo\\\/image\\\/\",\"url\":\"https:\\\/\\\/shangrila24.de\\\/wp-content\\\/uploads\\\/2021\\\/11\\\/Shangrila-Reisebuero-Eppendorf-min.jpeg\",\"contentUrl\":\"https:\\\/\\\/shangrila24.de\\\/wp-content\\\/uploads\\\/2021\\\/11\\\/Shangrila-Reisebuero-Eppendorf-min.jpeg\",\"width\":724,\"height\":779,\"caption\":\"Shangri La Reiseb\u00fcro\"},\"image\":{\"@id\":\"https:\\\/\\\/shangrila24.de\\\/es\\\/#\\\/schema\\\/logo\\\/image\\\/\"},\"sameAs\":[\"https:\\\/\\\/www.instagram.com\\\/shangrila24.de\\\/\"]}]}<\/script>\n<!-- \/ Yoast SEO plugin. -->","yoast_head_json":{"title":"Viajes de negocios - Shangri La","description":"Planificaci\u00f3n y reserva profesionales de tus viajes de negocios. Conc\u00e9ntrate en tu negocio, nosotros nos ocupamos del resto.","robots":{"index":"index","follow":"follow","max-snippet":"max-snippet:-1","max-image-preview":"max-image-preview:large","max-video-preview":"max-video-preview:-1"},"canonical":"https:\/\/shangrila24.de\/es\/viajes-de-negocios\/","og_locale":"es_ES","og_type":"article","og_title":"Viajes de negocios - Shangri La","og_description":"Planificaci\u00f3n y reserva profesionales de tus viajes de negocios. Conc\u00e9ntrate en tu negocio, nosotros nos ocupamos del resto.","og_url":"https:\/\/shangrila24.de\/es\/viajes-de-negocios\/","og_site_name":"Shangri La","article_modified_time":"2025-06-27T09:55:21+00:00","twitter_card":"summary_large_image","twitter_misc":{"Tiempo de lectura":"5 minutos"},"schema":{"@context":"https:\/\/schema.org","@graph":[{"@type":"WebPage","@id":"https:\/\/shangrila24.de\/es\/viajes-de-negocios\/","url":"https:\/\/shangrila24.de\/es\/viajes-de-negocios\/","name":"Viajes de negocios - Shangri La","isPartOf":{"@id":"https:\/\/shangrila24.de\/es\/#website"},"datePublished":"2021-11-29T14:50:44+00:00","dateModified":"2025-06-27T09:55:21+00:00","description":"Planificaci\u00f3n y reserva profesionales de tus viajes de negocios. Conc\u00e9ntrate en tu negocio, nosotros nos ocupamos del resto.","breadcrumb":{"@id":"https:\/\/shangrila24.de\/es\/viajes-de-negocios\/#breadcrumb"},"inLanguage":"es","potentialAction":[{"@type":"ReadAction","target":["https:\/\/shangrila24.de\/es\/viajes-de-negocios\/"]}]},{"@type":"BreadcrumbList","@id":"https:\/\/shangrila24.de\/es\/viajes-de-negocios\/#breadcrumb","itemListElement":[{"@type":"ListItem","position":1,"name":"Startseite","item":"https:\/\/shangrila24.de\/es\/"},{"@type":"ListItem","position":2,"name":"Viajes de negocios"}]},{"@type":"WebSite","@id":"https:\/\/shangrila24.de\/es\/#website","url":"https:\/\/shangrila24.de\/es\/","name":"Shangrila24","description":"Reiseb\u00fcro Hamburg Eppendorf","publisher":{"@id":"https:\/\/shangrila24.de\/es\/#organization"},"potentialAction":[{"@type":"SearchAction","target":{"@type":"EntryPoint","urlTemplate":"https:\/\/shangrila24.de\/es\/?s={search_term_string}"},"query-input":{"@type":"PropertyValueSpecification","valueRequired":true,"valueName":"search_term_string"}}],"inLanguage":"es"},{"@type":"Organization","@id":"https:\/\/shangrila24.de\/es\/#organization","name":"Shangri La Reiseb\u00fcro","url":"https:\/\/shangrila24.de\/es\/","logo":{"@type":"ImageObject","inLanguage":"es","@id":"https:\/\/shangrila24.de\/es\/#\/schema\/logo\/image\/","url":"https:\/\/shangrila24.de\/wp-content\/uploads\/2021\/11\/Shangrila-Reisebuero-Eppendorf-min.jpeg","contentUrl":"https:\/\/shangrila24.de\/wp-content\/uploads\/2021\/11\/Shangrila-Reisebuero-Eppendorf-min.jpeg","width":724,"height":779,"caption":"Shangri La Reiseb\u00fcro"},"image":{"@id":"https:\/\/shangrila24.de\/es\/#\/schema\/logo\/image\/"},"sameAs":["https:\/\/www.instagram.com\/shangrila24.de\/"]}]}},"_links":{"self":[{"href":"https:\/\/shangrila24.de\/es\/wp-json\/wp\/v2\/pages\/1008","targetHints":{"allow":["GET"]}}],"collection":[{"href":"https:\/\/shangrila24.de\/es\/wp-json\/wp\/v2\/pages"}],"about":[{"href":"https:\/\/shangrila24.de\/es\/wp-json\/wp\/v2\/types\/page"}],"author":[{"embeddable":true,"href":"https:\/\/shangrila24.de\/es\/wp-json\/wp\/v2\/users\/1"}],"replies":[{"embeddable":true,"href":"https:\/\/shangrila24.de\/es\/wp-json\/wp\/v2\/comments?post=1008"}],"version-history":[{"count":21,"href":"https:\/\/shangrila24.de\/es\/wp-json\/wp\/v2\/pages\/1008\/revisions"}],"predecessor-version":[{"id":3929,"href":"https:\/\/shangrila24.de\/es\/wp-json\/wp\/v2\/pages\/1008\/revisions\/3929"}],"wp:attachment":[{"href":"https:\/\/shangrila24.de\/es\/wp-json\/wp\/v2\/media?parent=1008"}],"curies":[{"name":"wp","href":"https:\/\/api.w.org\/{rel}","templated":true}]}}