{"id":1027,"date":"2021-11-29T18:11:12","date_gmt":"2021-11-29T18:11:12","guid":{"rendered":"https:\/\/shangrila24.de\/estonia-un-destino-hermoso-y-subestimado\/"},"modified":"2024-01-10T10:46:00","modified_gmt":"2024-01-10T10:46:00","slug":"estonia-un-destino-hermoso-y-subestimado","status":"publish","type":"page","link":"https:\/\/shangrila24.de\/es\/estonia-un-destino-hermoso-y-subestimado\/","title":{"rendered":"Estonia, un destino hermoso y subestimado"},"content":{"rendered":"<p>[et_pb_section fb_built=\u00bb1&#8243; custom_padding_last_edited=\u00bbon|desktop\u00bb _builder_version=\u00bb4.14.1&#8243; custom_padding=\u00bb50px||80px||false|false\u00bb custom_padding_tablet=\u00bb50px||80px||false|false\u00bb custom_padding_phone=\u00bb0px||30px||false|false\u00bb global_colors_info=\u00bb{}\u00bb][et_pb_row _builder_version=\u00bb4.14.1&#8243; custom_margin=\u00bb||0px||false|false\u00bb custom_padding=\u00bb||0px||false|false\u00bb global_colors_info=\u00bb{}\u00bb][et_pb_column type=\u00bb4_4&#8243; _builder_version=\u00bb3.25&#8243; custom_padding=\u00bb|||\u00bb global_colors_info=\u00bb{}\u00bb custom_padding__hover=\u00bb|||\u00bb][et_pb_text admin_label=\u00bbDiscover Beatuty Sub Title\u00bb _builder_version=\u00bb4.14.1&#8243; text_font=\u00bbOpen Sans||||||||\u00bb text_text_color=\u00bb#1a1a1a\u00bb text_font_size=\u00bb20px\u00bb text_line_height=\u00bb1.4em\u00bb animation_style=\u00bbslide\u00bb animation_direction=\u00bbtop\u00bb animation_delay=\u00bb100ms\u00bb animation_intensity_slide=\u00bb10%\u00bb global_colors_info=\u00bb{}\u00bb]<em>Tartu, Estonia<\/em>[\/et_pb_text][et_pb_text admin_label=\u00bbDiscover Beatuty Title\u00bb _builder_version=\u00bb4.14.1&#8243; text_font=\u00bb||||\u00bb text_text_color=\u00bb#1a1a1a\u00bb header_font=\u00bb|800||on|||||\u00bb header_text_align=\u00bbleft\u00bb header_font_size=\u00bb52px\u00bb header_line_height=\u00bb1.1em\u00bb animation_style=\u00bbslide\u00bb animation_direction=\u00bb%22fade_in%22&#8243; animation_duration=\u00bb500ms\u00bb animation_intensity_slide=\u00bb10%\u00bb global_colors_info=\u00bb{}\u00bb]<\/p>\n<h1>Estonia, un destino hermoso y subestimado<\/h1>\n<p>[\/et_pb_text][et_pb_divider divider_position=\u00bbcenter\u00bb divider_weight=\u00bb3px\u00bb disabled_on=\u00bboff|off|off\u00bb _builder_version=\u00bb4.14.1&#8243; max_width=\u00bb150px\u00bb height=\u00bbfalse\u00bb animation_style=\u00bbslide\u00bb animation_direction=\u00bbtop\u00bb animation_delay=\u00bb200ms\u00bb animation_intensity_slide=\u00bb10%\u00bb global_colors_info=\u00bb{}\u00bb][\/et_pb_divider][et_pb_text disabled_on=\u00bboff|off|off%22%22&#8243; admin_label=\u00bbDiscover Beatuty Text\u00bb _builder_version=\u00bb4.14.1&#8243; text_font=\u00bbOpen Sans||||||||\u00bb text_font_size=\u00bb16px\u00bb text_line_height=\u00bb1.9em\u00bb custom_padding=\u00bb0px||||false|false\u00bb animation_style=\u00bbslide\u00bb animation_direction=\u00bbtop\u00bb animation_delay=\u00bb300ms\u00bb animation_intensity_slide=\u00bb10%\u00bb hover_enabled=\u00bb0&#8243; global_colors_info=\u00bb{}\u00bb sticky_enabled=\u00bb0&#8243;]<\/p>\n<p>Rodeada por su gran vecina Rusia, su hermano b\u00e1ltico Letonia y el mar B\u00e1ltico, la prometedora Estonia es un lugar manejable y tranquilo. Estonia ejerce una atracci\u00f3n especial sobre sus visitantes en cualquier \u00e9poca del a\u00f1o. Tanto en verano, con sus largos d\u00edas y sus cortas noches, como en el tranquilo y m\u00e1gico invierno, Estonia conmueve los sentidos y logra el gran equilibrio entre naturaleza, historia y modernidad.<\/p>\n<p>El Hotel Antonius**** est\u00e1 situado en un edificio hist\u00f3rico protegido que data de 1811, en el centro del casco antiguo de Tartu. Se inaugur\u00f3 en febrero de 2009.<br \/>El hotel de cuatro plantas dispone de 16 habitaciones, que se dividen en 6 suites, 3 habitaciones dobles de lujo, 6 habitaciones dobles superiores y una habitaci\u00f3n individual. Cada habitaci\u00f3n est\u00e1 equipada con televisi\u00f3n, tel\u00e9fono, aire acondicionado, minibar, caja fuerte, acceso a Internet, secador de pelo, cuarto de ba\u00f1o con ducha o ba\u00f1era. Por supuesto, tambi\u00e9n dispone de servicio de habitaciones. Adem\u00e1s del restaurante Lumiere, el hotel cuenta con su propio bar.<\/p>\n<p>El edificio mejor conservado de Estonia, que data de 1905, es a\u00fan m\u00e1s antiguo y elegante: el Hotel y Restaurante Villa Ammende. Tras su apertura al p\u00fablico en 1999, Villa Ammende se ha convertido en uno de los monumentos m\u00e1s populares de P\u00e4rnu, y puede admirarse no s\u00f3lo desde el exterior. Hoy en d\u00eda, el hotel y el restaurante gozan de una reputaci\u00f3n mundial y hacen las delicias de hu\u00e9spedes de todo el mundo.<\/p>\n<p>[\/et_pb_text][\/et_pb_column][\/et_pb_row][\/et_pb_section][et_pb_section fb_built=\u00bb1&#8243; _builder_version=\u00bb4.14.1&#8243; _module_preset=\u00bbdefault\u00bb global_colors_info=\u00bb{}\u00bb][et_pb_row _builder_version=\u00bb4.14.1&#8243; _module_preset=\u00bbdefault\u00bb global_colors_info=\u00bb{}\u00bb][et_pb_column type=\u00bb4_4&#8243; _builder_version=\u00bb4.14.1&#8243; _module_preset=\u00bbdefault\u00bb global_colors_info=\u00bb{}\u00bb][et_pb_gallery show_title_and_caption=\u00bboff\u00bb _builder_version=\u00bb4.14.1&#8243; _module_preset=\u00bbdefault\u00bb global_colors_info=\u00bb{}\u00bb][\/et_pb_gallery][\/et_pb_column][\/et_pb_row][\/et_pb_section]<\/p>\n","protected":false},"excerpt":{"rendered":"<p>Tartu, EstoniaEstonia, un destino hermoso y subestimadoRodeada por su gran vecina Rusia, su hermano b\u00e1ltico Letonia y el mar B\u00e1ltico, la prometedora Estonia es un lugar manejable y tranquilo. Estonia ejerce una atracci\u00f3n especial sobre sus visitantes en cualquier \u00e9poca del a\u00f1o. Tanto en verano, con sus largos d\u00edas y sus cortas noches, como en [&hellip;]<\/p>\n","protected":false},"author":1,"featured_media":0,"parent":0,"menu_order":0,"comment_status":"closed","ping_status":"closed","template":"","meta":{"_et_pb_use_builder":"on","_et_pb_old_content":"","_et_gb_content_width":"","footnotes":""},"class_list":["post-1027","page","type-page","status-publish","hentry"],"yoast_head":"<!-- This site is optimized with the Yoast SEO plugin v27.3 - https:\/\/yoast.com\/product\/yoast-seo-wordpress\/ -->\n<title>Estonia, un destino hermoso y subestimado - Shangri La<\/title>\n<meta name=\"robots\" content=\"index, follow, max-snippet:-1, max-image-preview:large, max-video-preview:-1\" \/>\n<link rel=\"canonical\" href=\"https:\/\/shangrila24.de\/es\/estonia-un-destino-hermoso-y-subestimado\/\" \/>\n<meta property=\"og:locale\" content=\"es_ES\" \/>\n<meta property=\"og:type\" content=\"article\" \/>\n<meta property=\"og:title\" content=\"Estonia, un destino hermoso y subestimado - Shangri La\" \/>\n<meta property=\"og:description\" content=\"Tartu, EstoniaEstonia, un destino hermoso y subestimadoRodeada por su gran vecina Rusia, su hermano b\u00e1ltico Letonia y el mar B\u00e1ltico, la prometedora Estonia es un lugar manejable y tranquilo. Estonia ejerce una atracci\u00f3n especial sobre sus visitantes en cualquier \u00e9poca del a\u00f1o. Tanto en verano, con sus largos d\u00edas y sus cortas noches, como en [&hellip;]\" \/>\n<meta property=\"og:url\" content=\"https:\/\/shangrila24.de\/es\/estonia-un-destino-hermoso-y-subestimado\/\" \/>\n<meta property=\"og:site_name\" content=\"Shangri La\" \/>\n<meta property=\"article:modified_time\" content=\"2024-01-10T10:46:00+00:00\" \/>\n<meta name=\"twitter:card\" content=\"summary_large_image\" \/>\n<meta name=\"twitter:label1\" content=\"Tiempo de lectura\" \/>\n\t<meta name=\"twitter:data1\" content=\"3 minutos\" \/>\n<script type=\"application\/ld+json\" class=\"yoast-schema-graph\">{\"@context\":\"https:\\\/\\\/schema.org\",\"@graph\":[{\"@type\":\"WebPage\",\"@id\":\"https:\\\/\\\/shangrila24.de\\\/es\\\/estonia-un-destino-hermoso-y-subestimado\\\/\",\"url\":\"https:\\\/\\\/shangrila24.de\\\/es\\\/estonia-un-destino-hermoso-y-subestimado\\\/\",\"name\":\"Estonia, un destino hermoso y subestimado - Shangri La\",\"isPartOf\":{\"@id\":\"https:\\\/\\\/shangrila24.de\\\/es\\\/#website\"},\"datePublished\":\"2021-11-29T18:11:12+00:00\",\"dateModified\":\"2024-01-10T10:46:00+00:00\",\"breadcrumb\":{\"@id\":\"https:\\\/\\\/shangrila24.de\\\/es\\\/estonia-un-destino-hermoso-y-subestimado\\\/#breadcrumb\"},\"inLanguage\":\"es\",\"potentialAction\":[{\"@type\":\"ReadAction\",\"target\":[\"https:\\\/\\\/shangrila24.de\\\/es\\\/estonia-un-destino-hermoso-y-subestimado\\\/\"]}]},{\"@type\":\"BreadcrumbList\",\"@id\":\"https:\\\/\\\/shangrila24.de\\\/es\\\/estonia-un-destino-hermoso-y-subestimado\\\/#breadcrumb\",\"itemListElement\":[{\"@type\":\"ListItem\",\"position\":1,\"name\":\"Startseite\",\"item\":\"https:\\\/\\\/shangrila24.de\\\/es\\\/\"},{\"@type\":\"ListItem\",\"position\":2,\"name\":\"Estonia, un destino hermoso y subestimado\"}]},{\"@type\":\"WebSite\",\"@id\":\"https:\\\/\\\/shangrila24.de\\\/es\\\/#website\",\"url\":\"https:\\\/\\\/shangrila24.de\\\/es\\\/\",\"name\":\"Shangrila24\",\"description\":\"Reiseb\u00fcro Hamburg Eppendorf\",\"publisher\":{\"@id\":\"https:\\\/\\\/shangrila24.de\\\/es\\\/#organization\"},\"potentialAction\":[{\"@type\":\"SearchAction\",\"target\":{\"@type\":\"EntryPoint\",\"urlTemplate\":\"https:\\\/\\\/shangrila24.de\\\/es\\\/?s={search_term_string}\"},\"query-input\":{\"@type\":\"PropertyValueSpecification\",\"valueRequired\":true,\"valueName\":\"search_term_string\"}}],\"inLanguage\":\"es\"},{\"@type\":\"Organization\",\"@id\":\"https:\\\/\\\/shangrila24.de\\\/es\\\/#organization\",\"name\":\"Shangri La Reiseb\u00fcro\",\"url\":\"https:\\\/\\\/shangrila24.de\\\/es\\\/\",\"logo\":{\"@type\":\"ImageObject\",\"inLanguage\":\"es\",\"@id\":\"https:\\\/\\\/shangrila24.de\\\/es\\\/#\\\/schema\\\/logo\\\/image\\\/\",\"url\":\"https:\\\/\\\/shangrila24.de\\\/wp-content\\\/uploads\\\/2021\\\/11\\\/Shangrila-Reisebuero-Eppendorf-min.jpeg\",\"contentUrl\":\"https:\\\/\\\/shangrila24.de\\\/wp-content\\\/uploads\\\/2021\\\/11\\\/Shangrila-Reisebuero-Eppendorf-min.jpeg\",\"width\":724,\"height\":779,\"caption\":\"Shangri La Reiseb\u00fcro\"},\"image\":{\"@id\":\"https:\\\/\\\/shangrila24.de\\\/es\\\/#\\\/schema\\\/logo\\\/image\\\/\"},\"sameAs\":[\"https:\\\/\\\/www.instagram.com\\\/shangrila24.de\\\/\"]}]}<\/script>\n<!-- \/ Yoast SEO plugin. -->","yoast_head_json":{"title":"Estonia, un destino hermoso y subestimado - Shangri La","robots":{"index":"index","follow":"follow","max-snippet":"max-snippet:-1","max-image-preview":"max-image-preview:large","max-video-preview":"max-video-preview:-1"},"canonical":"https:\/\/shangrila24.de\/es\/estonia-un-destino-hermoso-y-subestimado\/","og_locale":"es_ES","og_type":"article","og_title":"Estonia, un destino hermoso y subestimado - Shangri La","og_description":"Tartu, EstoniaEstonia, un destino hermoso y subestimadoRodeada por su gran vecina Rusia, su hermano b\u00e1ltico Letonia y el mar B\u00e1ltico, la prometedora Estonia es un lugar manejable y tranquilo. Estonia ejerce una atracci\u00f3n especial sobre sus visitantes en cualquier \u00e9poca del a\u00f1o. Tanto en verano, con sus largos d\u00edas y sus cortas noches, como en [&hellip;]","og_url":"https:\/\/shangrila24.de\/es\/estonia-un-destino-hermoso-y-subestimado\/","og_site_name":"Shangri La","article_modified_time":"2024-01-10T10:46:00+00:00","twitter_card":"summary_large_image","twitter_misc":{"Tiempo de lectura":"3 minutos"},"schema":{"@context":"https:\/\/schema.org","@graph":[{"@type":"WebPage","@id":"https:\/\/shangrila24.de\/es\/estonia-un-destino-hermoso-y-subestimado\/","url":"https:\/\/shangrila24.de\/es\/estonia-un-destino-hermoso-y-subestimado\/","name":"Estonia, un destino hermoso y subestimado - Shangri La","isPartOf":{"@id":"https:\/\/shangrila24.de\/es\/#website"},"datePublished":"2021-11-29T18:11:12+00:00","dateModified":"2024-01-10T10:46:00+00:00","breadcrumb":{"@id":"https:\/\/shangrila24.de\/es\/estonia-un-destino-hermoso-y-subestimado\/#breadcrumb"},"inLanguage":"es","potentialAction":[{"@type":"ReadAction","target":["https:\/\/shangrila24.de\/es\/estonia-un-destino-hermoso-y-subestimado\/"]}]},{"@type":"BreadcrumbList","@id":"https:\/\/shangrila24.de\/es\/estonia-un-destino-hermoso-y-subestimado\/#breadcrumb","itemListElement":[{"@type":"ListItem","position":1,"name":"Startseite","item":"https:\/\/shangrila24.de\/es\/"},{"@type":"ListItem","position":2,"name":"Estonia, un destino hermoso y subestimado"}]},{"@type":"WebSite","@id":"https:\/\/shangrila24.de\/es\/#website","url":"https:\/\/shangrila24.de\/es\/","name":"Shangrila24","description":"Reiseb\u00fcro Hamburg Eppendorf","publisher":{"@id":"https:\/\/shangrila24.de\/es\/#organization"},"potentialAction":[{"@type":"SearchAction","target":{"@type":"EntryPoint","urlTemplate":"https:\/\/shangrila24.de\/es\/?s={search_term_string}"},"query-input":{"@type":"PropertyValueSpecification","valueRequired":true,"valueName":"search_term_string"}}],"inLanguage":"es"},{"@type":"Organization","@id":"https:\/\/shangrila24.de\/es\/#organization","name":"Shangri La Reiseb\u00fcro","url":"https:\/\/shangrila24.de\/es\/","logo":{"@type":"ImageObject","inLanguage":"es","@id":"https:\/\/shangrila24.de\/es\/#\/schema\/logo\/image\/","url":"https:\/\/shangrila24.de\/wp-content\/uploads\/2021\/11\/Shangrila-Reisebuero-Eppendorf-min.jpeg","contentUrl":"https:\/\/shangrila24.de\/wp-content\/uploads\/2021\/11\/Shangrila-Reisebuero-Eppendorf-min.jpeg","width":724,"height":779,"caption":"Shangri La Reiseb\u00fcro"},"image":{"@id":"https:\/\/shangrila24.de\/es\/#\/schema\/logo\/image\/"},"sameAs":["https:\/\/www.instagram.com\/shangrila24.de\/"]}]}},"jetpack-related-posts":[],"jetpack_sharing_enabled":true,"_links":{"self":[{"href":"https:\/\/shangrila24.de\/es\/wp-json\/wp\/v2\/pages\/1027","targetHints":{"allow":["GET"]}}],"collection":[{"href":"https:\/\/shangrila24.de\/es\/wp-json\/wp\/v2\/pages"}],"about":[{"href":"https:\/\/shangrila24.de\/es\/wp-json\/wp\/v2\/types\/page"}],"author":[{"embeddable":true,"href":"https:\/\/shangrila24.de\/es\/wp-json\/wp\/v2\/users\/1"}],"replies":[{"embeddable":true,"href":"https:\/\/shangrila24.de\/es\/wp-json\/wp\/v2\/comments?post=1027"}],"version-history":[{"count":2,"href":"https:\/\/shangrila24.de\/es\/wp-json\/wp\/v2\/pages\/1027\/revisions"}],"predecessor-version":[{"id":1043,"href":"https:\/\/shangrila24.de\/es\/wp-json\/wp\/v2\/pages\/1027\/revisions\/1043"}],"wp:attachment":[{"href":"https:\/\/shangrila24.de\/es\/wp-json\/wp\/v2\/media?parent=1027"}],"curies":[{"name":"wp","href":"https:\/\/api.w.org\/{rel}","templated":true}]}}