{"id":1049,"date":"2021-11-29T18:14:39","date_gmt":"2021-11-29T18:14:39","guid":{"rendered":"https:\/\/shangrila24.de\/el-havel-el-destino-turistico-con-casas-de-vacaciones-flotantes\/"},"modified":"2024-01-10T10:46:00","modified_gmt":"2024-01-10T10:46:00","slug":"el-havel-el-destino-turistico-con-casas-de-vacaciones-flotantes","status":"publish","type":"page","link":"https:\/\/shangrila24.de\/es\/el-havel-el-destino-turistico-con-casas-de-vacaciones-flotantes\/","title":{"rendered":"El Havel: el destino tur\u00edstico con casas de vacaciones flotantes"},"content":{"rendered":"<p>[et_pb_section fb_built=\u00bb1&#8243; custom_padding_last_edited=\u00bbon|desktop\u00bb _builder_version=\u00bb4.14.1&#8243; custom_padding=\u00bb50px||80px||false|false\u00bb custom_padding_tablet=\u00bb50px||80px||false|false\u00bb custom_padding_phone=\u00bb0px||30px||false|false\u00bb global_colors_info=\u00bb{}\u00bb][et_pb_row _builder_version=\u00bb4.14.1&#8243; custom_margin=\u00bb||0px||false|false\u00bb custom_padding=\u00bb||0px||false|false\u00bb global_colors_info=\u00bb{}\u00bb][et_pb_column type=\u00bb4_4&#8243; _builder_version=\u00bb3.25&#8243; custom_padding=\u00bb|||\u00bb global_colors_info=\u00bb{}\u00bb custom_padding__hover=\u00bb|||\u00bb][et_pb_text admin_label=\u00bbDiscover Beatuty Sub Title\u00bb _builder_version=\u00bb4.14.1&#8243; text_font=\u00bbOpen Sans||||||||\u00bb text_text_color=\u00bb#1a1a1a\u00bb text_font_size=\u00bb20px\u00bb text_line_height=\u00bb1.4em\u00bb animation_style=\u00bbslide\u00bb animation_direction=\u00bbtop\u00bb animation_delay=\u00bb100ms\u00bb animation_intensity_slide=\u00bb10%\u00bb global_colors_info=\u00bb{}\u00bb]<em>Havelland, Alemania<\/em>[\/et_pb_text][et_pb_text admin_label=\u00bbDiscover Beatuty Title\u00bb _builder_version=\u00bb4.14.1&#8243; text_font=\u00bb||||\u00bb text_text_color=\u00bb#1a1a1a\u00bb header_font=\u00bb|800||on|||||\u00bb header_text_align=\u00bbleft\u00bb header_font_size=\u00bb52px\u00bb header_line_height=\u00bb1.1em\u00bb animation_style=\u00bbslide\u00bb animation_direction=\u00bb%22fade_in%22&#8243; animation_duration=\u00bb500ms\u00bb animation_intensity_slide=\u00bb10%\u00bb global_colors_info=\u00bb{}\u00bb]<\/p>\n<h1>El Havel: el destino tur\u00edstico con casas de vacaciones flotantes<\/h1>\n<p>[\/et_pb_text][et_pb_divider divider_position=\u00bbcenter\u00bb divider_weight=\u00bb3px\u00bb disabled_on=\u00bboff|off|off\u00bb _builder_version=\u00bb4.14.1&#8243; max_width=\u00bb150px\u00bb height=\u00bbfalse\u00bb animation_style=\u00bbslide\u00bb animation_direction=\u00bbtop\u00bb animation_delay=\u00bb200ms\u00bb animation_intensity_slide=\u00bb10%\u00bb global_colors_info=\u00bb{}\u00bb][\/et_pb_divider][et_pb_text disabled_on=\u00bboff|off|off%22%22&#8243; admin_label=\u00bbDiscover Beatuty Text\u00bb _builder_version=\u00bb4.14.1&#8243; text_font=\u00bbOpen Sans||||||||\u00bb text_font_size=\u00bb16px\u00bb text_line_height=\u00bb1.9em\u00bb custom_padding=\u00bb0px||||false|false\u00bb animation_style=\u00bbslide\u00bb animation_direction=\u00bbtop\u00bb animation_delay=\u00bb300ms\u00bb animation_intensity_slide=\u00bb10%\u00bb hover_enabled=\u00bb0&#8243; global_colors_info=\u00bb{}\u00bb sticky_enabled=\u00bb0&#8243;]<\/p>\n<p>Aqu\u00ed es donde la comodidad se une a la aventura. Los llamados BunBose -abreviatura de barcos bungalow- ofrecen espacio para entre 4 y 6 personas. Incluso sin carn\u00e9 de conducir, puedes conducir un BunBo de este tipo in situ tras una breve sesi\u00f3n informativa. Explore Havelland, una de las zonas m\u00e1s bellas y diversas para practicar deportes acu\u00e1ticos, de esta forma extraordinaria. El Havel recorre casi 150 kil\u00f3metros desde el noroeste de Berl\u00edn hasta su desembocadura en el Elba, en Havelberg. Su curso se caracteriza por grandes cadenas de lagos, numerosos lazos fluviales e islas. Peque\u00f1os pueblos de ensue\u00f1o y un vasto paisaje de llanura son tambi\u00e9n t\u00edpicos de las tierras ribere\u00f1as. Por ejemplo, puede pasar la noche en uno de los muchos puertos peque\u00f1os, normalmente con un acogedor restaurante cerca. Tambi\u00e9n puede pasar la noche en una de las innumerables bah\u00edas tranquilas que encontrar\u00e1 a lo largo de su ruta.<\/p>\n<p>Los coloridos BunBos est\u00e1n totalmente equipados con todo lo que pueda desear, incluso una estufa de le\u00f1a. En la terraza cubierta hay espacio para toda la tripulaci\u00f3n y una chimenea ofrece la oportunidad de hacer rom\u00e1nticas hogueras por la noche. La cocina, el frigor\u00edfico y el sistema de agua caliente funcionan con gas, y la iluminaci\u00f3n, con bombillas de bajo consumo de 12 V. La bater\u00eda de 12 V se carga mediante el motor y una c\u00e9lula solar situada en el techo. Se puede extraer un m\u00e1ximo de 70 vatios del enchufe de 12 V. Un inversor gratuito tambi\u00e9n proporciona 220 V para cargar el m\u00f3vil o el port\u00e1til.<\/p>\n<p>El suministro de gasolina dura unas 40 horas de conducci\u00f3n. El dep\u00f3sito tiene una capacidad de 25 litros. Tambi\u00e9n hay dos bidones de repuesto de 20 litros a bordo. Por cierto, tambi\u00e9n es muy atractiva una excursi\u00f3n en invierno, que le dar\u00e1 una impresi\u00f3n completamente distinta de las zonas de Brandemburgo. En general, los BunBos est\u00e1n bien aislados y, con la estufa de le\u00f1a a bordo, experimentar\u00e1 el confort de una caba\u00f1a de monta\u00f1a, s\u00f3lo que en el agua.<\/p>\n<p>[\/et_pb_text][\/et_pb_column][\/et_pb_row][\/et_pb_section][et_pb_section fb_built=\u00bb1&#8243; _builder_version=\u00bb4.14.1&#8243; _module_preset=\u00bbdefault\u00bb global_colors_info=\u00bb{}\u00bb][et_pb_row _builder_version=\u00bb4.14.1&#8243; _module_preset=\u00bbdefault\u00bb global_colors_info=\u00bb{}\u00bb][et_pb_column type=\u00bb4_4&#8243; _builder_version=\u00bb4.14.1&#8243; _module_preset=\u00bbdefault\u00bb global_colors_info=\u00bb{}\u00bb][et_pb_gallery show_title_and_caption=\u00bboff\u00bb _builder_version=\u00bb4.14.1&#8243; _module_preset=\u00bbdefault\u00bb global_colors_info=\u00bb{}\u00bb][\/et_pb_gallery][\/et_pb_column][\/et_pb_row][\/et_pb_section]<\/p>\n","protected":false},"excerpt":{"rendered":"<p>Havelland, AlemaniaEl Havel: el destino tur\u00edstico con casas de vacaciones flotantesAqu\u00ed es donde la comodidad se une a la aventura. Los llamados BunBose -abreviatura de barcos bungalow- ofrecen espacio para entre 4 y 6 personas. Incluso sin carn\u00e9 de conducir, puedes conducir un BunBo de este tipo in situ tras una breve sesi\u00f3n informativa. Explore [&hellip;]<\/p>\n","protected":false},"author":1,"featured_media":0,"parent":0,"menu_order":0,"comment_status":"closed","ping_status":"closed","template":"","meta":{"_et_pb_use_builder":"on","_et_pb_old_content":"","_et_gb_content_width":"","footnotes":""},"class_list":["post-1049","page","type-page","status-publish","hentry"],"yoast_head":"<!-- This site is optimized with the Yoast SEO plugin v27.5 - https:\/\/yoast.com\/product\/yoast-seo-wordpress\/ -->\n<title>El Havel: el destino tur\u00edstico con casas de vacaciones flotantes - Shangri La<\/title>\n<meta name=\"robots\" content=\"index, follow, max-snippet:-1, max-image-preview:large, max-video-preview:-1\" \/>\n<link rel=\"canonical\" href=\"https:\/\/shangrila24.de\/es\/el-havel-el-destino-turistico-con-casas-de-vacaciones-flotantes\/\" \/>\n<meta property=\"og:locale\" content=\"es_ES\" \/>\n<meta property=\"og:type\" content=\"article\" \/>\n<meta property=\"og:title\" content=\"El Havel: el destino tur\u00edstico con casas de vacaciones flotantes - Shangri La\" \/>\n<meta property=\"og:description\" content=\"Havelland, AlemaniaEl Havel: el destino tur\u00edstico con casas de vacaciones flotantesAqu\u00ed es donde la comodidad se une a la aventura. Los llamados BunBose -abreviatura de barcos bungalow- ofrecen espacio para entre 4 y 6 personas. Incluso sin carn\u00e9 de conducir, puedes conducir un BunBo de este tipo in situ tras una breve sesi\u00f3n informativa. Explore [&hellip;]\" \/>\n<meta property=\"og:url\" content=\"https:\/\/shangrila24.de\/es\/el-havel-el-destino-turistico-con-casas-de-vacaciones-flotantes\/\" \/>\n<meta property=\"og:site_name\" content=\"Shangri La\" \/>\n<meta property=\"article:modified_time\" content=\"2024-01-10T10:46:00+00:00\" \/>\n<meta name=\"twitter:card\" content=\"summary_large_image\" \/>\n<meta name=\"twitter:label1\" content=\"Tiempo de lectura\" \/>\n\t<meta name=\"twitter:data1\" content=\"4 minutos\" \/>\n<script type=\"application\/ld+json\" class=\"yoast-schema-graph\">{\"@context\":\"https:\\\/\\\/schema.org\",\"@graph\":[{\"@type\":\"WebPage\",\"@id\":\"https:\\\/\\\/shangrila24.de\\\/es\\\/el-havel-el-destino-turistico-con-casas-de-vacaciones-flotantes\\\/\",\"url\":\"https:\\\/\\\/shangrila24.de\\\/es\\\/el-havel-el-destino-turistico-con-casas-de-vacaciones-flotantes\\\/\",\"name\":\"El Havel: el destino tur\u00edstico con casas de vacaciones flotantes - Shangri La\",\"isPartOf\":{\"@id\":\"https:\\\/\\\/www.shangrila24.de\\\/es\\\/#website\"},\"datePublished\":\"2021-11-29T18:14:39+00:00\",\"dateModified\":\"2024-01-10T10:46:00+00:00\",\"breadcrumb\":{\"@id\":\"https:\\\/\\\/shangrila24.de\\\/es\\\/el-havel-el-destino-turistico-con-casas-de-vacaciones-flotantes\\\/#breadcrumb\"},\"inLanguage\":\"es\",\"potentialAction\":[{\"@type\":\"ReadAction\",\"target\":[\"https:\\\/\\\/shangrila24.de\\\/es\\\/el-havel-el-destino-turistico-con-casas-de-vacaciones-flotantes\\\/\"]}]},{\"@type\":\"BreadcrumbList\",\"@id\":\"https:\\\/\\\/shangrila24.de\\\/es\\\/el-havel-el-destino-turistico-con-casas-de-vacaciones-flotantes\\\/#breadcrumb\",\"itemListElement\":[{\"@type\":\"ListItem\",\"position\":1,\"name\":\"Startseite\",\"item\":\"https:\\\/\\\/shangrila24.de\\\/es\\\/\"},{\"@type\":\"ListItem\",\"position\":2,\"name\":\"El Havel: el destino tur\u00edstico con casas de vacaciones flotantes\"}]},{\"@type\":\"WebSite\",\"@id\":\"https:\\\/\\\/www.shangrila24.de\\\/es\\\/#website\",\"url\":\"https:\\\/\\\/www.shangrila24.de\\\/es\\\/\",\"name\":\"Shangrila24\",\"description\":\"Reiseb\u00fcro Hamburg Eppendorf\",\"publisher\":{\"@id\":\"https:\\\/\\\/www.shangrila24.de\\\/es\\\/#organization\"},\"potentialAction\":[{\"@type\":\"SearchAction\",\"target\":{\"@type\":\"EntryPoint\",\"urlTemplate\":\"https:\\\/\\\/www.shangrila24.de\\\/es\\\/?s={search_term_string}\"},\"query-input\":{\"@type\":\"PropertyValueSpecification\",\"valueRequired\":true,\"valueName\":\"search_term_string\"}}],\"inLanguage\":\"es\"},{\"@type\":\"Organization\",\"@id\":\"https:\\\/\\\/www.shangrila24.de\\\/es\\\/#organization\",\"name\":\"Shangri La Reiseb\u00fcro\",\"url\":\"https:\\\/\\\/www.shangrila24.de\\\/es\\\/\",\"logo\":{\"@type\":\"ImageObject\",\"inLanguage\":\"es\",\"@id\":\"https:\\\/\\\/www.shangrila24.de\\\/es\\\/#\\\/schema\\\/logo\\\/image\\\/\",\"url\":\"https:\\\/\\\/shangrila24.de\\\/wp-content\\\/uploads\\\/2021\\\/11\\\/Shangrila-Reisebuero-Eppendorf-min.jpeg\",\"contentUrl\":\"https:\\\/\\\/shangrila24.de\\\/wp-content\\\/uploads\\\/2021\\\/11\\\/Shangrila-Reisebuero-Eppendorf-min.jpeg\",\"width\":724,\"height\":779,\"caption\":\"Shangri La Reiseb\u00fcro\"},\"image\":{\"@id\":\"https:\\\/\\\/www.shangrila24.de\\\/es\\\/#\\\/schema\\\/logo\\\/image\\\/\"},\"sameAs\":[\"https:\\\/\\\/www.instagram.com\\\/shangrila24.de\\\/\"]}]}<\/script>\n<!-- \/ Yoast SEO plugin. -->","yoast_head_json":{"title":"El Havel: el destino tur\u00edstico con casas de vacaciones flotantes - Shangri La","robots":{"index":"index","follow":"follow","max-snippet":"max-snippet:-1","max-image-preview":"max-image-preview:large","max-video-preview":"max-video-preview:-1"},"canonical":"https:\/\/shangrila24.de\/es\/el-havel-el-destino-turistico-con-casas-de-vacaciones-flotantes\/","og_locale":"es_ES","og_type":"article","og_title":"El Havel: el destino tur\u00edstico con casas de vacaciones flotantes - Shangri La","og_description":"Havelland, AlemaniaEl Havel: el destino tur\u00edstico con casas de vacaciones flotantesAqu\u00ed es donde la comodidad se une a la aventura. Los llamados BunBose -abreviatura de barcos bungalow- ofrecen espacio para entre 4 y 6 personas. Incluso sin carn\u00e9 de conducir, puedes conducir un BunBo de este tipo in situ tras una breve sesi\u00f3n informativa. Explore [&hellip;]","og_url":"https:\/\/shangrila24.de\/es\/el-havel-el-destino-turistico-con-casas-de-vacaciones-flotantes\/","og_site_name":"Shangri La","article_modified_time":"2024-01-10T10:46:00+00:00","twitter_card":"summary_large_image","twitter_misc":{"Tiempo de lectura":"4 minutos"},"schema":{"@context":"https:\/\/schema.org","@graph":[{"@type":"WebPage","@id":"https:\/\/shangrila24.de\/es\/el-havel-el-destino-turistico-con-casas-de-vacaciones-flotantes\/","url":"https:\/\/shangrila24.de\/es\/el-havel-el-destino-turistico-con-casas-de-vacaciones-flotantes\/","name":"El Havel: el destino tur\u00edstico con casas de vacaciones flotantes - Shangri La","isPartOf":{"@id":"https:\/\/www.shangrila24.de\/es\/#website"},"datePublished":"2021-11-29T18:14:39+00:00","dateModified":"2024-01-10T10:46:00+00:00","breadcrumb":{"@id":"https:\/\/shangrila24.de\/es\/el-havel-el-destino-turistico-con-casas-de-vacaciones-flotantes\/#breadcrumb"},"inLanguage":"es","potentialAction":[{"@type":"ReadAction","target":["https:\/\/shangrila24.de\/es\/el-havel-el-destino-turistico-con-casas-de-vacaciones-flotantes\/"]}]},{"@type":"BreadcrumbList","@id":"https:\/\/shangrila24.de\/es\/el-havel-el-destino-turistico-con-casas-de-vacaciones-flotantes\/#breadcrumb","itemListElement":[{"@type":"ListItem","position":1,"name":"Startseite","item":"https:\/\/shangrila24.de\/es\/"},{"@type":"ListItem","position":2,"name":"El Havel: el destino tur\u00edstico con casas de vacaciones flotantes"}]},{"@type":"WebSite","@id":"https:\/\/www.shangrila24.de\/es\/#website","url":"https:\/\/www.shangrila24.de\/es\/","name":"Shangrila24","description":"Reiseb\u00fcro Hamburg Eppendorf","publisher":{"@id":"https:\/\/www.shangrila24.de\/es\/#organization"},"potentialAction":[{"@type":"SearchAction","target":{"@type":"EntryPoint","urlTemplate":"https:\/\/www.shangrila24.de\/es\/?s={search_term_string}"},"query-input":{"@type":"PropertyValueSpecification","valueRequired":true,"valueName":"search_term_string"}}],"inLanguage":"es"},{"@type":"Organization","@id":"https:\/\/www.shangrila24.de\/es\/#organization","name":"Shangri La Reiseb\u00fcro","url":"https:\/\/www.shangrila24.de\/es\/","logo":{"@type":"ImageObject","inLanguage":"es","@id":"https:\/\/www.shangrila24.de\/es\/#\/schema\/logo\/image\/","url":"https:\/\/shangrila24.de\/wp-content\/uploads\/2021\/11\/Shangrila-Reisebuero-Eppendorf-min.jpeg","contentUrl":"https:\/\/shangrila24.de\/wp-content\/uploads\/2021\/11\/Shangrila-Reisebuero-Eppendorf-min.jpeg","width":724,"height":779,"caption":"Shangri La Reiseb\u00fcro"},"image":{"@id":"https:\/\/www.shangrila24.de\/es\/#\/schema\/logo\/image\/"},"sameAs":["https:\/\/www.instagram.com\/shangrila24.de\/"]}]}},"_links":{"self":[{"href":"https:\/\/shangrila24.de\/es\/wp-json\/wp\/v2\/pages\/1049","targetHints":{"allow":["GET"]}}],"collection":[{"href":"https:\/\/shangrila24.de\/es\/wp-json\/wp\/v2\/pages"}],"about":[{"href":"https:\/\/shangrila24.de\/es\/wp-json\/wp\/v2\/types\/page"}],"author":[{"embeddable":true,"href":"https:\/\/shangrila24.de\/es\/wp-json\/wp\/v2\/users\/1"}],"replies":[{"embeddable":true,"href":"https:\/\/shangrila24.de\/es\/wp-json\/wp\/v2\/comments?post=1049"}],"version-history":[{"count":2,"href":"https:\/\/shangrila24.de\/es\/wp-json\/wp\/v2\/pages\/1049\/revisions"}],"predecessor-version":[{"id":1067,"href":"https:\/\/shangrila24.de\/es\/wp-json\/wp\/v2\/pages\/1049\/revisions\/1067"}],"wp:attachment":[{"href":"https:\/\/shangrila24.de\/es\/wp-json\/wp\/v2\/media?parent=1049"}],"curies":[{"name":"wp","href":"https:\/\/api.w.org\/{rel}","templated":true}]}}