{"id":1093,"date":"2021-11-29T18:41:52","date_gmt":"2021-11-29T18:41:52","guid":{"rendered":"https:\/\/shangrila24.de\/conversas-de-alpendre-un-lugar-para-relajarse-al-maximo-rodeado-de-naturaleza\/"},"modified":"2025-03-20T15:55:42","modified_gmt":"2025-03-20T15:55:42","slug":"conversas-de-alpendre-un-lugar-para-relajarse-al-maximo-rodeado-de-naturaleza","status":"publish","type":"page","link":"https:\/\/shangrila24.de\/es\/conversas-de-alpendre-un-lugar-para-relajarse-al-maximo-rodeado-de-naturaleza\/","title":{"rendered":"Conversas de Alpendre &#8211; un lugar para relajarse al m\u00e1ximo rodeado de naturaleza"},"content":{"rendered":"<p>[et_pb_section fb_built=\u00bb1&#8243; custom_padding_last_edited=\u00bbon|desktop\u00bb _builder_version=\u00bb4.16&#8243; custom_padding=\u00bb50px||80px||false|false\u00bb custom_padding_tablet=\u00bb50px||80px||false|false\u00bb custom_padding_phone=\u00bb0px||30px||false|false\u00bb global_colors_info=\u00bb{}\u00bb][et_pb_row _builder_version=\u00bb4.16&#8243; custom_margin=\u00bb||0px||false|false\u00bb custom_padding=\u00bb||0px||false|false\u00bb global_colors_info=\u00bb{}\u00bb][et_pb_column type=\u00bb4_4&#8243; _builder_version=\u00bb4.16&#8243; custom_padding=\u00bb|||\u00bb global_colors_info=\u00bb{}\u00bb custom_padding__hover=\u00bb|||\u00bb][et_pb_text admin_label=\u00bbDiscover Beatuty Sub Title\u00bb _builder_version=\u00bb4.16&#8243; text_font=\u00bbOpen Sans||||||||\u00bb text_text_color=\u00bb#1a1a1a\u00bb text_font_size=\u00bb20px\u00bb text_line_height=\u00bb1.4em\u00bb animation_style=\u00bbslide\u00bb animation_direction=\u00bbtop\u00bb animation_delay=\u00bb100ms\u00bb animation_intensity_slide=\u00bb10%\u00bb global_colors_info=\u00bb{}\u00bb]<em>Vila Real de Santo Ant\u00f3nio, Portugal<\/em>[\/et_pb_text][et_pb_text admin_label=\u00bbDiscover Beatuty Title\u00bb _builder_version=\u00bb4.16&#8243; text_font=\u00bb||||\u00bb text_text_color=\u00bb#1a1a1a\u00bb header_font=\u00bb|800||on|||||\u00bb header_text_align=\u00bbleft\u00bb header_font_size=\u00bb52px\u00bb header_line_height=\u00bb1.1em\u00bb animation_style=\u00bbslide\u00bb animation_direction=\u00bb%22fade_in%22&#8243; animation_duration=\u00bb500ms\u00bb animation_intensity_slide=\u00bb10%\u00bb global_colors_info=\u00bb{}\u00bb]<\/p>\n<h1>Conversas de Alpendre &#8211; un lugar para relajarse al m\u00e1ximo rodeado de naturaleza  <\/h1>\n<p>[\/et_pb_text][et_pb_divider divider_position=\u00bbcenter\u00bb divider_weight=\u00bb3px\u00bb disabled_on=\u00bboff|off|off\u00bb _builder_version=\u00bb4.16&#8243; max_width=\u00bb150px\u00bb height=\u00bbfalse\u00bb animation_style=\u00bbslide\u00bb animation_direction=\u00bbtop\u00bb animation_delay=\u00bb200ms\u00bb animation_intensity_slide=\u00bb10%\u00bb global_colors_info=\u00bb{}\u00bb][\/et_pb_divider][et_pb_text disabled_on=\u00bboff|off|off%22%22&#8243; admin_label=\u00bbDiscover Beatuty Text\u00bb _builder_version=\u00bb4.16&#8243; text_font=\u00bbOpen Sans||||||||\u00bb text_font_size=\u00bb16px\u00bb text_line_height=\u00bb1.9em\u00bb custom_padding=\u00bb0px||||false|false\u00bb animation_style=\u00bbslide\u00bb animation_direction=\u00bbtop\u00bb animation_delay=\u00bb300ms\u00bb animation_intensity_slide=\u00bb10%\u00bb global_colors_info=\u00bb{}\u00bb]<\/p>\n<p>Este fabuloso y peque\u00f1o complejo hotelero est\u00e1 situado no lejos del Parque Natural de Ria Formosa. Sobre todo, se caracteriza por el trato cari\u00f1oso y encantador de sus anfitriones. Aqu\u00ed, los propietarios y toda su familia se echan una mano a s\u00ed mismos. Pero este hotel de 4 estrellas en Portugal tambi\u00e9n impresiona por sus hermosas habitaciones. Una habitaci\u00f3n especialmente inusual est\u00e1 situada en un \u00e1rbol a unos 5 metros de altura. La vista panor\u00e1mica desde all\u00ed arriba es impresionante. La cena la organiza el anfitri\u00f3n directamente con los hu\u00e9spedes. Elija entre pescado, marisco, carne o un men\u00fa vegetariano bajo petici\u00f3n, todo reci\u00e9n comprado y preparado el mismo d\u00eda.<\/p>\n<p>[\/et_pb_text][\/et_pb_column][\/et_pb_row][\/et_pb_section][et_pb_section fb_built=\u00bb1&#8243; _builder_version=\u00bb4.16&#8243; _module_preset=\u00bbdefault\u00bb global_colors_info=\u00bb{}\u00bb][et_pb_row _builder_version=\u00bb4.16&#8243; _module_preset=\u00bbdefault\u00bb global_colors_info=\u00bb{}\u00bb][et_pb_column type=\u00bb4_4&#8243; _builder_version=\u00bb4.16&#8243; _module_preset=\u00bbdefault\u00bb global_colors_info=\u00bb{}\u00bb][et_pb_gallery gallery_ids=\u00bb954,950,951,947,962,952,949,948,946,945,944,953,955,961,960,959,958,957,956&#8243; show_title_and_caption=\u00bboff\u00bb _builder_version=\u00bb4.16&#8243; _module_preset=\u00bbdefault\u00bb global_colors_info=\u00bb{}\u00bb][\/et_pb_gallery][\/et_pb_column][\/et_pb_row][et_pb_row column_structure=\u00bb1_3,1_3,1_3&#8243; _builder_version=\u00bb4.27.4&#8243; _module_preset=\u00bbdefault\u00bb global_colors_info=\u00bb{}\u00bb theme_builder_area=\u00bbpost_content\u00bb][et_pb_column type=\u00bb1_3&#8243; _builder_version=\u00bb4.27.4&#8243; _module_preset=\u00bbdefault\u00bb global_colors_info=\u00bb{}\u00bb theme_builder_area=\u00bbpost_content\u00bb][et_pb_button button_url=\u00bb@ET-DC@eyJkeW5hbWljIjp0cnVlLCJjb250ZW50IjoicG9zdF9saW5rX3VybF9wYWdlIiwic2V0dGluZ3MiOnsicG9zdF9pZCI6IjIxNyJ9fQ==@\u00bb button_text=\u00bbSolicita m\u00e1s informaci\u00f3n\u00bb _builder_version=\u00bb4.27.4&#8243; _dynamic_attributes=\u00bbbutton_url\u00bb _module_preset=\u00bbdefault\u00bb global_colors_info=\u00bb{}\u00bb theme_builder_area=\u00bbpost_content\u00bb][\/et_pb_button][\/et_pb_column][et_pb_column type=\u00bb1_3&#8243; _builder_version=\u00bb4.27.4&#8243; _module_preset=\u00bbdefault\u00bb global_colors_info=\u00bb{}\u00bb theme_builder_area=\u00bbpost_content\u00bb][\/et_pb_column][et_pb_column type=\u00bb1_3&#8243; _builder_version=\u00bb4.27.4&#8243; _module_preset=\u00bbdefault\u00bb global_colors_info=\u00bb{}\u00bb theme_builder_area=\u00bbpost_content\u00bb][et_pb_button button_url=\u00bb@ET-DC@eyJkeW5hbWljIjp0cnVlLCJjb250ZW50IjoicG9zdF9saW5rX3VybF9wYWdlIiwic2V0dGluZ3MiOnsicG9zdF9pZCI6IjExMiJ9fQ==@\u00bb button_text=\u00bbM\u00e1s perlas peque\u00f1as\u00bb button_alignment=\u00bbcenter\u00bb _builder_version=\u00bb4.27.4&#8243; _dynamic_attributes=\u00bbbutton_url\u00bb _module_preset=\u00bbdefault\u00bb global_colors_info=\u00bb{}\u00bb theme_builder_area=\u00bbpost_content\u00bb][\/et_pb_button][\/et_pb_column][\/et_pb_row][\/et_pb_section]<\/p>\n","protected":false},"excerpt":{"rendered":"<p>Vila Real de Santo Ant\u00f3nio, PortugalConversas de Alpendre &#8211; un lugar para relajarse al m\u00e1ximo rodeado de naturaleza Este fabuloso y peque\u00f1o complejo hotelero est\u00e1 situado no lejos del Parque Natural de Ria Formosa. Sobre todo, se caracteriza por el trato cari\u00f1oso y encantador de sus anfitriones. Aqu\u00ed, los propietarios y toda su familia se [&hellip;]<\/p>\n","protected":false},"author":1,"featured_media":0,"parent":0,"menu_order":0,"comment_status":"closed","ping_status":"closed","template":"","meta":{"_et_pb_use_builder":"on","_et_pb_old_content":"","_et_gb_content_width":"","footnotes":""},"class_list":["post-1093","page","type-page","status-publish","hentry"],"yoast_head":"<!-- This site is optimized with the Yoast SEO plugin v27.4 - https:\/\/yoast.com\/product\/yoast-seo-wordpress\/ -->\n<title>Conversas de Alpendre - un lugar para relajarse al m\u00e1ximo rodeado de naturaleza - Shangri La<\/title>\n<meta name=\"description\" content=\"Escapa de la vida cotidiana en Conversas de Alpendre, Portugal. Un lugar para relajarse al m\u00e1ximo en la naturaleza.\" \/>\n<meta name=\"robots\" content=\"index, follow, max-snippet:-1, max-image-preview:large, max-video-preview:-1\" \/>\n<link rel=\"canonical\" href=\"https:\/\/shangrila24.de\/es\/conversas-de-alpendre-un-lugar-para-relajarse-al-maximo-rodeado-de-naturaleza\/\" \/>\n<meta property=\"og:locale\" content=\"es_ES\" \/>\n<meta property=\"og:type\" content=\"article\" \/>\n<meta property=\"og:title\" content=\"Conversas de Alpendre - un lugar para relajarse al m\u00e1ximo rodeado de naturaleza - Shangri La\" \/>\n<meta property=\"og:description\" content=\"Escapa de la vida cotidiana en Conversas de Alpendre, Portugal. Un lugar para relajarse al m\u00e1ximo en la naturaleza.\" \/>\n<meta property=\"og:url\" content=\"https:\/\/shangrila24.de\/es\/conversas-de-alpendre-un-lugar-para-relajarse-al-maximo-rodeado-de-naturaleza\/\" \/>\n<meta property=\"og:site_name\" content=\"Shangri La\" \/>\n<meta property=\"article:modified_time\" content=\"2025-03-20T15:55:42+00:00\" \/>\n<meta name=\"twitter:card\" content=\"summary_large_image\" \/>\n<meta name=\"twitter:label1\" content=\"Tiempo de lectura\" \/>\n\t<meta name=\"twitter:data1\" content=\"3 minutos\" \/>\n<script type=\"application\/ld+json\" class=\"yoast-schema-graph\">{\"@context\":\"https:\\\/\\\/schema.org\",\"@graph\":[{\"@type\":\"WebPage\",\"@id\":\"https:\\\/\\\/shangrila24.de\\\/es\\\/conversas-de-alpendre-un-lugar-para-relajarse-al-maximo-rodeado-de-naturaleza\\\/\",\"url\":\"https:\\\/\\\/shangrila24.de\\\/es\\\/conversas-de-alpendre-un-lugar-para-relajarse-al-maximo-rodeado-de-naturaleza\\\/\",\"name\":\"Conversas de Alpendre - un lugar para relajarse al m\u00e1ximo rodeado de naturaleza - Shangri La\",\"isPartOf\":{\"@id\":\"https:\\\/\\\/shangrila24.de\\\/es\\\/#website\"},\"datePublished\":\"2021-11-29T18:41:52+00:00\",\"dateModified\":\"2025-03-20T15:55:42+00:00\",\"description\":\"Escapa de la vida cotidiana en Conversas de Alpendre, Portugal. Un lugar para relajarse al m\u00e1ximo en la naturaleza.\",\"breadcrumb\":{\"@id\":\"https:\\\/\\\/shangrila24.de\\\/es\\\/conversas-de-alpendre-un-lugar-para-relajarse-al-maximo-rodeado-de-naturaleza\\\/#breadcrumb\"},\"inLanguage\":\"es\",\"potentialAction\":[{\"@type\":\"ReadAction\",\"target\":[\"https:\\\/\\\/shangrila24.de\\\/es\\\/conversas-de-alpendre-un-lugar-para-relajarse-al-maximo-rodeado-de-naturaleza\\\/\"]}]},{\"@type\":\"BreadcrumbList\",\"@id\":\"https:\\\/\\\/shangrila24.de\\\/es\\\/conversas-de-alpendre-un-lugar-para-relajarse-al-maximo-rodeado-de-naturaleza\\\/#breadcrumb\",\"itemListElement\":[{\"@type\":\"ListItem\",\"position\":1,\"name\":\"Startseite\",\"item\":\"https:\\\/\\\/shangrila24.de\\\/es\\\/\"},{\"@type\":\"ListItem\",\"position\":2,\"name\":\"Conversas de Alpendre &#8211; un lugar para relajarse al m\u00e1ximo rodeado de naturaleza\"}]},{\"@type\":\"WebSite\",\"@id\":\"https:\\\/\\\/shangrila24.de\\\/es\\\/#website\",\"url\":\"https:\\\/\\\/shangrila24.de\\\/es\\\/\",\"name\":\"Shangrila24\",\"description\":\"Reiseb\u00fcro Hamburg Eppendorf\",\"publisher\":{\"@id\":\"https:\\\/\\\/shangrila24.de\\\/es\\\/#organization\"},\"potentialAction\":[{\"@type\":\"SearchAction\",\"target\":{\"@type\":\"EntryPoint\",\"urlTemplate\":\"https:\\\/\\\/shangrila24.de\\\/es\\\/?s={search_term_string}\"},\"query-input\":{\"@type\":\"PropertyValueSpecification\",\"valueRequired\":true,\"valueName\":\"search_term_string\"}}],\"inLanguage\":\"es\"},{\"@type\":\"Organization\",\"@id\":\"https:\\\/\\\/shangrila24.de\\\/es\\\/#organization\",\"name\":\"Shangri La Reiseb\u00fcro\",\"url\":\"https:\\\/\\\/shangrila24.de\\\/es\\\/\",\"logo\":{\"@type\":\"ImageObject\",\"inLanguage\":\"es\",\"@id\":\"https:\\\/\\\/shangrila24.de\\\/es\\\/#\\\/schema\\\/logo\\\/image\\\/\",\"url\":\"https:\\\/\\\/shangrila24.de\\\/wp-content\\\/uploads\\\/2021\\\/11\\\/Shangrila-Reisebuero-Eppendorf-min.jpeg\",\"contentUrl\":\"https:\\\/\\\/shangrila24.de\\\/wp-content\\\/uploads\\\/2021\\\/11\\\/Shangrila-Reisebuero-Eppendorf-min.jpeg\",\"width\":724,\"height\":779,\"caption\":\"Shangri La Reiseb\u00fcro\"},\"image\":{\"@id\":\"https:\\\/\\\/shangrila24.de\\\/es\\\/#\\\/schema\\\/logo\\\/image\\\/\"},\"sameAs\":[\"https:\\\/\\\/www.instagram.com\\\/shangrila24.de\\\/\"]}]}<\/script>\n<!-- \/ Yoast SEO plugin. -->","yoast_head_json":{"title":"Conversas de Alpendre - un lugar para relajarse al m\u00e1ximo rodeado de naturaleza - Shangri La","description":"Escapa de la vida cotidiana en Conversas de Alpendre, Portugal. Un lugar para relajarse al m\u00e1ximo en la naturaleza.","robots":{"index":"index","follow":"follow","max-snippet":"max-snippet:-1","max-image-preview":"max-image-preview:large","max-video-preview":"max-video-preview:-1"},"canonical":"https:\/\/shangrila24.de\/es\/conversas-de-alpendre-un-lugar-para-relajarse-al-maximo-rodeado-de-naturaleza\/","og_locale":"es_ES","og_type":"article","og_title":"Conversas de Alpendre - un lugar para relajarse al m\u00e1ximo rodeado de naturaleza - Shangri La","og_description":"Escapa de la vida cotidiana en Conversas de Alpendre, Portugal. Un lugar para relajarse al m\u00e1ximo en la naturaleza.","og_url":"https:\/\/shangrila24.de\/es\/conversas-de-alpendre-un-lugar-para-relajarse-al-maximo-rodeado-de-naturaleza\/","og_site_name":"Shangri La","article_modified_time":"2025-03-20T15:55:42+00:00","twitter_card":"summary_large_image","twitter_misc":{"Tiempo de lectura":"3 minutos"},"schema":{"@context":"https:\/\/schema.org","@graph":[{"@type":"WebPage","@id":"https:\/\/shangrila24.de\/es\/conversas-de-alpendre-un-lugar-para-relajarse-al-maximo-rodeado-de-naturaleza\/","url":"https:\/\/shangrila24.de\/es\/conversas-de-alpendre-un-lugar-para-relajarse-al-maximo-rodeado-de-naturaleza\/","name":"Conversas de Alpendre - un lugar para relajarse al m\u00e1ximo rodeado de naturaleza - Shangri La","isPartOf":{"@id":"https:\/\/shangrila24.de\/es\/#website"},"datePublished":"2021-11-29T18:41:52+00:00","dateModified":"2025-03-20T15:55:42+00:00","description":"Escapa de la vida cotidiana en Conversas de Alpendre, Portugal. Un lugar para relajarse al m\u00e1ximo en la naturaleza.","breadcrumb":{"@id":"https:\/\/shangrila24.de\/es\/conversas-de-alpendre-un-lugar-para-relajarse-al-maximo-rodeado-de-naturaleza\/#breadcrumb"},"inLanguage":"es","potentialAction":[{"@type":"ReadAction","target":["https:\/\/shangrila24.de\/es\/conversas-de-alpendre-un-lugar-para-relajarse-al-maximo-rodeado-de-naturaleza\/"]}]},{"@type":"BreadcrumbList","@id":"https:\/\/shangrila24.de\/es\/conversas-de-alpendre-un-lugar-para-relajarse-al-maximo-rodeado-de-naturaleza\/#breadcrumb","itemListElement":[{"@type":"ListItem","position":1,"name":"Startseite","item":"https:\/\/shangrila24.de\/es\/"},{"@type":"ListItem","position":2,"name":"Conversas de Alpendre &#8211; un lugar para relajarse al m\u00e1ximo rodeado de naturaleza"}]},{"@type":"WebSite","@id":"https:\/\/shangrila24.de\/es\/#website","url":"https:\/\/shangrila24.de\/es\/","name":"Shangrila24","description":"Reiseb\u00fcro Hamburg Eppendorf","publisher":{"@id":"https:\/\/shangrila24.de\/es\/#organization"},"potentialAction":[{"@type":"SearchAction","target":{"@type":"EntryPoint","urlTemplate":"https:\/\/shangrila24.de\/es\/?s={search_term_string}"},"query-input":{"@type":"PropertyValueSpecification","valueRequired":true,"valueName":"search_term_string"}}],"inLanguage":"es"},{"@type":"Organization","@id":"https:\/\/shangrila24.de\/es\/#organization","name":"Shangri La Reiseb\u00fcro","url":"https:\/\/shangrila24.de\/es\/","logo":{"@type":"ImageObject","inLanguage":"es","@id":"https:\/\/shangrila24.de\/es\/#\/schema\/logo\/image\/","url":"https:\/\/shangrila24.de\/wp-content\/uploads\/2021\/11\/Shangrila-Reisebuero-Eppendorf-min.jpeg","contentUrl":"https:\/\/shangrila24.de\/wp-content\/uploads\/2021\/11\/Shangrila-Reisebuero-Eppendorf-min.jpeg","width":724,"height":779,"caption":"Shangri La Reiseb\u00fcro"},"image":{"@id":"https:\/\/shangrila24.de\/es\/#\/schema\/logo\/image\/"},"sameAs":["https:\/\/www.instagram.com\/shangrila24.de\/"]}]}},"_links":{"self":[{"href":"https:\/\/shangrila24.de\/es\/wp-json\/wp\/v2\/pages\/1093","targetHints":{"allow":["GET"]}}],"collection":[{"href":"https:\/\/shangrila24.de\/es\/wp-json\/wp\/v2\/pages"}],"about":[{"href":"https:\/\/shangrila24.de\/es\/wp-json\/wp\/v2\/types\/page"}],"author":[{"embeddable":true,"href":"https:\/\/shangrila24.de\/es\/wp-json\/wp\/v2\/users\/1"}],"replies":[{"embeddable":true,"href":"https:\/\/shangrila24.de\/es\/wp-json\/wp\/v2\/comments?post=1093"}],"version-history":[{"count":16,"href":"https:\/\/shangrila24.de\/es\/wp-json\/wp\/v2\/pages\/1093\/revisions"}],"predecessor-version":[{"id":2350,"href":"https:\/\/shangrila24.de\/es\/wp-json\/wp\/v2\/pages\/1093\/revisions\/2350"}],"wp:attachment":[{"href":"https:\/\/shangrila24.de\/es\/wp-json\/wp\/v2\/media?parent=1093"}],"curies":[{"name":"wp","href":"https:\/\/api.w.org\/{rel}","templated":true}]}}