{"id":1095,"date":"2021-11-29T18:19:50","date_gmt":"2021-11-29T18:19:50","guid":{"rendered":"https:\/\/shangrila24.de\/solivaret-rural-alojamiento-con-encanto-e-historia\/"},"modified":"2025-03-20T16:18:36","modified_gmt":"2025-03-20T16:18:36","slug":"solivaret-rural-alojamiento-con-encanto-e-historia","status":"publish","type":"page","link":"https:\/\/shangrila24.de\/es\/solivaret-rural-alojamiento-con-encanto-e-historia\/","title":{"rendered":"S&#8217;Olivaret Rural &#8211; alojamiento con encanto e historia"},"content":{"rendered":"<p>[et_pb_section fb_built=\u00bb1&#8243; custom_padding_last_edited=\u00bbon|desktop\u00bb _builder_version=\u00bb4.16&#8243; custom_padding=\u00bb50px||80px||false|false\u00bb custom_padding_tablet=\u00bb50px||80px||false|false\u00bb custom_padding_phone=\u00bb0px||30px||false|false\u00bb global_colors_info=\u00bb{}\u00bb][et_pb_row _builder_version=\u00bb4.16&#8243; custom_margin=\u00bb||0px||false|false\u00bb custom_padding=\u00bb||0px||false|false\u00bb global_colors_info=\u00bb{}\u00bb][et_pb_column type=\u00bb4_4&#8243; _builder_version=\u00bb4.16&#8243; custom_padding=\u00bb|||\u00bb global_colors_info=\u00bb{}\u00bb custom_padding__hover=\u00bb|||\u00bb][et_pb_text admin_label=\u00bbDiscover Beatuty Sub Title\u00bb _builder_version=\u00bb4.16&#8243; text_font=\u00bbOpen Sans||||||||\u00bb text_text_color=\u00bb#1a1a1a\u00bb text_font_size=\u00bb20px\u00bb text_line_height=\u00bb1.4em\u00bb animation_style=\u00bbslide\u00bb animation_direction=\u00bbtop\u00bb animation_delay=\u00bb100ms\u00bb animation_intensity_slide=\u00bb10%\u00bb global_colors_info=\u00bb{}\u00bb]<em>Mallorca, Espa\u00f1a<\/em>[\/et_pb_text][et_pb_text admin_label=\u00bbDiscover Beatuty Title\u00bb _builder_version=\u00bb4.16&#8243; text_font=\u00bb||||\u00bb text_text_color=\u00bb#1a1a1a\u00bb header_font=\u00bb|800||on|||||\u00bb header_text_align=\u00bbleft\u00bb header_font_size=\u00bb52px\u00bb header_line_height=\u00bb1.1em\u00bb animation_style=\u00bbslide\u00bb animation_direction=\u00bb%22fade_in%22&#8243; animation_duration=\u00bb500ms\u00bb animation_intensity_slide=\u00bb10%\u00bb global_colors_info=\u00bb{}\u00bb]<\/p>\n<h1>S&#8217;Olivaret Rural &#8211; alojamiento con encanto e historia<\/h1>\n<p>[\/et_pb_text][et_pb_divider divider_position=\u00bbcenter\u00bb divider_weight=\u00bb3px\u00bb disabled_on=\u00bboff|off|off\u00bb _builder_version=\u00bb4.16&#8243; max_width=\u00bb150px\u00bb height=\u00bbfalse\u00bb animation_style=\u00bbslide\u00bb animation_direction=\u00bbtop\u00bb animation_delay=\u00bb200ms\u00bb animation_intensity_slide=\u00bb10%\u00bb global_colors_info=\u00bb{}\u00bb][\/et_pb_divider][et_pb_text disabled_on=\u00bboff|off|off%22%22&#8243; admin_label=\u00bbDiscover Beatuty Text\u00bb _builder_version=\u00bb4.16&#8243; text_font=\u00bbOpen Sans||||||||\u00bb text_font_size=\u00bb16px\u00bb text_line_height=\u00bb1.9em\u00bb custom_padding=\u00bb0px||||false|false\u00bb animation_style=\u00bbslide\u00bb animation_direction=\u00bbtop\u00bb animation_delay=\u00bb300ms\u00bb animation_intensity_slide=\u00bb10%\u00bb global_colors_info=\u00bb{}\u00bb]<\/p>\n<p>Este hermoso hotel est\u00e1 ubicado en una antigua casa solariega del siglo XV. Est\u00e1 situado en el centro de un hermoso valle de la sierra de Tramuntana, en la mayor de las Islas Baleares, Mallorca. La casa ofrece una maravillosa piscina infinita con vistas al entorno natural virgen. El complejo hotelero tambi\u00e9n dispone de una peque\u00f1a piscina cubierta con jacuzzi y sauna. Esto hace que el hotel sea un destino que merece la pena incluso con temperaturas m\u00e1s frescas. El fascinante paisaje es ideal para practicar senderismo, ciclismo y dar largos paseos por las monta\u00f1as de Mallorca. Los bonitos pueblos de Alar\u00f3 y Orient est\u00e1n a 4 y 5 kil\u00f3metros respectivamente.<\/p>\n<p>[\/et_pb_text][\/et_pb_column][\/et_pb_row][\/et_pb_section][et_pb_section fb_built=\u00bb1&#8243; _builder_version=\u00bb4.16&#8243; _module_preset=\u00bbdefault\u00bb global_colors_info=\u00bb{}\u00bb][et_pb_row _builder_version=\u00bb4.16&#8243; _module_preset=\u00bbdefault\u00bb global_colors_info=\u00bb{}\u00bb][et_pb_column type=\u00bb4_4&#8243; _builder_version=\u00bb4.16&#8243; _module_preset=\u00bbdefault\u00bb global_colors_info=\u00bb{}\u00bb][et_pb_gallery gallery_ids=\u00bb899,902,901,900&#8243; show_title_and_caption=\u00bboff\u00bb _builder_version=\u00bb4.16&#8243; _module_preset=\u00bbdefault\u00bb global_colors_info=\u00bb{}\u00bb][\/et_pb_gallery][\/et_pb_column][\/et_pb_row][et_pb_row column_structure=\u00bb1_3,1_3,1_3&#8243; _builder_version=\u00bb4.27.4&#8243; _module_preset=\u00bbdefault\u00bb global_colors_info=\u00bb{}\u00bb][et_pb_column type=\u00bb1_3&#8243; _builder_version=\u00bb4.27.4&#8243; _module_preset=\u00bbdefault\u00bb global_colors_info=\u00bb{}\u00bb][et_pb_button button_url=\u00bb@ET-DC@eyJkeW5hbWljIjp0cnVlLCJjb250ZW50IjoicG9zdF9saW5rX3VybF9wYWdlIiwic2V0dGluZ3MiOnsicG9zdF9pZCI6IjIxNyJ9fQ==@\u00bb button_text=\u00bbSolicita m\u00e1s informaci\u00f3n\u00bb _builder_version=\u00bb4.27.4&#8243; _dynamic_attributes=\u00bbbutton_url\u00bb _module_preset=\u00bbdefault\u00bb global_colors_info=\u00bb{}\u00bb][\/et_pb_button][\/et_pb_column][et_pb_column type=\u00bb1_3&#8243; _builder_version=\u00bb4.27.4&#8243; _module_preset=\u00bbdefault\u00bb global_colors_info=\u00bb{}\u00bb][\/et_pb_column][et_pb_column type=\u00bb1_3&#8243; _builder_version=\u00bb4.27.4&#8243; _module_preset=\u00bbdefault\u00bb global_colors_info=\u00bb{}\u00bb][et_pb_button button_url=\u00bb@ET-DC@eyJkeW5hbWljIjp0cnVlLCJjb250ZW50IjoicG9zdF9saW5rX3VybF9wYWdlIiwic2V0dGluZ3MiOnsicG9zdF9pZCI6IjExMiJ9fQ==@\u00bb button_text=\u00bbM\u00e1s perlas peque\u00f1as\u00bb button_alignment=\u00bbcenter\u00bb _builder_version=\u00bb4.27.4&#8243; _dynamic_attributes=\u00bbbutton_url\u00bb _module_preset=\u00bbdefault\u00bb global_colors_info=\u00bb{}\u00bb][\/et_pb_button][\/et_pb_column][\/et_pb_row][\/et_pb_section]<\/p>\n","protected":false},"excerpt":{"rendered":"<p>Mallorca, Espa\u00f1aS&#8217;Olivaret Rural &#8211; alojamiento con encanto e historiaEste hermoso hotel est\u00e1 ubicado en una antigua casa solariega del siglo XV. Est\u00e1 situado en el centro de un hermoso valle de la sierra de Tramuntana, en la mayor de las Islas Baleares, Mallorca. La casa ofrece una maravillosa piscina infinita con vistas al entorno natural [&hellip;]<\/p>\n","protected":false},"author":1,"featured_media":0,"parent":0,"menu_order":0,"comment_status":"closed","ping_status":"closed","template":"","meta":{"_et_pb_use_builder":"on","_et_pb_old_content":"","_et_gb_content_width":"","footnotes":""},"class_list":["post-1095","page","type-page","status-publish","hentry"],"yoast_head":"<!-- This site is optimized with the Yoast SEO plugin v27.4 - https:\/\/yoast.com\/product\/yoast-seo-wordpress\/ -->\n<title>S&#039;Olivaret Rural - alojamiento con encanto e historia - Shangri La<\/title>\n<meta name=\"robots\" content=\"index, follow, max-snippet:-1, max-image-preview:large, max-video-preview:-1\" \/>\n<link rel=\"canonical\" href=\"https:\/\/shangrila24.de\/es\/solivaret-rural-alojamiento-con-encanto-e-historia\/\" \/>\n<meta property=\"og:locale\" content=\"es_ES\" \/>\n<meta property=\"og:type\" content=\"article\" \/>\n<meta property=\"og:title\" content=\"S&#039;Olivaret Rural - alojamiento con encanto e historia - Shangri La\" \/>\n<meta property=\"og:description\" content=\"Mallorca, Espa\u00f1aS&#039;Olivaret Rural - alojamiento con encanto e historiaEste hermoso hotel est\u00e1 ubicado en una antigua casa solariega del siglo XV. Est\u00e1 situado en el centro de un hermoso valle de la sierra de Tramuntana, en la mayor de las Islas Baleares, Mallorca. La casa ofrece una maravillosa piscina infinita con vistas al entorno natural [&hellip;]\" \/>\n<meta property=\"og:url\" content=\"https:\/\/shangrila24.de\/es\/solivaret-rural-alojamiento-con-encanto-e-historia\/\" \/>\n<meta property=\"og:site_name\" content=\"Shangri La\" \/>\n<meta property=\"article:modified_time\" content=\"2025-03-20T16:18:36+00:00\" \/>\n<meta name=\"twitter:card\" content=\"summary_large_image\" \/>\n<meta name=\"twitter:label1\" content=\"Tiempo de lectura\" \/>\n\t<meta name=\"twitter:data1\" content=\"3 minutos\" \/>\n<script type=\"application\/ld+json\" class=\"yoast-schema-graph\">{\"@context\":\"https:\\\/\\\/schema.org\",\"@graph\":[{\"@type\":\"WebPage\",\"@id\":\"https:\\\/\\\/shangrila24.de\\\/es\\\/solivaret-rural-alojamiento-con-encanto-e-historia\\\/\",\"url\":\"https:\\\/\\\/shangrila24.de\\\/es\\\/solivaret-rural-alojamiento-con-encanto-e-historia\\\/\",\"name\":\"S'Olivaret Rural - alojamiento con encanto e historia - Shangri La\",\"isPartOf\":{\"@id\":\"https:\\\/\\\/shangrila24.de\\\/es\\\/#website\"},\"datePublished\":\"2021-11-29T18:19:50+00:00\",\"dateModified\":\"2025-03-20T16:18:36+00:00\",\"breadcrumb\":{\"@id\":\"https:\\\/\\\/shangrila24.de\\\/es\\\/solivaret-rural-alojamiento-con-encanto-e-historia\\\/#breadcrumb\"},\"inLanguage\":\"es\",\"potentialAction\":[{\"@type\":\"ReadAction\",\"target\":[\"https:\\\/\\\/shangrila24.de\\\/es\\\/solivaret-rural-alojamiento-con-encanto-e-historia\\\/\"]}]},{\"@type\":\"BreadcrumbList\",\"@id\":\"https:\\\/\\\/shangrila24.de\\\/es\\\/solivaret-rural-alojamiento-con-encanto-e-historia\\\/#breadcrumb\",\"itemListElement\":[{\"@type\":\"ListItem\",\"position\":1,\"name\":\"Startseite\",\"item\":\"https:\\\/\\\/shangrila24.de\\\/es\\\/\"},{\"@type\":\"ListItem\",\"position\":2,\"name\":\"S&#8217;Olivaret Rural &#8211; alojamiento con encanto e historia\"}]},{\"@type\":\"WebSite\",\"@id\":\"https:\\\/\\\/shangrila24.de\\\/es\\\/#website\",\"url\":\"https:\\\/\\\/shangrila24.de\\\/es\\\/\",\"name\":\"Shangrila24\",\"description\":\"Reiseb\u00fcro Hamburg Eppendorf\",\"publisher\":{\"@id\":\"https:\\\/\\\/shangrila24.de\\\/es\\\/#organization\"},\"potentialAction\":[{\"@type\":\"SearchAction\",\"target\":{\"@type\":\"EntryPoint\",\"urlTemplate\":\"https:\\\/\\\/shangrila24.de\\\/es\\\/?s={search_term_string}\"},\"query-input\":{\"@type\":\"PropertyValueSpecification\",\"valueRequired\":true,\"valueName\":\"search_term_string\"}}],\"inLanguage\":\"es\"},{\"@type\":\"Organization\",\"@id\":\"https:\\\/\\\/shangrila24.de\\\/es\\\/#organization\",\"name\":\"Shangri La Reiseb\u00fcro\",\"url\":\"https:\\\/\\\/shangrila24.de\\\/es\\\/\",\"logo\":{\"@type\":\"ImageObject\",\"inLanguage\":\"es\",\"@id\":\"https:\\\/\\\/shangrila24.de\\\/es\\\/#\\\/schema\\\/logo\\\/image\\\/\",\"url\":\"https:\\\/\\\/shangrila24.de\\\/wp-content\\\/uploads\\\/2021\\\/11\\\/Shangrila-Reisebuero-Eppendorf-min.jpeg\",\"contentUrl\":\"https:\\\/\\\/shangrila24.de\\\/wp-content\\\/uploads\\\/2021\\\/11\\\/Shangrila-Reisebuero-Eppendorf-min.jpeg\",\"width\":724,\"height\":779,\"caption\":\"Shangri La Reiseb\u00fcro\"},\"image\":{\"@id\":\"https:\\\/\\\/shangrila24.de\\\/es\\\/#\\\/schema\\\/logo\\\/image\\\/\"},\"sameAs\":[\"https:\\\/\\\/www.instagram.com\\\/shangrila24.de\\\/\"]}]}<\/script>\n<!-- \/ Yoast SEO plugin. -->","yoast_head_json":{"title":"S'Olivaret Rural - alojamiento con encanto e historia - Shangri La","robots":{"index":"index","follow":"follow","max-snippet":"max-snippet:-1","max-image-preview":"max-image-preview:large","max-video-preview":"max-video-preview:-1"},"canonical":"https:\/\/shangrila24.de\/es\/solivaret-rural-alojamiento-con-encanto-e-historia\/","og_locale":"es_ES","og_type":"article","og_title":"S'Olivaret Rural - alojamiento con encanto e historia - Shangri La","og_description":"Mallorca, Espa\u00f1aS'Olivaret Rural - alojamiento con encanto e historiaEste hermoso hotel est\u00e1 ubicado en una antigua casa solariega del siglo XV. Est\u00e1 situado en el centro de un hermoso valle de la sierra de Tramuntana, en la mayor de las Islas Baleares, Mallorca. La casa ofrece una maravillosa piscina infinita con vistas al entorno natural [&hellip;]","og_url":"https:\/\/shangrila24.de\/es\/solivaret-rural-alojamiento-con-encanto-e-historia\/","og_site_name":"Shangri La","article_modified_time":"2025-03-20T16:18:36+00:00","twitter_card":"summary_large_image","twitter_misc":{"Tiempo de lectura":"3 minutos"},"schema":{"@context":"https:\/\/schema.org","@graph":[{"@type":"WebPage","@id":"https:\/\/shangrila24.de\/es\/solivaret-rural-alojamiento-con-encanto-e-historia\/","url":"https:\/\/shangrila24.de\/es\/solivaret-rural-alojamiento-con-encanto-e-historia\/","name":"S'Olivaret Rural - alojamiento con encanto e historia - Shangri La","isPartOf":{"@id":"https:\/\/shangrila24.de\/es\/#website"},"datePublished":"2021-11-29T18:19:50+00:00","dateModified":"2025-03-20T16:18:36+00:00","breadcrumb":{"@id":"https:\/\/shangrila24.de\/es\/solivaret-rural-alojamiento-con-encanto-e-historia\/#breadcrumb"},"inLanguage":"es","potentialAction":[{"@type":"ReadAction","target":["https:\/\/shangrila24.de\/es\/solivaret-rural-alojamiento-con-encanto-e-historia\/"]}]},{"@type":"BreadcrumbList","@id":"https:\/\/shangrila24.de\/es\/solivaret-rural-alojamiento-con-encanto-e-historia\/#breadcrumb","itemListElement":[{"@type":"ListItem","position":1,"name":"Startseite","item":"https:\/\/shangrila24.de\/es\/"},{"@type":"ListItem","position":2,"name":"S&#8217;Olivaret Rural &#8211; alojamiento con encanto e historia"}]},{"@type":"WebSite","@id":"https:\/\/shangrila24.de\/es\/#website","url":"https:\/\/shangrila24.de\/es\/","name":"Shangrila24","description":"Reiseb\u00fcro Hamburg Eppendorf","publisher":{"@id":"https:\/\/shangrila24.de\/es\/#organization"},"potentialAction":[{"@type":"SearchAction","target":{"@type":"EntryPoint","urlTemplate":"https:\/\/shangrila24.de\/es\/?s={search_term_string}"},"query-input":{"@type":"PropertyValueSpecification","valueRequired":true,"valueName":"search_term_string"}}],"inLanguage":"es"},{"@type":"Organization","@id":"https:\/\/shangrila24.de\/es\/#organization","name":"Shangri La Reiseb\u00fcro","url":"https:\/\/shangrila24.de\/es\/","logo":{"@type":"ImageObject","inLanguage":"es","@id":"https:\/\/shangrila24.de\/es\/#\/schema\/logo\/image\/","url":"https:\/\/shangrila24.de\/wp-content\/uploads\/2021\/11\/Shangrila-Reisebuero-Eppendorf-min.jpeg","contentUrl":"https:\/\/shangrila24.de\/wp-content\/uploads\/2021\/11\/Shangrila-Reisebuero-Eppendorf-min.jpeg","width":724,"height":779,"caption":"Shangri La Reiseb\u00fcro"},"image":{"@id":"https:\/\/shangrila24.de\/es\/#\/schema\/logo\/image\/"},"sameAs":["https:\/\/www.instagram.com\/shangrila24.de\/"]}]}},"_links":{"self":[{"href":"https:\/\/shangrila24.de\/es\/wp-json\/wp\/v2\/pages\/1095","targetHints":{"allow":["GET"]}}],"collection":[{"href":"https:\/\/shangrila24.de\/es\/wp-json\/wp\/v2\/pages"}],"about":[{"href":"https:\/\/shangrila24.de\/es\/wp-json\/wp\/v2\/types\/page"}],"author":[{"embeddable":true,"href":"https:\/\/shangrila24.de\/es\/wp-json\/wp\/v2\/users\/1"}],"replies":[{"embeddable":true,"href":"https:\/\/shangrila24.de\/es\/wp-json\/wp\/v2\/comments?post=1095"}],"version-history":[{"count":13,"href":"https:\/\/shangrila24.de\/es\/wp-json\/wp\/v2\/pages\/1095\/revisions"}],"predecessor-version":[{"id":2451,"href":"https:\/\/shangrila24.de\/es\/wp-json\/wp\/v2\/pages\/1095\/revisions\/2451"}],"wp:attachment":[{"href":"https:\/\/shangrila24.de\/es\/wp-json\/wp\/v2\/media?parent=1095"}],"curies":[{"name":"wp","href":"https:\/\/api.w.org\/{rel}","templated":true}]}}