{"id":1097,"date":"2023-05-15T15:18:49","date_gmt":"2023-05-15T15:18:49","guid":{"rendered":"https:\/\/shangrila24.de\/carrera-profesional\/"},"modified":"2024-01-10T10:46:00","modified_gmt":"2024-01-10T10:46:00","slug":"carrera-profesional","status":"publish","type":"page","link":"https:\/\/shangrila24.de\/es\/carrera-profesional\/","title":{"rendered":"Carrera profesional"},"content":{"rendered":"<p>[et_pb_section fb_built=\u00bb1&#8243; fullwidth=\u00bbon\u00bb admin_label=\u00bbHero\u00bb _builder_version=\u00bb4.16&#8243; background_color=\u00bb#233b4e\u00bb parallax=\u00bbon\u00bb custom_padding=\u00bb0px|0px|0px|0px\u00bb global_colors_info=\u00bb{}\u00bb][et_pb_fullwidth_image src=\u00bbhttps:\/\/shangrila24.de\/wp-content\/uploads\/2023\/05\/World-City.jpg\u00bb title_text=\u00bbCiudad mundial\u00bb _builder_version=\u00bb4.21.0&#8243; _module_preset=\u00bbdefault\u00bb global_colors_info=\u00bb{}\u00bb][\/et_pb_fullwidth_image][\/et_pb_section][et_pb_section fb_built=\u00bb1&#8243; _builder_version=\u00bb4.16&#8243; _module_preset=\u00bbdefault\u00bb module_alignment=\u00bbright\u00bb custom_margin=\u00bb10px||||false|false\u00bb custom_padding=\u00bb0px||||false|false\u00bb global_colors_info=\u00bb{}\u00bb][\/et_pb_section][et_pb_section fb_built=\u00bb1&#8243; custom_padding_last_edited=\u00bbon|desktop\u00bb _builder_version=\u00bb4.16&#8243; custom_padding=\u00bb50px||80px||false|false\u00bb custom_padding_tablet=\u00bb50px||80px||false|false\u00bb custom_padding_phone=\u00bb0px||30px||false|false\u00bb global_colors_info=\u00bb{}\u00bb][et_pb_row _builder_version=\u00bb4.16&#8243; custom_margin=\u00bb||0px||false|false\u00bb custom_padding=\u00bb||0px||false|false\u00bb global_colors_info=\u00bb{}\u00bb][et_pb_column type=\u00bb4_4&#8243; _builder_version=\u00bb4.16&#8243; custom_padding=\u00bb|||\u00bb global_colors_info=\u00bb{}\u00bb custom_padding__hover=\u00bb|||\u00bb][et_pb_text admin_label=\u00bbDiscover Beatuty Title\u00bb _builder_version=\u00bb4.21.0&#8243; text_font=\u00bb||||\u00bb text_text_color=\u00bb#1a1a1a\u00bb header_font=\u00bb|800||on|||||\u00bb header_text_align=\u00bbleft\u00bb header_font_size=\u00bb52px\u00bb header_line_height=\u00bb1.1em\u00bb animation_style=\u00bbslide\u00bb animation_direction=\u00bb%22fade_in%22&#8243; animation_duration=\u00bb500ms\u00bb animation_intensity_slide=\u00bb10%\u00bb global_colors_info=\u00bb{}\u00bb]<\/p>\n<h1>Buscamos lo antes posible un colega a tiempo parcial o minijob (h\/m\/d).<\/h1>\n<p>&nbsp;<\/p>\n<p>[\/et_pb_text][et_pb_text admin_label=\u00bbDiscover Beatuty Sub Title\u00bb _builder_version=\u00bb4.21.0&#8243; text_font=\u00bbOpen Sans||||||||\u00bb text_text_color=\u00bb#1a1a1a\u00bb text_font_size=\u00bb20px\u00bb text_line_height=\u00bb1.4em\u00bb animation_style=\u00bbslide\u00bb animation_direction=\u00bbtop\u00bb animation_delay=\u00bb100ms\u00bb animation_intensity_slide=\u00bb10%\u00bb global_colors_info=\u00bb{}\u00bb]<\/p>\n<p>Eres una persona comprometida y apasionada y est\u00e1s buscando un trabajo a tiempo parcial o un miniempleo en nuestra agencia de viajes de Hamburgo Eimsb\u00fcttel. Damos la bienvenida tanto a candidatas como a candidatos con identidades de g\u00e9nero diversas. Puede esperar un ambiente relajado y colegial, y cultivamos la cultura \u00abDuz\u00bb.<\/p>\n<p>Lo ideal es que ya tenga experiencia de un trabajo anterior en una agencia de viajes o que tenga experiencia en ventas, preferiblemente en el sector tur\u00edstico (por ejemplo, con una compa\u00f1\u00eda a\u00e9rea o un operador tur\u00edstico). Tambi\u00e9n son bienvenidas las personas con una carrera profesional relacionada con el sector de los viajes, que ser\u00e1n tenidas en cuenta.<\/p>\n<p>Se valorar\u00e1 el conocimiento de los sistemas de reserva de las agencias de viajes, como Sabre o Merlin, ya que utilizamos estos sistemas para realizar las reservas y procesar las consultas de los clientes. Adem\u00e1s, ser\u00eda deseable tener experiencia con programas de back office como Jack de Bewotec o Argus de Schmetterling, ya que utilizamos estas herramientas para tareas administrativas. Estaremos encantados de refrescar juntos sus conocimientos en estas \u00e1reas.<\/p>\n<p>Su orientaci\u00f3n al cliente, su gran capacidad de comunicaci\u00f3n y su talento organizativo le distinguen. Trabaja en equipo y mantiene la visi\u00f3n de conjunto incluso en situaciones de tensi\u00f3n. Disfrutar\u00e1 del contacto directo con el cliente y encontrar\u00e1 siempre las soluciones adecuadas para las necesidades individuales de cada cliente.<\/p>\n<p>Le ofrecemos un trabajo variado en un entorno laboral agradable y la oportunidad de desarrollar su carrera en el sector de los viajes. Puede aportar su experiencia a nuestro equipo y tener \u00e9xito con nosotros.<\/p>\n<p>Adem\u00e1s de realizar correctamente sus tareas cotidianas, tambi\u00e9n esperamos que est\u00e9 preparado para cubrir las bajas por vacaciones o enfermedad en la agencia de viajes, especialmente durante la temporada alta o en caso de atascos a corto plazo. Es concebible una duraci\u00f3n m\u00e1xima de la misi\u00f3n de hasta 10 d\u00edas laborables o dos semanas a tiempo completo, ya que queremos garantizar que nuestros clientes tambi\u00e9n reciban un apoyo \u00f3ptimo durante estos periodos.<\/p>\n<p>Si desea formar parte de nuestro equipo y compartir con nosotros su pasi\u00f3n por el sector de los viajes, estaremos encantados de recibir su solicitud. Env\u00edenos su CV y una breve carta de presentaci\u00f3n en la que nos convenza de su motivaci\u00f3n y experiencia relevante.<\/p>\n<p>Env\u00edenos su solicitud por correo electr\u00f3nico a <a href=\"mailto:info@shangrila24.de\">info@shangrila24.de.<\/a> Si tiene alguna pregunta por adelantado, no dude en ponerse en contacto con nosotros en el 040-4015277.<\/p>\n<p>Frank Doll<\/p>\n<p>[\/et_pb_text][et_pb_divider divider_position=\u00bbcenter\u00bb divider_weight=\u00bb3px\u00bb disabled_on=\u00bboff|off|off\u00bb _builder_version=\u00bb4.21.0&#8243; max_width=\u00bb150px\u00bb height=\u00bbfalse\u00bb animation_style=\u00bbslide\u00bb animation_direction=\u00bbtop\u00bb animation_delay=\u00bb200ms\u00bb animation_intensity_slide=\u00bb10%\u00bb global_colors_info=\u00bb{}\u00bb][\/et_pb_divider][\/et_pb_column][\/et_pb_row][\/et_pb_section]<\/p>\n","protected":false},"excerpt":{"rendered":"<p>Buscamos lo antes posible un colega a tiempo parcial o minijob (h\/m\/d). &nbsp;Eres una persona comprometida y apasionada y est\u00e1s buscando un trabajo a tiempo parcial o un miniempleo en nuestra agencia de viajes de Hamburgo Eimsb\u00fcttel. Damos la bienvenida tanto a candidatas como a candidatos con identidades de g\u00e9nero diversas. Puede esperar un ambiente [&hellip;]<\/p>\n","protected":false},"author":2,"featured_media":0,"parent":0,"menu_order":0,"comment_status":"closed","ping_status":"closed","template":"","meta":{"_et_pb_use_builder":"on","_et_pb_old_content":"","_et_gb_content_width":"","footnotes":""},"class_list":["post-1097","page","type-page","status-publish","hentry"],"yoast_head":"<!-- This site is optimized with the Yoast SEO plugin v27.4 - https:\/\/yoast.com\/product\/yoast-seo-wordpress\/ -->\n<title>Carrera profesional - Shangri La<\/title>\n<meta name=\"robots\" content=\"index, follow, max-snippet:-1, max-image-preview:large, max-video-preview:-1\" \/>\n<link rel=\"canonical\" href=\"https:\/\/shangrila24.de\/es\/carrera-profesional\/\" \/>\n<meta property=\"og:locale\" content=\"es_ES\" \/>\n<meta property=\"og:type\" content=\"article\" \/>\n<meta property=\"og:title\" content=\"Carrera profesional - Shangri La\" \/>\n<meta property=\"og:description\" content=\"Buscamos lo antes posible un colega a tiempo parcial o minijob (h\/m\/d). &nbsp;Eres una persona comprometida y apasionada y est\u00e1s buscando un trabajo a tiempo parcial o un miniempleo en nuestra agencia de viajes de Hamburgo Eimsb\u00fcttel. Damos la bienvenida tanto a candidatas como a candidatos con identidades de g\u00e9nero diversas. Puede esperar un ambiente [&hellip;]\" \/>\n<meta property=\"og:url\" content=\"https:\/\/shangrila24.de\/es\/carrera-profesional\/\" \/>\n<meta property=\"og:site_name\" content=\"Shangri La\" \/>\n<meta property=\"article:modified_time\" content=\"2024-01-10T10:46:00+00:00\" \/>\n<meta name=\"twitter:card\" content=\"summary_large_image\" \/>\n<meta name=\"twitter:label1\" content=\"Tiempo de lectura\" \/>\n\t<meta name=\"twitter:data1\" content=\"4 minutos\" \/>\n<script type=\"application\/ld+json\" class=\"yoast-schema-graph\">{\"@context\":\"https:\\\/\\\/schema.org\",\"@graph\":[{\"@type\":\"WebPage\",\"@id\":\"https:\\\/\\\/shangrila24.de\\\/es\\\/carrera-profesional\\\/\",\"url\":\"https:\\\/\\\/shangrila24.de\\\/es\\\/carrera-profesional\\\/\",\"name\":\"Carrera profesional - Shangri La\",\"isPartOf\":{\"@id\":\"https:\\\/\\\/shangrila24.de\\\/es\\\/#website\"},\"datePublished\":\"2023-05-15T15:18:49+00:00\",\"dateModified\":\"2024-01-10T10:46:00+00:00\",\"breadcrumb\":{\"@id\":\"https:\\\/\\\/shangrila24.de\\\/es\\\/carrera-profesional\\\/#breadcrumb\"},\"inLanguage\":\"es\",\"potentialAction\":[{\"@type\":\"ReadAction\",\"target\":[\"https:\\\/\\\/shangrila24.de\\\/es\\\/carrera-profesional\\\/\"]}]},{\"@type\":\"BreadcrumbList\",\"@id\":\"https:\\\/\\\/shangrila24.de\\\/es\\\/carrera-profesional\\\/#breadcrumb\",\"itemListElement\":[{\"@type\":\"ListItem\",\"position\":1,\"name\":\"Startseite\",\"item\":\"https:\\\/\\\/shangrila24.de\\\/es\\\/\"},{\"@type\":\"ListItem\",\"position\":2,\"name\":\"Carrera profesional\"}]},{\"@type\":\"WebSite\",\"@id\":\"https:\\\/\\\/shangrila24.de\\\/es\\\/#website\",\"url\":\"https:\\\/\\\/shangrila24.de\\\/es\\\/\",\"name\":\"Shangrila24\",\"description\":\"Reiseb\u00fcro Hamburg Eppendorf\",\"publisher\":{\"@id\":\"https:\\\/\\\/shangrila24.de\\\/es\\\/#organization\"},\"potentialAction\":[{\"@type\":\"SearchAction\",\"target\":{\"@type\":\"EntryPoint\",\"urlTemplate\":\"https:\\\/\\\/shangrila24.de\\\/es\\\/?s={search_term_string}\"},\"query-input\":{\"@type\":\"PropertyValueSpecification\",\"valueRequired\":true,\"valueName\":\"search_term_string\"}}],\"inLanguage\":\"es\"},{\"@type\":\"Organization\",\"@id\":\"https:\\\/\\\/shangrila24.de\\\/es\\\/#organization\",\"name\":\"Shangri La Reiseb\u00fcro\",\"url\":\"https:\\\/\\\/shangrila24.de\\\/es\\\/\",\"logo\":{\"@type\":\"ImageObject\",\"inLanguage\":\"es\",\"@id\":\"https:\\\/\\\/shangrila24.de\\\/es\\\/#\\\/schema\\\/logo\\\/image\\\/\",\"url\":\"https:\\\/\\\/shangrila24.de\\\/wp-content\\\/uploads\\\/2021\\\/11\\\/Shangrila-Reisebuero-Eppendorf-min.jpeg\",\"contentUrl\":\"https:\\\/\\\/shangrila24.de\\\/wp-content\\\/uploads\\\/2021\\\/11\\\/Shangrila-Reisebuero-Eppendorf-min.jpeg\",\"width\":724,\"height\":779,\"caption\":\"Shangri La Reiseb\u00fcro\"},\"image\":{\"@id\":\"https:\\\/\\\/shangrila24.de\\\/es\\\/#\\\/schema\\\/logo\\\/image\\\/\"},\"sameAs\":[\"https:\\\/\\\/www.instagram.com\\\/shangrila24.de\\\/\"]}]}<\/script>\n<!-- \/ Yoast SEO plugin. -->","yoast_head_json":{"title":"Carrera profesional - Shangri La","robots":{"index":"index","follow":"follow","max-snippet":"max-snippet:-1","max-image-preview":"max-image-preview:large","max-video-preview":"max-video-preview:-1"},"canonical":"https:\/\/shangrila24.de\/es\/carrera-profesional\/","og_locale":"es_ES","og_type":"article","og_title":"Carrera profesional - Shangri La","og_description":"Buscamos lo antes posible un colega a tiempo parcial o minijob (h\/m\/d). &nbsp;Eres una persona comprometida y apasionada y est\u00e1s buscando un trabajo a tiempo parcial o un miniempleo en nuestra agencia de viajes de Hamburgo Eimsb\u00fcttel. Damos la bienvenida tanto a candidatas como a candidatos con identidades de g\u00e9nero diversas. Puede esperar un ambiente [&hellip;]","og_url":"https:\/\/shangrila24.de\/es\/carrera-profesional\/","og_site_name":"Shangri La","article_modified_time":"2024-01-10T10:46:00+00:00","twitter_card":"summary_large_image","twitter_misc":{"Tiempo de lectura":"4 minutos"},"schema":{"@context":"https:\/\/schema.org","@graph":[{"@type":"WebPage","@id":"https:\/\/shangrila24.de\/es\/carrera-profesional\/","url":"https:\/\/shangrila24.de\/es\/carrera-profesional\/","name":"Carrera profesional - Shangri La","isPartOf":{"@id":"https:\/\/shangrila24.de\/es\/#website"},"datePublished":"2023-05-15T15:18:49+00:00","dateModified":"2024-01-10T10:46:00+00:00","breadcrumb":{"@id":"https:\/\/shangrila24.de\/es\/carrera-profesional\/#breadcrumb"},"inLanguage":"es","potentialAction":[{"@type":"ReadAction","target":["https:\/\/shangrila24.de\/es\/carrera-profesional\/"]}]},{"@type":"BreadcrumbList","@id":"https:\/\/shangrila24.de\/es\/carrera-profesional\/#breadcrumb","itemListElement":[{"@type":"ListItem","position":1,"name":"Startseite","item":"https:\/\/shangrila24.de\/es\/"},{"@type":"ListItem","position":2,"name":"Carrera profesional"}]},{"@type":"WebSite","@id":"https:\/\/shangrila24.de\/es\/#website","url":"https:\/\/shangrila24.de\/es\/","name":"Shangrila24","description":"Reiseb\u00fcro Hamburg Eppendorf","publisher":{"@id":"https:\/\/shangrila24.de\/es\/#organization"},"potentialAction":[{"@type":"SearchAction","target":{"@type":"EntryPoint","urlTemplate":"https:\/\/shangrila24.de\/es\/?s={search_term_string}"},"query-input":{"@type":"PropertyValueSpecification","valueRequired":true,"valueName":"search_term_string"}}],"inLanguage":"es"},{"@type":"Organization","@id":"https:\/\/shangrila24.de\/es\/#organization","name":"Shangri La Reiseb\u00fcro","url":"https:\/\/shangrila24.de\/es\/","logo":{"@type":"ImageObject","inLanguage":"es","@id":"https:\/\/shangrila24.de\/es\/#\/schema\/logo\/image\/","url":"https:\/\/shangrila24.de\/wp-content\/uploads\/2021\/11\/Shangrila-Reisebuero-Eppendorf-min.jpeg","contentUrl":"https:\/\/shangrila24.de\/wp-content\/uploads\/2021\/11\/Shangrila-Reisebuero-Eppendorf-min.jpeg","width":724,"height":779,"caption":"Shangri La Reiseb\u00fcro"},"image":{"@id":"https:\/\/shangrila24.de\/es\/#\/schema\/logo\/image\/"},"sameAs":["https:\/\/www.instagram.com\/shangrila24.de\/"]}]}},"_links":{"self":[{"href":"https:\/\/shangrila24.de\/es\/wp-json\/wp\/v2\/pages\/1097","targetHints":{"allow":["GET"]}}],"collection":[{"href":"https:\/\/shangrila24.de\/es\/wp-json\/wp\/v2\/pages"}],"about":[{"href":"https:\/\/shangrila24.de\/es\/wp-json\/wp\/v2\/types\/page"}],"author":[{"embeddable":true,"href":"https:\/\/shangrila24.de\/es\/wp-json\/wp\/v2\/users\/2"}],"replies":[{"embeddable":true,"href":"https:\/\/shangrila24.de\/es\/wp-json\/wp\/v2\/comments?post=1097"}],"version-history":[{"count":2,"href":"https:\/\/shangrila24.de\/es\/wp-json\/wp\/v2\/pages\/1097\/revisions"}],"predecessor-version":[{"id":1113,"href":"https:\/\/shangrila24.de\/es\/wp-json\/wp\/v2\/pages\/1097\/revisions\/1113"}],"wp:attachment":[{"href":"https:\/\/shangrila24.de\/es\/wp-json\/wp\/v2\/media?parent=1097"}],"curies":[{"name":"wp","href":"https:\/\/api.w.org\/{rel}","templated":true}]}}