{"id":1117,"date":"2021-11-29T14:37:35","date_gmt":"2021-11-29T14:37:35","guid":{"rendered":"https:\/\/shangrila24.de\/sri-lanka\/"},"modified":"2025-03-20T16:19:11","modified_gmt":"2025-03-20T16:19:11","slug":"sri-lanka","status":"publish","type":"page","link":"https:\/\/shangrila24.de\/es\/sri-lanka\/","title":{"rendered":"SRI LANKA"},"content":{"rendered":"<p>[et_pb_section fb_built=\u00bb1&#8243; fullwidth=\u00bbon\u00bb _builder_version=\u00bb4.16&#8243; _module_preset=\u00bbdefault\u00bb global_colors_info=\u00bb{}\u00bb][et_pb_fullwidth_image src=\u00bbhttp:\/\/shangrila24.de\/wp-content\/uploads\/2021\/11\/Shangrila-Sri-Lanka-Hamburg-Reisebu\u0308ro-experte-1-min-1-scaled-e1638196708179.jpg\u00bb title_text=\u00bbShangrila Sri Lanka Hamburgo agencia de viajes experte-1-min\u00bb _builder_version=\u00bb4.16&#8243; _module_preset=\u00bbdefault\u00bb global_colors_info=\u00bb{}\u00bb][\/et_pb_fullwidth_image][\/et_pb_section][et_pb_section fb_built=\u00bb1&#8243; custom_padding_last_edited=\u00bbon|desktop\u00bb _builder_version=\u00bb4.16&#8243; custom_padding=\u00bb50px||80px||false|false\u00bb custom_padding_tablet=\u00bb50px||80px||false|false\u00bb custom_padding_phone=\u00bb0px||30px||false|false\u00bb global_colors_info=\u00bb{}\u00bb][et_pb_row _builder_version=\u00bb4.16&#8243; custom_margin=\u00bb||0px||false|false\u00bb custom_padding=\u00bb||0px||false|false\u00bb global_colors_info=\u00bb{}\u00bb][et_pb_column type=\u00bb4_4&#8243; _builder_version=\u00bb4.16&#8243; custom_padding=\u00bb|||\u00bb global_colors_info=\u00bb{}\u00bb custom_padding__hover=\u00bb|||\u00bb][et_pb_text admin_label=\u00bbDiscover Beatuty Title\u00bb _builder_version=\u00bb4.16&#8243; text_font=\u00bb||||\u00bb text_text_color=\u00bb#1a1a1a\u00bb header_font=\u00bb|800||on|||||\u00bb header_text_align=\u00bbleft\u00bb header_font_size=\u00bb52px\u00bb header_line_height=\u00bb1.1em\u00bb animation_style=\u00bbslide\u00bb animation_direction=\u00bb%22fade_in%22&#8243; animation_duration=\u00bb500ms\u00bb animation_intensity_slide=\u00bb10%\u00bb global_colors_info=\u00bb{}\u00bb]<\/p>\n<h1>Para\u00edso en el Oc\u00e9ano \u00cdndico:<\/h1>\n<p>[\/et_pb_text][et_pb_text admin_label=\u00bbDiscover Beatuty Sub Title\u00bb _builder_version=\u00bb4.16&#8243; text_font=\u00bbOpen Sans||||||||\u00bb text_text_color=\u00bb#1a1a1a\u00bb text_font_size=\u00bb20px\u00bb text_line_height=\u00bb1.4em\u00bb animation_style=\u00bbslide\u00bb animation_direction=\u00bbtop\u00bb animation_delay=\u00bb100ms\u00bb animation_intensity_slide=\u00bb10%\u00bb global_colors_info=\u00bb{}\u00bb]<\/p>\n<p><em>Perm\u00edtanos hacer que sus vacaciones en Sri Lanka sean inolvidables organizando un viaje de ensue\u00f1o a su medida.<\/em><\/p>\n<p>[\/et_pb_text][et_pb_divider divider_position=\u00bbcenter\u00bb divider_weight=\u00bb3px\u00bb disabled_on=\u00bboff|off|off\u00bb _builder_version=\u00bb4.16&#8243; max_width=\u00bb150px\u00bb height=\u00bbfalse\u00bb animation_style=\u00bbslide\u00bb animation_direction=\u00bbtop\u00bb animation_delay=\u00bb200ms\u00bb animation_intensity_slide=\u00bb10%\u00bb global_colors_info=\u00bb{}\u00bb][\/et_pb_divider][et_pb_text disabled_on=\u00bboff|off|off%22%22&#8243; admin_label=\u00bbDiscover Beatuty Text\u00bb _builder_version=\u00bb4.27.4&#8243; text_font=\u00bbOpen Sans||||||||\u00bb text_font_size=\u00bb16px\u00bb text_line_height=\u00bb1.9em\u00bb custom_padding=\u00bb0px||||false|false\u00bb animation_style=\u00bbslide\u00bb animation_direction=\u00bbtop\u00bb animation_delay=\u00bb300ms\u00bb animation_intensity_slide=\u00bb10%\u00bb global_colors_info=\u00bb{}\u00bb]<\/p>\n<p>\u00bfSiempre ha querido viajar a Sri Lanka y no quiere dejar nada al azar? Entonces somos el contacto perfecto para usted. Le confeccionaremos un paquete de vacaciones individualizado, para que ninguno de sus deseos quede sin cumplir. Somos especialistas en viajes a este ex\u00f3tico para\u00edso desde hace muchos a\u00f1os y conocemos el pa\u00eds como la palma de nuestra mano. Le daremos todos nuestros consejos personales sobre Sri Lanka antes de partir y nos aseguraremos de que su viaje sea un sue\u00f1o hecho realidad.<\/p>\n<p>Sri Lanka est\u00e1 situada en el oc\u00e9ano \u00cdndico, al sureste de la costa de la India. El estado insular es conocido sobre todo por sus impresionantes paisajes y su fauna, as\u00ed como por las vacaciones ayurv\u00e9dicas y el surf. Pero esta hermosa isla ofrece muchas m\u00e1s oportunidades para realizar actividades y hacer turismo por Sri Lanka. Podr\u00e1 hacer senderismo por las mesetas, bucear o practicar esn\u00f3rquel en las aguas cristalinas, maravillarse con los templos y los elefantes en libertad, descubrir parques nacionales y plantaciones de t\u00e9. O simplemente puede tumbarse en una de las largas playas de arena y escuchar el sonido del mar.<\/p>\n<p>Si optas por unas vacaciones activas, de bienestar o culturales, estaremos encantados de reservarte las mejores excursiones, de forma fiable y econ\u00f3mica. Esto se debe a que tenemos contactos personales en Sri Lanka y tambi\u00e9n trabajamos con las mayores agencias de viajes locales. D\u00edganos cu\u00e1les son sus intereses y le propondremos excursiones y actividades deportivas. Tambi\u00e9n ofrecemos viajes de ida y vuelta con nuestro propio conductor. De este modo, podemos garantizarle la m\u00e1xima seguridad con respecto a Corona, por ejemplo, y la m\u00e1xima privacidad si as\u00ed lo desea.<\/p>\n<p>[\/et_pb_text][et_pb_text admin_label=\u00bbDiscover Beatuty Sub Title\u00bb _builder_version=\u00bb4.27.4&#8243; text_font=\u00bbOpen Sans||||||||\u00bb text_text_color=\u00bb#487723&#8243; text_font_size=\u00bb20px\u00bb text_line_height=\u00bb1.4em\u00bb animation_style=\u00bbslide\u00bb animation_direction=\u00bbtop\u00bb animation_delay=\u00bb100ms\u00bb animation_intensity_slide=\u00bb10%\u00bb locked=\u00bboff\u00bb global_colors_info=\u00bb{}\u00bb]<\/p>\n<p><em><a href=\"https:\/\/shangrila24.de\/es\/hikkaduwa-sri-lanka\/\">\u00bfSigues buscando las vacaciones perfectas en Sri Lanka? Pues aqu\u00ed tenemos unos consejos muy especiales, \u00a1con una recomendaci\u00f3n personal!<\/a>.<\/em><\/p>\n<p>[\/et_pb_text][\/et_pb_column][\/et_pb_row][et_pb_row _builder_version=\u00bb4.27.4&#8243; _module_preset=\u00bbdefault\u00bb global_colors_info=\u00bb{}\u00bb][et_pb_column type=\u00bb4_4&#8243; _builder_version=\u00bb4.27.4&#8243; _module_preset=\u00bbdefault\u00bb global_colors_info=\u00bb{}\u00bb][et_pb_code _builder_version=\u00bb4.27.4&#8243; _module_preset=\u00bbdefault\u00bb global_colors_info=\u00bb{}\u00bb][wpgmza id=\u00bb1&#8243;][\/et_pb_code][\/et_pb_column][\/et_pb_row][et_pb_row column_structure=\u00bb1_3,1_3,1_3&#8243; _builder_version=\u00bb4.27.4&#8243; _module_preset=\u00bbdefault\u00bb global_colors_info=\u00bb{}\u00bb][et_pb_column type=\u00bb1_3&#8243; _builder_version=\u00bb4.27.4&#8243; _module_preset=\u00bbdefault\u00bb global_colors_info=\u00bb{}\u00bb][et_pb_blurb title=\u00bbHikkaduwa, Sri Lanka\u00bb url=\u00bb@ET-DC@eyJkeW5hbWljIjp0cnVlLCJjb250ZW50IjoicG9zdF9saW5rX3VybF9wYWdlIiwic2V0dGluZ3MiOnsicG9zdF9pZCI6IjI2NyJ9fQ==@\u00bb image=\u00bbhttps:\/\/shangrila24.de\/wp-content\/uploads\/2021\/12\/Hikkaduwa-Sri-Lanka-Shangrila24-Reisebuero-Eppendorf-7-min.jpg\u00bb _builder_version=\u00bb4.27.4&#8243; _dynamic_attributes=\u00bburl,link_option_url\u00bb _module_preset=\u00bbdefault\u00bb header_font=\u00bb|800|||||||\u00bb header_text_align=\u00bbcenter\u00bb header_text_color=\u00bb#67c3c6&#8243; link_option_url=\u00bb@ET-DC@eyJkeW5hbWljIjp0cnVlLCJjb250ZW50IjoicG9zdF9saW5rX3VybF9wYWdlIiwic2V0dGluZ3MiOnsicG9zdF9pZCI6IjI2NyJ9fQ==@\u00bb global_colors_info=\u00bb{}\u00bb]<\/p>\n<p style=\"text-align: center;\"><strong>Sri Lanka, donde crece la pimienta<\/strong><\/p>\n<p>[\/et_pb_blurb][\/et_pb_column][et_pb_column type=\u00bb1_3&#8243; _builder_version=\u00bb4.27.4&#8243; _module_preset=\u00bbdefault\u00bb global_colors_info=\u00bb{}\u00bb][et_pb_blurb title=\u00bbAyurveda, Sri Lanka\u00bb url=\u00bb@ET-DC@eyJkeW5hbWljIjp0cnVlLCJjb250ZW50IjoicG9zdF9saW5rX3VybF9wYWdlIiwic2V0dGluZ3MiOnsicG9zdF9pZCI6IjE1MzQifX0=@\u00bb image=\u00bbhttps:\/\/shangrila24.de\/wp-content\/uploads\/2025\/03\/Ayurved-Frontansicht-klein.webp\u00bb _builder_version=\u00bb4.27.4&#8243; _dynamic_attributes=\u00bburl,link_option_url\u00bb _module_preset=\u00bbdefault\u00bb header_font=\u00bb|800|||||||\u00bb header_text_align=\u00bbcenter\u00bb header_text_color=\u00bb#67c3c6&#8243; link_option_url=\u00bb@ET-DC@eyJkeW5hbWljIjp0cnVlLCJjb250ZW50IjoicG9zdF9saW5rX3VybF9wYWdlIiwic2V0dGluZ3MiOnsicG9zdF9pZCI6IjE1MzQifX0=@\u00bb global_colors_info=\u00bb{}\u00bb]<\/p>\n<p style=\"text-align: center;\"><strong><span lang=\"EN-GB\">Casa Ayurveda Naturaleza Pura &#8211; para la mente y el cuerpo<\/span><\/strong><\/p>\n<p>[\/et_pb_blurb][\/et_pb_column][et_pb_column type=\u00bb1_3&#8243; _builder_version=\u00bb4.27.4&#8243; _module_preset=\u00bbdefault\u00bb global_colors_info=\u00bb{}\u00bb][et_pb_blurb title=\u00bbLawrence Hill, Sri Lanka\u00bb url=\u00bb@ET-DC@eyJkeW5hbWljIjp0cnVlLCJjb250ZW50IjoicG9zdF9saW5rX3VybF9wYWdlIiwic2V0dGluZ3MiOnsicG9zdF9pZCI6IjE5MTQifX0=@\u00bb image=\u00bbhttps:\/\/shangrila24.de\/wp-content\/uploads\/2025\/03\/Aufguss-Stirn-Titel.webp\u00bb _builder_version=\u00bb4.27.4&#8243; _dynamic_attributes=\u00bburl,link_option_url\u00bb _module_preset=\u00bbdefault\u00bb header_font=\u00bb|800|||||||\u00bb header_text_align=\u00bbcenter\u00bb header_text_color=\u00bb#67c3c6&#8243; body_font=\u00bbOpen Sans||||||||\u00bb link_option_url=\u00bb@ET-DC@eyJkeW5hbWljIjp0cnVlLCJjb250ZW50IjoicG9zdF9saW5rX3VybF9wYWdlIiwic2V0dGluZ3MiOnsicG9zdF9pZCI6IjE5MTQifX0=@\u00bb locked=\u00bboff\u00bb global_colors_info=\u00bb{}\u00bb]<\/p>\n<p style=\"text-align: center;\"><a name=\"_s2g3yb12t68c\"><\/a><strong>Curaci\u00f3n y relajaci\u00f3n en un para\u00edso tropical<\/strong><\/p>\n<p>[\/et_pb_blurb][\/et_pb_column][\/et_pb_row][et_pb_row column_structure=\u00bb1_3,1_3,1_3&#8243; _builder_version=\u00bb4.27.4&#8243; _module_preset=\u00bbdefault\u00bb global_colors_info=\u00bb{}\u00bb][et_pb_column type=\u00bb1_3&#8243; _builder_version=\u00bb4.27.4&#8243; _module_preset=\u00bbdefault\u00bb global_colors_info=\u00bb{}\u00bb][et_pb_button button_url=\u00bb@ET-DC@eyJkeW5hbWljIjp0cnVlLCJjb250ZW50IjoicG9zdF9saW5rX3VybF9wYWdlIiwic2V0dGluZ3MiOnsicG9zdF9pZCI6IjIxNyJ9fQ==@\u00bb button_text=\u00bbSolicita m\u00e1s informaci\u00f3n\u00bb _builder_version=\u00bb4.27.4&#8243; _dynamic_attributes=\u00bbbutton_url\u00bb _module_preset=\u00bbdefault\u00bb global_colors_info=\u00bb{}\u00bb][\/et_pb_button][\/et_pb_column][et_pb_column type=\u00bb1_3&#8243; _builder_version=\u00bb4.27.4&#8243; _module_preset=\u00bbdefault\u00bb global_colors_info=\u00bb{}\u00bb][\/et_pb_column][et_pb_column type=\u00bb1_3&#8243; _builder_version=\u00bb4.27.4&#8243; _module_preset=\u00bbdefault\u00bb global_colors_info=\u00bb{}\u00bb][et_pb_button button_url=\u00bb@ET-DC@eyJkeW5hbWljIjp0cnVlLCJjb250ZW50IjoicG9zdF9saW5rX3VybF9wYWdlIiwic2V0dGluZ3MiOnsicG9zdF9pZCI6IjExMiJ9fQ==@\u00bb button_text=\u00bbM\u00e1s perlas peque\u00f1as\u00bb button_alignment=\u00bbcenter\u00bb _builder_version=\u00bb4.27.4&#8243; _dynamic_attributes=\u00bbbutton_url\u00bb _module_preset=\u00bbdefault\u00bb global_colors_info=\u00bb{}\u00bb][\/et_pb_button][\/et_pb_column][\/et_pb_row][\/et_pb_section][et_pb_section fb_built=\u00bb1&#8243; _builder_version=\u00bb4.16&#8243; _module_preset=\u00bbdefault\u00bb custom_margin=\u00bb||0px||false|false\u00bb custom_padding=\u00bb||0px||false|false\u00bb global_colors_info=\u00bb{}\u00bb][et_pb_row column_structure=\u00bb1_3,1_3,1_3&#8243; use_custom_gutter=\u00bbon\u00bb gutter_width=\u00bb1&#8243; _builder_version=\u00bb4.16&#8243; _module_preset=\u00bbdefault\u00bb width=\u00bb100%\u00bb max_width=\u00bb100%\u00bb custom_margin=\u00bb0px||0px||false|false\u00bb custom_padding=\u00bb0px||0px||false|false\u00bb global_colors_info=\u00bb{}\u00bb][et_pb_column type=\u00bb1_3&#8243; _builder_version=\u00bb4.16&#8243; _module_preset=\u00bbdefault\u00bb global_colors_info=\u00bb{}\u00bb][et_pb_image src=\u00bbhttps:\/\/shangrila24.de\/wp-content\/uploads\/2021\/11\/Shangrila-Sri-Lanka-Hamburg-Reisebu\u0308ro-experte.jpg\u00bb title_text=\u00bbShangrila Sri Lanka Hamburgo agencia de viajes experta\u00bb show_in_lightbox=\u00bbon\u00bb _builder_version=\u00bb4.16&#8243; _module_preset=\u00bbdefault\u00bb animation_style=\u00bbzoom\u00bb global_colors_info=\u00bb{}\u00bb][\/et_pb_image][\/et_pb_column][et_pb_column type=\u00bb1_3&#8243; _builder_version=\u00bb4.16&#8243; _module_preset=\u00bbdefault\u00bb global_colors_info=\u00bb{}\u00bb][et_pb_image src=\u00bbhttps:\/\/shangrila24.de\/wp-content\/uploads\/2021\/11\/Shangrila-Sri-Lanka-Hamburg-Reisebu\u0308ro-experte-3.jpg\u00bb title_text=\u00bbShangrila Sri Lanka Hamburgo agencia de viajes experte-3&#8243; show_in_lightbox=\u00bbon\u00bb _builder_version=\u00bb4.16&#8243; _module_preset=\u00bbdefault\u00bb animation_style=\u00bbzoom\u00bb global_colors_info=\u00bb{}\u00bb][\/et_pb_image][\/et_pb_column][et_pb_column type=\u00bb1_3&#8243; _builder_version=\u00bb4.16&#8243; _module_preset=\u00bbdefault\u00bb global_colors_info=\u00bb{}\u00bb][et_pb_image src=\u00bbhttps:\/\/shangrila24.de\/wp-content\/uploads\/2021\/11\/Shangrila-Sri-Lanka-Hamburg-Reisebu\u0308ro-experte-4.jpg\u00bb title_text=\u00bbShangrila Sri Lanka Hamburgo agencia de viajes experte-4&#8243; show_in_lightbox=\u00bbon\u00bb _builder_version=\u00bb4.16&#8243; _module_preset=\u00bbdefault\u00bb animation_style=\u00bbzoom\u00bb global_colors_info=\u00bb{}\u00bb][\/et_pb_image][\/et_pb_column][\/et_pb_row][et_pb_row column_structure=\u00bb1_3,1_3,1_3&#8243; use_custom_gutter=\u00bbon\u00bb gutter_width=\u00bb1&#8243; _builder_version=\u00bb4.16&#8243; _module_preset=\u00bbdefault\u00bb width=\u00bb100%\u00bb max_width=\u00bb100%\u00bb custom_margin=\u00bb0px||0px||false|false\u00bb custom_padding=\u00bb0px||0px||false|false\u00bb global_colors_info=\u00bb{}\u00bb][et_pb_column type=\u00bb1_3&#8243; _builder_version=\u00bb4.16&#8243; _module_preset=\u00bbdefault\u00bb global_colors_info=\u00bb{}\u00bb][et_pb_image src=\u00bbhttps:\/\/shangrila24.de\/wp-content\/uploads\/2021\/11\/Shangrila-Sri-Lanka-Hamburg-Reisebu\u0308ro-experte-2.jpg\u00bb title_text=\u00bbShangrila Sri Lanka Hamburgo agencia de viajes experte-2&#8243; show_in_lightbox=\u00bbon\u00bb _builder_version=\u00bb4.16&#8243; _module_preset=\u00bbdefault\u00bb animation_style=\u00bbzoom\u00bb global_colors_info=\u00bb{}\u00bb][\/et_pb_image][\/et_pb_column][et_pb_column type=\u00bb1_3&#8243; _builder_version=\u00bb4.16&#8243; _module_preset=\u00bbdefault\u00bb global_colors_info=\u00bb{}\u00bb][et_pb_image src=\u00bbhttps:\/\/shangrila24.de\/wp-content\/uploads\/2021\/11\/Shangrila-Sri-Lanka-Hamburg-Reisebu\u0308ro-experte-5.jpg\u00bb title_text=\u00bbShangrila Sri Lanka Hamburgo agencia de viajes experte-5&#8243; show_in_lightbox=\u00bbon\u00bb _builder_version=\u00bb4.16&#8243; _module_preset=\u00bbdefault\u00bb animation_style=\u00bbzoom\u00bb global_colors_info=\u00bb{}\u00bb][\/et_pb_image][\/et_pb_column][et_pb_column type=\u00bb1_3&#8243; _builder_version=\u00bb4.16&#8243; _module_preset=\u00bbdefault\u00bb global_colors_info=\u00bb{}\u00bb][et_pb_image src=\u00bbhttps:\/\/shangrila24.de\/wp-content\/uploads\/2021\/11\/Shangrila-Sri-Lanka-Hamburg-Reisebu\u0308ro-experte-6.jpg\u00bb title_text=\u00bbShangrila Sri Lanka Hamburgo agencia de viajes experte-6&#8243; show_in_lightbox=\u00bbon\u00bb _builder_version=\u00bb4.16&#8243; _module_preset=\u00bbdefault\u00bb animation_style=\u00bbzoom\u00bb global_colors_info=\u00bb{}\u00bb][\/et_pb_image][\/et_pb_column][\/et_pb_row][\/et_pb_section]<\/p>\n","protected":false},"excerpt":{"rendered":"<p>Para\u00edso en el Oc\u00e9ano \u00cdndico:Perm\u00edtanos hacer que sus vacaciones en Sri Lanka sean inolvidables organizando un viaje de ensue\u00f1o a su medida.\u00bfSiempre ha querido viajar a Sri Lanka y no quiere dejar nada al azar? Entonces somos el contacto perfecto para usted. Le confeccionaremos un paquete de vacaciones individualizado, para que ninguno de sus deseos [&hellip;]<\/p>\n","protected":false},"author":1,"featured_media":0,"parent":0,"menu_order":0,"comment_status":"closed","ping_status":"closed","template":"","meta":{"_et_pb_use_builder":"on","_et_pb_old_content":"","_et_gb_content_width":"","footnotes":""},"class_list":["post-1117","page","type-page","status-publish","hentry"],"yoast_head":"<!-- This site is optimized with the Yoast SEO plugin v27.5 - https:\/\/yoast.com\/product\/yoast-seo-wordpress\/ -->\n<title>SRI LANKA - Shangri La<\/title>\n<meta name=\"description\" content=\"Planifica con nosotros tus inolvidables vacaciones en Sri Lanka. Ofertas de viaje personalizadas y consejos de expertos para el para\u00edso del oc\u00e9ano \u00cdndico.\" \/>\n<meta name=\"robots\" content=\"index, follow, max-snippet:-1, max-image-preview:large, max-video-preview:-1\" \/>\n<link rel=\"canonical\" href=\"https:\/\/shangrila24.de\/es\/sri-lanka\/\" \/>\n<meta property=\"og:locale\" content=\"es_ES\" \/>\n<meta property=\"og:type\" content=\"article\" \/>\n<meta property=\"og:title\" content=\"SRI LANKA - Shangri La\" \/>\n<meta property=\"og:description\" content=\"Planifica con nosotros tus inolvidables vacaciones en Sri Lanka. Ofertas de viaje personalizadas y consejos de expertos para el para\u00edso del oc\u00e9ano \u00cdndico.\" \/>\n<meta property=\"og:url\" content=\"https:\/\/shangrila24.de\/es\/sri-lanka\/\" \/>\n<meta property=\"og:site_name\" content=\"Shangri La\" \/>\n<meta property=\"article:modified_time\" content=\"2025-03-20T16:19:11+00:00\" \/>\n<meta name=\"twitter:card\" content=\"summary_large_image\" \/>\n<meta name=\"twitter:label1\" content=\"Tiempo de lectura\" \/>\n\t<meta name=\"twitter:data1\" content=\"8 minutos\" \/>\n<script type=\"application\/ld+json\" class=\"yoast-schema-graph\">{\"@context\":\"https:\\\/\\\/schema.org\",\"@graph\":[{\"@type\":\"WebPage\",\"@id\":\"https:\\\/\\\/shangrila24.de\\\/es\\\/sri-lanka\\\/\",\"url\":\"https:\\\/\\\/shangrila24.de\\\/es\\\/sri-lanka\\\/\",\"name\":\"SRI LANKA - Shangri La\",\"isPartOf\":{\"@id\":\"https:\\\/\\\/shangrila24.de\\\/es\\\/#website\"},\"datePublished\":\"2021-11-29T14:37:35+00:00\",\"dateModified\":\"2025-03-20T16:19:11+00:00\",\"description\":\"Planifica con nosotros tus inolvidables vacaciones en Sri Lanka. Ofertas de viaje personalizadas y consejos de expertos para el para\u00edso del oc\u00e9ano \u00cdndico.\",\"breadcrumb\":{\"@id\":\"https:\\\/\\\/shangrila24.de\\\/es\\\/sri-lanka\\\/#breadcrumb\"},\"inLanguage\":\"es\",\"potentialAction\":[{\"@type\":\"ReadAction\",\"target\":[\"https:\\\/\\\/shangrila24.de\\\/es\\\/sri-lanka\\\/\"]}]},{\"@type\":\"BreadcrumbList\",\"@id\":\"https:\\\/\\\/shangrila24.de\\\/es\\\/sri-lanka\\\/#breadcrumb\",\"itemListElement\":[{\"@type\":\"ListItem\",\"position\":1,\"name\":\"Startseite\",\"item\":\"https:\\\/\\\/shangrila24.de\\\/es\\\/\"},{\"@type\":\"ListItem\",\"position\":2,\"name\":\"SRI LANKA\"}]},{\"@type\":\"WebSite\",\"@id\":\"https:\\\/\\\/shangrila24.de\\\/es\\\/#website\",\"url\":\"https:\\\/\\\/shangrila24.de\\\/es\\\/\",\"name\":\"Shangrila24\",\"description\":\"Reiseb\u00fcro Hamburg Eppendorf\",\"publisher\":{\"@id\":\"https:\\\/\\\/shangrila24.de\\\/es\\\/#organization\"},\"potentialAction\":[{\"@type\":\"SearchAction\",\"target\":{\"@type\":\"EntryPoint\",\"urlTemplate\":\"https:\\\/\\\/shangrila24.de\\\/es\\\/?s={search_term_string}\"},\"query-input\":{\"@type\":\"PropertyValueSpecification\",\"valueRequired\":true,\"valueName\":\"search_term_string\"}}],\"inLanguage\":\"es\"},{\"@type\":\"Organization\",\"@id\":\"https:\\\/\\\/shangrila24.de\\\/es\\\/#organization\",\"name\":\"Shangri La Reiseb\u00fcro\",\"url\":\"https:\\\/\\\/shangrila24.de\\\/es\\\/\",\"logo\":{\"@type\":\"ImageObject\",\"inLanguage\":\"es\",\"@id\":\"https:\\\/\\\/shangrila24.de\\\/es\\\/#\\\/schema\\\/logo\\\/image\\\/\",\"url\":\"https:\\\/\\\/shangrila24.de\\\/wp-content\\\/uploads\\\/2021\\\/11\\\/Shangrila-Reisebuero-Eppendorf-min.jpeg\",\"contentUrl\":\"https:\\\/\\\/shangrila24.de\\\/wp-content\\\/uploads\\\/2021\\\/11\\\/Shangrila-Reisebuero-Eppendorf-min.jpeg\",\"width\":724,\"height\":779,\"caption\":\"Shangri La Reiseb\u00fcro\"},\"image\":{\"@id\":\"https:\\\/\\\/shangrila24.de\\\/es\\\/#\\\/schema\\\/logo\\\/image\\\/\"},\"sameAs\":[\"https:\\\/\\\/www.instagram.com\\\/shangrila24.de\\\/\"]}]}<\/script>\n<!-- \/ Yoast SEO plugin. -->","yoast_head_json":{"title":"SRI LANKA - Shangri La","description":"Planifica con nosotros tus inolvidables vacaciones en Sri Lanka. Ofertas de viaje personalizadas y consejos de expertos para el para\u00edso del oc\u00e9ano \u00cdndico.","robots":{"index":"index","follow":"follow","max-snippet":"max-snippet:-1","max-image-preview":"max-image-preview:large","max-video-preview":"max-video-preview:-1"},"canonical":"https:\/\/shangrila24.de\/es\/sri-lanka\/","og_locale":"es_ES","og_type":"article","og_title":"SRI LANKA - Shangri La","og_description":"Planifica con nosotros tus inolvidables vacaciones en Sri Lanka. Ofertas de viaje personalizadas y consejos de expertos para el para\u00edso del oc\u00e9ano \u00cdndico.","og_url":"https:\/\/shangrila24.de\/es\/sri-lanka\/","og_site_name":"Shangri La","article_modified_time":"2025-03-20T16:19:11+00:00","twitter_card":"summary_large_image","twitter_misc":{"Tiempo de lectura":"8 minutos"},"schema":{"@context":"https:\/\/schema.org","@graph":[{"@type":"WebPage","@id":"https:\/\/shangrila24.de\/es\/sri-lanka\/","url":"https:\/\/shangrila24.de\/es\/sri-lanka\/","name":"SRI LANKA - Shangri La","isPartOf":{"@id":"https:\/\/shangrila24.de\/es\/#website"},"datePublished":"2021-11-29T14:37:35+00:00","dateModified":"2025-03-20T16:19:11+00:00","description":"Planifica con nosotros tus inolvidables vacaciones en Sri Lanka. Ofertas de viaje personalizadas y consejos de expertos para el para\u00edso del oc\u00e9ano \u00cdndico.","breadcrumb":{"@id":"https:\/\/shangrila24.de\/es\/sri-lanka\/#breadcrumb"},"inLanguage":"es","potentialAction":[{"@type":"ReadAction","target":["https:\/\/shangrila24.de\/es\/sri-lanka\/"]}]},{"@type":"BreadcrumbList","@id":"https:\/\/shangrila24.de\/es\/sri-lanka\/#breadcrumb","itemListElement":[{"@type":"ListItem","position":1,"name":"Startseite","item":"https:\/\/shangrila24.de\/es\/"},{"@type":"ListItem","position":2,"name":"SRI LANKA"}]},{"@type":"WebSite","@id":"https:\/\/shangrila24.de\/es\/#website","url":"https:\/\/shangrila24.de\/es\/","name":"Shangrila24","description":"Reiseb\u00fcro Hamburg Eppendorf","publisher":{"@id":"https:\/\/shangrila24.de\/es\/#organization"},"potentialAction":[{"@type":"SearchAction","target":{"@type":"EntryPoint","urlTemplate":"https:\/\/shangrila24.de\/es\/?s={search_term_string}"},"query-input":{"@type":"PropertyValueSpecification","valueRequired":true,"valueName":"search_term_string"}}],"inLanguage":"es"},{"@type":"Organization","@id":"https:\/\/shangrila24.de\/es\/#organization","name":"Shangri La Reiseb\u00fcro","url":"https:\/\/shangrila24.de\/es\/","logo":{"@type":"ImageObject","inLanguage":"es","@id":"https:\/\/shangrila24.de\/es\/#\/schema\/logo\/image\/","url":"https:\/\/shangrila24.de\/wp-content\/uploads\/2021\/11\/Shangrila-Reisebuero-Eppendorf-min.jpeg","contentUrl":"https:\/\/shangrila24.de\/wp-content\/uploads\/2021\/11\/Shangrila-Reisebuero-Eppendorf-min.jpeg","width":724,"height":779,"caption":"Shangri La Reiseb\u00fcro"},"image":{"@id":"https:\/\/shangrila24.de\/es\/#\/schema\/logo\/image\/"},"sameAs":["https:\/\/www.instagram.com\/shangrila24.de\/"]}]}},"_links":{"self":[{"href":"https:\/\/shangrila24.de\/es\/wp-json\/wp\/v2\/pages\/1117","targetHints":{"allow":["GET"]}}],"collection":[{"href":"https:\/\/shangrila24.de\/es\/wp-json\/wp\/v2\/pages"}],"about":[{"href":"https:\/\/shangrila24.de\/es\/wp-json\/wp\/v2\/types\/page"}],"author":[{"embeddable":true,"href":"https:\/\/shangrila24.de\/es\/wp-json\/wp\/v2\/users\/1"}],"replies":[{"embeddable":true,"href":"https:\/\/shangrila24.de\/es\/wp-json\/wp\/v2\/comments?post=1117"}],"version-history":[{"count":52,"href":"https:\/\/shangrila24.de\/es\/wp-json\/wp\/v2\/pages\/1117\/revisions"}],"predecessor-version":[{"id":2462,"href":"https:\/\/shangrila24.de\/es\/wp-json\/wp\/v2\/pages\/1117\/revisions\/2462"}],"wp:attachment":[{"href":"https:\/\/shangrila24.de\/es\/wp-json\/wp\/v2\/media?parent=1117"}],"curies":[{"name":"wp","href":"https:\/\/api.w.org\/{rel}","templated":true}]}}