{"id":1122,"date":"2021-11-29T14:47:25","date_gmt":"2021-11-29T14:47:25","guid":{"rendered":"https:\/\/shangrila24.de\/consejos\/"},"modified":"2025-07-27T12:52:16","modified_gmt":"2025-07-27T12:52:16","slug":"consejos","status":"publish","type":"page","link":"https:\/\/shangrila24.de\/es\/casas-de-vacaciones-2\/consejos\/","title":{"rendered":"Consejos"},"content":{"rendered":"<p>[et_pb_section fb_built=\u00bb1&#8243; fullwidth=\u00bbon\u00bb admin_label=\u00bbHero\u00bb _builder_version=\u00bb4.16&#8243; background_color=\u00bb#233b4e\u00bb parallax=\u00bbon\u00bb custom_padding=\u00bb0px|0px|0px|0px\u00bb global_colors_info=\u00bb{}\u00bb][et_pb_fullwidth_image src=\u00bbhttp:\/\/shangrila24.de\/wp-content\/uploads\/2021\/11\/Tipps-Shangrila-Reisebuero-hamburg-min-scaled-e1638197346441.jpg\u00bb alt=\u00bbAuroras Boreales en Laponia &#8211; Recomendaci\u00f3n de una agencia de viajes de Hamburgo\u00bb title_text=\u00bbConsejos Shangrila agencia de viajes hamburg-min\u00bb _builder_version=\u00bb4.27.4&#8243; _module_preset=\u00bbdefault\u00bb global_colors_info=\u00bb{}\u00bb][\/et_pb_fullwidth_image][\/et_pb_section][et_pb_section fb_built=\u00bb1&#8243; _builder_version=\u00bb4.16&#8243; _module_preset=\u00bbdefault\u00bb module_alignment=\u00bbright\u00bb custom_margin=\u00bb10px||||false|false\u00bb custom_padding=\u00bb0px||||false|false\u00bb global_colors_info=\u00bb{}\u00bb][et_pb_row _builder_version=\u00bb4.16&#8243; _module_preset=\u00bbdefault\u00bb custom_margin=\u00bb0px||||false|false\u00bb custom_padding=\u00bb0px||||false|false\u00bb global_colors_info=\u00bb{}\u00bb][et_pb_column type=\u00bb4_4&#8243; _builder_version=\u00bb4.16&#8243; _module_preset=\u00bbdefault\u00bb global_colors_info=\u00bb{}\u00bb][et_pb_text _builder_version=\u00bb4.16&#8243; _module_preset=\u00bbdefault\u00bb text_font=\u00bbOpen Sans||||||||\u00bb custom_margin=\u00bb0px||||false|false\u00bb custom_padding=\u00bb0px||||false|false\u00bb global_colors_info=\u00bb{}\u00bb]<\/p>\n<p class=\"p1\" style=\"text-align: right;\">Auroras boreales en Laponia<\/p>\n<p>[\/et_pb_text][\/et_pb_column][\/et_pb_row][\/et_pb_section][et_pb_section fb_built=\u00bb1&#8243; custom_padding_last_edited=\u00bbon|desktop\u00bb _builder_version=\u00bb4.16&#8243; custom_padding=\u00bb50px||80px||false|false\u00bb custom_padding_tablet=\u00bb50px||80px||false|false\u00bb custom_padding_phone=\u00bb0px||30px||false|false\u00bb global_colors_info=\u00bb{}\u00bb][et_pb_row _builder_version=\u00bb4.16&#8243; custom_margin=\u00bb||0px||false|false\u00bb custom_padding=\u00bb||0px||false|false\u00bb global_colors_info=\u00bb{}\u00bb][et_pb_column type=\u00bb4_4&#8243; _builder_version=\u00bb4.16&#8243; custom_padding=\u00bb|||\u00bb global_colors_info=\u00bb{}\u00bb custom_padding__hover=\u00bb|||\u00bb][et_pb_text admin_label=\u00bbDiscover Beatuty Title\u00bb _builder_version=\u00bb4.16&#8243; text_font=\u00bb||||\u00bb text_text_color=\u00bb#1a1a1a\u00bb header_font=\u00bb|800||on|||||\u00bb header_text_align=\u00bbleft\u00bb header_font_size=\u00bb52px\u00bb header_line_height=\u00bb1.1em\u00bb animation_style=\u00bbslide\u00bb animation_direction=\u00bb%22fade_in%22&#8243; animation_duration=\u00bb500ms\u00bb animation_intensity_slide=\u00bb10%\u00bb global_colors_info=\u00bb{}\u00bb]<\/p>\n<h1>No olvide prepararse para el viaje:<\/h1>\n<p>[\/et_pb_text][et_pb_text admin_label=\u00bbDiscover Beatuty Sub Title\u00bb _builder_version=\u00bb4.16&#8243; text_font=\u00bbOpen Sans||||||||\u00bb text_text_color=\u00bb#1a1a1a\u00bb text_font_size=\u00bb20px\u00bb text_line_height=\u00bb1.4em\u00bb animation_style=\u00bbslide\u00bb animation_direction=\u00bbtop\u00bb animation_delay=\u00bb100ms\u00bb animation_intensity_slide=\u00bb10%\u00bb global_colors_info=\u00bb{}\u00bb]<\/p>\n<p><em>A continuaci\u00f3n queremos darle algunos consejos importantes para que est\u00e9 bien preparado para sus vacaciones.<\/em><\/p>\n<p>[\/et_pb_text][et_pb_divider divider_position=\u00bbcenter\u00bb divider_weight=\u00bb3px\u00bb disabled_on=\u00bboff|off|off\u00bb _builder_version=\u00bb4.16&#8243; max_width=\u00bb150px\u00bb height=\u00bbfalse\u00bb animation_style=\u00bbslide\u00bb animation_direction=\u00bbtop\u00bb animation_delay=\u00bb200ms\u00bb animation_intensity_slide=\u00bb10%\u00bb global_colors_info=\u00bb{}\u00bb][\/et_pb_divider][\/et_pb_column][\/et_pb_row][et_pb_row column_structure=\u00bb1_2,1_2&#8243; _builder_version=\u00bb4.16&#8243; custom_margin=\u00bb||0px||false|false\u00bb custom_padding=\u00bb||0px||false|false\u00bb global_colors_info=\u00bb{}\u00bb][et_pb_column type=\u00bb1_2&#8243; _builder_version=\u00bb4.16&#8243; custom_padding=\u00bb|||\u00bb global_colors_info=\u00bb{}\u00bb custom_padding__hover=\u00bb|||\u00bb][et_pb_text disabled_on=\u00bboff|off|off%22%22&#8243; admin_label=\u00bbDiscover Beatuty Text\u00bb _builder_version=\u00bb4.27.4&#8243; text_font=\u00bbOpen Sans||||||||\u00bb text_font_size=\u00bb16px\u00bb text_line_height=\u00bb1.9em\u00bb custom_padding=\u00bb0px||||false|false\u00bb animation_style=\u00bbslide\u00bb animation_direction=\u00bbtop\u00bb animation_delay=\u00bb300ms\u00bb animation_intensity_slide=\u00bb10%\u00bb global_colors_info=\u00bb{}\u00bb]<\/p>\n<p>Antes de entrar en su destino de vacaciones, debe observar las instrucciones y requisitos locales y generales. Por ello, le ofrecemos algunos consejos \u00fatiles para viajar:<\/p>\n<p><strong>Visado<br \/><\/strong><a href=\"http:\/\/www.visum.de\/\" target=\"_blank\" rel=\"noopener\">Ministerio de Asuntos Exteriores<\/a><\/p>\n<p><strong>Consejos m\u00e9dicos<br \/><\/strong><a href=\"https:\/\/www.crm.de\/\" target=\"_blank\" rel=\"noopener\">Centro de Medicina del Viajero<\/a><\/p>\n<p><strong>Condiciones meteorol\u00f3gicas<br \/><\/strong><a href=\"https:\/\/www.wetter.com\/reise\/urlaubswetter\/\" target=\"_blank\" rel=\"noopener\">Condiciones clim\u00e1ticas<\/a><br \/><a href=\"https:\/\/www.skiinfo.de\/\" target=\"_blank\" rel=\"noopener\">Informaci\u00f3n para esquiadores<\/a><\/p>\n<p><strong>Seguro de viaje<br \/><\/strong><a href=\"https:\/\/shangrila24.de\/es\/coche-de-alquiler-3\/\" rel=\"noopener\">ERGO<\/a><\/p>\n<p>Antes de empezar a viajar, debe obtener informaci\u00f3n general y relacionada con el destino. Por ejemplo, puede necesitar un visado o tener que alojarse en un hotel en cuarentena debido a la pandemia de Covid. En el sitio web del Ministerio Federal de Asuntos Exteriores encontrar\u00e1s informaci\u00f3n detallada sobre estos y otros temas que pueden ser importantes para tu viaje.<\/p>\n<p>Adem\u00e1s de los requisitos de entrada, tambi\u00e9n debe informarse sobre los aspectos m\u00e9dicos antes de volar o conducir en vacaciones. Esto se debe a que a menudo hay que tomar ciertas precauciones de viaje debido a la situaci\u00f3n geogr\u00e1fica, el clima o simplemente las normativas nacionales. El Centro de Medicina del Viajero ofrece informaci\u00f3n \u00fatil sobre vacunas para viajes y muchos otros temas.<\/p>\n<p>Sin embargo, cada destino difiere no s\u00f3lo en cuanto a requisitos m\u00e9dicos y de otro tipo, sino tambi\u00e9n por el clima reinante. Por ejemplo, las temperaturas del aire y del agua pueden variar mucho. En algunos pa\u00edses puede esperar un clima seco y fr\u00edo, en otros un clima tropical, h\u00famedo y c\u00e1lido. Tambi\u00e9n hay que tener en cuenta las estaciones lluviosas y otras condiciones meteorol\u00f3gicas. As\u00ed que es mejor informarse de antemano de todas las circunstancias.<\/p>\n<p>Si quiere ir completamente sobre seguro al planificar su viaje debido a los factores mencionados anteriormente, lo mejor es contratar un seguro de viaje adecuado. As\u00ed podr\u00e1 disfrutar plenamente de sus vacaciones sin tener que preocuparse por el peor de los casos.<\/p>\n<p>[\/et_pb_text][\/et_pb_column][et_pb_column type=\u00bb1_2&#8243; _builder_version=\u00bb4.16&#8243; custom_padding=\u00bb|||\u00bb global_colors_info=\u00bb{}\u00bb custom_padding__hover=\u00bb|||\u00bb][et_pb_image src=\u00bbhttps:\/\/shangrila24.de\/wp-content\/uploads\/2021\/11\/Tipps-Shangrila-Reisebuero-hamburg-2-min-1024&#215;683-1.jpeg\u00bb alt=\u00bbCopa de Iglo con vistas al cielo &#8211; Reiseb\u00fcro Hamburg Empfehlung\u00bb title_text=\u00bbTips-Shangrila-Reisebuero-hamburg-2-min-1024&#215;683&#8243; _builder_version=\u00bb4.27.4&#8243; _module_preset=\u00bbdefault\u00bb global_colors_info=\u00bb{}\u00bb][\/et_pb_image][et_pb_image src=\u00bbhttps:\/\/shangrila24.de\/wp-content\/uploads\/2021\/11\/Tipps-Shangrila-Reisebuero-hamburg-3-min-scaled.jpg\u00bb alt=\u00bbPaisaje nevado con igl\u00fas de cristal &#8211; Reiseb\u00fcro Hamburg Empfehlung\u00bb title_text=\u00bbConsejos Shangrila agencia de viajes hamburgo-3-min\u00bb _builder_version=\u00bb4.27.4&#8243; _module_preset=\u00bbdefault\u00bb global_colors_info=\u00bb{}\u00bb][\/et_pb_image][et_pb_image src=\u00bbhttps:\/\/shangrila24.de\/wp-content\/uploads\/2021\/11\/Tipps-Shangrila-Reisebuero-hamburg-4-min-scaled.jpg\u00bb alt=\u00bbCasa de madera iluminada en la nieve &#8211; Reiseb\u00fcro Hamburg Empfehlung\u00bb title_text=\u00bbConsejos Shangrila agencia de viajes hamburgo-4-min\u00bb _builder_version=\u00bb4.27.4&#8243; _module_preset=\u00bbdefault\u00bb global_colors_info=\u00bb{}\u00bb][\/et_pb_image][\/et_pb_column][\/et_pb_row][\/et_pb_section]<\/p>\n","protected":false},"excerpt":{"rendered":"<p>Auroras boreales en LaponiaNo olvide prepararse para el viaje:A continuaci\u00f3n queremos darle algunos consejos importantes para que est\u00e9 bien preparado para sus vacaciones.Antes de entrar en su destino de vacaciones, debe observar las instrucciones y requisitos locales y generales. Por ello, le ofrecemos algunos consejos \u00fatiles para viajar: VisadoMinisterio de Asuntos Exteriores Consejos m\u00e9dicosCentro de [&hellip;]<\/p>\n","protected":false},"author":1,"featured_media":0,"parent":2673,"menu_order":0,"comment_status":"closed","ping_status":"closed","template":"","meta":{"_et_pb_use_builder":"on","_et_pb_old_content":"","_et_gb_content_width":"","footnotes":""},"class_list":["post-1122","page","type-page","status-publish","hentry"],"yoast_head":"<!-- This site is optimized with the Yoast SEO plugin v27.3 - https:\/\/yoast.com\/product\/yoast-seo-wordpress\/ -->\n<title>Consejos - Shangri La<\/title>\n<meta name=\"description\" content=\"Consejos importantes para preparar tus vacaciones. Informaci\u00f3n sobre visados, vacunas, tiempo y seguro de viaje.\" \/>\n<meta name=\"robots\" content=\"index, follow, max-snippet:-1, max-image-preview:large, max-video-preview:-1\" \/>\n<link rel=\"canonical\" href=\"https:\/\/shangrila24.de\/es\/casas-de-vacaciones-2\/consejos\/\" \/>\n<meta property=\"og:locale\" content=\"es_ES\" \/>\n<meta property=\"og:type\" content=\"article\" \/>\n<meta property=\"og:title\" content=\"Consejos - Shangri La\" \/>\n<meta property=\"og:description\" content=\"Consejos importantes para preparar tus vacaciones. Informaci\u00f3n sobre visados, vacunas, tiempo y seguro de viaje.\" \/>\n<meta property=\"og:url\" content=\"https:\/\/shangrila24.de\/es\/casas-de-vacaciones-2\/consejos\/\" \/>\n<meta property=\"og:site_name\" content=\"Shangri La\" \/>\n<meta property=\"article:modified_time\" content=\"2025-07-27T12:52:16+00:00\" \/>\n<meta name=\"twitter:card\" content=\"summary_large_image\" \/>\n<meta name=\"twitter:label1\" content=\"Tiempo de lectura\" \/>\n\t<meta name=\"twitter:data1\" content=\"5 minutos\" \/>\n<script type=\"application\/ld+json\" class=\"yoast-schema-graph\">{\"@context\":\"https:\\\/\\\/schema.org\",\"@graph\":[{\"@type\":\"WebPage\",\"@id\":\"https:\\\/\\\/shangrila24.de\\\/es\\\/casas-de-vacaciones-2\\\/consejos\\\/\",\"url\":\"https:\\\/\\\/shangrila24.de\\\/es\\\/casas-de-vacaciones-2\\\/consejos\\\/\",\"name\":\"Consejos - Shangri La\",\"isPartOf\":{\"@id\":\"https:\\\/\\\/shangrila24.de\\\/es\\\/#website\"},\"datePublished\":\"2021-11-29T14:47:25+00:00\",\"dateModified\":\"2025-07-27T12:52:16+00:00\",\"description\":\"Consejos importantes para preparar tus vacaciones. Informaci\u00f3n sobre visados, vacunas, tiempo y seguro de viaje.\",\"breadcrumb\":{\"@id\":\"https:\\\/\\\/shangrila24.de\\\/es\\\/casas-de-vacaciones-2\\\/consejos\\\/#breadcrumb\"},\"inLanguage\":\"es\",\"potentialAction\":[{\"@type\":\"ReadAction\",\"target\":[\"https:\\\/\\\/shangrila24.de\\\/es\\\/casas-de-vacaciones-2\\\/consejos\\\/\"]}]},{\"@type\":\"BreadcrumbList\",\"@id\":\"https:\\\/\\\/shangrila24.de\\\/es\\\/casas-de-vacaciones-2\\\/consejos\\\/#breadcrumb\",\"itemListElement\":[{\"@type\":\"ListItem\",\"position\":1,\"name\":\"Startseite\",\"item\":\"https:\\\/\\\/shangrila24.de\\\/es\\\/\"},{\"@type\":\"ListItem\",\"position\":2,\"name\":\"Casas de vacaciones\",\"item\":\"https:\\\/\\\/shangrila24.de\\\/es\\\/reise-buchen-mit-shangrila24\\\/\"},{\"@type\":\"ListItem\",\"position\":3,\"name\":\"Consejos\"}]},{\"@type\":\"WebSite\",\"@id\":\"https:\\\/\\\/shangrila24.de\\\/es\\\/#website\",\"url\":\"https:\\\/\\\/shangrila24.de\\\/es\\\/\",\"name\":\"Shangrila24\",\"description\":\"Reiseb\u00fcro Hamburg Eppendorf\",\"publisher\":{\"@id\":\"https:\\\/\\\/shangrila24.de\\\/es\\\/#organization\"},\"potentialAction\":[{\"@type\":\"SearchAction\",\"target\":{\"@type\":\"EntryPoint\",\"urlTemplate\":\"https:\\\/\\\/shangrila24.de\\\/es\\\/?s={search_term_string}\"},\"query-input\":{\"@type\":\"PropertyValueSpecification\",\"valueRequired\":true,\"valueName\":\"search_term_string\"}}],\"inLanguage\":\"es\"},{\"@type\":\"Organization\",\"@id\":\"https:\\\/\\\/shangrila24.de\\\/es\\\/#organization\",\"name\":\"Shangri La Reiseb\u00fcro\",\"url\":\"https:\\\/\\\/shangrila24.de\\\/es\\\/\",\"logo\":{\"@type\":\"ImageObject\",\"inLanguage\":\"es\",\"@id\":\"https:\\\/\\\/shangrila24.de\\\/es\\\/#\\\/schema\\\/logo\\\/image\\\/\",\"url\":\"https:\\\/\\\/shangrila24.de\\\/wp-content\\\/uploads\\\/2021\\\/11\\\/Shangrila-Reisebuero-Eppendorf-min.jpeg\",\"contentUrl\":\"https:\\\/\\\/shangrila24.de\\\/wp-content\\\/uploads\\\/2021\\\/11\\\/Shangrila-Reisebuero-Eppendorf-min.jpeg\",\"width\":724,\"height\":779,\"caption\":\"Shangri La Reiseb\u00fcro\"},\"image\":{\"@id\":\"https:\\\/\\\/shangrila24.de\\\/es\\\/#\\\/schema\\\/logo\\\/image\\\/\"},\"sameAs\":[\"https:\\\/\\\/www.instagram.com\\\/shangrila24.de\\\/\"]}]}<\/script>\n<!-- \/ Yoast SEO plugin. -->","yoast_head_json":{"title":"Consejos - Shangri La","description":"Consejos importantes para preparar tus vacaciones. Informaci\u00f3n sobre visados, vacunas, tiempo y seguro de viaje.","robots":{"index":"index","follow":"follow","max-snippet":"max-snippet:-1","max-image-preview":"max-image-preview:large","max-video-preview":"max-video-preview:-1"},"canonical":"https:\/\/shangrila24.de\/es\/casas-de-vacaciones-2\/consejos\/","og_locale":"es_ES","og_type":"article","og_title":"Consejos - Shangri La","og_description":"Consejos importantes para preparar tus vacaciones. Informaci\u00f3n sobre visados, vacunas, tiempo y seguro de viaje.","og_url":"https:\/\/shangrila24.de\/es\/casas-de-vacaciones-2\/consejos\/","og_site_name":"Shangri La","article_modified_time":"2025-07-27T12:52:16+00:00","twitter_card":"summary_large_image","twitter_misc":{"Tiempo de lectura":"5 minutos"},"schema":{"@context":"https:\/\/schema.org","@graph":[{"@type":"WebPage","@id":"https:\/\/shangrila24.de\/es\/casas-de-vacaciones-2\/consejos\/","url":"https:\/\/shangrila24.de\/es\/casas-de-vacaciones-2\/consejos\/","name":"Consejos - Shangri La","isPartOf":{"@id":"https:\/\/shangrila24.de\/es\/#website"},"datePublished":"2021-11-29T14:47:25+00:00","dateModified":"2025-07-27T12:52:16+00:00","description":"Consejos importantes para preparar tus vacaciones. Informaci\u00f3n sobre visados, vacunas, tiempo y seguro de viaje.","breadcrumb":{"@id":"https:\/\/shangrila24.de\/es\/casas-de-vacaciones-2\/consejos\/#breadcrumb"},"inLanguage":"es","potentialAction":[{"@type":"ReadAction","target":["https:\/\/shangrila24.de\/es\/casas-de-vacaciones-2\/consejos\/"]}]},{"@type":"BreadcrumbList","@id":"https:\/\/shangrila24.de\/es\/casas-de-vacaciones-2\/consejos\/#breadcrumb","itemListElement":[{"@type":"ListItem","position":1,"name":"Startseite","item":"https:\/\/shangrila24.de\/es\/"},{"@type":"ListItem","position":2,"name":"Casas de vacaciones","item":"https:\/\/shangrila24.de\/es\/reise-buchen-mit-shangrila24\/"},{"@type":"ListItem","position":3,"name":"Consejos"}]},{"@type":"WebSite","@id":"https:\/\/shangrila24.de\/es\/#website","url":"https:\/\/shangrila24.de\/es\/","name":"Shangrila24","description":"Reiseb\u00fcro Hamburg Eppendorf","publisher":{"@id":"https:\/\/shangrila24.de\/es\/#organization"},"potentialAction":[{"@type":"SearchAction","target":{"@type":"EntryPoint","urlTemplate":"https:\/\/shangrila24.de\/es\/?s={search_term_string}"},"query-input":{"@type":"PropertyValueSpecification","valueRequired":true,"valueName":"search_term_string"}}],"inLanguage":"es"},{"@type":"Organization","@id":"https:\/\/shangrila24.de\/es\/#organization","name":"Shangri La Reiseb\u00fcro","url":"https:\/\/shangrila24.de\/es\/","logo":{"@type":"ImageObject","inLanguage":"es","@id":"https:\/\/shangrila24.de\/es\/#\/schema\/logo\/image\/","url":"https:\/\/shangrila24.de\/wp-content\/uploads\/2021\/11\/Shangrila-Reisebuero-Eppendorf-min.jpeg","contentUrl":"https:\/\/shangrila24.de\/wp-content\/uploads\/2021\/11\/Shangrila-Reisebuero-Eppendorf-min.jpeg","width":724,"height":779,"caption":"Shangri La Reiseb\u00fcro"},"image":{"@id":"https:\/\/shangrila24.de\/es\/#\/schema\/logo\/image\/"},"sameAs":["https:\/\/www.instagram.com\/shangrila24.de\/"]}]}},"jetpack-related-posts":[],"jetpack_sharing_enabled":true,"_links":{"self":[{"href":"https:\/\/shangrila24.de\/es\/wp-json\/wp\/v2\/pages\/1122","targetHints":{"allow":["GET"]}}],"collection":[{"href":"https:\/\/shangrila24.de\/es\/wp-json\/wp\/v2\/pages"}],"about":[{"href":"https:\/\/shangrila24.de\/es\/wp-json\/wp\/v2\/types\/page"}],"author":[{"embeddable":true,"href":"https:\/\/shangrila24.de\/es\/wp-json\/wp\/v2\/users\/1"}],"replies":[{"embeddable":true,"href":"https:\/\/shangrila24.de\/es\/wp-json\/wp\/v2\/comments?post=1122"}],"version-history":[{"count":22,"href":"https:\/\/shangrila24.de\/es\/wp-json\/wp\/v2\/pages\/1122\/revisions"}],"predecessor-version":[{"id":4214,"href":"https:\/\/shangrila24.de\/es\/wp-json\/wp\/v2\/pages\/1122\/revisions\/4214"}],"up":[{"embeddable":true,"href":"https:\/\/shangrila24.de\/es\/wp-json\/wp\/v2\/pages\/2673"}],"wp:attachment":[{"href":"https:\/\/shangrila24.de\/es\/wp-json\/wp\/v2\/media?parent=1122"}],"curies":[{"name":"wp","href":"https:\/\/api.w.org\/{rel}","templated":true}]}}