{"id":1536,"date":"2025-03-11T13:10:35","date_gmt":"2025-03-11T13:10:35","guid":{"rendered":"https:\/\/shangrila24.de\/?page_id=1536"},"modified":"2025-03-26T08:14:14","modified_gmt":"2025-03-26T08:14:14","slug":"hikkaduwa-sri-lanka-2","status":"publish","type":"page","link":"https:\/\/shangrila24.de\/es\/hikkaduwa-sri-lanka-2\/","title":{"rendered":"Casa Ayurveda Naturaleza Pura, Sri Lanka"},"content":{"rendered":"<p>[et_pb_section fb_built=\u00bb1&#8243; custom_padding_last_edited=\u00bbon|desktop\u00bb _builder_version=\u00bb4.27.4&#8243; custom_padding=\u00bb50px||80px||false|false\u00bb custom_padding_tablet=\u00bb50px||80px||false|false\u00bb custom_padding_phone=\u00bb0px||30px||false|false\u00bb global_colors_info=\u00bb{}\u00bb][et_pb_row _builder_version=\u00bb4.16&#8243; custom_margin=\u00bb||0px||false|false\u00bb custom_padding=\u00bb||0px||false|false\u00bb global_colors_info=\u00bb{}\u00bb][et_pb_column type=\u00bb4_4&#8243; _builder_version=\u00bb4.16&#8243; custom_padding=\u00bb|||\u00bb global_colors_info=\u00bb{}\u00bb custom_padding__hover=\u00bb|||\u00bb][et_pb_text admin_label=\u00bbDiscover Beatuty Sub Title\u00bb _builder_version=\u00bb4.27.4&#8243; text_font=\u00bbOpen Sans||||||||\u00bb text_text_color=\u00bb#1a1a1a\u00bb text_font_size=\u00bb20px\u00bb text_line_height=\u00bb1.4em\u00bb animation_style=\u00bbslide\u00bb animation_direction=\u00bbtop\u00bb animation_delay=\u00bb100ms\u00bb animation_intensity_slide=\u00bb10%\u00bb global_colors_info=\u00bb{}\u00bb]<\/p>\n<p><em>Ayurveda y Naturaleza, Sri Lanka<\/em><\/p>\n<p>[\/et_pb_text][et_pb_text admin_label=\u00bbDiscover Beatuty Title\u00bb _builder_version=\u00bb4.27.4&#8243; text_font=\u00bb||||\u00bb text_text_color=\u00bb#1a1a1a\u00bb header_font=\u00bb|800||on|||||\u00bb header_text_align=\u00bbleft\u00bb header_font_size=\u00bb52px\u00bb header_line_height=\u00bb1.1em\u00bb animation_style=\u00bbslide\u00bb animation_direction=\u00bb%22fade_in%22&#8243; animation_duration=\u00bb500ms\u00bb animation_intensity_slide=\u00bb10%\u00bb global_colors_info=\u00bb{}\u00bb]<\/p>\n<h1>Experimenta el Ayurveda: Armon\u00eda para cuerpo y mente en Sri Lanka<\/h1>\n<p>[\/et_pb_text][et_pb_divider divider_position=\u00bbcenter\u00bb divider_weight=\u00bb3px\u00bb disabled_on=\u00bboff|off|off\u00bb _builder_version=\u00bb4.27.4&#8243; max_width=\u00bb150px\u00bb height=\u00bbfalse\u00bb animation_style=\u00bbslide\u00bb animation_direction=\u00bbtop\u00bb animation_delay=\u00bb200ms\u00bb animation_intensity_slide=\u00bb10%\u00bb global_colors_info=\u00bb{}\u00bb][\/et_pb_divider][et_pb_text disabled_on=\u00bboff|off|off%22%22&#8243; admin_label=\u00bbDiscover Beatuty Text\u00bb _builder_version=\u00bb4.27.4&#8243; text_font=\u00bbOpen Sans||||||||\u00bb text_font_size=\u00bb16px\u00bb text_line_height=\u00bb1.9em\u00bb custom_padding=\u00bb0px||||false|false\u00bb animation_style=\u00bbslide\u00bb animation_direction=\u00bbtop\u00bb animation_delay=\u00bb300ms\u00bb animation_intensity_slide=\u00bb10%\u00bb global_colors_info=\u00bb{}\u00bb]<\/p>\n<p>La CASA DE AYURVEDA NATURALEZA PURA ofrece un espacio donde la mente, el cuerpo y el alma pueden encontrar paz y armon\u00eda completas. Un lugar para una conciencia diferente. Una conciencia de amor, plenitud, alegr\u00eda y ligereza. Un lugar de ser.<\/p>\n<p><img loading=\"lazy\" decoding=\"async\" class=\"wp-image-2182 alignleft\" src=\"https:\/\/shangrila24.de\/wp-content\/uploads\/2025\/03\/Pure-Nature-Logo-300x300.webp\" alt=\"\" width=\"136\" height=\"136\">El hotel boutique est\u00e1 situado en un lugar de total tranquilidad, enclavado en una exuberante naturaleza sobre una colina con vistas al r\u00edo Dedduwa, en Bentota, Sri Lanka. Est\u00e1 dedicado exclusivamente a hu\u00e9spedes y grupos de retiro ayurv\u00e9dicos. La atractiva arquitectura de la casa y la atm\u00f3sfera general hacen justicia al antiguo Ayurveda y crean un ambiente de paz y relajaci\u00f3n.<\/p>\n<p>Las 7 espaciosas habitaciones (22m\u00b2 &#8211; 35m\u00b2) y una suite (70m\u00b2), con una combinaci\u00f3n de dise\u00f1o cingal\u00e9s y moderno, ofrecen el espacio ideal para retirarse y estar. Todas las habitaciones tienen balc\u00f3n con vistas a la piscina, el jard\u00edn y el r\u00edo.<\/p>\n<p>[\/et_pb_text][\/et_pb_column][\/et_pb_row][\/et_pb_section][et_pb_section fb_built=\u00bb1&#8243; _builder_version=\u00bb4.16&#8243; _module_preset=\u00bbdefault\u00bb global_colors_info=\u00bb{}\u00bb][et_pb_row _builder_version=\u00bb4.27.4&#8243; _module_preset=\u00bbdefault\u00bb global_colors_info=\u00bb{}\u00bb][et_pb_column type=\u00bb4_4&#8243; _builder_version=\u00bb4.16&#8243; _module_preset=\u00bbdefault\u00bb global_colors_info=\u00bb{}\u00bb][et_pb_gallery gallery_ids=\u00bb1562,1550,1553,1556,1586,1565,1583,1559,1568,1571,1574,1577,1580&#8243; show_title_and_caption=\u00bboff\u00bb _builder_version=\u00bb4.27.4&#8243; _module_preset=\u00bbdefault\u00bb hover_enabled=\u00bb0&#8243; global_colors_info=\u00bb{}\u00bb sticky_enabled=\u00bb0&#8243;][\/et_pb_gallery][\/et_pb_column][\/et_pb_row][et_pb_row _builder_version=\u00bb4.27.4&#8243; _module_preset=\u00bbdefault\u00bb global_colors_info=\u00bb{}\u00bb][et_pb_column type=\u00bb4_4&#8243; _builder_version=\u00bb4.27.4&#8243; _module_preset=\u00bbdefault\u00bb global_colors_info=\u00bb{}\u00bb][et_pb_video src=\u00bbhttps:\/\/shangrila24.de\/wp-content\/uploads\/2025\/03\/Video-Bilder-PNAH.mov\u00bb _builder_version=\u00bb4.27.4&#8243; _module_preset=\u00bbdefault\u00bb max_width=\u00bb100%\u00bb global_colors_info=\u00bb{}\u00bb][\/et_pb_video][\/et_pb_column][\/et_pb_row][et_pb_row column_structure=\u00bb1_3,1_3,1_3&#8243; _builder_version=\u00bb4.27.4&#8243; _module_preset=\u00bbdefault\u00bb global_colors_info=\u00bb{}\u00bb][et_pb_column type=\u00bb1_3&#8243; _builder_version=\u00bb4.27.4&#8243; _module_preset=\u00bbdefault\u00bb global_colors_info=\u00bb{}\u00bb][et_pb_button button_url=\u00bb@ET-DC@eyJkeW5hbWljIjp0cnVlLCJjb250ZW50IjoicG9zdF9saW5rX3VybF9wYWdlIiwic2V0dGluZ3MiOnsicG9zdF9pZCI6IjIxNyJ9fQ==@\u00bb button_text=\u00bbSolicita m\u00e1s informaci\u00f3n\u00bb _builder_version=\u00bb4.27.4&#8243; _dynamic_attributes=\u00bbbutton_url\u00bb _module_preset=\u00bbdefault\u00bb global_colors_info=\u00bb{}\u00bb][\/et_pb_button][\/et_pb_column][et_pb_column type=\u00bb1_3&#8243; _builder_version=\u00bb4.27.4&#8243; _module_preset=\u00bbdefault\u00bb global_colors_info=\u00bb{}\u00bb][et_pb_button button_url=\u00bb@ET-DC@eyJkeW5hbWljIjp0cnVlLCJjb250ZW50IjoicG9zdF9saW5rX3VybF9wYWdlIiwic2V0dGluZ3MiOnsicG9zdF9pZCI6IjE3OCJ9fQ==@\u00bb button_text=\u00bbM\u00e1s Sri Lanka\u00bb button_alignment=\u00bbcenter\u00bb _builder_version=\u00bb4.27.4&#8243; _dynamic_attributes=\u00bbbutton_url\u00bb _module_preset=\u00bbdefault\u00bb global_colors_info=\u00bb{}\u00bb][\/et_pb_button][\/et_pb_column][et_pb_column type=\u00bb1_3&#8243; _builder_version=\u00bb4.27.4&#8243; _dynamic_attributes=\u00bblink_option_url\u00bb _module_preset=\u00bbdefault\u00bb link_option_url=\u00bb@ET-DC@eyJkeW5hbWljIjp0cnVlLCJjb250ZW50IjoicG9zdF9saW5rX3VybF9wYWdlIiwic2V0dGluZ3MiOnsicG9zdF9pZCI6IjIxNyJ9fQ==@\u00bb global_colors_info=\u00bb{}\u00bb][et_pb_button button_url=\u00bb@ET-DC@eyJkeW5hbWljIjp0cnVlLCJjb250ZW50IjoicG9zdF9saW5rX3VybF9wYWdlIiwic2V0dGluZ3MiOnsicG9zdF9pZCI6IjExMiJ9fQ==@\u00bb button_text=\u00bbM\u00e1s perlas peque\u00f1as\u00bb button_alignment=\u00bbcenter\u00bb _builder_version=\u00bb4.27.4&#8243; _dynamic_attributes=\u00bbbutton_url\u00bb _module_preset=\u00bbdefault\u00bb global_colors_info=\u00bb{}\u00bb][\/et_pb_button][\/et_pb_column][\/et_pb_row][\/et_pb_section]<\/p>\n","protected":false},"excerpt":{"rendered":"<p>Ayurveda y Naturaleza, Sri LankaExperimenta el Ayurveda: Armon\u00eda para cuerpo y mente en Sri LankaLa CASA DE AYURVEDA NATURALEZA PURA ofrece un espacio donde la mente, el cuerpo y el alma pueden encontrar paz y armon\u00eda completas. Un lugar para una conciencia diferente. Una conciencia de amor, plenitud, alegr\u00eda y ligereza. Un lugar de ser. [&hellip;]<\/p>\n","protected":false},"author":3,"featured_media":0,"parent":0,"menu_order":0,"comment_status":"closed","ping_status":"closed","template":"","meta":{"_et_pb_use_builder":"on","_et_pb_old_content":"","_et_gb_content_width":"","footnotes":""},"class_list":["post-1536","page","type-page","status-publish","hentry"],"yoast_head":"<!-- This site is optimized with the Yoast SEO plugin v27.4 - https:\/\/yoast.com\/product\/yoast-seo-wordpress\/ -->\n<title>Casa Ayurveda Naturaleza Pura, Sri Lanka - Shangri La<\/title>\n<meta name=\"description\" content=\"Casa Ayurveda Naturaleza Pura - vacaciones para el cuerpo y el alma en medio de una naturaleza impresionante. Disfruta de paz y relajaci\u00f3n 24 horas al d\u00eda, 7 d\u00edas a la semana\" \/>\n<meta name=\"robots\" content=\"index, follow, max-snippet:-1, max-image-preview:large, max-video-preview:-1\" \/>\n<link rel=\"canonical\" href=\"https:\/\/shangrila24.de\/es\/hikkaduwa-sri-lanka-2\/\" \/>\n<meta property=\"og:locale\" content=\"es_ES\" \/>\n<meta property=\"og:type\" content=\"article\" \/>\n<meta property=\"og:title\" content=\"Casa Ayurveda Naturaleza Pura, Sri Lanka - Shangri La\" \/>\n<meta property=\"og:description\" content=\"Casa Ayurveda Naturaleza Pura - vacaciones para el cuerpo y el alma en medio de una naturaleza impresionante. Disfruta de paz y relajaci\u00f3n 24 horas al d\u00eda, 7 d\u00edas a la semana\" \/>\n<meta property=\"og:url\" content=\"https:\/\/shangrila24.de\/es\/hikkaduwa-sri-lanka-2\/\" \/>\n<meta property=\"og:site_name\" content=\"Shangri La\" \/>\n<meta property=\"article:modified_time\" content=\"2025-03-26T08:14:14+00:00\" \/>\n<meta property=\"og:image\" content=\"https:\/\/shangrila24.de\/wp-content\/uploads\/2025\/03\/Pure-Nature-Logo.webp\" \/>\n\t<meta property=\"og:image:width\" content=\"1181\" \/>\n\t<meta property=\"og:image:height\" content=\"1181\" \/>\n\t<meta property=\"og:image:type\" content=\"image\/webp\" \/>\n<meta name=\"twitter:card\" content=\"summary_large_image\" \/>\n<meta name=\"twitter:label1\" content=\"Tiempo de lectura\" \/>\n\t<meta name=\"twitter:data1\" content=\"4 minutos\" \/>\n<script type=\"application\/ld+json\" class=\"yoast-schema-graph\">{\"@context\":\"https:\\\/\\\/schema.org\",\"@graph\":[{\"@type\":\"WebPage\",\"@id\":\"https:\\\/\\\/shangrila24.de\\\/es\\\/hikkaduwa-sri-lanka-2\\\/\",\"url\":\"https:\\\/\\\/shangrila24.de\\\/es\\\/hikkaduwa-sri-lanka-2\\\/\",\"name\":\"Casa Ayurveda Naturaleza Pura, Sri Lanka - Shangri La\",\"isPartOf\":{\"@id\":\"https:\\\/\\\/shangrila24.de\\\/es\\\/#website\"},\"primaryImageOfPage\":{\"@id\":\"https:\\\/\\\/shangrila24.de\\\/es\\\/hikkaduwa-sri-lanka-2\\\/#primaryimage\"},\"image\":{\"@id\":\"https:\\\/\\\/shangrila24.de\\\/es\\\/hikkaduwa-sri-lanka-2\\\/#primaryimage\"},\"thumbnailUrl\":\"https:\\\/\\\/shangrila24.de\\\/wp-content\\\/uploads\\\/2025\\\/03\\\/Pure-Nature-Logo-300x300.webp\",\"datePublished\":\"2025-03-11T13:10:35+00:00\",\"dateModified\":\"2025-03-26T08:14:14+00:00\",\"description\":\"Casa Ayurveda Naturaleza Pura - vacaciones para el cuerpo y el alma en medio de una naturaleza impresionante. Disfruta de paz y relajaci\u00f3n 24 horas al d\u00eda, 7 d\u00edas a la semana\",\"breadcrumb\":{\"@id\":\"https:\\\/\\\/shangrila24.de\\\/es\\\/hikkaduwa-sri-lanka-2\\\/#breadcrumb\"},\"inLanguage\":\"es\",\"potentialAction\":[{\"@type\":\"ReadAction\",\"target\":[\"https:\\\/\\\/shangrila24.de\\\/es\\\/hikkaduwa-sri-lanka-2\\\/\"]}]},{\"@type\":\"ImageObject\",\"inLanguage\":\"es\",\"@id\":\"https:\\\/\\\/shangrila24.de\\\/es\\\/hikkaduwa-sri-lanka-2\\\/#primaryimage\",\"url\":\"https:\\\/\\\/shangrila24.de\\\/wp-content\\\/uploads\\\/2025\\\/03\\\/Pure-Nature-Logo-300x300.webp\",\"contentUrl\":\"https:\\\/\\\/shangrila24.de\\\/wp-content\\\/uploads\\\/2025\\\/03\\\/Pure-Nature-Logo-300x300.webp\"},{\"@type\":\"BreadcrumbList\",\"@id\":\"https:\\\/\\\/shangrila24.de\\\/es\\\/hikkaduwa-sri-lanka-2\\\/#breadcrumb\",\"itemListElement\":[{\"@type\":\"ListItem\",\"position\":1,\"name\":\"Startseite\",\"item\":\"https:\\\/\\\/shangrila24.de\\\/es\\\/\"},{\"@type\":\"ListItem\",\"position\":2,\"name\":\"Casa Ayurveda Naturaleza Pura, Sri Lanka\"}]},{\"@type\":\"WebSite\",\"@id\":\"https:\\\/\\\/shangrila24.de\\\/es\\\/#website\",\"url\":\"https:\\\/\\\/shangrila24.de\\\/es\\\/\",\"name\":\"Shangrila24\",\"description\":\"Reiseb\u00fcro Hamburg Eppendorf\",\"publisher\":{\"@id\":\"https:\\\/\\\/shangrila24.de\\\/es\\\/#organization\"},\"potentialAction\":[{\"@type\":\"SearchAction\",\"target\":{\"@type\":\"EntryPoint\",\"urlTemplate\":\"https:\\\/\\\/shangrila24.de\\\/es\\\/?s={search_term_string}\"},\"query-input\":{\"@type\":\"PropertyValueSpecification\",\"valueRequired\":true,\"valueName\":\"search_term_string\"}}],\"inLanguage\":\"es\"},{\"@type\":\"Organization\",\"@id\":\"https:\\\/\\\/shangrila24.de\\\/es\\\/#organization\",\"name\":\"Shangri La Reiseb\u00fcro\",\"url\":\"https:\\\/\\\/shangrila24.de\\\/es\\\/\",\"logo\":{\"@type\":\"ImageObject\",\"inLanguage\":\"es\",\"@id\":\"https:\\\/\\\/shangrila24.de\\\/es\\\/#\\\/schema\\\/logo\\\/image\\\/\",\"url\":\"https:\\\/\\\/shangrila24.de\\\/wp-content\\\/uploads\\\/2021\\\/11\\\/Shangrila-Reisebuero-Eppendorf-min.jpeg\",\"contentUrl\":\"https:\\\/\\\/shangrila24.de\\\/wp-content\\\/uploads\\\/2021\\\/11\\\/Shangrila-Reisebuero-Eppendorf-min.jpeg\",\"width\":724,\"height\":779,\"caption\":\"Shangri La Reiseb\u00fcro\"},\"image\":{\"@id\":\"https:\\\/\\\/shangrila24.de\\\/es\\\/#\\\/schema\\\/logo\\\/image\\\/\"},\"sameAs\":[\"https:\\\/\\\/www.instagram.com\\\/shangrila24.de\\\/\"]}]}<\/script>\n<!-- \/ Yoast SEO plugin. -->","yoast_head_json":{"title":"Casa Ayurveda Naturaleza Pura, Sri Lanka - Shangri La","description":"Casa Ayurveda Naturaleza Pura - vacaciones para el cuerpo y el alma en medio de una naturaleza impresionante. Disfruta de paz y relajaci\u00f3n 24 horas al d\u00eda, 7 d\u00edas a la semana","robots":{"index":"index","follow":"follow","max-snippet":"max-snippet:-1","max-image-preview":"max-image-preview:large","max-video-preview":"max-video-preview:-1"},"canonical":"https:\/\/shangrila24.de\/es\/hikkaduwa-sri-lanka-2\/","og_locale":"es_ES","og_type":"article","og_title":"Casa Ayurveda Naturaleza Pura, Sri Lanka - Shangri La","og_description":"Casa Ayurveda Naturaleza Pura - vacaciones para el cuerpo y el alma en medio de una naturaleza impresionante. Disfruta de paz y relajaci\u00f3n 24 horas al d\u00eda, 7 d\u00edas a la semana","og_url":"https:\/\/shangrila24.de\/es\/hikkaduwa-sri-lanka-2\/","og_site_name":"Shangri La","article_modified_time":"2025-03-26T08:14:14+00:00","og_image":[{"width":1181,"height":1181,"url":"https:\/\/shangrila24.de\/wp-content\/uploads\/2025\/03\/Pure-Nature-Logo.webp","type":"image\/webp"}],"twitter_card":"summary_large_image","twitter_misc":{"Tiempo de lectura":"4 minutos"},"schema":{"@context":"https:\/\/schema.org","@graph":[{"@type":"WebPage","@id":"https:\/\/shangrila24.de\/es\/hikkaduwa-sri-lanka-2\/","url":"https:\/\/shangrila24.de\/es\/hikkaduwa-sri-lanka-2\/","name":"Casa Ayurveda Naturaleza Pura, Sri Lanka - Shangri La","isPartOf":{"@id":"https:\/\/shangrila24.de\/es\/#website"},"primaryImageOfPage":{"@id":"https:\/\/shangrila24.de\/es\/hikkaduwa-sri-lanka-2\/#primaryimage"},"image":{"@id":"https:\/\/shangrila24.de\/es\/hikkaduwa-sri-lanka-2\/#primaryimage"},"thumbnailUrl":"https:\/\/shangrila24.de\/wp-content\/uploads\/2025\/03\/Pure-Nature-Logo-300x300.webp","datePublished":"2025-03-11T13:10:35+00:00","dateModified":"2025-03-26T08:14:14+00:00","description":"Casa Ayurveda Naturaleza Pura - vacaciones para el cuerpo y el alma en medio de una naturaleza impresionante. Disfruta de paz y relajaci\u00f3n 24 horas al d\u00eda, 7 d\u00edas a la semana","breadcrumb":{"@id":"https:\/\/shangrila24.de\/es\/hikkaduwa-sri-lanka-2\/#breadcrumb"},"inLanguage":"es","potentialAction":[{"@type":"ReadAction","target":["https:\/\/shangrila24.de\/es\/hikkaduwa-sri-lanka-2\/"]}]},{"@type":"ImageObject","inLanguage":"es","@id":"https:\/\/shangrila24.de\/es\/hikkaduwa-sri-lanka-2\/#primaryimage","url":"https:\/\/shangrila24.de\/wp-content\/uploads\/2025\/03\/Pure-Nature-Logo-300x300.webp","contentUrl":"https:\/\/shangrila24.de\/wp-content\/uploads\/2025\/03\/Pure-Nature-Logo-300x300.webp"},{"@type":"BreadcrumbList","@id":"https:\/\/shangrila24.de\/es\/hikkaduwa-sri-lanka-2\/#breadcrumb","itemListElement":[{"@type":"ListItem","position":1,"name":"Startseite","item":"https:\/\/shangrila24.de\/es\/"},{"@type":"ListItem","position":2,"name":"Casa Ayurveda Naturaleza Pura, Sri Lanka"}]},{"@type":"WebSite","@id":"https:\/\/shangrila24.de\/es\/#website","url":"https:\/\/shangrila24.de\/es\/","name":"Shangrila24","description":"Reiseb\u00fcro Hamburg Eppendorf","publisher":{"@id":"https:\/\/shangrila24.de\/es\/#organization"},"potentialAction":[{"@type":"SearchAction","target":{"@type":"EntryPoint","urlTemplate":"https:\/\/shangrila24.de\/es\/?s={search_term_string}"},"query-input":{"@type":"PropertyValueSpecification","valueRequired":true,"valueName":"search_term_string"}}],"inLanguage":"es"},{"@type":"Organization","@id":"https:\/\/shangrila24.de\/es\/#organization","name":"Shangri La Reiseb\u00fcro","url":"https:\/\/shangrila24.de\/es\/","logo":{"@type":"ImageObject","inLanguage":"es","@id":"https:\/\/shangrila24.de\/es\/#\/schema\/logo\/image\/","url":"https:\/\/shangrila24.de\/wp-content\/uploads\/2021\/11\/Shangrila-Reisebuero-Eppendorf-min.jpeg","contentUrl":"https:\/\/shangrila24.de\/wp-content\/uploads\/2021\/11\/Shangrila-Reisebuero-Eppendorf-min.jpeg","width":724,"height":779,"caption":"Shangri La Reiseb\u00fcro"},"image":{"@id":"https:\/\/shangrila24.de\/es\/#\/schema\/logo\/image\/"},"sameAs":["https:\/\/www.instagram.com\/shangrila24.de\/"]}]}},"_links":{"self":[{"href":"https:\/\/shangrila24.de\/es\/wp-json\/wp\/v2\/pages\/1536","targetHints":{"allow":["GET"]}}],"collection":[{"href":"https:\/\/shangrila24.de\/es\/wp-json\/wp\/v2\/pages"}],"about":[{"href":"https:\/\/shangrila24.de\/es\/wp-json\/wp\/v2\/types\/page"}],"author":[{"embeddable":true,"href":"https:\/\/shangrila24.de\/es\/wp-json\/wp\/v2\/users\/3"}],"replies":[{"embeddable":true,"href":"https:\/\/shangrila24.de\/es\/wp-json\/wp\/v2\/comments?post=1536"}],"version-history":[{"count":13,"href":"https:\/\/shangrila24.de\/es\/wp-json\/wp\/v2\/pages\/1536\/revisions"}],"predecessor-version":[{"id":2516,"href":"https:\/\/shangrila24.de\/es\/wp-json\/wp\/v2\/pages\/1536\/revisions\/2516"}],"wp:attachment":[{"href":"https:\/\/shangrila24.de\/es\/wp-json\/wp\/v2\/media?parent=1536"}],"curies":[{"name":"wp","href":"https:\/\/api.w.org\/{rel}","templated":true}]}}