{"id":4523,"date":"2025-08-07T08:34:12","date_gmt":"2025-08-07T08:34:12","guid":{"rendered":"https:\/\/shangrila24.de\/?page_id=4523"},"modified":"2025-08-07T09:00:22","modified_gmt":"2025-08-07T09:00:22","slug":"conversas-de-alpendre-un-lugar-para-relajarse-al-maximo-rodeado-de-naturaleza-8","status":"publish","type":"page","link":"https:\/\/shangrila24.de\/es\/conversas-de-alpendre-un-lugar-para-relajarse-al-maximo-rodeado-de-naturaleza-8\/","title":{"rendered":"Conversas de Alpendre &#8211; un lugar para relajarse al m\u00e1ximo rodeado de naturaleza"},"content":{"rendered":"<p>[et_pb_section fb_built=\u00bb1&#8243; custom_padding_last_edited=\u00bbon|desktop\u00bb _builder_version=\u00bb4.16&#8243; custom_padding=\u00bb50px||80px||false|false\u00bb custom_padding_tablet=\u00bb50px||80px||false|false\u00bb custom_padding_phone=\u00bb0px||30px||false|false\u00bb global_colors_info=\u00bb{}\u00bb][et_pb_row _builder_version=\u00bb4.16&#8243; custom_margin=\u00bb||0px||false|false\u00bb custom_padding=\u00bb||0px||false|false\u00bb global_colors_info=\u00bb{}\u00bb][et_pb_column type=\u00bb4_4&#8243; _builder_version=\u00bb4.16&#8243; custom_padding=\u00bb|||\u00bb global_colors_info=\u00bb{}\u00bb custom_padding__hover=\u00bb|||\u00bb][et_pb_text admin_label=\u00bbDiscover Beatuty Sub Title\u00bb _builder_version=\u00bb4.27.4&#8243; text_font=\u00bbOpen Sans||||||||\u00bb text_text_color=\u00bb#1a1a1a\u00bb text_font_size=\u00bb20px\u00bb text_line_height=\u00bb1.4em\u00bb animation_style=\u00bbslide\u00bb animation_direction=\u00bbtop\u00bb animation_delay=\u00bb100ms\u00bb animation_intensity_slide=\u00bb10%\u00bb global_colors_info=\u00bb{}\u00bb]<\/p>\n<p><em>Hundehotel Almfrieden, Ramsau am Dachstein (A)<\/em><\/p>\n<p>[\/et_pb_text][et_pb_text admin_label=\u00bbDiscover Beatuty Title\u00bb _builder_version=\u00bb4.27.4&#8243; text_font=\u00bb||||\u00bb text_text_color=\u00bb#1a1a1a\u00bb header_font=\u00bb|800||on|||||\u00bb header_text_align=\u00bbleft\u00bb header_font_size=\u00bb52px\u00bb header_line_height=\u00bb1.1em\u00bb animation_style=\u00bbslide\u00bb animation_direction=\u00bb%22fade_in%22&#8243; animation_duration=\u00bb500ms\u00bb animation_intensity_slide=\u00bb10%\u00bb global_colors_info=\u00bb{}\u00bb]<\/p>\n<h1>\ud83d\udc3e Hundehotel in Ramsau am Dachstein \u2013 Urlaub mit Hund im Hotel Almfrieden<\/h1>\n<p>[\/et_pb_text][et_pb_text admin_label=\u00bbDiscover Beatuty Sub Title\u00bb _builder_version=\u00bb4.27.4&#8243; text_font=\u00bbOpen Sans||||||||\u00bb text_text_color=\u00bb#1a1a1a\u00bb text_font_size=\u00bb20px\u00bb text_line_height=\u00bb1.4em\u00bb animation_style=\u00bbslide\u00bb animation_direction=\u00bbtop\u00bb animation_delay=\u00bb100ms\u00bb animation_intensity_slide=\u00bb10%\u00bb global_colors_info=\u00bb{}\u00bb]<\/p>\n<h2>Urlaub mit Herz, Ausblick &amp; Hund \u2013 willkommen im Hotel Almfrieden<\/h2>\n<p>[\/et_pb_text][et_pb_divider divider_position=\u00bbcenter\u00bb divider_weight=\u00bb3px\u00bb disabled_on=\u00bboff|off|off\u00bb _builder_version=\u00bb4.16&#8243; max_width=\u00bb150px\u00bb height=\u00bbfalse\u00bb animation_style=\u00bbslide\u00bb animation_direction=\u00bbtop\u00bb animation_delay=\u00bb200ms\u00bb animation_intensity_slide=\u00bb10%\u00bb global_colors_info=\u00bb{}\u00bb][\/et_pb_divider][et_pb_text disabled_on=\u00bboff|off|off%22%22&#8243; admin_label=\u00bbDiscover Beatuty Text\u00bb _builder_version=\u00bb4.27.4&#8243; text_font=\u00bbOpen Sans||||||||\u00bb text_font_size=\u00bb16px\u00bb text_line_height=\u00bb1.9em\u00bb custom_padding=\u00bb0px||||false|false\u00bb animation_style=\u00bbslide\u00bb animation_direction=\u00bbtop\u00bb animation_delay=\u00bb300ms\u00bb animation_intensity_slide=\u00bb10%\u00bb global_colors_info=\u00bb{}\u00bb]<\/p>\n<p>Das 4-Sterne Hotel und Romantikchalet Almfrieden in Ramsau am Dachstein ist ein wahres Paradies f\u00fcr Urlaub mit Hund. Zwei Hunde sind pro Zimmer kostenlos willkommen \u2013 inklusive Hundebett, Napf, Leckerlis, Hundelounge, Agility-Park, Hundepool uvm. Im Restaurant d\u00fcrfen Hunde auch dabei sein.<\/p>\n<p data-start=\"642\" data-end=\"1019\">Ein besonderes Highlight ist der w\u00f6chentliche Social Walk mit unserer Hundetrainerin Petra, der kostenlos angeboten wird, sowie eine Stunde Hundesitting gratis. Mehrmals w\u00f6chentlich bietet unser gepr\u00fcfter Wanderf\u00fchrer Markus gef\u00fchrte Sommer- und Winterwanderungen an, bei denen Zwei- und Vierbeiner gemeinsam die herrliche Umgebung erkunden k\u00f6nnen<\/p>\n<p data-start=\"642\" data-end=\"1019\">Was das Almfrieden so besonders macht? Es ist eines der f\u00fchrenden Hundehotels in \u00d6sterreich \u2013 <strong data-start=\"803\" data-end=\"844\">mit einem Angebot, das Ma\u00dfst\u00e4be setzt<\/strong>. Hier dreht sich alles um entspannte Tage in den Bergen, genussvolles Essen, pers\u00f6nlichen Service \u2013 und nat\u00fcrlich: Urlaub mit Hund auf h\u00f6chstem Niveau.<\/p>\n<p>[\/et_pb_text][et_pb_text _builder_version=\u00bb4.27.4&#8243; _module_preset=\u00bbdefault\u00bb global_colors_info=\u00bb{}\u00bb]<\/p>\n<h3 data-start=\"1003\" data-end=\"1053\">Genuss &amp; Ruhe \u2013 mit Blick auf den Dachstein<\/h3>\n<p data-start=\"1055\" data-end=\"1282\">Das Hotel Almfrieden bietet eine <strong data-start=\"1088\" data-end=\"1150\">gelungene Mischung aus alpinem Charme und modernem Komfort<\/strong>. Die Zimmer und Chalets sind liebevoll eingerichtet, viele davon mit direktem Gartenzugang oder Balkon \u2013 ideal f\u00fcr Hundebesitzer.<\/p>\n<p>[\/et_pb_text][et_pb_text _builder_version=\u00bb4.27.4&#8243; _module_preset=\u00bbdefault\u00bb global_colors_info=\u00bb{}\u00bb]<\/p>\n<h3 data-start=\"1284\" data-end=\"1324\">Regionale K\u00fcche &amp; Romantikchalet<\/h3>\n<p data-start=\"1326\" data-end=\"1594\">Kulinarisch erwartet dich im Hotel eine feine Auswahl aus <strong data-start=\"1384\" data-end=\"1421\">regionalen und saisonalen Speisen<\/strong> \u2013 zubereitet mit viel Liebe zur Steiermark. Wer es noch privater mag, bucht eines der gem\u00fctlichen Romantikchalets mit Sauna, Kamin und Fr\u00fchst\u00fccksservice direkt vor die T\u00fcr.<\/p>\n<p>[\/et_pb_text][et_pb_text _builder_version=\u00bb4.27.4&#8243; _module_preset=\u00bbdefault\u00bb global_colors_info=\u00bb{}\u00bb]<\/p>\n<h3 data-start=\"1657\" data-end=\"1714\">Eines der hundefreundlichsten Hotels im Alpenraum<\/h3>\n<p data-start=\"1716\" data-end=\"1916\">Das Hotel Almfrieden hat sich ganz dem Urlaub mit Hund verschrieben \u2013 und bietet ein <strong data-start=\"1801\" data-end=\"1842\">au\u00dfergew\u00f6hnlich umfangreiches Angebot<\/strong>, das sich ganz nach den Bed\u00fcrfnissen von Vierbeinern und Haltern richtet:<\/p>\n<ul>\n<li>urlaubt gratis<\/li>\n<li>darf gerne mit ins Restaurant zum Fr\u00fchst\u00fcck und Abendessen bei Sch\u00f6nwetter auch auf die Sonnenterrasse<\/li>\n<li>bekommt Hundebett \/ Decke, Hundenapfstation, Spielzeug und Leckerli aufs Zimmer<\/li>\n<li>bekommt in der Naschecke f\u00fcr Hunde am Nachmittag kostenlose Hundesnacks.<\/li>\n<li>kann sich einen Hundeh\u00e4nger mit E-BIKE ausleihen gegen Geb\u00fchr<\/li>\n<li>kann sich einen Hunderucksack ausleihen<\/li>\n<li>darf sich auf w\u00f6chentlich 4 gratis gef\u00fchrte hundefreundliche Wanderungen mit Markus (gepr\u00fcfter Wanderf\u00fchrer) freuen<\/li>\n<li>Hundetrockentuch bei den Eing\u00e4ngen<\/li>\n<li>1x pro Woche Social Walk mit Hundetrainerin Petra, ca. 2 Stunden gratis<\/li>\n<li>erh\u00e4lt auf Wunsch Hundesitting gegen Voranmeldung und gegen Geb\u00fchr, 1 Stunde ist gratis<\/li>\n<li>genie\u00dft t\u00e4glich Hundekuchen gratis<\/li>\n<li>kann sich im Agility-Spielpark jederzeit austoben und darf nat\u00fcrlich mit in den Garten<\/li>\n<li>kann sein Futter in der Hundek\u00fcche k\u00fchlen und einfrieren<\/li>\n<li>hat umliegend Gassirunden inklusive Bach zur Abk\u00fchlung<\/li>\n<li>Hundelounge, Hundeparks<\/li>\n<li>genie\u00dft Hundeeis und Hundemen\u00fc auf der Terrasse mit WEITblick oder im Restaurant auf Bestellung, gegen Aufpreis<\/li>\n<li>eingez\u00e4unter Hundepool im Garten jederzeit zug\u00e4nglich<\/li>\n<li>kann einen Termin mit Petra, unserer Hundetrainerin vereinbaren gegen Geb\u00fchr<\/li>\n<li>kann einen Termin mit unserer Fotografin vereinbaren gegen Geb\u00fchr<\/li>\n<li>hat die M\u00f6glichkeit zum Stand-up-paddeln im Teich ca. 5 km entfernt gegen Geb\u00fchr<\/li>\n<li>und kann gemeinsam mit Frauchen und Herrchen in den Bergseen schwimmen und nur 1 Autostunde entfernt befindet sich der Grundlsee, das steirische Meer-Ideal f\u00fcr Mensch und Tier<\/li>\n<li>kann sich einen Termin gegen Geb\u00fchr bei der Hundefriseurin ausmachen und bekommt komplette Fellpflege, Styling nach Wunsch, Pfoten-, Ohren und Krallenservice uvm.<\/li>\n<\/ul>\n<p>[\/et_pb_text][et_pb_text _builder_version=\u00bb4.27.4&#8243; _module_preset=\u00bbdefault\u00bb global_colors_info=\u00bb{}\u00bb]<\/p>\n<h3 data-start=\"2848\" data-end=\"2879\">Direkt vor der Haust\u00fcr<\/h3>\n<p>Die Region rund um das Hotel bietet alles, was man f\u00fcr einen aktiven und naturnahen Urlaub mit Hund braucht:<\/p>\n<ul data-start=\"2881\" data-end=\"3182\">\n<li data-start=\"2881\" data-end=\"2948\">\n<p data-start=\"2883\" data-end=\"2948\">Rund 200 km Wanderwege durch W\u00e4lder, Almen und Berglandschaften<\/p>\n<\/li>\n<li data-start=\"2949\" data-end=\"3012\">\n<p data-start=\"2951\" data-end=\"3012\"><strong data-start=\"2951\" data-end=\"2988\">Langlaufloipen &amp; Winterwanderwege<\/strong> auch mit Hund nutzbar<\/p>\n<\/li>\n<li data-start=\"3013\" data-end=\"3075\">\n<p data-start=\"3015\" data-end=\"3075\">Spazierwege mit B\u00e4nken, Wasserstellen und Aussichtspl\u00e4tzen<\/p>\n<\/li>\n<li data-start=\"3076\" data-end=\"3128\">\n<p data-start=\"3078\" data-end=\"3128\">Vielf\u00e4ltige Touren \u2013 von gem\u00fctlich bis sportlich<\/p>\n<\/li>\n<li data-start=\"3129\" data-end=\"3182\">\n<p data-start=\"3131\" data-end=\"3182\">Bergbahnen mit Hunde-Erlaubnis (z.\u202fB. Rittisberg)<\/p>\n<\/li>\n<\/ul>\n<p data-start=\"3184\" data-end=\"3327\">Die <strong data-start=\"3188\" data-end=\"3211\">Ramsau am Dachstein<\/strong> ist nicht nur landschaftlich ein Highlight \u2013 sie z\u00e4hlt auch zu den <strong data-start=\"3279\" data-end=\"3324\">hundefreundlichsten Gemeinden \u00d6sterreichs<\/strong>.<\/p>\n<p>[\/et_pb_text][et_pb_text _builder_version=\u00bb4.27.4&#8243; _module_preset=\u00bbdefault\u00bb global_colors_info=\u00bb{}\u00bb]<\/p>\n<h3 data-start=\"3334\" data-end=\"3382\">Urlaubspakete mit Hund \u2013 ganz individuell<\/h3>\n<p data-start=\"3384\" data-end=\"3508\">Das Almfrieden bietet regelm\u00e4\u00dfig <strong data-start=\"3417\" data-end=\"3460\">wechselnde Pauschalen f\u00fcr Hundebesitzer<\/strong>, bei denen viele Services schon inklusive sind:<\/p>\n<ul data-start=\"3510\" data-end=\"3811\">\n<li data-start=\"3510\" data-end=\"3591\">\n<p data-start=\"3512\" data-end=\"3591\">Themenwochen wie \u201eHund &amp; Schnee\u201c, \u201eWandern mit Hund\u201c oder \u201eErziehung &amp; Spiel\u201c<\/p>\n<\/li>\n<li data-start=\"3592\" data-end=\"3714\">\n<p data-start=\"3594\" data-end=\"3714\">Inklusive Halbpension, Trainingseinheiten, Hundebetreuung und oft auch kleinen \u00dcberraschungen f\u00fcr Zwei- und Vierbeiner<\/p>\n<\/li>\n<li data-start=\"3715\" data-end=\"3811\">\n<p data-start=\"3717\" data-end=\"3811\">Besonders beliebt: <strong data-start=\"3736\" data-end=\"3761\">Silvester ohne B\u00f6ller<\/strong> \u2013 ein echter Segen f\u00fcr ger\u00e4uschempfindliche Hunde<\/p>\n<\/li>\n<\/ul>\n<p data-start=\"3813\" data-end=\"3901\">Wer ganz individuell buchen m\u00f6chte, findet \u00fcber das ganze Jahr hinweg passende Angebote.<\/p>\n<p>[\/et_pb_text][et_pb_text _builder_version=\u00bb4.27.4&#8243; _module_preset=\u00bbdefault\u00bb global_colors_info=\u00bb{}\u00bb]<\/p>\n<h3 data-start=\"3990\" data-end=\"4047\">Fazit \u2013 eines der besten Hundehotels in \u00d6sterreich<\/h3>\n<p data-start=\"4049\" data-end=\"4310\">Das <strong data-start=\"4053\" data-end=\"4073\">Hotel Almfrieden<\/strong> ist kein Geheimtipp \u2013 sondern eine feste Gr\u00f6\u00dfe unter den <strong data-start=\"4131\" data-end=\"4166\">Top-Hundehotels der Alpenregion<\/strong>. Wer gemeinsam mit seinem Hund entspannte Tage, aktive Stunden und echten Service erleben will, wird hier f\u00fcndig \u2013 und kommt garantiert wieder.<\/p>\n<p>[\/et_pb_text][\/et_pb_column][\/et_pb_row][\/et_pb_section][et_pb_section fb_built=\u00bb1&#8243; _builder_version=\u00bb4.16&#8243; _module_preset=\u00bbdefault\u00bb global_colors_info=\u00bb{}\u00bb][et_pb_row _builder_version=\u00bb4.16&#8243; _module_preset=\u00bbdefault\u00bb global_colors_info=\u00bb{}\u00bb][et_pb_column type=\u00bb4_4&#8243; _builder_version=\u00bb4.16&#8243; _module_preset=\u00bbdefault\u00bb global_colors_info=\u00bb{}\u00bb][et_pb_gallery gallery_ids=\u00bb4541,4544,4547,4550,4553,4556,4559,4562,4565,4568,4571,4574,4577,4580,4583&#8243; show_title_and_caption=\u00bboff\u00bb _builder_version=\u00bb4.27.4&#8243; _module_preset=\u00bbdefault\u00bb global_colors_info=\u00bb{}\u00bb][\/et_pb_gallery][\/et_pb_column][\/et_pb_row][et_pb_row column_structure=\u00bb1_2,1_2&#8243; _builder_version=\u00bb4.27.4&#8243; _module_preset=\u00bbdefault\u00bb global_colors_info=\u00bb{}\u00bb][et_pb_column type=\u00bb1_2&#8243; _builder_version=\u00bb4.27.4&#8243; _module_preset=\u00bbdefault\u00bb global_colors_info=\u00bb{}\u00bb][et_pb_video src=\u00bbhttps:\/\/youtu.be\/BNykMnZ_y_k?feature=shared\u00bb _builder_version=\u00bb4.27.4&#8243; _module_preset=\u00bbdefault\u00bb global_colors_info=\u00bb{}\u00bb][\/et_pb_video][\/et_pb_column][et_pb_column type=\u00bb1_2&#8243; _builder_version=\u00bb4.27.4&#8243; _module_preset=\u00bbdefault\u00bb global_colors_info=\u00bb{}\u00bb][et_pb_video src=\u00bbhttps:\/\/youtu.be\/cv9oWdwLGj4?feature=shared\u00bb _builder_version=\u00bb4.27.4&#8243; _module_preset=\u00bbdefault\u00bb global_colors_info=\u00bb{}\u00bb][\/et_pb_video][\/et_pb_column][\/et_pb_row][et_pb_row column_structure=\u00bb1_3,1_3,1_3&#8243; _builder_version=\u00bb4.27.4&#8243; _module_preset=\u00bbdefault\u00bb global_colors_info=\u00bb{}\u00bb][et_pb_column type=\u00bb1_3&#8243; _builder_version=\u00bb4.27.4&#8243; _module_preset=\u00bbdefault\u00bb global_colors_info=\u00bb{}\u00bb][et_pb_button button_url=\u00bb@ET-DC@eyJkeW5hbWljIjp0cnVlLCJjb250ZW50IjoicG9zdF9saW5rX3VybF9wYWdlIiwic2V0dGluZ3MiOnsicG9zdF9pZCI6IjIxNyJ9fQ==@\u00bb button_text=\u00bbSolicita m\u00e1s informaci\u00f3n\u00bb _builder_version=\u00bb4.27.4&#8243; _dynamic_attributes=\u00bbbutton_url\u00bb _module_preset=\u00bbdefault\u00bb global_colors_info=\u00bb{}\u00bb][\/et_pb_button][\/et_pb_column][et_pb_column type=\u00bb1_3&#8243; _builder_version=\u00bb4.27.4&#8243; _module_preset=\u00bbdefault\u00bb global_colors_info=\u00bb{}\u00bb][\/et_pb_column][et_pb_column type=\u00bb1_3&#8243; _builder_version=\u00bb4.27.4&#8243; _module_preset=\u00bbdefault\u00bb global_colors_info=\u00bb{}\u00bb][et_pb_button button_url=\u00bb@ET-DC@eyJkeW5hbWljIjp0cnVlLCJjb250ZW50IjoicG9zdF9saW5rX3VybF9wYWdlIiwic2V0dGluZ3MiOnsicG9zdF9pZCI6IjQxNDEifX0=@\u00bb button_text=\u00bbWeitere Hundehotels\u00bb button_alignment=\u00bbcenter\u00bb _builder_version=\u00bb4.27.4&#8243; _dynamic_attributes=\u00bbbutton_url\u00bb _module_preset=\u00bbdefault\u00bb global_colors_info=\u00bb{}\u00bb][\/et_pb_button][\/et_pb_column][\/et_pb_row][et_pb_row column_structure=\u00bb3_4,1_4&#8243; _builder_version=\u00bb4.27.4&#8243; _module_preset=\u00bbdefault\u00bb global_colors_info=\u00bb{}\u00bb][et_pb_column type=\u00bb3_4&#8243; _builder_version=\u00bb4.27.4&#8243; _module_preset=\u00bbdefault\u00bb global_colors_info=\u00bb{}\u00bb][et_pb_text _builder_version=\u00bb4.27.4&#8243; _module_preset=\u00bbdefault\u00bb global_colors_info=\u00bb{}\u00bb]<\/p>\n<p>\ud83d\udca1 <strong data-start=\"1250\" data-end=\"1259\">Tipp:<\/strong> Alles f\u00fcr die Reise mit deinem Vierbeiner findest du bei unserem Partner in Hamburg \u2013 <a class=\"cursor-pointer\" href=\"https:\/\/www.tierbar.de\/\" target=\"_blank\" rel=\"noopener\" data-start=\"1346\" data-end=\"1380\">Tierbar<\/a> \ud83d\udc36\ud83d\udecd\ufe0f<\/p>\n<p>[\/et_pb_text][\/et_pb_column][et_pb_column type=\u00bb1_4&#8243; _builder_version=\u00bb4.27.4&#8243; _module_preset=\u00bbdefault\u00bb global_colors_info=\u00bb{}\u00bb][et_pb_text _builder_version=\u00bb4.27.4&#8243; _module_preset=\u00bbdefault\u00bb global_colors_info=\u00bb{}\u00bb]<\/p>\n<p><a href=\"https:\/\/www.almfrieden.at\/de\/urlaub-mit-hund\/\" target=\"_blank\" rel=\"noopener\">\ud83d\udc3e<\/a><\/p>\n<p>[\/et_pb_text][\/et_pb_column][\/et_pb_row][\/et_pb_section]<\/p>\n","protected":false},"excerpt":{"rendered":"<p>Hundehotel Almfrieden, Ramsau am Dachstein (A)\ud83d\udc3e Hundehotel in Ramsau am Dachstein \u2013 Urlaub mit Hund im Hotel AlmfriedenUrlaub mit Herz, Ausblick &amp; Hund \u2013 willkommen im Hotel AlmfriedenDas 4-Sterne Hotel und Romantikchalet Almfrieden in Ramsau am Dachstein ist ein wahres Paradies f\u00fcr Urlaub mit Hund. Zwei Hunde sind pro Zimmer kostenlos willkommen \u2013 inklusive Hundebett, [&hellip;]<\/p>\n","protected":false},"author":3,"featured_media":0,"parent":0,"menu_order":0,"comment_status":"closed","ping_status":"closed","template":"","meta":{"_et_pb_use_builder":"on","_et_pb_old_content":"","_et_gb_content_width":"","footnotes":""},"class_list":["post-4523","page","type-page","status-publish","hentry"],"yoast_head":"<!-- This site is optimized with the Yoast SEO plugin v27.5 - https:\/\/yoast.com\/product\/yoast-seo-wordpress\/ -->\n<title>Conversas de Alpendre - un lugar para relajarse al m\u00e1ximo rodeado de naturaleza - Shangri La<\/title>\n<meta name=\"description\" content=\"Escapa de la vida cotidiana en Conversas de Alpendre, Portugal. Un lugar para relajarse al m\u00e1ximo en la naturaleza.\" \/>\n<meta name=\"robots\" content=\"index, follow, max-snippet:-1, max-image-preview:large, max-video-preview:-1\" \/>\n<link rel=\"canonical\" href=\"https:\/\/shangrila24.de\/es\/conversas-de-alpendre-un-lugar-para-relajarse-al-maximo-rodeado-de-naturaleza-8\/\" \/>\n<meta property=\"og:locale\" content=\"es_ES\" \/>\n<meta property=\"og:type\" content=\"article\" \/>\n<meta property=\"og:title\" content=\"Conversas de Alpendre - un lugar para relajarse al m\u00e1ximo rodeado de naturaleza - Shangri La\" \/>\n<meta property=\"og:description\" content=\"Escapa de la vida cotidiana en Conversas de Alpendre, Portugal. Un lugar para relajarse al m\u00e1ximo en la naturaleza.\" \/>\n<meta property=\"og:url\" content=\"https:\/\/shangrila24.de\/es\/conversas-de-alpendre-un-lugar-para-relajarse-al-maximo-rodeado-de-naturaleza-8\/\" \/>\n<meta property=\"og:site_name\" content=\"Shangri La\" \/>\n<meta property=\"article:modified_time\" content=\"2025-08-07T09:00:22+00:00\" \/>\n<meta name=\"twitter:card\" content=\"summary_large_image\" \/>\n<meta name=\"twitter:label1\" content=\"Tiempo de lectura\" \/>\n\t<meta name=\"twitter:data1\" content=\"8 minutos\" \/>\n<script type=\"application\/ld+json\" class=\"yoast-schema-graph\">{\"@context\":\"https:\\\/\\\/schema.org\",\"@graph\":[{\"@type\":\"WebPage\",\"@id\":\"https:\\\/\\\/shangrila24.de\\\/es\\\/conversas-de-alpendre-un-lugar-para-relajarse-al-maximo-rodeado-de-naturaleza-8\\\/\",\"url\":\"https:\\\/\\\/shangrila24.de\\\/es\\\/conversas-de-alpendre-un-lugar-para-relajarse-al-maximo-rodeado-de-naturaleza-8\\\/\",\"name\":\"Conversas de Alpendre - un lugar para relajarse al m\u00e1ximo rodeado de naturaleza - Shangri La\",\"isPartOf\":{\"@id\":\"https:\\\/\\\/shangrila24.de\\\/es\\\/#website\"},\"datePublished\":\"2025-08-07T08:34:12+00:00\",\"dateModified\":\"2025-08-07T09:00:22+00:00\",\"description\":\"Escapa de la vida cotidiana en Conversas de Alpendre, Portugal. Un lugar para relajarse al m\u00e1ximo en la naturaleza.\",\"breadcrumb\":{\"@id\":\"https:\\\/\\\/shangrila24.de\\\/es\\\/conversas-de-alpendre-un-lugar-para-relajarse-al-maximo-rodeado-de-naturaleza-8\\\/#breadcrumb\"},\"inLanguage\":\"es\",\"potentialAction\":[{\"@type\":\"ReadAction\",\"target\":[\"https:\\\/\\\/shangrila24.de\\\/es\\\/conversas-de-alpendre-un-lugar-para-relajarse-al-maximo-rodeado-de-naturaleza-8\\\/\"]}]},{\"@type\":\"BreadcrumbList\",\"@id\":\"https:\\\/\\\/shangrila24.de\\\/es\\\/conversas-de-alpendre-un-lugar-para-relajarse-al-maximo-rodeado-de-naturaleza-8\\\/#breadcrumb\",\"itemListElement\":[{\"@type\":\"ListItem\",\"position\":1,\"name\":\"Startseite\",\"item\":\"https:\\\/\\\/shangrila24.de\\\/es\\\/\"},{\"@type\":\"ListItem\",\"position\":2,\"name\":\"Conversas de Alpendre &#8211; un lugar para relajarse al m\u00e1ximo rodeado de naturaleza\"}]},{\"@type\":\"WebSite\",\"@id\":\"https:\\\/\\\/shangrila24.de\\\/es\\\/#website\",\"url\":\"https:\\\/\\\/shangrila24.de\\\/es\\\/\",\"name\":\"Shangrila24\",\"description\":\"Reiseb\u00fcro Hamburg Eppendorf\",\"publisher\":{\"@id\":\"https:\\\/\\\/shangrila24.de\\\/es\\\/#organization\"},\"potentialAction\":[{\"@type\":\"SearchAction\",\"target\":{\"@type\":\"EntryPoint\",\"urlTemplate\":\"https:\\\/\\\/shangrila24.de\\\/es\\\/?s={search_term_string}\"},\"query-input\":{\"@type\":\"PropertyValueSpecification\",\"valueRequired\":true,\"valueName\":\"search_term_string\"}}],\"inLanguage\":\"es\"},{\"@type\":\"Organization\",\"@id\":\"https:\\\/\\\/shangrila24.de\\\/es\\\/#organization\",\"name\":\"Shangri La Reiseb\u00fcro\",\"url\":\"https:\\\/\\\/shangrila24.de\\\/es\\\/\",\"logo\":{\"@type\":\"ImageObject\",\"inLanguage\":\"es\",\"@id\":\"https:\\\/\\\/shangrila24.de\\\/es\\\/#\\\/schema\\\/logo\\\/image\\\/\",\"url\":\"https:\\\/\\\/shangrila24.de\\\/wp-content\\\/uploads\\\/2021\\\/11\\\/Shangrila-Reisebuero-Eppendorf-min.jpeg\",\"contentUrl\":\"https:\\\/\\\/shangrila24.de\\\/wp-content\\\/uploads\\\/2021\\\/11\\\/Shangrila-Reisebuero-Eppendorf-min.jpeg\",\"width\":724,\"height\":779,\"caption\":\"Shangri La Reiseb\u00fcro\"},\"image\":{\"@id\":\"https:\\\/\\\/shangrila24.de\\\/es\\\/#\\\/schema\\\/logo\\\/image\\\/\"},\"sameAs\":[\"https:\\\/\\\/www.instagram.com\\\/shangrila24.de\\\/\"]}]}<\/script>\n<!-- \/ Yoast SEO plugin. -->","yoast_head_json":{"title":"Conversas de Alpendre - un lugar para relajarse al m\u00e1ximo rodeado de naturaleza - Shangri La","description":"Escapa de la vida cotidiana en Conversas de Alpendre, Portugal. Un lugar para relajarse al m\u00e1ximo en la naturaleza.","robots":{"index":"index","follow":"follow","max-snippet":"max-snippet:-1","max-image-preview":"max-image-preview:large","max-video-preview":"max-video-preview:-1"},"canonical":"https:\/\/shangrila24.de\/es\/conversas-de-alpendre-un-lugar-para-relajarse-al-maximo-rodeado-de-naturaleza-8\/","og_locale":"es_ES","og_type":"article","og_title":"Conversas de Alpendre - un lugar para relajarse al m\u00e1ximo rodeado de naturaleza - Shangri La","og_description":"Escapa de la vida cotidiana en Conversas de Alpendre, Portugal. Un lugar para relajarse al m\u00e1ximo en la naturaleza.","og_url":"https:\/\/shangrila24.de\/es\/conversas-de-alpendre-un-lugar-para-relajarse-al-maximo-rodeado-de-naturaleza-8\/","og_site_name":"Shangri La","article_modified_time":"2025-08-07T09:00:22+00:00","twitter_card":"summary_large_image","twitter_misc":{"Tiempo de lectura":"8 minutos"},"schema":{"@context":"https:\/\/schema.org","@graph":[{"@type":"WebPage","@id":"https:\/\/shangrila24.de\/es\/conversas-de-alpendre-un-lugar-para-relajarse-al-maximo-rodeado-de-naturaleza-8\/","url":"https:\/\/shangrila24.de\/es\/conversas-de-alpendre-un-lugar-para-relajarse-al-maximo-rodeado-de-naturaleza-8\/","name":"Conversas de Alpendre - un lugar para relajarse al m\u00e1ximo rodeado de naturaleza - Shangri La","isPartOf":{"@id":"https:\/\/shangrila24.de\/es\/#website"},"datePublished":"2025-08-07T08:34:12+00:00","dateModified":"2025-08-07T09:00:22+00:00","description":"Escapa de la vida cotidiana en Conversas de Alpendre, Portugal. Un lugar para relajarse al m\u00e1ximo en la naturaleza.","breadcrumb":{"@id":"https:\/\/shangrila24.de\/es\/conversas-de-alpendre-un-lugar-para-relajarse-al-maximo-rodeado-de-naturaleza-8\/#breadcrumb"},"inLanguage":"es","potentialAction":[{"@type":"ReadAction","target":["https:\/\/shangrila24.de\/es\/conversas-de-alpendre-un-lugar-para-relajarse-al-maximo-rodeado-de-naturaleza-8\/"]}]},{"@type":"BreadcrumbList","@id":"https:\/\/shangrila24.de\/es\/conversas-de-alpendre-un-lugar-para-relajarse-al-maximo-rodeado-de-naturaleza-8\/#breadcrumb","itemListElement":[{"@type":"ListItem","position":1,"name":"Startseite","item":"https:\/\/shangrila24.de\/es\/"},{"@type":"ListItem","position":2,"name":"Conversas de Alpendre &#8211; un lugar para relajarse al m\u00e1ximo rodeado de naturaleza"}]},{"@type":"WebSite","@id":"https:\/\/shangrila24.de\/es\/#website","url":"https:\/\/shangrila24.de\/es\/","name":"Shangrila24","description":"Reiseb\u00fcro Hamburg Eppendorf","publisher":{"@id":"https:\/\/shangrila24.de\/es\/#organization"},"potentialAction":[{"@type":"SearchAction","target":{"@type":"EntryPoint","urlTemplate":"https:\/\/shangrila24.de\/es\/?s={search_term_string}"},"query-input":{"@type":"PropertyValueSpecification","valueRequired":true,"valueName":"search_term_string"}}],"inLanguage":"es"},{"@type":"Organization","@id":"https:\/\/shangrila24.de\/es\/#organization","name":"Shangri La Reiseb\u00fcro","url":"https:\/\/shangrila24.de\/es\/","logo":{"@type":"ImageObject","inLanguage":"es","@id":"https:\/\/shangrila24.de\/es\/#\/schema\/logo\/image\/","url":"https:\/\/shangrila24.de\/wp-content\/uploads\/2021\/11\/Shangrila-Reisebuero-Eppendorf-min.jpeg","contentUrl":"https:\/\/shangrila24.de\/wp-content\/uploads\/2021\/11\/Shangrila-Reisebuero-Eppendorf-min.jpeg","width":724,"height":779,"caption":"Shangri La Reiseb\u00fcro"},"image":{"@id":"https:\/\/shangrila24.de\/es\/#\/schema\/logo\/image\/"},"sameAs":["https:\/\/www.instagram.com\/shangrila24.de\/"]}]}},"_links":{"self":[{"href":"https:\/\/shangrila24.de\/es\/wp-json\/wp\/v2\/pages\/4523","targetHints":{"allow":["GET"]}}],"collection":[{"href":"https:\/\/shangrila24.de\/es\/wp-json\/wp\/v2\/pages"}],"about":[{"href":"https:\/\/shangrila24.de\/es\/wp-json\/wp\/v2\/types\/page"}],"author":[{"embeddable":true,"href":"https:\/\/shangrila24.de\/es\/wp-json\/wp\/v2\/users\/3"}],"replies":[{"embeddable":true,"href":"https:\/\/shangrila24.de\/es\/wp-json\/wp\/v2\/comments?post=4523"}],"version-history":[{"count":12,"href":"https:\/\/shangrila24.de\/es\/wp-json\/wp\/v2\/pages\/4523\/revisions"}],"predecessor-version":[{"id":4618,"href":"https:\/\/shangrila24.de\/es\/wp-json\/wp\/v2\/pages\/4523\/revisions\/4618"}],"wp:attachment":[{"href":"https:\/\/shangrila24.de\/es\/wp-json\/wp\/v2\/media?parent=4523"}],"curies":[{"name":"wp","href":"https:\/\/api.w.org\/{rel}","templated":true}]}}