{"id":4926,"date":"2025-08-20T09:34:09","date_gmt":"2025-08-20T09:34:09","guid":{"rendered":"https:\/\/shangrila24.de\/?page_id=4926"},"modified":"2025-08-20T09:34:14","modified_gmt":"2025-08-20T09:34:14","slug":"conversas-de-alpendre-un-lugar-para-relajarse-al-maximo-rodeado-de-naturaleza-12","status":"publish","type":"page","link":"https:\/\/shangrila24.de\/es\/conversas-de-alpendre-un-lugar-para-relajarse-al-maximo-rodeado-de-naturaleza-12\/","title":{"rendered":"Conversas de Alpendre &#8211; un lugar para relajarse al m\u00e1ximo rodeado de naturaleza"},"content":{"rendered":"<p>[et_pb_section fb_built=\u00bb1&#8243; custom_padding_last_edited=\u00bbon|desktop\u00bb _builder_version=\u00bb4.16&#8243; custom_padding=\u00bb50px||80px||false|false\u00bb custom_padding_tablet=\u00bb50px||80px||false|false\u00bb custom_padding_phone=\u00bb0px||30px||false|false\u00bb global_colors_info=\u00bb{}\u00bb][et_pb_row _builder_version=\u00bb4.16&#8243; custom_margin=\u00bb||0px||false|false\u00bb custom_padding=\u00bb||0px||false|false\u00bb global_colors_info=\u00bb{}\u00bb][et_pb_column type=\u00bb4_4&#8243; _builder_version=\u00bb4.16&#8243; custom_padding=\u00bb|||\u00bb global_colors_info=\u00bb{}\u00bb custom_padding__hover=\u00bb|||\u00bb][et_pb_text admin_label=\u00bbDiscover Beatuty Sub Title\u00bb _builder_version=\u00bb4.27.4&#8243; text_font=\u00bbOpen Sans||||||||\u00bb text_text_color=\u00bb#1a1a1a\u00bb text_font_size=\u00bb20px\u00bb text_line_height=\u00bb1.4em\u00bb animation_style=\u00bbslide\u00bb animation_direction=\u00bbtop\u00bb animation_delay=\u00bb100ms\u00bb animation_intensity_slide=\u00bb10%\u00bb global_colors_info=\u00bb{}\u00bb]<\/p>\n<p><em>Hotel Schnitzer&#8217;s Dahoam, Tegernsee (D)<\/em><\/p>\n<p>[\/et_pb_text][et_pb_text admin_label=\u00bbDiscover Beatuty Title\u00bb _builder_version=\u00bb4.27.4&#8243; text_font=\u00bb||||\u00bb text_text_color=\u00bb#1a1a1a\u00bb header_font=\u00bb|800||on|||||\u00bb header_text_align=\u00bbleft\u00bb header_font_size=\u00bb52px\u00bb header_line_height=\u00bb1.1em\u00bb animation_style=\u00bbslide\u00bb animation_direction=\u00bb%22fade_in%22&#8243; animation_duration=\u00bb500ms\u00bb animation_intensity_slide=\u00bb10%\u00bb global_colors_info=\u00bb{}\u00bb]<\/p>\n<h1>\ud83d\udc3e Hundehotel in Bayern \u2013 Urlaub mit Hund bei Schnitzer\u2019s Dahoam am Tegernsee<\/h1>\n<p>[\/et_pb_text][et_pb_text admin_label=\u00bbDiscover Beatuty Sub Title\u00bb _builder_version=\u00bb4.27.4&#8243; text_font=\u00bbOpen Sans||||||||\u00bb text_text_color=\u00bb#1a1a1a\u00bb text_font_size=\u00bb20px\u00bb text_line_height=\u00bb1.4em\u00bb animation_style=\u00bbslide\u00bb animation_direction=\u00bbtop\u00bb animation_delay=\u00bb100ms\u00bb animation_intensity_slide=\u00bb10%\u00bb global_colors_info=\u00bb{}\u00bb]<\/p>\n<h2>Famili\u00e4r, charmant &amp; durchdacht \u2013 Willkommen bei Schnitzer\u2019s Dahoam<\/h2>\n<p>[\/et_pb_text][et_pb_divider divider_position=\u00bbcenter\u00bb divider_weight=\u00bb3px\u00bb disabled_on=\u00bboff|off|off\u00bb _builder_version=\u00bb4.16&#8243; max_width=\u00bb150px\u00bb height=\u00bbfalse\u00bb animation_style=\u00bbslide\u00bb animation_direction=\u00bbtop\u00bb animation_delay=\u00bb200ms\u00bb animation_intensity_slide=\u00bb10%\u00bb global_colors_info=\u00bb{}\u00bb][\/et_pb_divider][et_pb_text disabled_on=\u00bboff|off|off%22%22&#8243; admin_label=\u00bbDiscover Beatuty Text\u00bb _builder_version=\u00bb4.27.4&#8243; text_font=\u00bbOpen Sans||||||||\u00bb text_font_size=\u00bb16px\u00bb text_line_height=\u00bb1.9em\u00bb custom_padding=\u00bb0px||||false|false\u00bb animation_style=\u00bbslide\u00bb animation_direction=\u00bbtop\u00bb animation_delay=\u00bb300ms\u00bb animation_intensity_slide=\u00bb10%\u00bb global_colors_info=\u00bb{}\u00bb]<\/p>\n<p data-start=\"264\" data-end=\"548\"><strong data-start=\"264\" data-end=\"286\">Schnitzer\u2019s Dahoam<\/strong> ist ein echtes Wohlf\u00fchlhotel \u2013 gef\u00fchrt mit Herz, Humor und viel Gastgeberinstinkt. In <strong data-start=\"373\" data-end=\"395\">Gmund am Tegernsee<\/strong>, mitten im idyllischen Oberbayern, erwartet dich kein gro\u00dfes Resort, sondern ein charmantes Haus, in dem <strong data-start=\"501\" data-end=\"542\">Mensch und Hund gleicherma\u00dfen zuhause<\/strong> sind.<\/p>\n<p data-start=\"550\" data-end=\"946\">Das Hotel ist liebevoll gestaltet \u2013 eine Mischung aus modernem Landhausstil und bayerischer Gem\u00fctlichkeit. Alle Zimmer sind <strong data-start=\"674\" data-end=\"714\">hundefreundlich und frisch renoviert<\/strong>, viele davon mit Balkon oder direktem Zugang ins Gr\u00fcne. Dazu kommt ein eigener <strong data-start=\"794\" data-end=\"809\">Hundegarten<\/strong> auf dem Grundst\u00fcck, ideal f\u00fcr Spiel, Auszeit oder neue Begegnungen \u2013 auch mit Haushund Ganja, dem freundlichen vierbeinigen Mitbewohner.<\/p>\n<p data-start=\"948\" data-end=\"1077\">Hier geht\u2019s nicht um gro\u00dfe Worte \u2013 sondern um <strong data-start=\"994\" data-end=\"1020\">echte Gastfreundschaft<\/strong>, ehrliche Atmosph\u00e4re und viel Gesp\u00fcr f\u00fcr G\u00e4ste mit Fell.<\/p>\n<p>[\/et_pb_text][et_pb_text _builder_version=\u00bb4.27.4&#8243; _module_preset=\u00bbdefault\u00bb global_colors_info=\u00bb{}\u00bb]<\/p>\n<h3 data-start=\"1084\" data-end=\"1135\">Ehrliche K\u00fcche, feste Pl\u00e4tze, voller Genuss<\/h3>\n<p data-start=\"1137\" data-end=\"1349\">Kulinarisch steht Schnitzer\u2019s Dahoam f\u00fcr <strong data-start=\"1178\" data-end=\"1226\">regionale, bodenst\u00e4ndige K\u00fcche mit Charakter<\/strong>. Beim Fr\u00fchst\u00fcck erwarten dich hausgemachte Leckereien, frisches Brot, saisonale Produkte und der Duft von echtem Urlaub.<\/p>\n<p data-start=\"1351\" data-end=\"1620\">Besonders praktisch: <strong data-start=\"1372\" data-end=\"1428\">Du und dein Hund habt einen festen Tisch im Gastraum<\/strong> \u2013 kein Umr\u00e4umen, kein Stress. So k\u00f6nnt ihr gemeinsam und ganz entspannt in den Tag starten. Am Abend gibt\u2019s auf Wunsch herzhafte Gerichte aus der Region \u2013 ehrlich gekocht, liebevoll serviert.<\/p>\n<p>[\/et_pb_text][et_pb_text _builder_version=\u00bb4.27.4&#8243; _module_preset=\u00bbdefault\u00bb global_colors_info=\u00bb{}\u00bb]<\/p>\n<h3 data-start=\"1627\" data-end=\"1679\">Urlaub mit Hund \u2013 Was euch erwartet<\/h3>\n<p data-start=\"1708\" data-end=\"1810\">Im <strong data-start=\"1711\" data-end=\"1733\">Schnitzer\u2019s Dahoam<\/strong> ist alles darauf ausgerichtet, dass ihr euch vom ersten Moment an wohlf\u00fchlt:<\/p>\n<ul data-start=\"1812\" data-end=\"2302\">\n<li data-start=\"1812\" data-end=\"1863\">\n<p data-start=\"1814\" data-end=\"1863\">Alle Zimmer <strong data-start=\"1826\" data-end=\"1861\">hundefreundlich &amp; neu gestaltet<\/strong><\/p>\n<\/li>\n<li data-start=\"1864\" data-end=\"1925\">\n<p data-start=\"1866\" data-end=\"1925\"><strong data-start=\"1866\" data-end=\"1913\">Hundebett, Napf, Decke &amp; Begr\u00fc\u00dfungsleckerli<\/strong> inklusive<\/p>\n<\/li>\n<li data-start=\"1926\" data-end=\"1972\">\n<p data-start=\"1928\" data-end=\"1972\"><strong data-start=\"1928\" data-end=\"1951\">Eigener Hundegarten<\/strong> auf dem Grundst\u00fcck<\/p>\n<\/li>\n<li data-start=\"1973\" data-end=\"2024\">\n<p data-start=\"1975\" data-end=\"2024\"><strong data-start=\"1975\" data-end=\"1993\">Haushund Ganja<\/strong> freut sich \u00fcber Gesellschaft<\/p>\n<\/li>\n<li data-start=\"2025\" data-end=\"2070\">\n<p data-start=\"2027\" data-end=\"2070\"><strong data-start=\"2027\" data-end=\"2057\">Fester Tisch im Restaurant<\/strong> \u2013 mit Hund<\/p>\n<\/li>\n<li data-start=\"2071\" data-end=\"2119\">\n<p data-start=\"2073\" data-end=\"2119\"><strong data-start=\"2073\" data-end=\"2117\">Spazier- &amp; Wanderwege direkt ab dem Haus<\/strong><\/p>\n<\/li>\n<li data-start=\"2120\" data-end=\"2186\">\n<p data-start=\"2122\" data-end=\"2186\"><strong data-start=\"2122\" data-end=\"2157\">Flache Badestellen am Tegernsee<\/strong> \u2013 ideal zum Baden mit Hund<\/p>\n<\/li>\n<li data-start=\"2187\" data-end=\"2253\">\n<p data-start=\"2189\" data-end=\"2253\"><strong data-start=\"2189\" data-end=\"2219\">Hundetrainer in der Region<\/strong> \u2013 pers\u00f6nliche Tipps auf Anfrage<\/p>\n<\/li>\n<li data-start=\"2254\" data-end=\"2302\">\n<p data-start=\"2256\" data-end=\"2302\">Aufpreis pro Hund: <strong data-start=\"2275\" data-end=\"2302\">nur 30\u202f\u20ac pro Aufenthalt<\/strong><\/p>\n<\/li>\n<\/ul>\n<p data-start=\"2304\" data-end=\"2387\">Bitte gib bei der Buchung an, dass du mit Hund reist \u2013 damit alles vorbereitet ist.<\/p>\n<p>[\/et_pb_text][et_pb_text _builder_version=\u00bb4.27.4&#8243; _module_preset=\u00bbdefault\u00bb global_colors_info=\u00bb{}\u00bb]<\/p>\n<h3 data-start=\"2394\" data-end=\"2453\">Auf Wunsch noch mehr \u2013 Kurse, Coaching &amp; Hundemesse<\/h3>\n<p data-start=\"2455\" data-end=\"2620\">F\u00fcr alle, die im Urlaub <strong data-start=\"2479\" data-end=\"2503\">nicht nur abschalten<\/strong>, sondern auch dazulernen wollen, bietet Schnitzer\u2019s Dahoam regelm\u00e4\u00dfig <strong data-start=\"2574\" data-end=\"2614\">Kurse und Workshops rund um den Hund<\/strong> an:\u00a0Ob Social Walks, Alltagstraining, Anti-Jagd-Kurse oder Einzelcoachings \u2013 hier findest du kompetente Begleitung, ohne Trainingsdruck oder starre Abl\u00e4ufe.<\/p>\n<p data-start=\"2778\" data-end=\"2991\">Ein besonderes Highlight ist die <strong data-start=\"2811\" data-end=\"2836\">hauseigene Hundemesse<\/strong>, die regelm\u00e4\u00dfig veranstaltet wird \u2013 mit ausgew\u00e4hlten Ausstellern, Vortr\u00e4gen, Verkaufsst\u00e4nden und vielen Inspirationen f\u00fcr ein harmonisches Leben mit Hund<\/p>\n<p>[\/et_pb_text][et_pb_text _builder_version=\u00bb4.27.4&#8243; _module_preset=\u00bbdefault\u00bb global_colors_info=\u00bb{}\u00bb]<\/p>\n<h3 data-start=\"2998\" data-end=\"3055\">Freizeit &amp; Umgebung \u2013 Tegernsee, Berge, Natur pur<\/h3>\n<p data-start=\"3057\" data-end=\"3213\">Nur wenige Minuten vom Hotel entfernt liegt der <strong data-start=\"3105\" data-end=\"3118\">Tegernsee<\/strong> \u2013 einer der sch\u00f6nsten Seen Deutschlands. Die Umgebung ist wie gemacht f\u00fcr naturnahe Auszeiten:<\/p>\n<ul data-start=\"3215\" data-end=\"3479\">\n<li data-start=\"3215\" data-end=\"3265\">\n<p data-start=\"3217\" data-end=\"3265\">Spazierwege \u00fcber Wiesen, Felder &amp; durch W\u00e4lder<\/p>\n<\/li>\n<li data-start=\"3266\" data-end=\"3312\">\n<p data-start=\"3268\" data-end=\"3312\">Wanderungen mit Aussicht auf See und Berge<\/p>\n<\/li>\n<li data-start=\"3313\" data-end=\"3369\">\n<p data-start=\"3315\" data-end=\"3369\"><strong data-start=\"3315\" data-end=\"3367\">Hundestr\u00e4nde &amp; Badestellen rund um den Tegernsee<\/strong><\/p>\n<\/li>\n<li data-start=\"3370\" data-end=\"3433\">\n<p data-start=\"3372\" data-end=\"3433\">Ausfl\u00fcge nach Rottach-Egern, Bad Wiessee oder Tegernsee-Ort<\/p>\n<\/li>\n<li data-start=\"3434\" data-end=\"3479\">\n<p data-start=\"3436\" data-end=\"3479\">Regionale Hofl\u00e4den, Almen &amp; Aussichtspunkte<\/p>\n<\/li>\n<\/ul>\n<p data-start=\"3481\" data-end=\"3564\">Hier findest du die perfekte Mischung aus Aktivit\u00e4t und Ruhe \u2013 mit oder ohne Leine.<\/p>\n<p>[\/et_pb_text][et_pb_text _builder_version=\u00bb4.27.4&#8243; _module_preset=\u00bbdefault\u00bb global_colors_info=\u00bb{}\u00bb]<\/p>\n<h3 data-start=\"3571\" data-end=\"3628\">Fazit \u2013 ein Hotel f\u00fcr Menschen mit Herz f\u00fcr Hunde<\/h3>\n<p data-start=\"3630\" data-end=\"3760\"><strong data-start=\"3630\" data-end=\"3652\">Schnitzer\u2019s Dahoam<\/strong> ist nicht einfach nur ein hundefreundliches Hotel. Es ist ein Ort, an dem Hunde <strong data-start=\"3733\" data-end=\"3757\">wirklich dazugeh\u00f6ren<\/strong>.<\/p>\n<p data-start=\"3762\" data-end=\"4002\">Famili\u00e4r gef\u00fchrt, mit Liebe zum Detail und einem durchdachten Konzept bietet das Haus alles, was es f\u00fcr einen entspannten Urlaub mit Hund braucht. Wer mit dem besten Freund reisen und dabei <strong data-start=\"3952\" data-end=\"3972\">ehrlich ankommen<\/strong> will, ist hier genau richtig<\/p>\n<p>[\/et_pb_text][\/et_pb_column][\/et_pb_row][\/et_pb_section][et_pb_section fb_built=\u00bb1&#8243; _builder_version=\u00bb4.16&#8243; _module_preset=\u00bbdefault\u00bb global_colors_info=\u00bb{}\u00bb][et_pb_row _builder_version=\u00bb4.16&#8243; _module_preset=\u00bbdefault\u00bb global_colors_info=\u00bb{}\u00bb][et_pb_column type=\u00bb4_4&#8243; _builder_version=\u00bb4.16&#8243; _module_preset=\u00bbdefault\u00bb global_colors_info=\u00bb{}\u00bb][et_pb_gallery gallery_ids=\u00bb4912,4915,4918,4909&#8243; show_title_and_caption=\u00bboff\u00bb _builder_version=\u00bb4.27.4&#8243; _module_preset=\u00bbdefault\u00bb hover_enabled=\u00bb0&#8243; global_colors_info=\u00bb{}\u00bb sticky_enabled=\u00bb0&#8243;][\/et_pb_gallery][\/et_pb_column][\/et_pb_row][et_pb_row column_structure=\u00bb1_3,1_3,1_3&#8243; _builder_version=\u00bb4.27.4&#8243; _module_preset=\u00bbdefault\u00bb global_colors_info=\u00bb{}\u00bb][et_pb_column type=\u00bb1_3&#8243; _builder_version=\u00bb4.27.4&#8243; _module_preset=\u00bbdefault\u00bb global_colors_info=\u00bb{}\u00bb][et_pb_button button_url=\u00bb@ET-DC@eyJkeW5hbWljIjp0cnVlLCJjb250ZW50IjoicG9zdF9saW5rX3VybF9wYWdlIiwic2V0dGluZ3MiOnsicG9zdF9pZCI6IjIxNyJ9fQ==@\u00bb button_text=\u00bbSolicita m\u00e1s informaci\u00f3n\u00bb _builder_version=\u00bb4.27.4&#8243; _dynamic_attributes=\u00bbbutton_url\u00bb _module_preset=\u00bbdefault\u00bb global_colors_info=\u00bb{}\u00bb][\/et_pb_button][\/et_pb_column][et_pb_column type=\u00bb1_3&#8243; _builder_version=\u00bb4.27.4&#8243; _module_preset=\u00bbdefault\u00bb global_colors_info=\u00bb{}\u00bb][\/et_pb_column][et_pb_column type=\u00bb1_3&#8243; _builder_version=\u00bb4.27.4&#8243; _module_preset=\u00bbdefault\u00bb global_colors_info=\u00bb{}\u00bb][et_pb_button button_url=\u00bb@ET-DC@eyJkeW5hbWljIjp0cnVlLCJjb250ZW50IjoicG9zdF9saW5rX3VybF9wYWdlIiwic2V0dGluZ3MiOnsicG9zdF9pZCI6IjQxNDEifX0=@\u00bb button_text=\u00bbWeitere Hundehotels\u00bb button_alignment=\u00bbcenter\u00bb _builder_version=\u00bb4.27.4&#8243; _dynamic_attributes=\u00bbbutton_url\u00bb _module_preset=\u00bbdefault\u00bb global_colors_info=\u00bb{}\u00bb][\/et_pb_button][\/et_pb_column][\/et_pb_row][et_pb_row column_structure=\u00bb3_4,1_4&#8243; _builder_version=\u00bb4.27.4&#8243; _module_preset=\u00bbdefault\u00bb global_colors_info=\u00bb{}\u00bb][et_pb_column type=\u00bb3_4&#8243; _builder_version=\u00bb4.27.4&#8243; _module_preset=\u00bbdefault\u00bb global_colors_info=\u00bb{}\u00bb][et_pb_text _builder_version=\u00bb4.27.4&#8243; _module_preset=\u00bbdefault\u00bb global_colors_info=\u00bb{}\u00bb]\ud83d\udca1 <strong data-start=\"1250\" data-end=\"1259\">Tipp:<\/strong> Alles f\u00fcr die Reise mit deinem Vierbeiner findest du bei unserem Partner in Hamburg \u2013 <a class=\"cursor-pointer\" href=\"https:\/\/www.tierbar.de\/\" target=\"_blank\" rel=\"noopener\" data-start=\"1346\" data-end=\"1380\">Tierbar<\/a> \ud83d\udc36\ud83d\udecd\ufe0f<br \/>\n[\/et_pb_text][\/et_pb_column][et_pb_column type=\u00bb1_4&#8243; _builder_version=\u00bb4.27.4&#8243; _module_preset=\u00bbdefault\u00bb global_colors_info=\u00bb{}\u00bb][et_pb_text _builder_version=\u00bb4.27.4&#8243; _module_preset=\u00bbdefault\u00bb global_colors_info=\u00bb{}\u00bb]<a href=\"https:\/\/www.hotel-bergfrieden.at\/urlaub-mit-hund\/\" target=\"_blank\" rel=\"noopener\">\ud83d\udc3e<\/a><br \/>\n[\/et_pb_text][\/et_pb_column][\/et_pb_row][\/et_pb_section]<\/p>\n","protected":false},"excerpt":{"rendered":"<p>Hotel Schnitzer&#8217;s Dahoam, Tegernsee (D)\ud83d\udc3e Hundehotel in Bayern \u2013 Urlaub mit Hund bei Schnitzer\u2019s Dahoam am TegernseeFamili\u00e4r, charmant &amp; durchdacht \u2013 Willkommen bei Schnitzer\u2019s DahoamSchnitzer\u2019s Dahoam ist ein echtes Wohlf\u00fchlhotel \u2013 gef\u00fchrt mit Herz, Humor und viel Gastgeberinstinkt. In Gmund am Tegernsee, mitten im idyllischen Oberbayern, erwartet dich kein gro\u00dfes Resort, sondern ein charmantes Haus, [&hellip;]<\/p>\n","protected":false},"author":3,"featured_media":0,"parent":0,"menu_order":0,"comment_status":"closed","ping_status":"closed","template":"","meta":{"_et_pb_use_builder":"on","_et_pb_old_content":"","_et_gb_content_width":"","footnotes":""},"class_list":["post-4926","page","type-page","status-publish","hentry"],"yoast_head":"<!-- This site is optimized with the Yoast SEO plugin v27.4 - https:\/\/yoast.com\/product\/yoast-seo-wordpress\/ -->\n<title>Conversas de Alpendre - un lugar para relajarse al m\u00e1ximo rodeado de naturaleza - Shangri La<\/title>\n<meta name=\"description\" content=\"Escapa de la vida cotidiana en Conversas de Alpendre, Portugal. Un lugar para relajarse al m\u00e1ximo en la naturaleza.\" \/>\n<meta name=\"robots\" content=\"index, follow, max-snippet:-1, max-image-preview:large, max-video-preview:-1\" \/>\n<link rel=\"canonical\" href=\"https:\/\/shangrila24.de\/es\/conversas-de-alpendre-un-lugar-para-relajarse-al-maximo-rodeado-de-naturaleza-12\/\" \/>\n<meta property=\"og:locale\" content=\"es_ES\" \/>\n<meta property=\"og:type\" content=\"article\" \/>\n<meta property=\"og:title\" content=\"Conversas de Alpendre - un lugar para relajarse al m\u00e1ximo rodeado de naturaleza - Shangri La\" \/>\n<meta property=\"og:description\" content=\"Escapa de la vida cotidiana en Conversas de Alpendre, Portugal. Un lugar para relajarse al m\u00e1ximo en la naturaleza.\" \/>\n<meta property=\"og:url\" content=\"https:\/\/shangrila24.de\/es\/conversas-de-alpendre-un-lugar-para-relajarse-al-maximo-rodeado-de-naturaleza-12\/\" \/>\n<meta property=\"og:site_name\" content=\"Shangri La\" \/>\n<meta property=\"article:modified_time\" content=\"2025-08-20T09:34:14+00:00\" \/>\n<meta name=\"twitter:card\" content=\"summary_large_image\" \/>\n<meta name=\"twitter:label1\" content=\"Tiempo de lectura\" \/>\n\t<meta name=\"twitter:data1\" content=\"6 minutos\" \/>\n<script type=\"application\/ld+json\" class=\"yoast-schema-graph\">{\"@context\":\"https:\\\/\\\/schema.org\",\"@graph\":[{\"@type\":\"WebPage\",\"@id\":\"https:\\\/\\\/shangrila24.de\\\/es\\\/conversas-de-alpendre-un-lugar-para-relajarse-al-maximo-rodeado-de-naturaleza-12\\\/\",\"url\":\"https:\\\/\\\/shangrila24.de\\\/es\\\/conversas-de-alpendre-un-lugar-para-relajarse-al-maximo-rodeado-de-naturaleza-12\\\/\",\"name\":\"Conversas de Alpendre - un lugar para relajarse al m\u00e1ximo rodeado de naturaleza - Shangri La\",\"isPartOf\":{\"@id\":\"https:\\\/\\\/shangrila24.de\\\/es\\\/#website\"},\"datePublished\":\"2025-08-20T09:34:09+00:00\",\"dateModified\":\"2025-08-20T09:34:14+00:00\",\"description\":\"Escapa de la vida cotidiana en Conversas de Alpendre, Portugal. Un lugar para relajarse al m\u00e1ximo en la naturaleza.\",\"breadcrumb\":{\"@id\":\"https:\\\/\\\/shangrila24.de\\\/es\\\/conversas-de-alpendre-un-lugar-para-relajarse-al-maximo-rodeado-de-naturaleza-12\\\/#breadcrumb\"},\"inLanguage\":\"es\",\"potentialAction\":[{\"@type\":\"ReadAction\",\"target\":[\"https:\\\/\\\/shangrila24.de\\\/es\\\/conversas-de-alpendre-un-lugar-para-relajarse-al-maximo-rodeado-de-naturaleza-12\\\/\"]}]},{\"@type\":\"BreadcrumbList\",\"@id\":\"https:\\\/\\\/shangrila24.de\\\/es\\\/conversas-de-alpendre-un-lugar-para-relajarse-al-maximo-rodeado-de-naturaleza-12\\\/#breadcrumb\",\"itemListElement\":[{\"@type\":\"ListItem\",\"position\":1,\"name\":\"Startseite\",\"item\":\"https:\\\/\\\/shangrila24.de\\\/es\\\/\"},{\"@type\":\"ListItem\",\"position\":2,\"name\":\"Conversas de Alpendre &#8211; un lugar para relajarse al m\u00e1ximo rodeado de naturaleza\"}]},{\"@type\":\"WebSite\",\"@id\":\"https:\\\/\\\/shangrila24.de\\\/es\\\/#website\",\"url\":\"https:\\\/\\\/shangrila24.de\\\/es\\\/\",\"name\":\"Shangrila24\",\"description\":\"Reiseb\u00fcro Hamburg Eppendorf\",\"publisher\":{\"@id\":\"https:\\\/\\\/shangrila24.de\\\/es\\\/#organization\"},\"potentialAction\":[{\"@type\":\"SearchAction\",\"target\":{\"@type\":\"EntryPoint\",\"urlTemplate\":\"https:\\\/\\\/shangrila24.de\\\/es\\\/?s={search_term_string}\"},\"query-input\":{\"@type\":\"PropertyValueSpecification\",\"valueRequired\":true,\"valueName\":\"search_term_string\"}}],\"inLanguage\":\"es\"},{\"@type\":\"Organization\",\"@id\":\"https:\\\/\\\/shangrila24.de\\\/es\\\/#organization\",\"name\":\"Shangri La Reiseb\u00fcro\",\"url\":\"https:\\\/\\\/shangrila24.de\\\/es\\\/\",\"logo\":{\"@type\":\"ImageObject\",\"inLanguage\":\"es\",\"@id\":\"https:\\\/\\\/shangrila24.de\\\/es\\\/#\\\/schema\\\/logo\\\/image\\\/\",\"url\":\"https:\\\/\\\/shangrila24.de\\\/wp-content\\\/uploads\\\/2021\\\/11\\\/Shangrila-Reisebuero-Eppendorf-min.jpeg\",\"contentUrl\":\"https:\\\/\\\/shangrila24.de\\\/wp-content\\\/uploads\\\/2021\\\/11\\\/Shangrila-Reisebuero-Eppendorf-min.jpeg\",\"width\":724,\"height\":779,\"caption\":\"Shangri La Reiseb\u00fcro\"},\"image\":{\"@id\":\"https:\\\/\\\/shangrila24.de\\\/es\\\/#\\\/schema\\\/logo\\\/image\\\/\"},\"sameAs\":[\"https:\\\/\\\/www.instagram.com\\\/shangrila24.de\\\/\"]}]}<\/script>\n<!-- \/ Yoast SEO plugin. -->","yoast_head_json":{"title":"Conversas de Alpendre - un lugar para relajarse al m\u00e1ximo rodeado de naturaleza - Shangri La","description":"Escapa de la vida cotidiana en Conversas de Alpendre, Portugal. Un lugar para relajarse al m\u00e1ximo en la naturaleza.","robots":{"index":"index","follow":"follow","max-snippet":"max-snippet:-1","max-image-preview":"max-image-preview:large","max-video-preview":"max-video-preview:-1"},"canonical":"https:\/\/shangrila24.de\/es\/conversas-de-alpendre-un-lugar-para-relajarse-al-maximo-rodeado-de-naturaleza-12\/","og_locale":"es_ES","og_type":"article","og_title":"Conversas de Alpendre - un lugar para relajarse al m\u00e1ximo rodeado de naturaleza - Shangri La","og_description":"Escapa de la vida cotidiana en Conversas de Alpendre, Portugal. Un lugar para relajarse al m\u00e1ximo en la naturaleza.","og_url":"https:\/\/shangrila24.de\/es\/conversas-de-alpendre-un-lugar-para-relajarse-al-maximo-rodeado-de-naturaleza-12\/","og_site_name":"Shangri La","article_modified_time":"2025-08-20T09:34:14+00:00","twitter_card":"summary_large_image","twitter_misc":{"Tiempo de lectura":"6 minutos"},"schema":{"@context":"https:\/\/schema.org","@graph":[{"@type":"WebPage","@id":"https:\/\/shangrila24.de\/es\/conversas-de-alpendre-un-lugar-para-relajarse-al-maximo-rodeado-de-naturaleza-12\/","url":"https:\/\/shangrila24.de\/es\/conversas-de-alpendre-un-lugar-para-relajarse-al-maximo-rodeado-de-naturaleza-12\/","name":"Conversas de Alpendre - un lugar para relajarse al m\u00e1ximo rodeado de naturaleza - Shangri La","isPartOf":{"@id":"https:\/\/shangrila24.de\/es\/#website"},"datePublished":"2025-08-20T09:34:09+00:00","dateModified":"2025-08-20T09:34:14+00:00","description":"Escapa de la vida cotidiana en Conversas de Alpendre, Portugal. Un lugar para relajarse al m\u00e1ximo en la naturaleza.","breadcrumb":{"@id":"https:\/\/shangrila24.de\/es\/conversas-de-alpendre-un-lugar-para-relajarse-al-maximo-rodeado-de-naturaleza-12\/#breadcrumb"},"inLanguage":"es","potentialAction":[{"@type":"ReadAction","target":["https:\/\/shangrila24.de\/es\/conversas-de-alpendre-un-lugar-para-relajarse-al-maximo-rodeado-de-naturaleza-12\/"]}]},{"@type":"BreadcrumbList","@id":"https:\/\/shangrila24.de\/es\/conversas-de-alpendre-un-lugar-para-relajarse-al-maximo-rodeado-de-naturaleza-12\/#breadcrumb","itemListElement":[{"@type":"ListItem","position":1,"name":"Startseite","item":"https:\/\/shangrila24.de\/es\/"},{"@type":"ListItem","position":2,"name":"Conversas de Alpendre &#8211; un lugar para relajarse al m\u00e1ximo rodeado de naturaleza"}]},{"@type":"WebSite","@id":"https:\/\/shangrila24.de\/es\/#website","url":"https:\/\/shangrila24.de\/es\/","name":"Shangrila24","description":"Reiseb\u00fcro Hamburg Eppendorf","publisher":{"@id":"https:\/\/shangrila24.de\/es\/#organization"},"potentialAction":[{"@type":"SearchAction","target":{"@type":"EntryPoint","urlTemplate":"https:\/\/shangrila24.de\/es\/?s={search_term_string}"},"query-input":{"@type":"PropertyValueSpecification","valueRequired":true,"valueName":"search_term_string"}}],"inLanguage":"es"},{"@type":"Organization","@id":"https:\/\/shangrila24.de\/es\/#organization","name":"Shangri La Reiseb\u00fcro","url":"https:\/\/shangrila24.de\/es\/","logo":{"@type":"ImageObject","inLanguage":"es","@id":"https:\/\/shangrila24.de\/es\/#\/schema\/logo\/image\/","url":"https:\/\/shangrila24.de\/wp-content\/uploads\/2021\/11\/Shangrila-Reisebuero-Eppendorf-min.jpeg","contentUrl":"https:\/\/shangrila24.de\/wp-content\/uploads\/2021\/11\/Shangrila-Reisebuero-Eppendorf-min.jpeg","width":724,"height":779,"caption":"Shangri La Reiseb\u00fcro"},"image":{"@id":"https:\/\/shangrila24.de\/es\/#\/schema\/logo\/image\/"},"sameAs":["https:\/\/www.instagram.com\/shangrila24.de\/"]}]}},"_links":{"self":[{"href":"https:\/\/shangrila24.de\/es\/wp-json\/wp\/v2\/pages\/4926","targetHints":{"allow":["GET"]}}],"collection":[{"href":"https:\/\/shangrila24.de\/es\/wp-json\/wp\/v2\/pages"}],"about":[{"href":"https:\/\/shangrila24.de\/es\/wp-json\/wp\/v2\/types\/page"}],"author":[{"embeddable":true,"href":"https:\/\/shangrila24.de\/es\/wp-json\/wp\/v2\/users\/3"}],"replies":[{"embeddable":true,"href":"https:\/\/shangrila24.de\/es\/wp-json\/wp\/v2\/comments?post=4926"}],"version-history":[{"count":3,"href":"https:\/\/shangrila24.de\/es\/wp-json\/wp\/v2\/pages\/4926\/revisions"}],"predecessor-version":[{"id":4932,"href":"https:\/\/shangrila24.de\/es\/wp-json\/wp\/v2\/pages\/4926\/revisions\/4932"}],"wp:attachment":[{"href":"https:\/\/shangrila24.de\/es\/wp-json\/wp\/v2\/media?parent=4926"}],"curies":[{"name":"wp","href":"https:\/\/api.w.org\/{rel}","templated":true}]}}