{"id":4959,"date":"2025-08-20T21:12:05","date_gmt":"2025-08-20T21:12:05","guid":{"rendered":"https:\/\/shangrila24.de\/?page_id=4959"},"modified":"2025-08-20T21:12:10","modified_gmt":"2025-08-20T21:12:10","slug":"conversas-de-alpendre-un-lugar-para-relajarse-al-maximo-rodeado-de-naturaleza-13","status":"publish","type":"page","link":"https:\/\/shangrila24.de\/es\/conversas-de-alpendre-un-lugar-para-relajarse-al-maximo-rodeado-de-naturaleza-13\/","title":{"rendered":"Conversas de Alpendre &#8211; un lugar para relajarse al m\u00e1ximo rodeado de naturaleza"},"content":{"rendered":"<p>[et_pb_section fb_built=\u00bb1&#8243; custom_padding_last_edited=\u00bbon|desktop\u00bb _builder_version=\u00bb4.16&#8243; custom_padding=\u00bb50px||80px||false|false\u00bb custom_padding_tablet=\u00bb50px||80px||false|false\u00bb custom_padding_phone=\u00bb0px||30px||false|false\u00bb global_colors_info=\u00bb{}\u00bb][et_pb_row _builder_version=\u00bb4.16&#8243; custom_margin=\u00bb||0px||false|false\u00bb custom_padding=\u00bb||0px||false|false\u00bb global_colors_info=\u00bb{}\u00bb][et_pb_column type=\u00bb4_4&#8243; _builder_version=\u00bb4.16&#8243; custom_padding=\u00bb|||\u00bb global_colors_info=\u00bb{}\u00bb custom_padding__hover=\u00bb|||\u00bb][et_pb_text admin_label=\u00bbDiscover Beatuty Sub Title\u00bb _builder_version=\u00bb4.27.4&#8243; text_font=\u00bbOpen Sans||||||||\u00bb text_text_color=\u00bb#1a1a1a\u00bb text_font_size=\u00bb20px\u00bb text_line_height=\u00bb1.4em\u00bb animation_style=\u00bbslide\u00bb animation_direction=\u00bbtop\u00bb animation_delay=\u00bb100ms\u00bb animation_intensity_slide=\u00bb10%\u00bb global_colors_info=\u00bb{}\u00bb]<\/p>\n<p><em>Hotel Hubertush\u00f6he, Sauerland (D)<\/em><\/p>\n<p>[\/et_pb_text][et_pb_text admin_label=\u00bbDiscover Beatuty Title\u00bb _builder_version=\u00bb4.27.4&#8243; text_font=\u00bb||||\u00bb text_text_color=\u00bb#1a1a1a\u00bb header_font=\u00bb|800||on|||||\u00bb header_text_align=\u00bbleft\u00bb header_font_size=\u00bb52px\u00bb header_line_height=\u00bb1.1em\u00bb animation_style=\u00bbslide\u00bb animation_direction=\u00bb%22fade_in%22&#8243; animation_duration=\u00bb500ms\u00bb animation_intensity_slide=\u00bb10%\u00bb global_colors_info=\u00bb{}\u00bb]<\/p>\n<h1>\ud83d\udc3e Hundehotel im Sauerland \u2013 Urlaub mit Hund in der Hubertush\u00f6he Latrop<\/h1>\n<p>[\/et_pb_text][et_pb_text admin_label=\u00bbDiscover Beatuty Sub Title\u00bb _builder_version=\u00bb4.27.4&#8243; text_font=\u00bbOpen Sans||||||||\u00bb text_text_color=\u00bb#1a1a1a\u00bb text_font_size=\u00bb20px\u00bb text_line_height=\u00bb1.4em\u00bb animation_style=\u00bbslide\u00bb animation_direction=\u00bbtop\u00bb animation_delay=\u00bb100ms\u00bb animation_intensity_slide=\u00bb10%\u00bb global_colors_info=\u00bb{}\u00bb]<\/p>\n<h2>Kleines Haus, gro\u00dfe Herzlichkeit \u2013 Willkommen in der Hubertush\u00f6he<\/h2>\n<p>[\/et_pb_text][et_pb_divider divider_position=\u00bbcenter\u00bb divider_weight=\u00bb3px\u00bb disabled_on=\u00bboff|off|off\u00bb _builder_version=\u00bb4.16&#8243; max_width=\u00bb150px\u00bb height=\u00bbfalse\u00bb animation_style=\u00bbslide\u00bb animation_direction=\u00bbtop\u00bb animation_delay=\u00bb200ms\u00bb animation_intensity_slide=\u00bb10%\u00bb global_colors_info=\u00bb{}\u00bb][\/et_pb_divider][et_pb_text disabled_on=\u00bboff|off|off%22%22&#8243; admin_label=\u00bbDiscover Beatuty Text\u00bb _builder_version=\u00bb4.27.4&#8243; text_font=\u00bbOpen Sans||||||||\u00bb text_font_size=\u00bb16px\u00bb text_line_height=\u00bb1.9em\u00bb custom_padding=\u00bb0px||||false|false\u00bb animation_style=\u00bbslide\u00bb animation_direction=\u00bbtop\u00bb animation_delay=\u00bb300ms\u00bb animation_intensity_slide=\u00bb10%\u00bb global_colors_info=\u00bb{}\u00bb]<\/p>\n<p data-start=\"518\" data-end=\"784\">Die <strong data-start=\"522\" data-end=\"545\">Hubertush\u00f6he Latrop<\/strong> ist ein echter Familienbetrieb \u2013 mit echter Seele. Bereits in <strong data-start=\"608\" data-end=\"642\">dritter und vierter Generation<\/strong> gef\u00fchrt, steht das Haus f\u00fcr gelebte Gastlichkeit, pers\u00f6nliche Ansprache und ehrliche Herzlichkeit \u2013 und das sp\u00fcrt man vom ersten Moment an.<\/p>\n<p data-start=\"786\" data-end=\"1144\">Das Hotel liegt im <strong data-start=\"805\" data-end=\"832\">idyllischen Dorf Latrop<\/strong>, mitten im Rothaargebirge, und ist ideal f\u00fcr alle, die sich <strong data-start=\"893\" data-end=\"955\">nach Ruhe, Natur und einem unkomplizierten Urlaub mit Hund<\/strong> sehnen. Wer m\u00f6chte, muss nicht mal in einem Zimmer wohnen: Neben klassischen G\u00e4stezimmern gibt es auch einen <strong data-start=\"1065\" data-end=\"1104\">Zeltplatz und Wohnmobil-Stellpl\u00e4tze<\/strong> \u2013 f\u00fcr eine besonders naturnahe Auszeit.<\/p>\n<p data-start=\"1146\" data-end=\"1358\">Regelm\u00e4\u00dfig werden auch kleine <strong data-start=\"1176\" data-end=\"1210\">Spezialangebote und Pauschalen<\/strong> angeboten \u2013 z.\u202fB. das beliebte <strong data-start=\"1242\" data-end=\"1267\">\u201e7 f\u00fcr 5\u201c-Arrangement<\/strong> oder saisonale Genussangebote mit Fokus auf regionale K\u00fcche, Wandern oder kurze Auszeiten.<\/p>\n<p data-start=\"1360\" data-end=\"1479\">Ob als Stammgast oder zum ersten Mal: Hier wirst du <strong data-start=\"1412\" data-end=\"1451\">pers\u00f6nlich begr\u00fc\u00dft, nicht verwaltet<\/strong> \u2013 und dein Hund gleich mit.<\/p>\n<p>[\/et_pb_text][et_pb_text _builder_version=\u00bb4.27.4&#8243; _module_preset=\u00bbdefault\u00bb global_colors_info=\u00bb{}\u00bb]<\/p>\n<h2 data-start=\"1486\" data-end=\"1543\">Zimmer zum Wohlf\u00fchlen \u2013 gem\u00fctlich &amp; tierfreundlich<\/h2>\n<p data-start=\"1545\" data-end=\"1769\">Die Zimmer sind hell, gepflegt und liebevoll eingerichtet \u2013 ganz ohne Schnickschnack, aber mit viel Gef\u00fchl f\u00fcr das, was einen Aufenthalt angenehm macht. Hunde sind in vielen Zimmern <strong data-start=\"1727\" data-end=\"1751\">ausdr\u00fccklich erlaubt<\/strong> und gern gesehen.<\/p>\n<p data-start=\"1771\" data-end=\"1936\">Beim Fr\u00fchst\u00fcck darf dein Hund selbstverst\u00e4ndlich mit \u2013 du erh\u00e4ltst einen <strong data-start=\"1844\" data-end=\"1893\">fest reservierten Tisch mit ausreichend Platz<\/strong>, damit es auch am Morgen entspannt bleibt.<\/p>\n<p>[\/et_pb_text][et_pb_text _builder_version=\u00bb4.27.4&#8243; _module_preset=\u00bbdefault\u00bb global_colors_info=\u00bb{}\u00bb]<\/p>\n<h3 data-start=\"1943\" data-end=\"2016\">Urlaub mit Hund \u2013\u00a0Warum dein Hund sich hier sofort wohlf\u00fchlt:<\/h3>\n<ul>\n<li style=\"list-style-type: none;\">\n<ul data-start=\"450\" data-end=\"1308\">\n<li data-start=\"450\" data-end=\"556\">\n<p data-start=\"452\" data-end=\"556\"><strong data-start=\"452\" data-end=\"505\">Dein Hund darf dich zu allen Mahlzeiten begleiten<\/strong> \u2013 im Fr\u00fchst\u00fccksraum und auf Wunsch auch am Abend<\/p>\n<\/li>\n<li data-start=\"557\" data-end=\"617\">\n<p data-start=\"559\" data-end=\"617\"><strong data-start=\"559\" data-end=\"590\">Gassistrecken &amp; Spazierwege<\/strong> beginnen direkt am Hotel<\/p>\n<\/li>\n<li data-start=\"618\" data-end=\"658\">\n<p data-start=\"620\" data-end=\"658\"><strong data-start=\"620\" data-end=\"656\">Futter- und Wassernapf im Zimmer<\/strong><\/p>\n<\/li>\n<li data-start=\"659\" data-end=\"722\">\n<p data-start=\"661\" data-end=\"722\"><strong data-start=\"661\" data-end=\"687\">Liegematte \u201eSamoa Sky\u201c<\/strong> (100\u202f\u00d7\u202f70\u202f\u00d7\u202f5\u202fcm) auf dem Zimmer<\/p>\n<\/li>\n<li data-start=\"723\" data-end=\"762\">\n<p data-start=\"725\" data-end=\"762\"><strong data-start=\"725\" data-end=\"760\">Willkommensleckerli bei Anreise<\/strong><\/p>\n<\/li>\n<li data-start=\"763\" data-end=\"833\">\n<p data-start=\"765\" data-end=\"833\"><strong data-start=\"765\" data-end=\"806\">Hundedusche mit Handt\u00fcchern &amp; Shampoo<\/strong> \u2013 ideal nach dem Wandern<\/p>\n<\/li>\n<li data-start=\"834\" data-end=\"877\">\n<p data-start=\"836\" data-end=\"877\"><strong data-start=\"836\" data-end=\"875\">Wasserstellen rund ums Hotelgel\u00e4nde<\/strong><\/p>\n<\/li>\n<li data-start=\"878\" data-end=\"941\">\n<p data-start=\"880\" data-end=\"941\"><strong data-start=\"880\" data-end=\"912\">K\u00fchl- und Gefrierm\u00f6glichkeit<\/strong> f\u00fcr BARF, Nassfutter &amp; Co.<\/p>\n<\/li>\n<li data-start=\"942\" data-end=\"971\">\n<p data-start=\"944\" data-end=\"971\"><strong data-start=\"944\" data-end=\"959\">Gassibeutel<\/strong> verf\u00fcgbar<\/p>\n<\/li>\n<li data-start=\"972\" data-end=\"1084\">\n<p data-start=\"974\" data-end=\"1084\">Auf Wunsch: <strong data-start=\"986\" data-end=\"1022\">Hundetraining bei \u201eTeamtraining\u201c<\/strong>, der \u00f6rtlichen Hundeschule (mit Voranmeldung, gegen Geb\u00fchr)<\/p>\n<\/li>\n<li data-start=\"1085\" data-end=\"1179\">\n<p data-start=\"1087\" data-end=\"1179\">Bei Bedarf: <strong data-start=\"1099\" data-end=\"1137\">Tier\u00e4rztin Dr. Kruse &amp; Dr. Thissen<\/strong> in der N\u00e4he \u2013 vertrauensvoll &amp; erfahren<\/p>\n<\/li>\n<li data-start=\"1180\" data-end=\"1308\">\n<p data-start=\"1182\" data-end=\"1308\">Und nicht zu vergessen: Das Team ist <strong data-start=\"1219\" data-end=\"1268\">hundefreundlich, verst\u00e4ndnisvoll und herzlich<\/strong> \u2013 von Willi &amp; Theo ganz zu schweigen \ud83d\udc3e<\/p>\n<\/li>\n<\/ul>\n<\/li>\n<\/ul>\n<p data-start=\"1182\" data-end=\"1308\">Ob im <strong data-start=\"1316\" data-end=\"1359\">Hotelzimmer oder in einer Ferienwohnung<\/strong>: Alle Unterk\u00fcnfte sind hundefreundlich, praktisch eingerichtet und bieten genau das, was man braucht \u2013 <strong data-start=\"1463\" data-end=\"1539\">ohne \u00fcberfl\u00fcssigen Schnickschnack, aber mit viel Gef\u00fchl f\u00fcrs Wesentliche<\/strong>.<\/p>\n<p data-start=\"2602\" data-end=\"2871\">Und nicht zu vergessen: Die beiden <strong data-start=\"2637\" data-end=\"2664\">Hausdackel Willi &amp; Theo<\/strong> sind echte Sympathietr\u00e4ger \u2013 freundlich, tiefenentspannt und immer offen f\u00fcr ein Schwanzwedeln oder einen neugierigen Nasenstubser. Ein Aufenthalt ohne ein kurzes \u201eServus\u201c von den beiden ist fast unm\u00f6glich.<\/p>\n<p>[\/et_pb_text][et_pb_text _builder_version=\u00bb4.27.4&#8243; _module_preset=\u00bbdefault\u00bb global_colors_info=\u00bb{}\u00bb]<\/p>\n<h3 data-start=\"2878\" data-end=\"2934\">Sauerland erleben \u2013 Natururlaub f\u00fcr Hundemenschen<\/h3>\n<p data-start=\"2936\" data-end=\"3168\">Latrop geh\u00f6rt zu den sch\u00f6nsten D\u00f6rfern Deutschlands \u2013 mehrfach ausgezeichnet, zu Recht. Hier beginnt die Natur <strong data-start=\"3047\" data-end=\"3073\">direkt vor der Haust\u00fcr<\/strong>, und wer mit Hund reist, wird die unz\u00e4hligen Wanderwege, Rundpfade und Aussichtsrouten lieben.<\/p>\n<p>[\/et_pb_text][et_pb_text _builder_version=\u00bb4.27.4&#8243; _module_preset=\u00bbdefault\u00bb global_colors_info=\u00bb{}\u00bb]<\/p>\n<h3 data-start=\"3170\" data-end=\"3197\">Direkt vor der T\u00fcr:<\/h3>\n<ul data-start=\"3199\" data-end=\"3483\">\n<li data-start=\"3199\" data-end=\"3231\">\n<p data-start=\"3201\" data-end=\"3231\">Sanfte Waldpfade &amp; Bacht\u00e4ler<\/p>\n<\/li>\n<li data-start=\"3232\" data-end=\"3283\">\n<p data-start=\"3234\" data-end=\"3283\">Versteckte Aussichtspunkte &amp; sonnige Lichtungen<\/p>\n<\/li>\n<li data-start=\"3284\" data-end=\"3335\">\n<p data-start=\"3286\" data-end=\"3335\">Rothaarsteig &amp; weitere zertifizierte Wanderwege<\/p>\n<\/li>\n<li data-start=\"3336\" data-end=\"3428\">\n<p data-start=\"3338\" data-end=\"3428\">Sehensw\u00fcrdigkeiten wie <strong data-start=\"3361\" data-end=\"3378\">Schmallenberg<\/strong>, <strong data-start=\"3380\" data-end=\"3402\">Kloster Grafschaft<\/strong> oder der <strong data-start=\"3412\" data-end=\"3426\">Kyrillpfad<\/strong><\/p>\n<\/li>\n<li data-start=\"3429\" data-end=\"3483\">\n<p data-start=\"3431\" data-end=\"3483\">Einkehrm\u00f6glichkeiten, Hofl\u00e4den &amp; Caf\u00e9-Tipps vom Team<\/p>\n<\/li>\n<\/ul>\n<p data-start=\"3485\" data-end=\"3614\">Ein Ort, der nicht laut sein muss, um Eindruck zu hinterlassen \u2013 <strong data-start=\"3550\" data-end=\"3605\">ideal f\u00fcr alle, die mit Hund bewusst entschleunigen<\/strong> m\u00f6chten.<\/p>\n<p>[\/et_pb_text][et_pb_text _builder_version=\u00bb4.27.4&#8243; _module_preset=\u00bbdefault\u00bb global_colors_info=\u00bb{}\u00bb]<\/p>\n<h3 data-start=\"3621\" data-end=\"3681\">Fazit \u2013 Ein Zuhause auf Zeit f\u00fcr Zwei- und Vierbeiner<\/h3>\n<p data-start=\"3683\" data-end=\"3800\">Die <strong data-start=\"3687\" data-end=\"3710\">Hubertush\u00f6he Latrop<\/strong> ist mehr als ein Hotel \u2013 sie ist ein kleines Refugium mit Geschichte, Herz und Haltung.<\/p>\n<p data-start=\"3802\" data-end=\"4017\">Ob du im G\u00e4stezimmer wohnst, mit dem Camper anreist oder dein Zelt im Gr\u00fcnen aufschl\u00e4gst \u2013 du bist hier willkommen. Dein Hund auch. Und das nicht als Nebensache, sondern als <strong data-start=\"3976\" data-end=\"4014\">fester Teil des Urlaubserlebnisses<\/strong>.<\/p>\n<p data-start=\"4019\" data-end=\"4099\">Ein Ort zum Wiederkommen \u2013 nicht wegen des Programms, sondern wegen des Gef\u00fchls.<\/p>\n<p>[\/et_pb_text][\/et_pb_column][\/et_pb_row][\/et_pb_section][et_pb_section fb_built=\u00bb1&#8243; _builder_version=\u00bb4.16&#8243; _module_preset=\u00bbdefault\u00bb global_colors_info=\u00bb{}\u00bb][et_pb_row _builder_version=\u00bb4.16&#8243; _module_preset=\u00bbdefault\u00bb global_colors_info=\u00bb{}\u00bb][et_pb_column type=\u00bb4_4&#8243; _builder_version=\u00bb4.16&#8243; _module_preset=\u00bbdefault\u00bb global_colors_info=\u00bb{}\u00bb][et_pb_gallery gallery_ids=\u00bb4946,4949,4952,4955&#8243; show_title_and_caption=\u00bboff\u00bb _builder_version=\u00bb4.27.4&#8243; _module_preset=\u00bbdefault\u00bb hover_enabled=\u00bb0&#8243; global_colors_info=\u00bb{}\u00bb sticky_enabled=\u00bb0&#8243;][\/et_pb_gallery][\/et_pb_column][\/et_pb_row][et_pb_row column_structure=\u00bb1_3,1_3,1_3&#8243; _builder_version=\u00bb4.27.4&#8243; _module_preset=\u00bbdefault\u00bb global_colors_info=\u00bb{}\u00bb][et_pb_column type=\u00bb1_3&#8243; _builder_version=\u00bb4.27.4&#8243; _module_preset=\u00bbdefault\u00bb global_colors_info=\u00bb{}\u00bb][et_pb_button button_url=\u00bb@ET-DC@eyJkeW5hbWljIjp0cnVlLCJjb250ZW50IjoicG9zdF9saW5rX3VybF9wYWdlIiwic2V0dGluZ3MiOnsicG9zdF9pZCI6IjIxNyJ9fQ==@\u00bb button_text=\u00bbSolicita m\u00e1s informaci\u00f3n\u00bb _builder_version=\u00bb4.27.4&#8243; _dynamic_attributes=\u00bbbutton_url\u00bb _module_preset=\u00bbdefault\u00bb global_colors_info=\u00bb{}\u00bb][\/et_pb_button][\/et_pb_column][et_pb_column type=\u00bb1_3&#8243; _builder_version=\u00bb4.27.4&#8243; _module_preset=\u00bbdefault\u00bb global_colors_info=\u00bb{}\u00bb][\/et_pb_column][et_pb_column type=\u00bb1_3&#8243; _builder_version=\u00bb4.27.4&#8243; _module_preset=\u00bbdefault\u00bb global_colors_info=\u00bb{}\u00bb][et_pb_button button_url=\u00bb@ET-DC@eyJkeW5hbWljIjp0cnVlLCJjb250ZW50IjoicG9zdF9saW5rX3VybF9wYWdlIiwic2V0dGluZ3MiOnsicG9zdF9pZCI6IjQxNDEifX0=@\u00bb button_text=\u00bbWeitere Hundehotels\u00bb button_alignment=\u00bbcenter\u00bb _builder_version=\u00bb4.27.4&#8243; _dynamic_attributes=\u00bbbutton_url\u00bb _module_preset=\u00bbdefault\u00bb global_colors_info=\u00bb{}\u00bb][\/et_pb_button][\/et_pb_column][\/et_pb_row][et_pb_row column_structure=\u00bb3_4,1_4&#8243; _builder_version=\u00bb4.27.4&#8243; _module_preset=\u00bbdefault\u00bb global_colors_info=\u00bb{}\u00bb][et_pb_column type=\u00bb3_4&#8243; _builder_version=\u00bb4.27.4&#8243; _module_preset=\u00bbdefault\u00bb global_colors_info=\u00bb{}\u00bb][et_pb_text _builder_version=\u00bb4.27.4&#8243; _module_preset=\u00bbdefault\u00bb global_colors_info=\u00bb{}\u00bb]\ud83d\udca1 <strong data-start=\"1250\" data-end=\"1259\">Tipp:<\/strong> Alles f\u00fcr die Reise mit deinem Vierbeiner findest du bei unserem Partner in Hamburg \u2013 <a class=\"cursor-pointer\" href=\"https:\/\/www.tierbar.de\/\" target=\"_blank\" rel=\"noopener\" data-start=\"1346\" data-end=\"1380\">Tierbar<\/a> \ud83d\udc36\ud83d\udecd\ufe0f<br \/>\n[\/et_pb_text][\/et_pb_column][et_pb_column type=\u00bb1_4&#8243; _builder_version=\u00bb4.27.4&#8243; _module_preset=\u00bbdefault\u00bb global_colors_info=\u00bb{}\u00bb][et_pb_text _builder_version=\u00bb4.27.4&#8243; _module_preset=\u00bbdefault\u00bb global_colors_info=\u00bb{}\u00bb]<a href=\"https:\/\/www.hotel-bergfrieden.at\/urlaub-mit-hund\/\" target=\"_blank\" rel=\"noopener\">\ud83d\udc3e<\/a><br \/>\n[\/et_pb_text][\/et_pb_column][\/et_pb_row][\/et_pb_section]<\/p>\n","protected":false},"excerpt":{"rendered":"<p>Hotel Hubertush\u00f6he, Sauerland (D)\ud83d\udc3e Hundehotel im Sauerland \u2013 Urlaub mit Hund in der Hubertush\u00f6he LatropKleines Haus, gro\u00dfe Herzlichkeit \u2013 Willkommen in der Hubertush\u00f6heDie Hubertush\u00f6he Latrop ist ein echter Familienbetrieb \u2013 mit echter Seele. Bereits in dritter und vierter Generation gef\u00fchrt, steht das Haus f\u00fcr gelebte Gastlichkeit, pers\u00f6nliche Ansprache und ehrliche Herzlichkeit \u2013 und das sp\u00fcrt [&hellip;]<\/p>\n","protected":false},"author":3,"featured_media":0,"parent":0,"menu_order":0,"comment_status":"closed","ping_status":"closed","template":"","meta":{"_et_pb_use_builder":"on","_et_pb_old_content":"","_et_gb_content_width":"","footnotes":""},"class_list":["post-4959","page","type-page","status-publish","hentry"],"yoast_head":"<!-- This site is optimized with the Yoast SEO plugin v27.4 - https:\/\/yoast.com\/product\/yoast-seo-wordpress\/ -->\n<title>Conversas de Alpendre - un lugar para relajarse al m\u00e1ximo rodeado de naturaleza - Shangri La<\/title>\n<meta name=\"description\" content=\"Escapa de la vida cotidiana en Conversas de Alpendre, Portugal. Un lugar para relajarse al m\u00e1ximo en la naturaleza.\" \/>\n<meta name=\"robots\" content=\"index, follow, max-snippet:-1, max-image-preview:large, max-video-preview:-1\" \/>\n<link rel=\"canonical\" href=\"https:\/\/shangrila24.de\/es\/conversas-de-alpendre-un-lugar-para-relajarse-al-maximo-rodeado-de-naturaleza-13\/\" \/>\n<meta property=\"og:locale\" content=\"es_ES\" \/>\n<meta property=\"og:type\" content=\"article\" \/>\n<meta property=\"og:title\" content=\"Conversas de Alpendre - un lugar para relajarse al m\u00e1ximo rodeado de naturaleza - Shangri La\" \/>\n<meta property=\"og:description\" content=\"Escapa de la vida cotidiana en Conversas de Alpendre, Portugal. Un lugar para relajarse al m\u00e1ximo en la naturaleza.\" \/>\n<meta property=\"og:url\" content=\"https:\/\/shangrila24.de\/es\/conversas-de-alpendre-un-lugar-para-relajarse-al-maximo-rodeado-de-naturaleza-13\/\" \/>\n<meta property=\"og:site_name\" content=\"Shangri La\" \/>\n<meta property=\"article:modified_time\" content=\"2025-08-20T21:12:10+00:00\" \/>\n<meta name=\"twitter:card\" content=\"summary_large_image\" \/>\n<meta name=\"twitter:label1\" content=\"Tiempo de lectura\" \/>\n\t<meta name=\"twitter:data1\" content=\"7 minutos\" \/>\n<script type=\"application\/ld+json\" class=\"yoast-schema-graph\">{\"@context\":\"https:\\\/\\\/schema.org\",\"@graph\":[{\"@type\":\"WebPage\",\"@id\":\"https:\\\/\\\/shangrila24.de\\\/es\\\/conversas-de-alpendre-un-lugar-para-relajarse-al-maximo-rodeado-de-naturaleza-13\\\/\",\"url\":\"https:\\\/\\\/shangrila24.de\\\/es\\\/conversas-de-alpendre-un-lugar-para-relajarse-al-maximo-rodeado-de-naturaleza-13\\\/\",\"name\":\"Conversas de Alpendre - un lugar para relajarse al m\u00e1ximo rodeado de naturaleza - Shangri La\",\"isPartOf\":{\"@id\":\"https:\\\/\\\/shangrila24.de\\\/es\\\/#website\"},\"datePublished\":\"2025-08-20T21:12:05+00:00\",\"dateModified\":\"2025-08-20T21:12:10+00:00\",\"description\":\"Escapa de la vida cotidiana en Conversas de Alpendre, Portugal. Un lugar para relajarse al m\u00e1ximo en la naturaleza.\",\"breadcrumb\":{\"@id\":\"https:\\\/\\\/shangrila24.de\\\/es\\\/conversas-de-alpendre-un-lugar-para-relajarse-al-maximo-rodeado-de-naturaleza-13\\\/#breadcrumb\"},\"inLanguage\":\"es\",\"potentialAction\":[{\"@type\":\"ReadAction\",\"target\":[\"https:\\\/\\\/shangrila24.de\\\/es\\\/conversas-de-alpendre-un-lugar-para-relajarse-al-maximo-rodeado-de-naturaleza-13\\\/\"]}]},{\"@type\":\"BreadcrumbList\",\"@id\":\"https:\\\/\\\/shangrila24.de\\\/es\\\/conversas-de-alpendre-un-lugar-para-relajarse-al-maximo-rodeado-de-naturaleza-13\\\/#breadcrumb\",\"itemListElement\":[{\"@type\":\"ListItem\",\"position\":1,\"name\":\"Startseite\",\"item\":\"https:\\\/\\\/shangrila24.de\\\/es\\\/\"},{\"@type\":\"ListItem\",\"position\":2,\"name\":\"Conversas de Alpendre &#8211; un lugar para relajarse al m\u00e1ximo rodeado de naturaleza\"}]},{\"@type\":\"WebSite\",\"@id\":\"https:\\\/\\\/shangrila24.de\\\/es\\\/#website\",\"url\":\"https:\\\/\\\/shangrila24.de\\\/es\\\/\",\"name\":\"Shangrila24\",\"description\":\"Reiseb\u00fcro Hamburg Eppendorf\",\"publisher\":{\"@id\":\"https:\\\/\\\/shangrila24.de\\\/es\\\/#organization\"},\"potentialAction\":[{\"@type\":\"SearchAction\",\"target\":{\"@type\":\"EntryPoint\",\"urlTemplate\":\"https:\\\/\\\/shangrila24.de\\\/es\\\/?s={search_term_string}\"},\"query-input\":{\"@type\":\"PropertyValueSpecification\",\"valueRequired\":true,\"valueName\":\"search_term_string\"}}],\"inLanguage\":\"es\"},{\"@type\":\"Organization\",\"@id\":\"https:\\\/\\\/shangrila24.de\\\/es\\\/#organization\",\"name\":\"Shangri La Reiseb\u00fcro\",\"url\":\"https:\\\/\\\/shangrila24.de\\\/es\\\/\",\"logo\":{\"@type\":\"ImageObject\",\"inLanguage\":\"es\",\"@id\":\"https:\\\/\\\/shangrila24.de\\\/es\\\/#\\\/schema\\\/logo\\\/image\\\/\",\"url\":\"https:\\\/\\\/shangrila24.de\\\/wp-content\\\/uploads\\\/2021\\\/11\\\/Shangrila-Reisebuero-Eppendorf-min.jpeg\",\"contentUrl\":\"https:\\\/\\\/shangrila24.de\\\/wp-content\\\/uploads\\\/2021\\\/11\\\/Shangrila-Reisebuero-Eppendorf-min.jpeg\",\"width\":724,\"height\":779,\"caption\":\"Shangri La Reiseb\u00fcro\"},\"image\":{\"@id\":\"https:\\\/\\\/shangrila24.de\\\/es\\\/#\\\/schema\\\/logo\\\/image\\\/\"},\"sameAs\":[\"https:\\\/\\\/www.instagram.com\\\/shangrila24.de\\\/\"]}]}<\/script>\n<!-- \/ Yoast SEO plugin. -->","yoast_head_json":{"title":"Conversas de Alpendre - un lugar para relajarse al m\u00e1ximo rodeado de naturaleza - Shangri La","description":"Escapa de la vida cotidiana en Conversas de Alpendre, Portugal. Un lugar para relajarse al m\u00e1ximo en la naturaleza.","robots":{"index":"index","follow":"follow","max-snippet":"max-snippet:-1","max-image-preview":"max-image-preview:large","max-video-preview":"max-video-preview:-1"},"canonical":"https:\/\/shangrila24.de\/es\/conversas-de-alpendre-un-lugar-para-relajarse-al-maximo-rodeado-de-naturaleza-13\/","og_locale":"es_ES","og_type":"article","og_title":"Conversas de Alpendre - un lugar para relajarse al m\u00e1ximo rodeado de naturaleza - Shangri La","og_description":"Escapa de la vida cotidiana en Conversas de Alpendre, Portugal. Un lugar para relajarse al m\u00e1ximo en la naturaleza.","og_url":"https:\/\/shangrila24.de\/es\/conversas-de-alpendre-un-lugar-para-relajarse-al-maximo-rodeado-de-naturaleza-13\/","og_site_name":"Shangri La","article_modified_time":"2025-08-20T21:12:10+00:00","twitter_card":"summary_large_image","twitter_misc":{"Tiempo de lectura":"7 minutos"},"schema":{"@context":"https:\/\/schema.org","@graph":[{"@type":"WebPage","@id":"https:\/\/shangrila24.de\/es\/conversas-de-alpendre-un-lugar-para-relajarse-al-maximo-rodeado-de-naturaleza-13\/","url":"https:\/\/shangrila24.de\/es\/conversas-de-alpendre-un-lugar-para-relajarse-al-maximo-rodeado-de-naturaleza-13\/","name":"Conversas de Alpendre - un lugar para relajarse al m\u00e1ximo rodeado de naturaleza - Shangri La","isPartOf":{"@id":"https:\/\/shangrila24.de\/es\/#website"},"datePublished":"2025-08-20T21:12:05+00:00","dateModified":"2025-08-20T21:12:10+00:00","description":"Escapa de la vida cotidiana en Conversas de Alpendre, Portugal. Un lugar para relajarse al m\u00e1ximo en la naturaleza.","breadcrumb":{"@id":"https:\/\/shangrila24.de\/es\/conversas-de-alpendre-un-lugar-para-relajarse-al-maximo-rodeado-de-naturaleza-13\/#breadcrumb"},"inLanguage":"es","potentialAction":[{"@type":"ReadAction","target":["https:\/\/shangrila24.de\/es\/conversas-de-alpendre-un-lugar-para-relajarse-al-maximo-rodeado-de-naturaleza-13\/"]}]},{"@type":"BreadcrumbList","@id":"https:\/\/shangrila24.de\/es\/conversas-de-alpendre-un-lugar-para-relajarse-al-maximo-rodeado-de-naturaleza-13\/#breadcrumb","itemListElement":[{"@type":"ListItem","position":1,"name":"Startseite","item":"https:\/\/shangrila24.de\/es\/"},{"@type":"ListItem","position":2,"name":"Conversas de Alpendre &#8211; un lugar para relajarse al m\u00e1ximo rodeado de naturaleza"}]},{"@type":"WebSite","@id":"https:\/\/shangrila24.de\/es\/#website","url":"https:\/\/shangrila24.de\/es\/","name":"Shangrila24","description":"Reiseb\u00fcro Hamburg Eppendorf","publisher":{"@id":"https:\/\/shangrila24.de\/es\/#organization"},"potentialAction":[{"@type":"SearchAction","target":{"@type":"EntryPoint","urlTemplate":"https:\/\/shangrila24.de\/es\/?s={search_term_string}"},"query-input":{"@type":"PropertyValueSpecification","valueRequired":true,"valueName":"search_term_string"}}],"inLanguage":"es"},{"@type":"Organization","@id":"https:\/\/shangrila24.de\/es\/#organization","name":"Shangri La Reiseb\u00fcro","url":"https:\/\/shangrila24.de\/es\/","logo":{"@type":"ImageObject","inLanguage":"es","@id":"https:\/\/shangrila24.de\/es\/#\/schema\/logo\/image\/","url":"https:\/\/shangrila24.de\/wp-content\/uploads\/2021\/11\/Shangrila-Reisebuero-Eppendorf-min.jpeg","contentUrl":"https:\/\/shangrila24.de\/wp-content\/uploads\/2021\/11\/Shangrila-Reisebuero-Eppendorf-min.jpeg","width":724,"height":779,"caption":"Shangri La Reiseb\u00fcro"},"image":{"@id":"https:\/\/shangrila24.de\/es\/#\/schema\/logo\/image\/"},"sameAs":["https:\/\/www.instagram.com\/shangrila24.de\/"]}]}},"_links":{"self":[{"href":"https:\/\/shangrila24.de\/es\/wp-json\/wp\/v2\/pages\/4959","targetHints":{"allow":["GET"]}}],"collection":[{"href":"https:\/\/shangrila24.de\/es\/wp-json\/wp\/v2\/pages"}],"about":[{"href":"https:\/\/shangrila24.de\/es\/wp-json\/wp\/v2\/types\/page"}],"author":[{"embeddable":true,"href":"https:\/\/shangrila24.de\/es\/wp-json\/wp\/v2\/users\/3"}],"replies":[{"embeddable":true,"href":"https:\/\/shangrila24.de\/es\/wp-json\/wp\/v2\/comments?post=4959"}],"version-history":[{"count":3,"href":"https:\/\/shangrila24.de\/es\/wp-json\/wp\/v2\/pages\/4959\/revisions"}],"predecessor-version":[{"id":4965,"href":"https:\/\/shangrila24.de\/es\/wp-json\/wp\/v2\/pages\/4959\/revisions\/4965"}],"wp:attachment":[{"href":"https:\/\/shangrila24.de\/es\/wp-json\/wp\/v2\/media?parent=4959"}],"curies":[{"name":"wp","href":"https:\/\/api.w.org\/{rel}","templated":true}]}}